{"id":222,"date":"2018-12-07T10:03:59","date_gmt":"2018-12-07T12:03:59","guid":{"rendered":"https:\/\/www.ufsm.br\/cursos\/graduacao\/santa-maria\/meteorologia\/?page_id=222"},"modified":"2020-12-28T21:53:06","modified_gmt":"2020-12-29T00:53:06","slug":"links-uteis","status":"publish","type":"page","link":"https:\/\/www.ufsm.br\/cursos\/graduacao\/santa-maria\/meteorologia\/links-uteis","title":{"rendered":"Links \u00dateis"},"content":{"rendered":"<p><a href=\"http:\/\/emec.mec.gov.br\/emec\/consulta-cadastro\/detalhamento\/d96957f455f6405d14c6542552b0f6eb\/NTgy\/9f1aa921d96ca1df24a34474cc171f61\/NTc=\">Conceito do Curso<\/a><\/p>\n<p><a href=\"https:\/\/www.youtube.com\/watch?v=_9w-KjRzEo0\">V\u00eddeo<\/a><\/p>\n<p>Redes sociais: <a href=\"https:\/\/www.facebook.com\/groups\/meteorologiaufsm\">Facebook<\/a>\u00a0 e Twitter (@meteoroUFSM)<\/p>\n<p>Links UFSM:<\/p>\n<ul class=\"listnone right_list\">\n<li class=\"right_link\"><i class=\"fa fa-link\"><\/i><a href=\"https:\/\/portal.ufsm.br\/aluno\/\">PORTAL DO ALUNO<\/a><\/li>\n<li class=\"right_link\"><i class=\"fa fa-link\"><\/i><a href=\"https:\/\/ead06.proj.ufsm.br\/moodle\/\">MOODLE<\/a><\/li>\n<\/ul>\n<p>Links Externos:<\/p>\n<ul class=\"listnone right_list\">\n<li class=\"right_link\"><i class=\"fa fa-link\"><\/i><a href=\"https:\/\/www.meted.ucar.edu\/\">COMET METED<\/a><\/li>\n<li class=\"right_link\"><i class=\"fa fa-link\"><\/i><a href=\"https:\/\/www.wmo.int\/\">ORGANIZA\u00c7\u00c3O METEOROL\u00d3GICA MUNDIAL<\/a><\/li>\n<li class=\"right_link\"><i class=\"fa fa-link\"><\/i><a href=\"http:\/\/www.inmet.gov.br\/\">INSTITUTO NACIONAL DE METEOROLOGIA<\/a><\/li>\n<\/ul>\n<p>P\u00f3s-Gradua\u00e7\u00e3o:<\/p>\n<ul>\n<li><i class=\"fa fa-graduation-cap\"><\/i><a href=\"http:\/\/ppgmet.ufsm.br\/index.php\/pt-br\/\">PPGMET<\/a><\/li>\n<\/ul>\n<p>Grupos de Pesquisa:<\/p>\n<ul class=\"listnone right_list\">\n<li class=\"right_link\"><i class=\"fa fa-link\"><\/i><a href=\"http:\/\/w3.ufsm.br\/gruma\/\">GRUMA<\/a><\/li>\n<li class=\"right_link\"><i class=\"fa fa-link\"><\/i><a href=\"https:\/\/sites.google.com\/site\/gpcufsm\/\">GPC<\/a><\/li>\n<li class=\"right_link\"><i class=\"fa fa-link\"><\/i>LUMET<\/li>\n<li class=\"right_link\"><i class=\"fa fa-link\"><\/i>LHMET<\/li>\n<\/ul>\n","protected":false},"excerpt":{"rendered":"<p>Conceito do Curso V\u00eddeo Redes sociais: Facebook\u00a0 e Twitter (@meteoroUFSM) Links UFSM: PORTAL DO ALUNO MOODLE Links Externos: COMET METED ORGANIZA\u00c7\u00c3O METEOROL\u00d3GICA MUNDIAL INSTITUTO NACIONAL DE METEOROLOGIA P\u00f3s-Gradua\u00e7\u00e3o: PPGMET Grupos de Pesquisa: GRUMA GPC LUMET LHMET<\/p>\n","protected":false},"author":194,"featured_media":0,"parent":0,"menu_order":0,"comment_status":"closed","ping_status":"closed","template":"","meta":{"footnotes":""},"categories":[],"tags":[],"class_list":["post-222","page","type-page","status-publish","hentry"],"acf":[],"_links":{"self":[{"href":"https:\/\/www.ufsm.br\/cursos\/graduacao\/santa-maria\/meteorologia\/wp-json\/wp\/v2\/pages\/222","targetHints":{"allow":["GET"]}}],"collection":[{"href":"https:\/\/www.ufsm.br\/cursos\/graduacao\/santa-maria\/meteorologia\/wp-json\/wp\/v2\/pages"}],"about":[{"href":"https:\/\/www.ufsm.br\/cursos\/graduacao\/santa-maria\/meteorologia\/wp-json\/wp\/v2\/types\/page"}],"author":[{"embeddable":true,"href":"https:\/\/www.ufsm.br\/cursos\/graduacao\/santa-maria\/meteorologia\/wp-json\/wp\/v2\/users\/194"}],"replies":[{"embeddable":true,"href":"https:\/\/www.ufsm.br\/cursos\/graduacao\/santa-maria\/meteorologia\/wp-json\/wp\/v2\/comments?post=222"}],"version-history":[{"count":0,"href":"https:\/\/www.ufsm.br\/cursos\/graduacao\/santa-maria\/meteorologia\/wp-json\/wp\/v2\/pages\/222\/revisions"}],"wp:attachment":[{"href":"https:\/\/www.ufsm.br\/cursos\/graduacao\/santa-maria\/meteorologia\/wp-json\/wp\/v2\/media?parent=222"}],"wp:term":[{"taxonomy":"category","embeddable":true,"href":"https:\/\/www.ufsm.br\/cursos\/graduacao\/santa-maria\/meteorologia\/wp-json\/wp\/v2\/categories?post=222"},{"taxonomy":"post_tag","embeddable":true,"href":"https:\/\/www.ufsm.br\/cursos\/graduacao\/santa-maria\/meteorologia\/wp-json\/wp\/v2\/tags?post=222"}],"curies":[{"name":"wp","href":"https:\/\/api.w.org\/{rel}","templated":true}]}}