{"id":353,"date":"2021-08-30T16:52:00","date_gmt":"2021-08-30T19:52:00","guid":{"rendered":"https:\/\/www.ufsm.br\/cursos\/graduacao\/santa-maria\/meteorologia\/?page_id=353"},"modified":"2021-08-30T21:51:53","modified_gmt":"2021-08-31T00:51:53","slug":"matriculas-2021-2","status":"publish","type":"page","link":"https:\/\/www.ufsm.br\/cursos\/graduacao\/santa-maria\/meteorologia\/matriculas-2021-2","title":{"rendered":"Matr\u00edculas 2021\/2"},"content":{"rendered":"\t\t<div data-elementor-type=\"wp-page\" data-elementor-id=\"353\" class=\"elementor elementor-353\">\n\t\t\t\t\t\t<section class=\"elementor-section elementor-top-section elementor-element elementor-element-15043919 elementor-section-boxed elementor-section-height-default elementor-section-height-default\" data-id=\"15043919\" data-element_type=\"section\">\n\t\t\t\t\t\t<div class=\"elementor-container elementor-column-gap-default\">\n\t\t\t\t\t<div class=\"elementor-column elementor-col-100 elementor-top-column elementor-element elementor-element-a34c30d\" data-id=\"a34c30d\" data-element_type=\"column\">\n\t\t\t<div class=\"elementor-widget-wrap elementor-element-populated\">\n\t\t\t\t\t\t<div class=\"elementor-element elementor-element-4fd7a4c2 elementor-widget elementor-widget-text-editor\" data-id=\"4fd7a4c2\" data-element_type=\"widget\" data-widget_type=\"text-editor.default\">\n\t\t\t\t<div class=\"elementor-widget-container\">\n\t\t\t\t\t\t\t<p><!-- wp:tadv\/classic-paragraph --><\/p>\n<p>Entre os dias&nbsp;<strong>13 e 19 de setembro&nbsp;<\/strong>estar\u00e1 aberto o per\u00edodo para realiza\u00e7\u00e3o de solicita\u00e7\u00e3o de matr\u00edculas via&nbsp;<a href=\"https:\/\/portal.ufsm.br\/aluno\/\" target=\"_blank\" rel=\"noreferrer noopener\">Portal do Aluno<\/a>.<strong>&nbsp;Todos os alunos devem solicitar matr\u00edcula eletronicamente.<\/strong><\/p>\n<p><\/p>\n<p>Os hor\u00e1rios das disciplinas se encontram&nbsp;<a href=\"https:\/\/www.ufsm.br\/cursos\/graduacao\/santa-maria\/meteorologia\/horarios-2021-2\/\">aqui<\/a>.<\/p>\n<p><\/p>\n<h5><strong>Prazos para solicita\u00e7\u00e3o de matr\u00edcula<\/strong><\/h5>\n<p><\/p>\n<p><strong>Fique atento aos prazos de solicita\u00e7\u00e3o! A n\u00e3o solicita\u00e7\u00e3o de matr\u00edcula configura abandono e consequente rompimento do v\u00ednculo com a UFSM.&nbsp;<\/strong><\/p>\n<p><\/p>\n<figure class=\"wp-block-table\">\n<table>\n<tbody>\n<tr>\n<td><strong>CALEND\u00c1RIO ACAD\u00caMICO<\/strong><\/td>\n<td>&nbsp;<\/td>\n<\/tr>\n<tr>\n<td><strong>13 a 19\/09\/2021<\/strong><\/td>\n<td><strong>MATR\u00cdCULA \u2013 SOLICITA\u00c7\u00c3O:<\/strong>&nbsp;Per\u00edodo para solicita\u00e7\u00e3o de matr\u00edcula via Portal do Aluno dos veteranos da gradua\u00e7\u00e3o presencial, veteranos da p\u00f3s-gradua\u00e7\u00e3o presencial e ingressantes e veteranos da modalidade a dist\u00e2ncia (gradua\u00e7\u00e3o e p\u00f3s-gradua\u00e7\u00e3o) referente ao 2\u00ba semestre letivo de 2021.<\/td>\n<\/tr>\n<tr>\n<td><strong>21\/09\/2021 a 23\/09\/2021<\/strong><\/td>\n<td><strong>MATR\u00cdCULA \u2013 AJUSTE WEB:<\/strong>&nbsp;Per\u00edodo para ajuste de matr\u00edcula dos alunos de gradua\u00e7\u00e3o e p\u00f3s-gradua\u00e7\u00e3o modalidades presencial e a dist\u00e2ncia, no Portal do Aluno, referente ao 2\u00ba semestre letivo de 2021.<\/td>\n<\/tr>\n<tr>\n<td><strong>27 a 30\/09\/2021<\/strong><\/td>\n<td><strong>AJUSTE DE MATR\u00cdCULA REMOTO:<\/strong>&nbsp;Per\u00edodo para ajuste de matr\u00edcula dos alunos de gradua\u00e7\u00e3o e p\u00f3s-gradua\u00e7\u00e3o, atrav\u00e9s do portal do aluno ou via formul\u00e1rio espec\u00edfico, referente ao 2\u00ba semestre letivo de 2021.&nbsp;<strong>No nosso curso j\u00e1 estamos realizando os ajustes atrav\u00e9s do formul\u00e1rio de ajuste, devido a oferta de disciplinas dos curr\u00edculos 2005 e 2019 e diante disto os alunos n\u00e3o conseguirem solicitar disciplinas atrav\u00e9s do portal do aluno.<\/strong><\/td>\n<\/tr>\n<tr>\n<td><strong>04\/10\/2021 a 08\/10\/2021<\/strong><\/td>\n<td><strong>MATR\u00cdCULA \u2013 EXTRACURRICULAR \u2013 Solicita\u00e7\u00e3o do aluno:<\/strong>&nbsp;Per\u00edodo para o aluno requerer via Portal<br>do Aluno OU por e-mail \u00e0 Coordena\u00e7\u00e3o do curso a solicita\u00e7\u00e3o de matr\u00edcula em disciplina ofertada por<br>outro curso, referente ao 2\u00ba semestre letivo de 2021. As matr\u00edculas extracurriculares solicitadas pelo<br>portal do aluno ser\u00e3o realizadas com processamento instru\u00eddo pela IN 01\/2021\/PROGRAD.<\/td>\n<\/tr>\n<tr>\n<td><strong>&nbsp;13\/09\/2021 a 13\/11\/2021<\/strong><\/td>\n<td><strong>&nbsp;TRANCAMENTO TOTAL<\/strong><strong>&nbsp;e TRANCAMENTO PARCIAL:&nbsp;<\/strong>per\u00edodo para solicita\u00e7\u00e3o de trancamento total e trancamento parcial, via Portal do Aluno, referente ao 2\u00ba semestre letivo de 2021 \u2013 REDE, para alunos dos cursos de gradua\u00e7\u00e3o, na modalidade presencial.<\/td>\n<\/tr>\n<\/tbody>\n<\/table>\n<\/figure>\n<h5><strong>Trancamento Total do curso<\/strong><\/h5>\n<p><\/p>\n<p>Os alunos que desejarem realizar&nbsp;<strong>Trancamento Total<\/strong>&nbsp;do curso (manuten\u00e7\u00e3o de v\u00ednculo), devem fazer esta solicita\u00e7\u00e3o tamb\u00e9m pelo&nbsp;<a href=\"https:\/\/portal.ufsm.br\/aluno\/\" target=\"_blank\" rel=\"noreferrer noopener\">Portal do Aluno<\/a>. Lembre-se: o Trancamento Total tem validade de 1 (um) semestre. Ao final desse per\u00edodo, caso desejar, o aluno deve solicitar outro Trancamento Total ou, ent\u00e3o, solicitar matr\u00edcula em disciplinas do Curr\u00edculo do Curso. O n\u00famero m\u00e1ximo de trancamentos \u00e9 de 4 trancamentos totais. <strong>Durante o per\u00edodo do REDE os trancamentos totais realizados n\u00e3o estamos sendo contabilizados para o limite de 4 trancamentos totais.<\/strong><\/p>\n<p><\/p>\n<h5><strong>Disciplinas ofertadas neste semestre<\/strong><\/h5>\n<p><\/p>\n<p><strong>Na se\u00e7\u00e3o <a href=\"https:\/\/www.ufsm.br\/cursos\/graduacao\/santa-maria\/meteorologia\/horarios\">Hor\u00e1rios <\/a><\/strong><strong style=\"font-size: revert;color: initial\">est\u00e1 dispon\u00edvel para consulta a oferta das disciplinas regulares do curso de Meteorologia para o 2\u00ba semestre de 2021 (sujeito a altera\u00e7\u00f5es). Tamb\u00e9m pode ser acessado, em formato PDF, <a href=\"https:\/\/www.ufsm.br\/cursos\/graduacao\/santa-maria\/meteorologia\/horarios-2021-2\/\">neste link.<\/a><\/strong><\/p>\n<p><\/p>\n<h5><strong>Ajuste de matr\u00edcula e pr\u00e9-requisitos<\/strong><\/h5>\n<p><\/p>\n<p><strong>Fique atento ao processamento de sua matr\u00edcula!<\/strong>&nbsp;Suas solicita\u00e7\u00f5es podem ser recusadas por in\u00fameros motivos: Falta de vagas, inconsist\u00eancia de hor\u00e1rios,&nbsp;extrapolamento da carga hor\u00e1ria m\u00e1xima semestral&nbsp;(540 horas), etc. Caso ocorra algum problema durante a solicita\u00e7\u00e3o\/processamento da matr\u00edcula, os alunos devem realizar o&nbsp;<strong>AJUSTE WEB<\/strong>, conforme prazos do Calend\u00e1rio Acad\u00eamico.&nbsp;<\/p>\n<p><\/p>\n<h5><strong>Matr\u00edcula em disciplinas extracurriculares<\/strong><\/h5>\n<p><\/p>\n<p>Caso seja de interesse do aluno cursar&nbsp;<strong>disciplinas de outros cursos de gradua\u00e7\u00e3o<\/strong>&nbsp;que n\u00e3o sejam do curso ao qual est\u00e1 vinculado,&nbsp;<strong>essa solicita\u00e7\u00e3o deve ser feita de duas formas diferentes, dependendo de como o Curso aonde o aluno deseja cursar disciplina determinou o funcionamento da solicita\u00e7\u00e3o de disciplinas extracurriculares no seu curso.<\/strong><\/p>\n<p><\/p>\n<p><strong>1 \u00aa situa\u00e7\u00e3o:<\/strong>&nbsp;Para os cursos que optaram por liberar que as suas disciplinas possam ser solicitadas atrav\u00e9s do portal do aluno, basta o aluno acessar o portal do aluno entre os dias&nbsp;<strong>26\/05\/2021 e 02\/06\/2021<\/strong>&nbsp;e solicitar as disciplinas desejadas. Deve-se ir na op\u00e7\u00e3o \u201coutros cursos\u201d e selecionar o curso desejado e a seguir a(s) disciplina(s) que quer solicitar. Ao longo do per\u00edodo de solicita\u00e7\u00e3o de matricula extracurricular ocorrer\u00e1 processamentos de matricula per\u00ed\u00f3dicos.<\/p>\n<p><\/p>\n<p><strong>2\u00ba situa\u00e7\u00e3o:&nbsp;<\/strong>Para os cursos que n\u00e3o est\u00e3o permitindo que alunos de outros cursos solicitem disciplinas atrav\u00e9s do portal do aluno o prazo de solicita\u00e7\u00e3o \u00e9 o que consta no calend\u00e1rio acad\u00eamico (<strong>26\/05\/2021 a 02\/06\/2021<\/strong>) e deve-se solicitar da seguinte forma (conforme descrito no calend\u00e1rio acad\u00eamico):<\/p>\n<p><\/p>\n<p>O aluno dever\u00e1 verificar quais disciplinas gostaria de fazer no semestre, agrupar todas as disciplinas de um mesmo curso em um pedido e&nbsp;enviar um e-mail a sua coordena\u00e7\u00e3o de curso, com o seu NOME COMPLETO, N\u00daMERO DE MATR\u00cdCULA, CURSO DE INTERESSE E&nbsp;TODOS OS NOMES E C\u00d3DIGOS DAS DISCIPLINAS QUE PRETENDE CURSAR.&nbsp;A&nbsp;sua coordena\u00e7\u00e3o de curso avaliar\u00e1 o pedido e, se&nbsp;aprov\u00e1-lo, encaminhar\u00e1 \u00e0 coordena\u00e7\u00e3o que est\u00e1 ofertando as disciplinas, para an\u00e1lise e efetiva\u00e7\u00e3o da matr\u00edcula, se for aceita.<\/p>\n<p><\/p>\n<p>Tendo em vista que os e-mails s\u00e3o encaminhados entre as coordena\u00e7\u00f5es, o aluno que pretender matr\u00edcula em cursos diferentes dever\u00e1&nbsp;mandar mais de um e-mail a sua coordena\u00e7\u00e3o, sempre agrupando as disciplinas de interesse por curso em um \u00fanico e-mail, para permitir o&nbsp;encaminhamento correto dos e-mails \u00e0s coordena\u00e7\u00f5es competentes.<\/p>\n<p><\/p>\n<p><a href=\"https:\/\/www.ufsm.br\/pro-reitorias\/prograd\/configuracoes-cursos-oferta\/\">Neste link<\/a>&nbsp;est\u00e1 a relacionado a op\u00e7\u00e3o que os Cursos fizeram relativo a possibilidade de alunos de outros Cursos solicitarem disciplinas de forma extracurricular atrav\u00e9s do portal do aluno<\/p>\n<p><\/p>\n<p>Esse tipo de matr\u00edcula pode ser utilizada para cursar disciplinas que comp\u00f5em o curr\u00edculo do curso de Meteorologia e n\u00e3o s\u00e3o ofertadas em hor\u00e1rio compat\u00edvel pelo curso ou para cursar DCGs. Ao final do semestre, ap\u00f3s aprova\u00e7\u00e3o, o aluno deve solicitar a Dispensa de Disciplina para que seja realizada a equival\u00eancia (se for disciplina com c\u00f3digo diferente que a do Curso. Para disciplinas com o mesmo c\u00f3digo, mesmo que cursadas em outros cursos, n\u00e3o \u00e9 necess\u00e1rio o pedido de aproveitamento).&nbsp;<\/p>\n<p><!-- \/wp:tadv\/classic-paragraph --><\/p>\t\t\t\t\t\t<\/div>\n\t\t\t\t<\/div>\n\t\t\t\t\t<\/div>\n\t\t<\/div>\n\t\t\t\t\t<\/div>\n\t\t<\/section>\n\t\t\t\t<\/div>\n\t\t","protected":false},"excerpt":{"rendered":"<p>Entre os dias&nbsp;13 e 19 de setembro&nbsp;estar\u00e1 aberto o per\u00edodo para realiza\u00e7\u00e3o de solicita\u00e7\u00e3o de matr\u00edculas via&nbsp;Portal do Aluno.&nbsp;Todos os alunos devem solicitar matr\u00edcula eletronicamente. Os hor\u00e1rios das disciplinas se encontram&nbsp;aqui. Prazos para solicita\u00e7\u00e3o de matr\u00edcula Fique atento aos prazos de solicita\u00e7\u00e3o! A n\u00e3o solicita\u00e7\u00e3o de matr\u00edcula configura abandono e consequente rompimento do v\u00ednculo com [&hellip;]<\/p>\n","protected":false},"author":401,"featured_media":0,"parent":0,"menu_order":0,"comment_status":"closed","ping_status":"closed","template":"","meta":{"footnotes":""},"categories":[],"tags":[],"class_list":["post-353","page","type-page","status-publish","hentry"],"acf":[],"_links":{"self":[{"href":"https:\/\/www.ufsm.br\/cursos\/graduacao\/santa-maria\/meteorologia\/wp-json\/wp\/v2\/pages\/353","targetHints":{"allow":["GET"]}}],"collection":[{"href":"https:\/\/www.ufsm.br\/cursos\/graduacao\/santa-maria\/meteorologia\/wp-json\/wp\/v2\/pages"}],"about":[{"href":"https:\/\/www.ufsm.br\/cursos\/graduacao\/santa-maria\/meteorologia\/wp-json\/wp\/v2\/types\/page"}],"author":[{"embeddable":true,"href":"https:\/\/www.ufsm.br\/cursos\/graduacao\/santa-maria\/meteorologia\/wp-json\/wp\/v2\/users\/401"}],"replies":[{"embeddable":true,"href":"https:\/\/www.ufsm.br\/cursos\/graduacao\/santa-maria\/meteorologia\/wp-json\/wp\/v2\/comments?post=353"}],"version-history":[{"count":0,"href":"https:\/\/www.ufsm.br\/cursos\/graduacao\/santa-maria\/meteorologia\/wp-json\/wp\/v2\/pages\/353\/revisions"}],"wp:attachment":[{"href":"https:\/\/www.ufsm.br\/cursos\/graduacao\/santa-maria\/meteorologia\/wp-json\/wp\/v2\/media?parent=353"}],"wp:term":[{"taxonomy":"category","embeddable":true,"href":"https:\/\/www.ufsm.br\/cursos\/graduacao\/santa-maria\/meteorologia\/wp-json\/wp\/v2\/categories?post=353"},{"taxonomy":"post_tag","embeddable":true,"href":"https:\/\/www.ufsm.br\/cursos\/graduacao\/santa-maria\/meteorologia\/wp-json\/wp\/v2\/tags?post=353"}],"curies":[{"name":"wp","href":"https:\/\/api.w.org\/{rel}","templated":true}]}}