{"id":386,"date":"2022-04-19T16:38:56","date_gmt":"2022-04-19T19:38:56","guid":{"rendered":"https:\/\/www.ufsm.br\/cursos\/graduacao\/santa-maria\/meteorologia\/?page_id=386"},"modified":"2022-04-21T14:50:08","modified_gmt":"2022-04-21T17:50:08","slug":"revot","status":"publish","type":"page","link":"https:\/\/www.ufsm.br\/cursos\/graduacao\/santa-maria\/meteorologia\/revot","title":{"rendered":"REVOT"},"content":{"rendered":"\n<h2 style=\"text-align: center\"><strong>REDE VOLUNT\u00c1RIA DE OBSERVADORES DE TEMPESTADES (REVOT).<\/strong><\/h2>\n<p>\u00a0<\/p>\n<p><a href=\"https:\/\/www.ufsm.br\/cursos\/graduacao\/santa-maria\/meteorologia\/revot-descricao-geral\/\"><strong>DESCRI\u00c7\u00c3O GERAL DO PROJETO<\/strong><\/a><\/p>\n<p><a href=\"https:\/\/www.ufsm.br\/cursos\/graduacao\/santa-maria\/meteorologia\/revot-objetivo\/\"><strong>OBJETIVO<\/strong><\/a><\/p>\n<p><strong>INICIATIVA PARCEIRA: A PLATAFORMA DE REGISTROS DE TEMPESTADES SEVERAS (PRETS).<\/strong><\/p>\n<p><strong>MATERIAL DE TREINAMENTO.<\/strong><\/p>\n<p><strong>INSTITUI\u00c7\u00d5ES PARCEIRAS.<\/strong><\/p>\n<p>Entre os parceiros colaboradores desta iniciativa est\u00e3o a <strong>Cruz Vermelha Brasileira de Santa Maria,<\/strong> a <strong>Defesa Civil do Estado de Santa Catarina<\/strong>, o <strong>Instituto Mineiro de Gest\u00e3o das \u00c1guas<\/strong>, e a <strong>Organiza\u00e7\u00e3o Internacional de Emerg\u00eancias Terrestres, A\u00e9reas e Mar\u00edtimas do Brasil<\/strong>.<\/p>\n<p><strong>CONTATO: prevots.svr@gmail.com; ernani.nascimento@ufsm.br<\/strong><\/p>\n","protected":false},"excerpt":{"rendered":"<p>REDE VOLUNT\u00c1RIA DE OBSERVADORES DE TEMPESTADES (REVOT). \u00a0 DESCRI\u00c7\u00c3O GERAL DO PROJETO OBJETIVO INICIATIVA PARCEIRA: A PLATAFORMA DE REGISTROS DE TEMPESTADES SEVERAS (PRETS). MATERIAL DE TREINAMENTO. INSTITUI\u00c7\u00d5ES PARCEIRAS. Entre os parceiros colaboradores desta iniciativa est\u00e3o a Cruz Vermelha Brasileira de Santa Maria, a Defesa Civil do Estado de Santa Catarina, o Instituto Mineiro de Gest\u00e3o [&hellip;]<\/p>\n","protected":false},"author":1098,"featured_media":0,"parent":0,"menu_order":0,"comment_status":"closed","ping_status":"closed","template":"","meta":{"footnotes":""},"categories":[],"tags":[],"class_list":["post-386","page","type-page","status-publish","hentry"],"acf":[],"_links":{"self":[{"href":"https:\/\/www.ufsm.br\/cursos\/graduacao\/santa-maria\/meteorologia\/wp-json\/wp\/v2\/pages\/386","targetHints":{"allow":["GET"]}}],"collection":[{"href":"https:\/\/www.ufsm.br\/cursos\/graduacao\/santa-maria\/meteorologia\/wp-json\/wp\/v2\/pages"}],"about":[{"href":"https:\/\/www.ufsm.br\/cursos\/graduacao\/santa-maria\/meteorologia\/wp-json\/wp\/v2\/types\/page"}],"author":[{"embeddable":true,"href":"https:\/\/www.ufsm.br\/cursos\/graduacao\/santa-maria\/meteorologia\/wp-json\/wp\/v2\/users\/1098"}],"replies":[{"embeddable":true,"href":"https:\/\/www.ufsm.br\/cursos\/graduacao\/santa-maria\/meteorologia\/wp-json\/wp\/v2\/comments?post=386"}],"version-history":[{"count":0,"href":"https:\/\/www.ufsm.br\/cursos\/graduacao\/santa-maria\/meteorologia\/wp-json\/wp\/v2\/pages\/386\/revisions"}],"wp:attachment":[{"href":"https:\/\/www.ufsm.br\/cursos\/graduacao\/santa-maria\/meteorologia\/wp-json\/wp\/v2\/media?parent=386"}],"wp:term":[{"taxonomy":"category","embeddable":true,"href":"https:\/\/www.ufsm.br\/cursos\/graduacao\/santa-maria\/meteorologia\/wp-json\/wp\/v2\/categories?post=386"},{"taxonomy":"post_tag","embeddable":true,"href":"https:\/\/www.ufsm.br\/cursos\/graduacao\/santa-maria\/meteorologia\/wp-json\/wp\/v2\/tags?post=386"}],"curies":[{"name":"wp","href":"https:\/\/api.w.org\/{rel}","templated":true}]}}