{"id":390,"date":"2022-04-19T18:07:27","date_gmt":"2022-04-19T21:07:27","guid":{"rendered":"https:\/\/www.ufsm.br\/cursos\/graduacao\/santa-maria\/meteorologia\/?page_id=390"},"modified":"2022-05-04T12:35:03","modified_gmt":"2022-05-04T15:35:03","slug":"revot-descricao-geral","status":"publish","type":"page","link":"https:\/\/www.ufsm.br\/cursos\/graduacao\/santa-maria\/meteorologia\/revot-descricao-geral","title":{"rendered":"REVOT: descri\u00e7\u00e3o geral."},"content":{"rendered":"\n<p>A Rede Volunt\u00e1ria de Observadores de Tempestades (REVOT) \u00e9 um projeto de extens\u00e3o universit\u00e1ria nas \u00e1reas de Meteorologia e Educa\u00e7\u00e3o Ambiental, com atua\u00e7\u00e3o na mitiga\u00e7\u00e3o de desastres e na divulga\u00e7\u00e3o cient\u00edfica. As tempestades convectivas est\u00e3o entre os fen\u00f4menos atmosf\u00e9ricos que mais frequentemente deflagram desastres no Brasil. Estes desastres manifestam-se na forma de inunda\u00e7\u00f5es repentinas, deslizamentos de terra, granizadas, vendavais destrutivos, e rel\u00e2mpagos. Com o aumento da popula\u00e7\u00e3o e maior ocupa\u00e7\u00e3o do espa\u00e7o geogr\u00e1fico, mais pessoas tornam-se vulner\u00e1veis a estes fen\u00f4menos atmosf\u00e9ricos extremos. Al\u00e9m disso, processos de mudan\u00e7as clim\u00e1ticas globais traduzem-se, a n\u00edvel regional, em ocorr\u00eancias mais frequentes de tempestades intensas. O projeto de extens\u00e3o REVOT busca colaborar com a forma\u00e7\u00e3o de uma sociedade mais preparada para responder adequadamente \u00e0s amea\u00e7as representadas por fen\u00f4menos atmosf\u00e9ricos extremos. Iniciativas semelhantes \u00e0 REVOT j\u00e1 existem h\u00e1 v\u00e1rios anos em outros pa\u00edses, mas ainda s\u00e3o incipientes e desorganizados no Brasil, havendo a necessidade de adaptar melhor estas iniciativas \u00e0 realidade brasileira.<\/p>\n<p><strong>Um documento com mais detalhes sobre o que \u00e9 o projeto REVOT \u00e9 encontrado <a href=\"https:\/\/www.ufsm.br\/app\/uploads\/sites\/453\/2022\/04\/revot_descricao_do_projeto_pagina-Meteorologia-UFSM-1.pdf\">AQUI<\/a>.<\/strong><\/p>\n","protected":false},"excerpt":{"rendered":"<p>A Rede Volunt\u00e1ria de Observadores de Tempestades (REVOT) \u00e9 um projeto de extens\u00e3o universit\u00e1ria nas \u00e1reas de Meteorologia e Educa\u00e7\u00e3o Ambiental, com atua\u00e7\u00e3o na mitiga\u00e7\u00e3o de desastres e na divulga\u00e7\u00e3o cient\u00edfica. As tempestades convectivas est\u00e3o entre os fen\u00f4menos atmosf\u00e9ricos que mais frequentemente deflagram desastres no Brasil. Estes desastres manifestam-se na forma de inunda\u00e7\u00f5es repentinas, deslizamentos [&hellip;]<\/p>\n","protected":false},"author":1098,"featured_media":0,"parent":0,"menu_order":0,"comment_status":"closed","ping_status":"closed","template":"","meta":{"footnotes":""},"categories":[],"tags":[],"class_list":["post-390","page","type-page","status-publish","hentry"],"acf":[],"_links":{"self":[{"href":"https:\/\/www.ufsm.br\/cursos\/graduacao\/santa-maria\/meteorologia\/wp-json\/wp\/v2\/pages\/390","targetHints":{"allow":["GET"]}}],"collection":[{"href":"https:\/\/www.ufsm.br\/cursos\/graduacao\/santa-maria\/meteorologia\/wp-json\/wp\/v2\/pages"}],"about":[{"href":"https:\/\/www.ufsm.br\/cursos\/graduacao\/santa-maria\/meteorologia\/wp-json\/wp\/v2\/types\/page"}],"author":[{"embeddable":true,"href":"https:\/\/www.ufsm.br\/cursos\/graduacao\/santa-maria\/meteorologia\/wp-json\/wp\/v2\/users\/1098"}],"replies":[{"embeddable":true,"href":"https:\/\/www.ufsm.br\/cursos\/graduacao\/santa-maria\/meteorologia\/wp-json\/wp\/v2\/comments?post=390"}],"version-history":[{"count":0,"href":"https:\/\/www.ufsm.br\/cursos\/graduacao\/santa-maria\/meteorologia\/wp-json\/wp\/v2\/pages\/390\/revisions"}],"wp:attachment":[{"href":"https:\/\/www.ufsm.br\/cursos\/graduacao\/santa-maria\/meteorologia\/wp-json\/wp\/v2\/media?parent=390"}],"wp:term":[{"taxonomy":"category","embeddable":true,"href":"https:\/\/www.ufsm.br\/cursos\/graduacao\/santa-maria\/meteorologia\/wp-json\/wp\/v2\/categories?post=390"},{"taxonomy":"post_tag","embeddable":true,"href":"https:\/\/www.ufsm.br\/cursos\/graduacao\/santa-maria\/meteorologia\/wp-json\/wp\/v2\/tags?post=390"}],"curies":[{"name":"wp","href":"https:\/\/api.w.org\/{rel}","templated":true}]}}