{"id":391,"date":"2022-04-19T18:10:38","date_gmt":"2022-04-19T21:10:38","guid":{"rendered":"https:\/\/www.ufsm.br\/cursos\/graduacao\/santa-maria\/meteorologia\/?page_id=391"},"modified":"2022-04-21T15:01:11","modified_gmt":"2022-04-21T18:01:11","slug":"revot-objetivo","status":"publish","type":"page","link":"https:\/\/www.ufsm.br\/cursos\/graduacao\/santa-maria\/meteorologia\/revot-objetivo","title":{"rendered":"REVOT: objetivo."},"content":{"rendered":"\n<p>O projeto REVOT \u00e9 uma iniciativa que apresenta, para um p\u00fablico leigo, procedimentos voltados \u00e0 observa\u00e7\u00e3o, de maneira segura, das caracter\u00edsticas morfol\u00f3gicas das tempestades que antecipam n\u00e3o s\u00f3 seus graus de severidade como os fen\u00f4menos mais prov\u00e1veis que as acompanhar\u00e3o. Inclu\u00eddos nesta iniciativa est\u00e3o tamb\u00e9m os procedimentos de como buscar prote\u00e7\u00e3o contra as tempestades e a indica\u00e7\u00e3o de fontes confi\u00e1veis sobre onde buscar a previs\u00e3o de tempestades e avisos meteorol\u00f3gicos de tempo severo. A motiva\u00e7\u00e3o para a execu\u00e7\u00e3o do projeto REVOT tamb\u00e9m inclui a dificuldade em se documentar de maneira mais ampla e precisa as ocorr\u00eancias de fen\u00f4menos atmosf\u00e9ricos extremos gerados por tempestades convectivas. Estes fen\u00f4menos s\u00e3o, tipicamente, muito localizados e de curta dura\u00e7\u00e3o, sendo de dif\u00edcil detec\u00e7\u00e3o direta pelos sistemas de observa\u00e7\u00e3o meteorol\u00f3gica. Ao se abrir um canal de comunica\u00e7\u00e3o com os observadores volunt\u00e1rios, os eventos meteorol\u00f3gicos relatados de maneira segura, padronizada e precisa pelos volunt\u00e1rios treinados contribuir\u00e3o tamb\u00e9m para a constru\u00e7\u00e3o de um banco de ocorr\u00eancias de chuvas intensas, inunda\u00e7\u00f5es repentinas, granizadas e vendavais localizados. Isto \u00e9 muito valioso para a avalia\u00e7\u00e3o e melhoria da previs\u00e3o de tempestades e da emiss\u00e3o de avisos meteorol\u00f3gicos.<\/p>\n<p><strong>O objetivo principal do projeto REVOT \u00e9 demonstrar a exequibilidade da forma\u00e7\u00e3o de uma rede de volunt\u00e1rios, composta primordialmente por pessoas leigas em ci\u00eancias da natureza, treinados para identificar visualmente, e de maneira antecipada, tempestades deflagradoras de condi\u00e7\u00f5es meteorol\u00f3gicas extremas.<\/strong> Os objetivos espec\u00edficos s\u00e3o: (a) elaborar procedimentos padr\u00f5es e disseminar material digital e anal\u00f3gico, adaptado \u00e0 realidade brasileira, para o treinamento em observa\u00e7\u00e3o, documenta\u00e7\u00e3o visual, e medidas protetivas para tempestades; (b) oferecer cursos de treinamento remoto e presencial para interessados em participar da rede de observa\u00e7\u00e3o volunt\u00e1ria tanto a n\u00edvel regional quanto nacional; (c) disponibilizar canais de comunica\u00e7\u00e3o digitais gratuitos para a intera\u00e7\u00e3o cont\u00ednua entre os observadores volunt\u00e1rios e os mantenedores da rede REVOT, e para o recebimento de relatos de tempestades realizados pelos volunt\u00e1rios; (d) contribuir para a constru\u00e7\u00e3o de um banco nacional de dados de ocorr\u00eancias de fen\u00f4menos extremos causados por tempestades.<\/p>\n","protected":false},"excerpt":{"rendered":"<p>O projeto REVOT \u00e9 uma iniciativa que apresenta, para um p\u00fablico leigo, procedimentos voltados \u00e0 observa\u00e7\u00e3o, de maneira segura, das caracter\u00edsticas morfol\u00f3gicas das tempestades que antecipam n\u00e3o s\u00f3 seus graus de severidade como os fen\u00f4menos mais prov\u00e1veis que as acompanhar\u00e3o. Inclu\u00eddos nesta iniciativa est\u00e3o tamb\u00e9m os procedimentos de como buscar prote\u00e7\u00e3o contra as tempestades e [&hellip;]<\/p>\n","protected":false},"author":1098,"featured_media":0,"parent":0,"menu_order":0,"comment_status":"closed","ping_status":"closed","template":"","meta":{"footnotes":""},"categories":[],"tags":[],"class_list":["post-391","page","type-page","status-publish","hentry"],"acf":[],"_links":{"self":[{"href":"https:\/\/www.ufsm.br\/cursos\/graduacao\/santa-maria\/meteorologia\/wp-json\/wp\/v2\/pages\/391","targetHints":{"allow":["GET"]}}],"collection":[{"href":"https:\/\/www.ufsm.br\/cursos\/graduacao\/santa-maria\/meteorologia\/wp-json\/wp\/v2\/pages"}],"about":[{"href":"https:\/\/www.ufsm.br\/cursos\/graduacao\/santa-maria\/meteorologia\/wp-json\/wp\/v2\/types\/page"}],"author":[{"embeddable":true,"href":"https:\/\/www.ufsm.br\/cursos\/graduacao\/santa-maria\/meteorologia\/wp-json\/wp\/v2\/users\/1098"}],"replies":[{"embeddable":true,"href":"https:\/\/www.ufsm.br\/cursos\/graduacao\/santa-maria\/meteorologia\/wp-json\/wp\/v2\/comments?post=391"}],"version-history":[{"count":0,"href":"https:\/\/www.ufsm.br\/cursos\/graduacao\/santa-maria\/meteorologia\/wp-json\/wp\/v2\/pages\/391\/revisions"}],"wp:attachment":[{"href":"https:\/\/www.ufsm.br\/cursos\/graduacao\/santa-maria\/meteorologia\/wp-json\/wp\/v2\/media?parent=391"}],"wp:term":[{"taxonomy":"category","embeddable":true,"href":"https:\/\/www.ufsm.br\/cursos\/graduacao\/santa-maria\/meteorologia\/wp-json\/wp\/v2\/categories?post=391"},{"taxonomy":"post_tag","embeddable":true,"href":"https:\/\/www.ufsm.br\/cursos\/graduacao\/santa-maria\/meteorologia\/wp-json\/wp\/v2\/tags?post=391"}],"curies":[{"name":"wp","href":"https:\/\/api.w.org\/{rel}","templated":true}]}}