{"id":1096,"date":"2022-04-08T11:06:17","date_gmt":"2022-04-08T14:06:17","guid":{"rendered":"https:\/\/www.ufsm.br\/cursos\/graduacao\/santa-maria\/musica\/?page_id=1096"},"modified":"2022-05-30T18:46:01","modified_gmt":"2022-05-30T21:46:01","slug":"projetos-de-pesquisa-ensino-e-extensao","status":"publish","type":"page","link":"https:\/\/www.ufsm.br\/cursos\/graduacao\/santa-maria\/musica\/projetos-de-pesquisa-ensino-e-extensao","title":{"rendered":"Projetos de Pesquisa, Ensino e Extens\u00e3o"},"content":{"rendered":"\n<p>Os docentes do Departamento de M\u00fasica da UFSM desenvolvem uma s\u00e9rie de projetos com m\u00faltiplas frentes de atua\u00e7\u00e3o. Os projetos s\u00e3o definidos pelos pr\u00f3prios docentes, de acordo com suas respectivas especialidades, e seguem as seguintes modalidades b\u00e1sicas:<\/p>\n<p><strong>Projetos de pesquisa<\/strong>: visam o aprimoramento do conhecimento humano em suas diferentes perspectivas, abarcando tanto pesquisa b\u00e1sica quanto a pesquisa aplicada, sendo esta \u00faltima voltada ao desenvolvimento de produto, processo ou servi\u00e7o.<\/p>\n<p><strong>Projetos de ensino<\/strong>: voltado para a forma\u00e7\u00e3o e capacita\u00e7\u00e3o de recursos humanos, sendo voltados aos alunos regulares da UFSM.<\/p>\n<p><strong>Projetos de extens\u00e3o<\/strong>: promovem a intera\u00e7\u00e3o transformadora entre Universidade e outros setores da sociedade, gerando impacto na forma\u00e7\u00e3o do estudante, respondem a necessidades da comunidade externa e suas demandas, sendo desenvolvidas por servidores nas suas \u00e1reas de atua\u00e7\u00e3o, com a participa\u00e7\u00e3o de estudantes como protagonistas no que se refere \u00e0 rela\u00e7\u00e3o ensino e extens\u00e3o, em conson\u00e2ncia com as diretrizes e objetivos estabelecidos na pol\u00edtica de extens\u00e3o da UFSM.<\/p>\n<p><strong>Projetos de desenvolvimento institucional<\/strong>: programas e projetos, inclusive de natureza infraestrutural, material e laboratorial, que levem \u00e0 melhoria mensur\u00e1vel das condi\u00e7\u00f5es da Universidade, para cumprimento eficiente e eficaz de sua miss\u00e3o, conforme descrita no plano de desenvolvimento institucional.<\/p>\n<p>\u00a0<\/p>\n<p>A dura\u00e7\u00e3o dos projetos \u00e9 bastante variada, desde poucos meses (como projetos para a realiza\u00e7\u00e3o de eventos e cursos de curta dura\u00e7\u00e3o) a at\u00e9 cinco anos (per\u00edodo m\u00e1ximo para a execu\u00e7\u00e3o de projetos na UFSM).<\/p>\n<p>\u00a0<\/p>\n<p>Muitos desses projetos oferecem <strong>bolsas<\/strong> aos alunos da UFSM, que s\u00e3o \u00f3timas oportunidades para o desenvolvimento de habilidades complementares \u00e0 forma\u00e7\u00e3o regular oferecida pelos cursos de M\u00fasica da UFSM. Os editais s\u00e3o abertos em diferentes momentos durante o ano letivo. Os alunos interessados podem antecipadamente procurar maiores informa\u00e7\u00f5es sobre os <strong>projetos em andamento<\/strong>.<\/p>\n<p>\u00a0<\/p>\n<p>Para conhecer os projetos desenvolvidos pelos docentes da UFSM, observe o passo a passo:<\/p>\n<ol>\n<li>Acesse a p\u00e1gina <a href=\"https:\/\/www.ufsm.br\/cursos\/graduacao\/santa-maria\/musica\/corpo-docente\/\"><strong>corpo docente da M\u00fasica<\/strong><\/a> e conhe\u00e7a um pouco mais sobre a \u00e1rea de atua\u00e7\u00e3o de cada docente;<\/li>\n<li>Acesse a p\u00e1gina <strong><a href=\"https:\/\/www.ufsm.br\/cursos\/graduacao\/santa-maria\/musica\/docentes\">docentes dos cursos de M\u00fasica da UFSM<\/a><\/strong>. Ao clicar no nome do docente de interesse, voc\u00ea poder\u00e1 consultar todos os seus projetos (conclu\u00eddos ou em andamento);<\/li>\n<li>Caso conhe\u00e7a o t\u00edtulo ou palavra-chave de um projeto, mas n\u00e3o sabe qual docente \u00e9 coordenador, voc\u00ea pode fazer uma pesquisa acessando o <a href=\"https:\/\/portal.ufsm.br\/projetos\/publico\/projetos\/list.html\"><strong>portal de projetos da UFSM<\/strong><\/a>. Tamb\u00e9m \u00e9 poss\u00edvel fazer uma <strong>busca avan\u00e7ada<\/strong> (\u00edcone de engrenagem) e pesquisar diretamente pelo nome do docente de seu interesse (no campo <strong>participante<\/strong>);<\/li>\n<\/ol>\n","protected":false},"excerpt":{"rendered":"<p>Os docentes do Departamento de M\u00fasica da UFSM desenvolvem uma s\u00e9rie de projetos com m\u00faltiplas frentes de atua\u00e7\u00e3o. Os projetos s\u00e3o definidos pelos pr\u00f3prios docentes, de acordo com suas respectivas especialidades, e seguem as seguintes modalidades b\u00e1sicas: Projetos de pesquisa: visam o aprimoramento do conhecimento humano em suas diferentes perspectivas, abarcando tanto pesquisa b\u00e1sica quanto [&hellip;]<\/p>\n","protected":false},"author":2572,"featured_media":0,"parent":0,"menu_order":0,"comment_status":"closed","ping_status":"closed","template":"","meta":{"footnotes":""},"categories":[],"tags":[],"class_list":["post-1096","page","type-page","status-publish","hentry"],"acf":[],"_links":{"self":[{"href":"https:\/\/www.ufsm.br\/cursos\/graduacao\/santa-maria\/musica\/wp-json\/wp\/v2\/pages\/1096","targetHints":{"allow":["GET"]}}],"collection":[{"href":"https:\/\/www.ufsm.br\/cursos\/graduacao\/santa-maria\/musica\/wp-json\/wp\/v2\/pages"}],"about":[{"href":"https:\/\/www.ufsm.br\/cursos\/graduacao\/santa-maria\/musica\/wp-json\/wp\/v2\/types\/page"}],"author":[{"embeddable":true,"href":"https:\/\/www.ufsm.br\/cursos\/graduacao\/santa-maria\/musica\/wp-json\/wp\/v2\/users\/2572"}],"replies":[{"embeddable":true,"href":"https:\/\/www.ufsm.br\/cursos\/graduacao\/santa-maria\/musica\/wp-json\/wp\/v2\/comments?post=1096"}],"version-history":[{"count":0,"href":"https:\/\/www.ufsm.br\/cursos\/graduacao\/santa-maria\/musica\/wp-json\/wp\/v2\/pages\/1096\/revisions"}],"wp:attachment":[{"href":"https:\/\/www.ufsm.br\/cursos\/graduacao\/santa-maria\/musica\/wp-json\/wp\/v2\/media?parent=1096"}],"wp:term":[{"taxonomy":"category","embeddable":true,"href":"https:\/\/www.ufsm.br\/cursos\/graduacao\/santa-maria\/musica\/wp-json\/wp\/v2\/categories?post=1096"},{"taxonomy":"post_tag","embeddable":true,"href":"https:\/\/www.ufsm.br\/cursos\/graduacao\/santa-maria\/musica\/wp-json\/wp\/v2\/tags?post=1096"}],"curies":[{"name":"wp","href":"https:\/\/api.w.org\/{rel}","templated":true}]}}