{"id":1215,"date":"2024-02-04T15:16:11","date_gmt":"2024-02-04T18:16:11","guid":{"rendered":"https:\/\/www.ufsm.br\/cursos\/graduacao\/santa-maria\/musica\/?page_id=1215"},"modified":"2024-07-12T16:49:42","modified_gmt":"2024-07-12T19:49:42","slug":"ingresso-reingresso-transferencia-2024-1","status":"publish","type":"page","link":"https:\/\/www.ufsm.br\/cursos\/graduacao\/santa-maria\/musica\/ingresso-reingresso-transferencia-2024-1","title":{"rendered":"Ingresso\/Reingresso\/Transfer\u00eancia 2024\/1"},"content":{"rendered":"\n<p>A Pr\u00f3-Reitoria de Gradua\u00e7\u00e3o \u2013 PROGRAD e as Coordena\u00e7\u00f5es dos Cursos de Gradua\u00e7\u00e3o presenciais da Universidade Federal de Santa Maria tornam p\u00fablica a abertura de inscri\u00e7\u00f5es \u00e0 sele\u00e7\u00e3o por\u00a0<strong>Ingresso\/Reingresso<\/strong>\u00a0em\u00a0<strong>Cursos de Gradua\u00e7\u00e3o presenciais<\/strong> da UFSM, para in\u00edcio de atividades acad\u00eamicas no <strong>1\u00ba semestre letivo de 2024<\/strong>, conforme o CRONOGRAMA e demais especifica\u00e7\u00f5es deste edital.<\/p>\n<p>O presente edital de Ingresso\/Reingresso est\u00e1 em conformidade com as normas expressas na Resolu\u00e7\u00e3o n\u00ba 013\/2015 da UFSM, Portaria MEC n\u00ba 230, de 2007, Decreto n\u00ba 9.094, de 17 julho de 2017; Lei n\u00ba 9.394, de 20 de dezembro de 1996, Lei n\u00ba 12.089, de 11 de novembro de 2009, Lei n\u00ba 13.460, de 26 de junho de 2017, Lei n\u00ba 12.037, de 1\u00ba de outubro de 2009, Tabela de temporalidade do CONARQ, Guia Acad\u00eamico da UFSM e Calend\u00e1rio Acad\u00eamico vigente da UFSM.<\/p>\n<p><br \/>Este edital \u00e9 composto pela Parte Geral e pela Parte Espec\u00edfica de cada Curso de Gradua\u00e7\u00e3o participante, se\u00e7\u00f5es que se complementam. A Parte Geral \u00e9 normatizada pela PROGRAD. A Parte Espec\u00edfica \u00e9 de responsabilidade de cada Curso de Gradua\u00e7\u00e3o participante. Na presente publica\u00e7\u00e3o, partes Geral e Espec\u00edfica, constam as datas, normas e orienta\u00e7\u00f5es para a participa\u00e7\u00e3o na sele\u00e7\u00e3o, as quais dever\u00e3o ser seguidas pelos candidatos.<\/p>\n<p>\u00a0<\/p>\n<h4><strong>P\u00e1gina oficial do edital:<\/strong>\u00a0<a href=\"https:\/\/www.ufsm.br\/pro-reitorias\/prograd\/editais\/001-2024-2\"><strong>link<\/strong><\/a>.\u00a0<\/h4>\n<p>\u00a0<\/p>\n<h4><strong>Material complementar para a PROVA B:<\/strong>\u00a0<a href=\"https:\/\/www.ufsm.br\/app\/uploads\/sites\/485\/2024\/02\/reingresso_2024_1.pdf\"><strong>link<\/strong><\/a>.<\/h4>\n","protected":false},"excerpt":{"rendered":"<p>A Pr\u00f3-Reitoria de Gradua\u00e7\u00e3o \u2013 PROGRAD e as Coordena\u00e7\u00f5es dos Cursos de Gradua\u00e7\u00e3o presenciais da Universidade Federal de Santa Maria tornam p\u00fablica a abertura de inscri\u00e7\u00f5es \u00e0 sele\u00e7\u00e3o por\u00a0Ingresso\/Reingresso\u00a0em\u00a0Cursos de Gradua\u00e7\u00e3o presenciais da UFSM, para in\u00edcio de atividades acad\u00eamicas no 1\u00ba semestre letivo de 2024, conforme o CRONOGRAMA e demais especifica\u00e7\u00f5es deste edital. O presente [&hellip;]<\/p>\n","protected":false},"author":2572,"featured_media":0,"parent":0,"menu_order":0,"comment_status":"closed","ping_status":"closed","template":"","meta":{"footnotes":""},"categories":[],"tags":[],"class_list":["post-1215","page","type-page","status-publish","hentry"],"acf":[],"_links":{"self":[{"href":"https:\/\/www.ufsm.br\/cursos\/graduacao\/santa-maria\/musica\/wp-json\/wp\/v2\/pages\/1215","targetHints":{"allow":["GET"]}}],"collection":[{"href":"https:\/\/www.ufsm.br\/cursos\/graduacao\/santa-maria\/musica\/wp-json\/wp\/v2\/pages"}],"about":[{"href":"https:\/\/www.ufsm.br\/cursos\/graduacao\/santa-maria\/musica\/wp-json\/wp\/v2\/types\/page"}],"author":[{"embeddable":true,"href":"https:\/\/www.ufsm.br\/cursos\/graduacao\/santa-maria\/musica\/wp-json\/wp\/v2\/users\/2572"}],"replies":[{"embeddable":true,"href":"https:\/\/www.ufsm.br\/cursos\/graduacao\/santa-maria\/musica\/wp-json\/wp\/v2\/comments?post=1215"}],"version-history":[{"count":0,"href":"https:\/\/www.ufsm.br\/cursos\/graduacao\/santa-maria\/musica\/wp-json\/wp\/v2\/pages\/1215\/revisions"}],"wp:attachment":[{"href":"https:\/\/www.ufsm.br\/cursos\/graduacao\/santa-maria\/musica\/wp-json\/wp\/v2\/media?parent=1215"}],"wp:term":[{"taxonomy":"category","embeddable":true,"href":"https:\/\/www.ufsm.br\/cursos\/graduacao\/santa-maria\/musica\/wp-json\/wp\/v2\/categories?post=1215"},{"taxonomy":"post_tag","embeddable":true,"href":"https:\/\/www.ufsm.br\/cursos\/graduacao\/santa-maria\/musica\/wp-json\/wp\/v2\/tags?post=1215"}],"curies":[{"name":"wp","href":"https:\/\/api.w.org\/{rel}","templated":true}]}}