{"id":186,"date":"2018-12-13T10:17:39","date_gmt":"2018-12-13T12:17:39","guid":{"rendered":"https:\/\/www.ufsm.br\/cursos\/graduacao\/santa-maria\/musica\/?page_id=186"},"modified":"2025-02-12T13:40:30","modified_gmt":"2025-02-12T16:40:30","slug":"contato-2","status":"publish","type":"page","link":"https:\/\/www.ufsm.br\/cursos\/graduacao\/santa-maria\/musica\/contato-2","title":{"rendered":"Contatos"},"content":{"rendered":"<p><strong>Secretaria Integrada de Cursos de Gradua\u00e7\u00e3o II (atendimento aos cursos de M\u00fasica &#8211; Bacharelado, M\u00fasica &#8211; Licenciatura Plena e M\u00fasica e Tecnologia &#8211; Bacharelado)<\/strong><br \/>\nLocal: sala 2200, Pr\u00e9dio 40A<br \/>\nFone: (55) 3220-8267<br \/>\nE-mail: <a href=\"mailto:sig2.cal@ufsm.br\">sig2.cal@ufsm.br<\/a><br \/>\nHor\u00e1rio de atendimento: 8h \u00e0s 12h e 13h30 \u00e0s 20h30 (hor\u00e1rio durante recessos: 7h30 \u00e0s 13h30)<\/p>\n<p><strong>Secretaria Integrada de P\u00f3s-Gradua\u00e7\u00e3o (atendimento \u00e0 Especializa\u00e7\u00e3o em M\u00fasica)<br \/>\n<\/strong>Local: sala 1324, pr\u00e9dio 40<br \/>\nFone: (55) 3220 9484<br \/>\nE-mail: <a href=\"mailto:sipog.cal@ufsm.br\"><em>sipog.cal@ufsm.br<\/em><\/a><br \/>\nHor\u00e1rio de atendimento: 8h \u00e0s 12h e 13h30 \u00e0s 20h30 (hor\u00e1rio durante recessos: 7h30 \u00e0s 13h30)<\/p>\n<p><strong>Secretaria Integrada de Departamentos (atendimento ao Departamento de M\u00fasica)<br \/>\n<\/strong>Local: sala 1123, Pr\u00e9dio 40<br \/>\nFone: (55) 3220-8087<br \/>\nE-mail: <a href=\"mailto:sideptos.cal@ufsm.br\">sideptos.cal@ufsm.br<\/a><br \/>\nHor\u00e1rio de atendimento: 8h \u00e0s 12h e 14h \u00e0s 17h (hor\u00e1rio durante recessos: 7h30 \u00e0s 13h30)<\/p>\n<p><strong>Coordena\u00e7\u00e3o: M\u00fasica &#8211; Bacharelado e M\u00fasica &#8211; Licenciatura Plena<\/strong><br \/>\nLocal: sala 1118, Pr\u00e9dio 40B<br \/>\nFone: (55) 3220-8454 (WhatsApp)<br \/>\nE-mail: <a href=\"mailto:coord.musica@ufsm.br\">coord.musica@ufsm.br<\/a><\/p>\n<p><strong>Coordena\u00e7\u00e3o: M\u00fasica e Tecnologia &#8211; Bacharelado<\/strong><br \/>\nLocal: sala 1120, Pr\u00e9dio 40B<br \/>\nE-mail: <a href=\"mailto:coord.musitec@ufsm.br\"><span id=\"cloak46af630741a5e7d62b63a178ba98d72e\">coord.musitec@ufsm.br<\/span><\/a><br \/>\n<span id=\"cloak46af630741a5e7d62b63a178ba98d72e\"><\/span><\/p>\n<p><strong>Coordena\u00e7\u00e3o: Especializa\u00e7\u00e3o em M\u00fasica<\/strong><br \/>\nLocal: sala 1124, Pr\u00e9dio 40B<br \/>\nE-mail: <a href=\"mailto:pos.musica@ufsm.br\"><span id=\"cloak46af630741a5e7d62b63a178ba98d72e\">pos.musica@ufsm.br<\/span><\/a><\/p>\n<p><strong>Departamento de M\u00fasica<\/strong><br \/>\nLocal: sala 1125, Pr\u00e9dio 40B<br \/>\nFones: (55) 3220-8454<br \/>\nE-mail:\u00a0<span id=\"cloak7c6b9c59a38a7f03a4da677298d77ecf\"><a href=\"mailto:depmusica@ufsm.br\">depmusica@ufsm.br<\/a><\/span><\/p>\n<p><strong>Departamento de Metodologia do Ensino<\/strong><br \/>\nTelefone: (55) 3220-8197<br \/>\nE-mail: <a href=\"mailto:depmen.ufsm@gmail.com\">depmen.ufsm@gmail.com<\/a><\/p>\n<p><strong>Departamento de Administra\u00e7\u00e3o Escolar<\/strong><br \/>\nTelefone: (55) 3220-8411<br \/>\nE-mail: <a href=\"mailto:adeceu@gmail.com\">adeceu@gmail.com<\/a><\/p>\n<p><strong>Coordena\u00e7\u00e3o: Festival Internacional de Inverno da UFSM<\/strong><br \/>\nE-mail: <a href=\"mailto:fiiufsm@ufsm.br\">fiiufsm@ufsm.br<\/a><\/p>\n<p><strong>Portaria: Pr\u00e9dio 40 &#8211; CAL<\/strong><br \/>\nFone: (55) 3220-8919<\/p>\n<p><strong>Portaria: Pr\u00e9dio 40B<\/strong><br \/>\nFone: 2018 (apenas ramal interno)<\/p>\n","protected":false},"excerpt":{"rendered":"<p>Secretaria Integrada de Cursos de Gradua\u00e7\u00e3o II (atendimento aos cursos de M\u00fasica &#8211; Bacharelado, M\u00fasica &#8211; Licenciatura Plena e M\u00fasica e Tecnologia &#8211; Bacharelado) Local: sala 2200, Pr\u00e9dio 40A Fone: (55) 3220-8267 E-mail: sig2.cal@ufsm.br Hor\u00e1rio de atendimento: 8h \u00e0s 12h e 13h30 \u00e0s 20h30 (hor\u00e1rio durante recessos: 7h30 \u00e0s 13h30) Secretaria Integrada de P\u00f3s-Gradua\u00e7\u00e3o (atendimento [&hellip;]<\/p>\n","protected":false},"author":201,"featured_media":691,"parent":0,"menu_order":0,"comment_status":"closed","ping_status":"closed","template":"","meta":{"footnotes":""},"categories":[],"tags":[],"class_list":["post-186","page","type-page","status-publish","has-post-thumbnail","hentry"],"acf":[],"_links":{"self":[{"href":"https:\/\/www.ufsm.br\/cursos\/graduacao\/santa-maria\/musica\/wp-json\/wp\/v2\/pages\/186","targetHints":{"allow":["GET"]}}],"collection":[{"href":"https:\/\/www.ufsm.br\/cursos\/graduacao\/santa-maria\/musica\/wp-json\/wp\/v2\/pages"}],"about":[{"href":"https:\/\/www.ufsm.br\/cursos\/graduacao\/santa-maria\/musica\/wp-json\/wp\/v2\/types\/page"}],"author":[{"embeddable":true,"href":"https:\/\/www.ufsm.br\/cursos\/graduacao\/santa-maria\/musica\/wp-json\/wp\/v2\/users\/201"}],"replies":[{"embeddable":true,"href":"https:\/\/www.ufsm.br\/cursos\/graduacao\/santa-maria\/musica\/wp-json\/wp\/v2\/comments?post=186"}],"version-history":[{"count":0,"href":"https:\/\/www.ufsm.br\/cursos\/graduacao\/santa-maria\/musica\/wp-json\/wp\/v2\/pages\/186\/revisions"}],"wp:featuredmedia":[{"embeddable":true,"href":"https:\/\/www.ufsm.br\/cursos\/graduacao\/santa-maria\/musica\/wp-json\/wp\/v2\/media\/691"}],"wp:attachment":[{"href":"https:\/\/www.ufsm.br\/cursos\/graduacao\/santa-maria\/musica\/wp-json\/wp\/v2\/media?parent=186"}],"wp:term":[{"taxonomy":"category","embeddable":true,"href":"https:\/\/www.ufsm.br\/cursos\/graduacao\/santa-maria\/musica\/wp-json\/wp\/v2\/categories?post=186"},{"taxonomy":"post_tag","embeddable":true,"href":"https:\/\/www.ufsm.br\/cursos\/graduacao\/santa-maria\/musica\/wp-json\/wp\/v2\/tags?post=186"}],"curies":[{"name":"wp","href":"https:\/\/api.w.org\/{rel}","templated":true}]}}