{"id":409,"date":"2019-06-10T17:29:47","date_gmt":"2019-06-10T20:29:47","guid":{"rendered":"https:\/\/www.ufsm.br\/cursos\/graduacao\/santa-maria\/musica\/?page_id=409"},"modified":"2019-06-10T17:29:50","modified_gmt":"2019-06-10T20:29:50","slug":"i-encontro-sobre-pedagogia-do-piano","status":"publish","type":"page","link":"https:\/\/www.ufsm.br\/cursos\/graduacao\/santa-maria\/musica\/i-encontro-sobre-pedagogia-do-piano","title":{"rendered":"I Encontro sobre Pedagogia do Piano"},"content":{"rendered":"\n<p>Realizado na Universidade Federal de Santa Maria, o I Encontro Sobre Pedagogia do Piano &#8211; 2012 abordou assuntos que foram escolhidos baseados, em geral, em dificuldades e desafios enfrentados pelo professor de piano e, para a escolha destes, foram utilizados basicamente tr\u00eas tipos de fontes: reflex\u00f5es sobre a trajet\u00f3ria da professora coordenadora dos encontros como professora de piano quando atendendo crian\u00e7as, adolescentes e adultos; bibliografia b\u00e1sica de apoio ao professor de piano; e relatos de professores de piano em forma\u00e7\u00e3o inicial que citaram os aspectos mais relevantes aprendidos em cursos de pedagogia do piano (SLAWSKY, 2011). Dessa forma, cada assunto foi escolhido e abordado pela professora coordenadora e por convidados em forma de palestras, oficinas, debates ou\u00a0<em>workshops<\/em>, sempre procurando estimular a participa\u00e7\u00e3o dos envolvidos no evento.<\/p>\n<p>Os\u00a0<strong>Encontros sobre Pedagogia do Piano 2012\u00a0<\/strong>aconteceram entre os meses de outubro e dezembro e abordaram os seguintes t\u00f3picos:<\/p>\n<ul>\n<li style=\"list-style-type: none\">\n<ul>\n<li>empreendedorismo na profiss\u00e3o;<\/li>\n<li>princ\u00edpios do aprendizado humano\u00a0 e o ensino do piano;<\/li>\n<li>materiais e m\u00e9todos para o ensino do piano;<\/li>\n<li>princ\u00edpios t\u00e9cnicos da escola pian\u00edstica de Dorothy Taubman;<\/li>\n<li>repert\u00f3rio brasileiro para n\u00edveis intermedi\u00e1rios;<\/li>\n<li>rela\u00e7\u00e3o entre expressividade e gesto musical<\/li>\n<\/ul>\n<\/li>\n<\/ul>\n<p>\u00a0\u00a0<\/p>\n<h2>Palestrantes convidados em 2012 e temas abordados:<\/h2>\n<p>\u00a0<\/p>\n<p><strong>Vera Vianna\u00a0<\/strong>(UFSM \u2013 Santa Maria, RS)<\/p>\n<p>&#8211; O Repert\u00f3rio Brasileiro de N\u00edvel Intermedi\u00e1rio<\/p>\n<p>\u00a0<\/p>\n<p><strong>Fernanda e Julio Machado\u00a0<\/strong>(Piano Class \u2013 Pelotas, RS)<\/p>\n<p>&#8211; Profiss\u00e3o e sobreviv\u00eancia<\/p>\n<p>\u00a0<\/p>\n<p><strong>Mauricy Martin\u00a0<\/strong>(Unicamp \u2013 Campinas, SP)<\/p>\n<p>&#8211; A escola pian\u00edstica de Dorothy Taubman<\/p>\n<p>\u00a0<\/p>\n<p><strong>Lucimar Marchi<\/strong>\u00a0(Oficina de M\u00fasica \u2013 Santa Maria, RS<\/p>\n<p>&#8211; Gest\u00e3o de uma Escola de M\u00fasica<\/p>\n<p>\u00a0<\/p>\n<p><strong>Monica Hassan\u00a0<\/strong>(Cia. Sinf\u00f4nica de Bolso \u2013 Bauru, SP)<\/p>\n<p>&#8211; A M\u00fasica do Gesto: a linguagem direta da emo\u00e7\u00e3o<\/p>\n<p>\u00a0<\/p>\n<p><strong>Cl\u00e1udia Deltregia\u00a0<\/strong>(UFSM \u2013 Santa Maria, RS)<\/p>\n<p>&#8211; A Primeira aula de Piano: O qu\u00ea ensinar?;<\/p>\n<p>&#8211; Desenvolvendo habilidades diversas: improvisa\u00e7\u00e3o, percep\u00e7\u00e3o, t\u00e9cnica, teoria, repert\u00f3rios<\/p>\n<p>&#8211; Princ\u00edpios do Aprendizado Humano;<\/p>\n<p>&#8211; Leitura Musical ;<\/p>\n<p>&#8211; Ensino de Piano para Crian\u00e7as;<\/p>\n","protected":false},"excerpt":{"rendered":"<p>Realizado na Universidade Federal de Santa Maria, o I Encontro Sobre Pedagogia do Piano &#8211; 2012 abordou assuntos que foram escolhidos baseados, em geral, em dificuldades e desafios enfrentados pelo professor de piano e, para a escolha destes, foram utilizados basicamente tr\u00eas tipos de fontes: reflex\u00f5es sobre a trajet\u00f3ria da professora coordenadora dos encontros como [&hellip;]<\/p>\n","protected":false},"author":723,"featured_media":0,"parent":0,"menu_order":0,"comment_status":"closed","ping_status":"closed","template":"","meta":{"footnotes":""},"categories":[],"tags":[],"class_list":["post-409","page","type-page","status-publish","hentry"],"acf":[],"_links":{"self":[{"href":"https:\/\/www.ufsm.br\/cursos\/graduacao\/santa-maria\/musica\/wp-json\/wp\/v2\/pages\/409","targetHints":{"allow":["GET"]}}],"collection":[{"href":"https:\/\/www.ufsm.br\/cursos\/graduacao\/santa-maria\/musica\/wp-json\/wp\/v2\/pages"}],"about":[{"href":"https:\/\/www.ufsm.br\/cursos\/graduacao\/santa-maria\/musica\/wp-json\/wp\/v2\/types\/page"}],"author":[{"embeddable":true,"href":"https:\/\/www.ufsm.br\/cursos\/graduacao\/santa-maria\/musica\/wp-json\/wp\/v2\/users\/723"}],"replies":[{"embeddable":true,"href":"https:\/\/www.ufsm.br\/cursos\/graduacao\/santa-maria\/musica\/wp-json\/wp\/v2\/comments?post=409"}],"version-history":[{"count":0,"href":"https:\/\/www.ufsm.br\/cursos\/graduacao\/santa-maria\/musica\/wp-json\/wp\/v2\/pages\/409\/revisions"}],"wp:attachment":[{"href":"https:\/\/www.ufsm.br\/cursos\/graduacao\/santa-maria\/musica\/wp-json\/wp\/v2\/media?parent=409"}],"wp:term":[{"taxonomy":"category","embeddable":true,"href":"https:\/\/www.ufsm.br\/cursos\/graduacao\/santa-maria\/musica\/wp-json\/wp\/v2\/categories?post=409"},{"taxonomy":"post_tag","embeddable":true,"href":"https:\/\/www.ufsm.br\/cursos\/graduacao\/santa-maria\/musica\/wp-json\/wp\/v2\/tags?post=409"}],"curies":[{"name":"wp","href":"https:\/\/api.w.org\/{rel}","templated":true}]}}