{"id":740,"date":"2020-03-13T18:00:34","date_gmt":"2020-03-13T21:00:34","guid":{"rendered":"https:\/\/www.ufsm.br\/cursos\/graduacao\/santa-maria\/musica\/?page_id=740"},"modified":"2026-02-23T11:40:02","modified_gmt":"2026-02-23T14:40:02","slug":"grupos-artisticos","status":"publish","type":"page","link":"https:\/\/www.ufsm.br\/cursos\/graduacao\/santa-maria\/musica\/grupos-artisticos","title":{"rendered":"Grupos Art\u00edsticos"},"content":{"rendered":"\n<h2><strong><a id=\"orquestra-sinfonica\"><\/a>Orquestra Sinf\u00f4nica de Santa Maria &#8211; UFSM<\/strong><\/h2>\n<p><strong>Dire\u00e7\u00e3o executiva<\/strong>: Prof. Dr. <a href=\"https:\/\/ufsmpublica.ufsm.br\/docente\/10741\"><strong>Cl\u00e1udio Ant\u00f3nio Esteves<\/strong><\/a><\/p>\n<p><a href=\"https:\/\/www.ufsm.br\/orgaos-suplementares\/orquestra-sinfonica\/\"><strong>Website oficial<\/strong><\/a>\u00a0&#8211; <a href=\"https:\/\/pt-br.facebook.com\/orquestrasinfonica.santamaria\/\"><strong>Facebook<\/strong><\/a><\/p>\n<p>Fundada em 1966, a Orquestra Sinf\u00f4nica de Santa Maria atua tanto um grupo art\u00edstico-musical, que almeja a difus\u00e3o da m\u00fasica orquestral, como um laborat\u00f3rio de m\u00fasica, voltado para a forma\u00e7\u00e3o do m\u00fasico atrav\u00e9s da pr\u00e1tica de orquestra. Seu funcionamento est\u00e1 vinculado \u00e0s disciplinas <em>Orquestra Sinf\u00f4nica,<\/em>\u00a0<em>Orquestra Universit\u00e1ria <\/em>e <em>Estudos de Orquestra<\/em>, ofertadas nos cursos de Gradua\u00e7\u00e3o em M\u00fasica da UFSM.\u00a0<\/p>\n<p>A orquestra participa de uma m\u00e9dia de 20 eventos por ano e \u00e9 composta atualmente por 55 m\u00fasicos. Seus objetivos principais s\u00e3o: promover a cultura atrav\u00e9s da m\u00fasica, buscar excel\u00eancia art\u00edstica para forma\u00e7\u00e3o profissional dos m\u00fasicos, formar novos p\u00fablicos atrav\u00e9s de a\u00e7\u00f5es e projetos culturais de intera\u00e7\u00e3o social, al\u00e9m de contribuir para a forma\u00e7\u00e3o musical dos alunos dos cursos de M\u00fasica da UFSM.<\/p>\n<p>Al\u00e9m da estrutura f\u00edsica e de pessoal, oferecida pela UFSM, a Orquestra \u00e9 mantida tamb\u00e9m por bolsas fornecidas pela UFSM e por colaboradores da <a href=\"https:\/\/www.ufsm.br\/orgaos-suplementares\/orquestra-sinfonica\/associacao-cultural\/\"><strong>Associa\u00e7\u00e3o Cultural Orquestra Sinf\u00f4nica de Santa Maria<\/strong><\/a> (fundada em 1988). Esses apoios e investimentos s\u00e3o essenciais para sua manuten\u00e7\u00e3o e desenvolvimento.<\/p>\n<p>A Orquestra vem desenvolvendo, h\u00e1 mais de 50 anos, um trabalho qualificado de aulas, ensaios, oficinas e apresenta\u00e7\u00f5es p\u00fablicas, contextualizado em a\u00e7\u00f5es integradoras, contemplando o ensino, pesquisa e extens\u00e3o universit\u00e1ria. Al\u00e9m de desenvolver e divulgar a cultura art\u00edstico-musical em Santa Maria e regi\u00e3o, procura permanentemente o aperfei\u00e7oamento da m\u00fasica orquestral sinf\u00f4nica e sua difus\u00e3o, oportunizando ao aluno de m\u00fasica uma singular experi\u00eancia, focalizada na realidade profissional, preparando m\u00fasicos que, posteriormente, v\u00e3o fazer parte de importantes orquestras ou ser professores de m\u00fasica em escolas, institutos e universidades \u2013 uma a\u00e7\u00e3o de inclus\u00e3o profissional. A Sinf\u00f4nica de Santa Maria participa ativamente dos grandes eventos da UFSM, da cidade de Santa Maria e regi\u00e3o, em eventos como festividades natalinas, concertos populares e did\u00e1ticos, concertos de gala, festivais, encontros, congressos e semin\u00e1rios, inclusive promovendo espet\u00e1culos por meio de projetos e atendendo, sempre que poss\u00edvel, a convites advindos da comunidade.<\/p>\n\n\n<div class=\"wp-block-image\">\n<figure class=\"aligncenter size-full is-resized\"><img fetchpriority=\"high\" decoding=\"async\" width=\"1536\" height=\"1024\" src=\"https:\/\/www.ufsm.br\/app\/uploads\/sites\/485\/2020\/03\/orquestra-sinfonica.jpg\" alt=\"\" class=\"wp-image-846\" style=\"width:686px;height:457px\" srcset=\"https:\/\/www.ufsm.br\/app\/uploads\/sites\/485\/2020\/03\/orquestra-sinfonica.jpg 1536w, https:\/\/www.ufsm.br\/app\/uploads\/sites\/485\/2020\/03\/orquestra-sinfonica-300x200.jpg 300w, https:\/\/www.ufsm.br\/app\/uploads\/sites\/485\/2020\/03\/orquestra-sinfonica-1024x683.jpg 1024w, https:\/\/www.ufsm.br\/app\/uploads\/sites\/485\/2020\/03\/orquestra-sinfonica-768x512.jpg 768w, https:\/\/www.ufsm.br\/app\/uploads\/sites\/485\/2020\/03\/orquestra-sinfonica-272x182.jpg 272w\" sizes=\"(max-width: 1536px) 100vw, 1536px\" \/><figcaption class=\"wp-element-caption\">Orquestra Sinf\u00f4nica de Santa Maria (2019).<\/figcaption><\/figure>\n<\/div>\n\n\n<div style=\"height:20px\" aria-hidden=\"true\" class=\"wp-block-spacer\"><\/div>\n\n\n\n<h2><strong>Coro de C\u00e2mara da UFSM<\/strong><\/h2>\n<p><strong>Dire\u00e7\u00e3o<\/strong>: Prof. Dr. <a href=\"https:\/\/ufsmpublica.ufsm.br\/docente\/10741\"><strong>Cl\u00e1udio Ant\u00f3nio Esteves<\/strong><\/a><\/p>\n<p><a href=\"http:\/\/claudioae.com\/\"><strong>Website oficial<\/strong><\/a> &#8211;&nbsp;<a href=\"https:\/\/pt-br.facebook.com\/corodecamaraufsm\/\"><strong>Facebook<\/strong><\/a><\/p>\n<p>O Coro de C\u00e2mara da UFSM tem suas origens em 2000 quando da cria\u00e7\u00e3o do Coro Sinf\u00f4nico da UFSM pelo professor Cl\u00e1udio Ant\u00f3nio Esteves. A partir de 2003, com o suporte administrativo da Coordena\u00e7\u00e3o do Curso de M\u00fasica, foi chamado de Coro do Curso de M\u00fasica e depois de 2009 passa a ser o Coro de C\u00e2mara da UFSM, vinculado a projeto de extens\u00e3o. Ele \u00e9 composto por alunos do Curso de M\u00fasica e membros da Comunidade Universit\u00e1ria, que s\u00e3o selecionados atrav\u00e9s de teste de aptid\u00e3o no in\u00edcio de cada semestre. Atrav\u00e9s da atividade musical, os participantes adquirem experi\u00eancia profissional, tendo contato direto com a programa\u00e7\u00e3o art\u00edstica de concerto, m\u00fasica original composta para coro e arranjos, contribuindo assim para a forma\u00e7\u00e3o dos alunos do Curso de M\u00fasica. Al\u00e9m das pe\u00e7as <em>a cappella<\/em> e com acompanhamento, o grupo realiza uma obra coro-sinf\u00f4nica diferente a cada semestre. \u00c9 regido pelo Prof. Dr. Cl\u00e1udio Ant\u00f3nio Esteves, que enfoca o repert\u00f3rio em compositores contempor\u00e2neos e obras representativas corais. O Coro \u00e9 um agente cultural est\u00e1vel de grande atividade e representa\u00e7\u00e3o art\u00edstica da UFSM. Tem participado de concertos, recitais, festivais, encontros de coros, cerim\u00f4nias e eventos e em cada performance divulga obras significativas de qualidade do repert\u00f3rio coral.<\/p>\n\n\n<div class=\"wp-block-image\">\n<figure class=\"aligncenter size-full is-resized\"><img decoding=\"async\" width=\"1839\" height=\"1135\" src=\"https:\/\/www.ufsm.br\/app\/uploads\/sites\/485\/2020\/04\/coro-de-c\u00e2mara-Concerto-de-Inverno-2018-Teatro-Cixa-Preta-1.jpg\" alt=\"\" class=\"wp-image-891\" style=\"width:669px;height:413px\" srcset=\"https:\/\/www.ufsm.br\/app\/uploads\/sites\/485\/2020\/04\/coro-de-c\u00e2mara-Concerto-de-Inverno-2018-Teatro-Cixa-Preta-1.jpg 1839w, https:\/\/www.ufsm.br\/app\/uploads\/sites\/485\/2020\/04\/coro-de-c\u00e2mara-Concerto-de-Inverno-2018-Teatro-Cixa-Preta-1-300x185.jpg 300w, https:\/\/www.ufsm.br\/app\/uploads\/sites\/485\/2020\/04\/coro-de-c\u00e2mara-Concerto-de-Inverno-2018-Teatro-Cixa-Preta-1-1024x632.jpg 1024w, https:\/\/www.ufsm.br\/app\/uploads\/sites\/485\/2020\/04\/coro-de-c\u00e2mara-Concerto-de-Inverno-2018-Teatro-Cixa-Preta-1-768x474.jpg 768w, https:\/\/www.ufsm.br\/app\/uploads\/sites\/485\/2020\/04\/coro-de-c\u00e2mara-Concerto-de-Inverno-2018-Teatro-Cixa-Preta-1-1536x948.jpg 1536w\" sizes=\"(max-width: 1839px) 100vw, 1839px\" \/><figcaption class=\"wp-element-caption\">Coro de C\u00e2mara da UFSM &#8211; Concerto de Inverno (2018).<\/figcaption><\/figure>\n<\/div>\n\n\n<div style=\"height:20px\" aria-hidden=\"true\" class=\"wp-block-spacer\"><\/div>\n\n\n\n<h2><strong>Coral UFSM<\/strong><\/h2>\n<p><strong>Dire\u00e7\u00e3o<\/strong>: Prof. Dr. <a href=\"https:\/\/ufsmpublica.ufsm.br\/docente\/10741\"><strong>Cl\u00e1udio Ant\u00f3nio Esteves<\/strong><\/a><\/p>\n<p><a href=\"http:\/\/claudioae.com\/\"><strong>Website oficial<\/strong><\/a><\/p>\n<p>A atividade coral na UFSM da qual o Coral UFSM faz parte, iniciou-se em 1962 quando da cria\u00e7\u00e3o do primeiro Coral Universit\u00e1rio, regido pela professora Lygia Romano Migliore, e depois seguiu com a cria\u00e7\u00e3o do Coral UFSM em 1971 pelo Reitor Jos\u00e9 Mariano da Rocha Filho e pela professora Anna Maria Kliemann. O Coral UFSM tem sido um dos grupos art\u00edsticos de express\u00e3o cultural da UFSM mais consistentes em nossa universidade. Este grupo foi reativado em 1995, depois de mais de um ano de abandono e inatividade, pelo professor Cl\u00e1udio Ant\u00f3nio Esteves, que o inseriu no curr\u00edculo dos cursos de m\u00fasica da universidade numa nova proposta que oportuniza aos estudantes o contato com a atividade coral e a realiza\u00e7\u00e3o musical de qualidade. Como \u00e9 de sua natureza, o trabalho se realiza por projetos semestrais e o grupo se modifica em cada per\u00edodo, sempre oportunizando um trabalho de forma\u00e7\u00e3o profissional que envolve Ensino, Pesquisa e Extens\u00e3o. Em seus ensaios os estudantes experimentam as diversas \u00e1reas musicais em contexto no repert\u00f3rio proposto, desde a t\u00e9cnica vocal, t\u00e9cnicas de trabalho em grupo, desenvolvimento de leitura e experi\u00eancia sonora como bases iniciais e o conhecimento musical aplicado vindo das \u00e1reas musicais, Percep\u00e7\u00e3o Musical, Hist\u00f3ria da M\u00fasica, Harmonia e An\u00e1lise Musical. Atrav\u00e9s da abordagem via repert\u00f3rio de n\u00edvel profissional, busca-se auxiliar os estudantes dos cursos de m\u00fasica em seus desenvolvimentos art\u00edsticos. O grupo enfrenta desafios de pe\u00e7as de variados estilos, sejam <em>a cappella<\/em> ou com acompanhamento e obras coro-sinf\u00f4nicas. Como uma etapa do processo de aprendizado h\u00e1 um Concerto ao final do trabalho do semestre, o que se configura como uma a\u00e7\u00e3o de extens\u00e3o ininterrupta, oferecendo \u00e0 Santa Maria e regi\u00e3o a oportunidade de contato com realiza\u00e7\u00f5es musicais que enriquecem a vida cultural.<\/p>\n\n\n<div class=\"wp-block-image\">\n<figure class=\"aligncenter size-full is-resized\"><img decoding=\"async\" width=\"1920\" height=\"1073\" src=\"https:\/\/www.ufsm.br\/app\/uploads\/sites\/485\/2020\/04\/Coral-da-UFSM-e-Orquestra-de-Santa-Maria-2019-1.jpg\" alt=\"\" class=\"wp-image-893\" style=\"width:776px;height:434px\" srcset=\"https:\/\/www.ufsm.br\/app\/uploads\/sites\/485\/2020\/04\/Coral-da-UFSM-e-Orquestra-de-Santa-Maria-2019-1.jpg 1920w, https:\/\/www.ufsm.br\/app\/uploads\/sites\/485\/2020\/04\/Coral-da-UFSM-e-Orquestra-de-Santa-Maria-2019-1-300x168.jpg 300w, https:\/\/www.ufsm.br\/app\/uploads\/sites\/485\/2020\/04\/Coral-da-UFSM-e-Orquestra-de-Santa-Maria-2019-1-1024x572.jpg 1024w, https:\/\/www.ufsm.br\/app\/uploads\/sites\/485\/2020\/04\/Coral-da-UFSM-e-Orquestra-de-Santa-Maria-2019-1-768x429.jpg 768w, https:\/\/www.ufsm.br\/app\/uploads\/sites\/485\/2020\/04\/Coral-da-UFSM-e-Orquestra-de-Santa-Maria-2019-1-1536x858.jpg 1536w\" sizes=\"(max-width: 1920px) 100vw, 1920px\" \/><figcaption class=\"wp-element-caption\">Coral UFSM e Orquestra Sinf\u00f4nica de Santa Maria (2019).<\/figcaption><\/figure>\n<\/div>\n\n\n<div style=\"height:20px\" aria-hidden=\"true\" class=\"wp-block-spacer\"><\/div>\n\n\n\n<h2><strong><a id=\"banda-sinfonica\"><\/a>Banda Sinf\u00f4nica da UFSM<\/strong><\/h2>\n<p><strong>Coordena\u00e7\u00e3o<\/strong>:\u00a0Prof. Dr. <a href=\"https:\/\/ufsmpublica.ufsm.br\/docente\/10713\"><strong>Guilherme Garbosa<\/strong><\/a>, Prof. Dr.\u00a0<strong><a href=\"https:\/\/ufsmpublica.ufsm.br\/docente\/18568\">Clayton Miranda<\/a><\/strong><\/p>\n<p><a href=\"https:\/\/www.facebook.com\/bandasinfonica.ufsm\/\"><strong>Facebook<\/strong><\/a><\/p>\n<p>A Banda Sinf\u00f4nica da UFSM (antiga Orquestra de Sopros da UFSM) \u00e9 um projeto de extens\u00e3o vinculado ao Departamento de M\u00fasica, com o apoio da Pr\u00f3-Reitoria de Extens\u00e3o. Fundado em 2006, este grupo art\u00edstico busca participar intensamente de eventos art\u00edsticos junto \u00e0 comunidade de Santa Maria, arredores e capital do Estado. A partir de 2017, com uma forma\u00e7\u00e3o maior, a nova Banda Sinf\u00f4nica da UFSM busca retomar as atividades anteriores, mas tamb\u00e9m ampliar o repert\u00f3rio e tamb\u00e9m expandir os espa\u00e7os alcan\u00e7ados pelo grupo. <span style=\"font-size: inherit\">A Banda realiza ensaios semanais de um repert\u00f3rio ecl\u00e9tico que engloba estilos como erudito, trilhas de filmes, jazz, musicais, m\u00fasica popular brasileira e internacional, com destaque para as obras originais compostas para a forma\u00e7\u00e3o de banda sinf\u00f4nica. Entre 2018 e 2019, os as apresenta\u00e7\u00f5es do grupo tiveram p\u00fablico entre 700 e 1200 pessoas. <\/span><span style=\"font-size: inherit\">Atualmente, o professor Guilherme Garbosa coordena o projeto, juntamente com os professores Clayton Miranda, Andr\u00e9 Chiomento e Jo\u00e3o Batista Sartor.<\/span><\/p>\n\n\n<div class=\"wp-block-image\">\n<figure class=\"aligncenter size-full is-resized\"><img loading=\"lazy\" decoding=\"async\" width=\"960\" height=\"639\" src=\"https:\/\/www.ufsm.br\/app\/uploads\/sites\/485\/2020\/03\/banda-sinfonica-chicago.jpg\" alt=\"\" class=\"wp-image-857\" style=\"width:649px;height:432px\" srcset=\"https:\/\/www.ufsm.br\/app\/uploads\/sites\/485\/2020\/03\/banda-sinfonica-chicago.jpg 960w, https:\/\/www.ufsm.br\/app\/uploads\/sites\/485\/2020\/03\/banda-sinfonica-chicago-300x200.jpg 300w, https:\/\/www.ufsm.br\/app\/uploads\/sites\/485\/2020\/03\/banda-sinfonica-chicago-768x511.jpg 768w, https:\/\/www.ufsm.br\/app\/uploads\/sites\/485\/2020\/03\/banda-sinfonica-chicago-272x182.jpg 272w\" sizes=\"(max-width: 960px) 100vw, 960px\" \/><figcaption class=\"wp-element-caption\">Musical <em>Chicago<\/em> com a banda Sinf\u00f4nica da UFSM (2018).<\/figcaption><\/figure>\n<\/div>\n\n\n<div style=\"height:20px\" aria-hidden=\"true\" class=\"wp-block-spacer\"><\/div>\n\n\n\n<h2><strong>Ensemble Novas Tr\u00edades<\/strong><\/h2>\n<p><strong>Professor respons\u00e1vel<\/strong>: Prof. Dr. <a href=\"https:\/\/ufsmpublica.ufsm.br\/docente\/23863\"><strong>Paulo Rios Filho<\/strong><\/a><\/p>\n<p>O Ensemble Novas Tr\u00edades, tamb\u00e9m conhecido como Conjunto de M\u00fasica Atempor\u00e2nea da UFSM, foi fundado em 2022, durante o festival Novas Tr\u00edades: : semana da m\u00fasica contempor\u00e2nea no RS. Trata-se de um grupo dedicado \u00e0 m\u00fasica de concerto atual, contempor\u00e2nea, \u00e0 m\u00fasica nova &#8211; em toda abertura que esses termos possam designar e tentando contemplar as reflex\u00f5es que deles possam surgir. O grupo \u00e9 formado por docentes e discentes da UFSM e busca fomentar a produ\u00e7\u00e3o e difus\u00e3o da m\u00fasica de concerto feita nos s\u00e9culos XX e XXI, no Brasil e sobretudo no Rio Grande do Sul, atrav\u00e9s da circula\u00e7\u00e3o de um programa de m\u00fasica de c\u00e2mara atual.<\/p>\n\n\n<div class=\"wp-block-image\">\n<figure class=\"aligncenter size-full is-resized\"><img loading=\"lazy\" decoding=\"async\" width=\"1920\" height=\"1280\" src=\"https:\/\/www.ufsm.br\/app\/uploads\/sites\/485\/2023\/09\/Ensemble-Novas-Triades.jpg\" alt=\"\" class=\"wp-image-1196\" style=\"width:692px;height:462px\" srcset=\"https:\/\/www.ufsm.br\/app\/uploads\/sites\/485\/2023\/09\/Ensemble-Novas-Triades.jpg 1920w, https:\/\/www.ufsm.br\/app\/uploads\/sites\/485\/2023\/09\/Ensemble-Novas-Triades-300x200.jpg 300w, https:\/\/www.ufsm.br\/app\/uploads\/sites\/485\/2023\/09\/Ensemble-Novas-Triades-1024x683.jpg 1024w, https:\/\/www.ufsm.br\/app\/uploads\/sites\/485\/2023\/09\/Ensemble-Novas-Triades-768x512.jpg 768w, https:\/\/www.ufsm.br\/app\/uploads\/sites\/485\/2023\/09\/Ensemble-Novas-Triades-1536x1024.jpg 1536w, https:\/\/www.ufsm.br\/app\/uploads\/sites\/485\/2023\/09\/Ensemble-Novas-Triades-272x182.jpg 272w\" sizes=\"(max-width: 1920px) 100vw, 1920px\" \/><figcaption class=\"wp-element-caption\">Ensemble Novas Tr\u00edades (2023).<\/figcaption><\/figure>\n<\/div>\n\n\n<div style=\"height:20px\" aria-hidden=\"true\" class=\"wp-block-spacer\"><\/div>\n\n\n\n<h2><strong>Orquestra de Cordas da UFSM<\/strong><\/h2>\n<p><strong>Professores respons\u00e1veis<\/strong>: Profa. Dra. <a href=\"https:\/\/ufsmpublica.ufsm.br\/docente\/11337\"><strong>Yara Qu\u00e9rcia Vieira<\/strong><\/a>, Prof. Dr. <strong><a href=\"https:\/\/ufsmpublica.ufsm.br\/docente\/14908\">Diogo Baggio Lima<\/a><\/strong><\/p>\n<p>A orquestra de cordas da UFSM foi fundada em 1999 pelos professores Yara Qu\u00e9rcia Vieira, Marco Ant\u00f4nio Penna e \u00c2ngela Maria Ferrari, tornando-se disciplina regular do Bacharelado em M\u00fasica (para os instrumentos de cordas) em 2005. A orquestra \u00e9 composta por alunos regulares da UFSM e pelos professores respons\u00e1veis. Seus objetivos incluem a\u00e7\u00f5es de extens\u00e3o e de ensino: divulgar a m\u00fasica de concerto na comunidade de Santa Maria e entorno, ampliar a experi\u00eancia dos alunos de cordas da UFSM, divulgar o curso de M\u00fasica da UFSM e atuar como agente cultural na sociedade. Ao longo de seus mais de vinte anos de exist\u00eancia, o grupo realizou diversos concertos dentro e fora da UFSM, incluindo concertos em Pelotas (Conservat\u00f3rio de M\u00fasica da UFPel), Iju\u00ed (Escola da Rede Sinodal), Santa do Livramento, S\u00e3o Pedro do Sul, al\u00e9m do <strong><a href=\"https:\/\/www.ufsm.br\/unidades-universitarias\/cal\/eventos\/fiiufsm\/\">Festival Internacional de Inverno da UFSM<\/a><\/strong>, em Vale V\u00eaneto.<\/p>\n\n\n<div class=\"wp-block-image\">\n<figure class=\"aligncenter size-full is-resized\"><img loading=\"lazy\" decoding=\"async\" width=\"955\" height=\"621\" src=\"https:\/\/www.ufsm.br\/app\/uploads\/sites\/485\/2020\/03\/orquestra-de-cordas.jpg\" alt=\"\" class=\"wp-image-845\" style=\"width:671px;height:436px\" srcset=\"https:\/\/www.ufsm.br\/app\/uploads\/sites\/485\/2020\/03\/orquestra-de-cordas.jpg 955w, https:\/\/www.ufsm.br\/app\/uploads\/sites\/485\/2020\/03\/orquestra-de-cordas-300x195.jpg 300w, https:\/\/www.ufsm.br\/app\/uploads\/sites\/485\/2020\/03\/orquestra-de-cordas-768x499.jpg 768w\" sizes=\"(max-width: 955px) 100vw, 955px\" \/><figcaption class=\"wp-element-caption\">Orquestra de Cordas da UFSM.<\/figcaption><\/figure>\n<\/div>\n\n\n<div style=\"height:20px\" aria-hidden=\"true\" class=\"wp-block-spacer\"><\/div>\n\n\n\n<h2><strong>Grupo de Clarinetas da UFSM<\/strong><\/h2>\n<p><strong>Dire\u00e7\u00e3o<\/strong>: Prof. Dr. <strong><a href=\"https:\/\/ufsmpublica.ufsm.br\/docente\/10713\">Guilherme Garbosa<\/a><\/strong><\/p>\n<p>O grupo de clarinetas da UFSM \u00e9 formado por alunos do bacharelado, licenciatura e P\u00f3s-Gradua\u00e7\u00e3o em M\u00fasica e vem desenvolvendo suas atividades desde 1995, coordenado pelo Prof. Dr. Guilherme Garbosa. O grupo tem como objetivo ser um laborat\u00f3rio de pr\u00e1tica de conjunto e de repert\u00f3rio para esta forma\u00e7\u00e3o instrumental, e envolve instrumentos da mesma fam\u00edlia, como as clarinetas e clarineta baixo. Os ensaios s\u00e3o realizados semanalmente e tem duas horas de dura\u00e7\u00e3o, onde s\u00e3o enfatizados: a sele\u00e7\u00e3o do repert\u00f3rio, a leitura \u00e0 primeira vista, o trabalho t\u00e9cnico do repert\u00f3rio, afina\u00e7\u00e3o e equil\u00edbrio de timbre, abordagens interpretativas, entre outros. O repert\u00f3rio do grupo \u00e9 ecl\u00e9tico e \u00e9 composto por obras originais e arranjos, incluindo m\u00fasica de concerto, m\u00fasica brasileira, m\u00fasica folcl\u00f3rica, klezmer, jazz, etc. O grupo tem atuado em concertos em diversos espa\u00e7os, assim como tem realizado concertos did\u00e1ticos em escolas dentro do projeto <em>Ouvir para Crescer<\/em>. Como extens\u00e3o, tem articulado a UFSM com a comunidade externa atrav\u00e9s de concertos did\u00e1ticos em m\u00faltiplos espa\u00e7os, assim como tem oportunizado o crescimento t\u00e9cnico e musical de seus integrantes.<\/p>\n\n\n<div class=\"wp-block-image\">\n<figure class=\"aligncenter size-full is-resized\"><img loading=\"lazy\" decoding=\"async\" width=\"1440\" height=\"810\" src=\"https:\/\/www.ufsm.br\/app\/uploads\/sites\/485\/2020\/03\/grupo-de-clarinetas.jpg\" alt=\"\" class=\"wp-image-843\" style=\"width:761px;height:429px\" srcset=\"https:\/\/www.ufsm.br\/app\/uploads\/sites\/485\/2020\/03\/grupo-de-clarinetas.jpg 1440w, https:\/\/www.ufsm.br\/app\/uploads\/sites\/485\/2020\/03\/grupo-de-clarinetas-300x169.jpg 300w, https:\/\/www.ufsm.br\/app\/uploads\/sites\/485\/2020\/03\/grupo-de-clarinetas-1024x576.jpg 1024w, https:\/\/www.ufsm.br\/app\/uploads\/sites\/485\/2020\/03\/grupo-de-clarinetas-768x432.jpg 768w\" sizes=\"(max-width: 1440px) 100vw, 1440px\" \/><figcaption class=\"wp-element-caption\">Grupo de Clarinetas da UFSM (2018).<\/figcaption><\/figure>\n<\/div>","protected":false},"excerpt":{"rendered":"<p>Orquestra Sinf\u00f4nica de Santa Maria &#8211; UFSM Dire\u00e7\u00e3o executiva: Prof. Dr. Cl\u00e1udio Ant\u00f3nio Esteves Website oficial\u00a0&#8211; Facebook Fundada em 1966, a Orquestra Sinf\u00f4nica de Santa Maria atua tanto um grupo art\u00edstico-musical, que almeja a difus\u00e3o da m\u00fasica orquestral, como um laborat\u00f3rio de m\u00fasica, voltado para a forma\u00e7\u00e3o do m\u00fasico atrav\u00e9s da pr\u00e1tica de orquestra. Seu [&hellip;]<\/p>\n","protected":false},"author":2572,"featured_media":691,"parent":0,"menu_order":0,"comment_status":"closed","ping_status":"closed","template":"","meta":{"footnotes":""},"categories":[],"tags":[],"class_list":["post-740","page","type-page","status-publish","has-post-thumbnail","hentry"],"acf":[],"_links":{"self":[{"href":"https:\/\/www.ufsm.br\/cursos\/graduacao\/santa-maria\/musica\/wp-json\/wp\/v2\/pages\/740","targetHints":{"allow":["GET"]}}],"collection":[{"href":"https:\/\/www.ufsm.br\/cursos\/graduacao\/santa-maria\/musica\/wp-json\/wp\/v2\/pages"}],"about":[{"href":"https:\/\/www.ufsm.br\/cursos\/graduacao\/santa-maria\/musica\/wp-json\/wp\/v2\/types\/page"}],"author":[{"embeddable":true,"href":"https:\/\/www.ufsm.br\/cursos\/graduacao\/santa-maria\/musica\/wp-json\/wp\/v2\/users\/2572"}],"replies":[{"embeddable":true,"href":"https:\/\/www.ufsm.br\/cursos\/graduacao\/santa-maria\/musica\/wp-json\/wp\/v2\/comments?post=740"}],"version-history":[{"count":0,"href":"https:\/\/www.ufsm.br\/cursos\/graduacao\/santa-maria\/musica\/wp-json\/wp\/v2\/pages\/740\/revisions"}],"wp:featuredmedia":[{"embeddable":true,"href":"https:\/\/www.ufsm.br\/cursos\/graduacao\/santa-maria\/musica\/wp-json\/wp\/v2\/media\/691"}],"wp:attachment":[{"href":"https:\/\/www.ufsm.br\/cursos\/graduacao\/santa-maria\/musica\/wp-json\/wp\/v2\/media?parent=740"}],"wp:term":[{"taxonomy":"category","embeddable":true,"href":"https:\/\/www.ufsm.br\/cursos\/graduacao\/santa-maria\/musica\/wp-json\/wp\/v2\/categories?post=740"},{"taxonomy":"post_tag","embeddable":true,"href":"https:\/\/www.ufsm.br\/cursos\/graduacao\/santa-maria\/musica\/wp-json\/wp\/v2\/tags?post=740"}],"curies":[{"name":"wp","href":"https:\/\/api.w.org\/{rel}","templated":true}]}}