{"id":748,"date":"2020-03-13T18:53:41","date_gmt":"2020-03-13T21:53:41","guid":{"rendered":"https:\/\/www.ufsm.br\/cursos\/graduacao\/santa-maria\/musica\/?page_id=748"},"modified":"2025-02-20T14:31:29","modified_gmt":"2025-02-20T17:31:29","slug":"laboratorios-e-estudios","status":"publish","type":"page","link":"https:\/\/www.ufsm.br\/cursos\/graduacao\/santa-maria\/musica\/laboratorios-e-estudios","title":{"rendered":"Laborat\u00f3rios e Est\u00fadios"},"content":{"rendered":"\n<h2><strong>Laborat\u00f3rio de Percuss\u00e3o<\/strong><\/h2>\n<p><strong>Coordena\u00e7\u00e3o<\/strong>: Prof. Dr. <a href=\"https:\/\/ufsmpublica.ufsm.br\/docente\/10392\"><strong>Gilmar Goulart<\/strong><\/a><\/p>\n<p>O Laborat\u00f3rio de Percuss\u00e3o do Curso de M\u00fasica \u00e9 o primeiro do Rio Grande do Sul, e um dos primeiros do pa\u00eds. Criado pela professora Rose Braunstein em 1980, teve em Ney Rosauro um nome importante, com as inova\u00e7\u00f5es e pedagogia empregadas, que resultaram, entre outras coisas, na grava\u00e7\u00e3o de um CD em 1995, o primeiro do g\u00eanero no pa\u00eds. Desde 2002 est\u00e1 sob a orienta\u00e7\u00e3o do Dr. Gilmar Goulart. A \u00e1rea do laborat\u00f3rio \u00e9 bastante grande, uma das maiores encontradas, o que permite uma s\u00e9rie de atividades em muitos alunos estudando ao mesmo tempo. Al\u00e9m do Bacharelado em Percuss\u00e3o, atividades da Orquestra e Banda Sinf\u00f4nicas, ensaios diversos de M\u00fasica, e tamb\u00e9m envolvendo Artes C\u00eanicas e Dan\u00e7a acontecem neste espa\u00e7o.<\/p>\n\n\n\n<div style=\"height:20px\" aria-hidden=\"true\" class=\"wp-block-spacer\"><\/div>\n\n\n\n<h2><strong>Sala 1201 (Est\u00fadio de grava\u00e7\u00e3o, sonoriza\u00e7\u00e3o e tecnologia musical)<\/strong><\/h2>\n<p>Espa\u00e7o dedicado a desenvolver disciplinas espec\u00edficas do curso de <a href=\"https:\/\/www.ufsm.br\/cursos\/graduacao\/santa-maria\/musica\/bacharelado-em-musica-e-tecnologia\/\"><strong>M\u00fasica e Tecnologia &#8211; Bacharelado<\/strong><\/a>&nbsp;da UFSM. Possui uma sala de t\u00e9cnica com uma sele\u00e7\u00e3o de microfones, conversores ADA, <em>patchbays<\/em> e pr\u00e9-amplificadores, separada por um aqu\u00e1rio da sala de grava\u00e7\u00e3o, que conta com um piano de cauda e um amplo espa\u00e7o para a acomoda\u00e7\u00e3o dos m\u00fasicos ou grupos instrumentais. Neste espa\u00e7o s\u00e3o ministradas disciplinas como&nbsp;<em>Laborat\u00f3rio de Grava\u00e7\u00e3o, Laborat\u00f3rio de Sonoriza\u00e7\u00e3o<\/em>&nbsp;e&nbsp;<em>Tecnologia Musical<\/em>.<\/p>\n\n\n\n<div style=\"height:20px\" aria-hidden=\"true\" class=\"wp-block-spacer\"><\/div>\n\n\n\n<h2><strong>Sala 1212 (Laborat\u00f3rio de cria\u00e7\u00e3o musical)<\/strong><\/h2>\n<p>Espa\u00e7o destinado \u00e0 explora\u00e7\u00e3o de possibilidades criativas com tecnologia musical. A sala tamb\u00e9m conta com um projetor e um sistema de som para dirigir as atividades did\u00e1ticas. Neste espa\u00e7o, s\u00e3o ministradas disciplinas dos cursos de <a href=\"https:\/\/www.ufsm.br\/cursos\/graduacao\/santa-maria\/musica\/bacharelado-em-musica\/\"><strong>M\u00fasica &#8211; Bacharelado<\/strong><\/a> e <a href=\"https:\/\/www.ufsm.br\/cursos\/graduacao\/santa-maria\/musica\/bacharelado-em-musica-e-tecnologia\/\"><strong>M\u00fasica e Tecnologia &#8211; Bacharelado<\/strong><\/a>, tais como <em>Produ\u00e7\u00e3o para o Teatro e Audiovisual<\/em> e <em>Tecnologia Musical<\/em>.<\/p>\n\n\n\n<div style=\"height:20px\" aria-hidden=\"true\" class=\"wp-block-spacer\"><\/div>\n\n\n\n<h2><strong>Sala 1204 (Est\u00fadio de pr\u00e1ticas instrumentais)<\/strong><\/h2>\n<p>Multiespa\u00e7o destinado tanto para aulas pr\u00e1ticas das disciplinas <em>Pr\u00e1ticas Instrumentais<\/em> e <em>Harmonia e Improvisa\u00e7\u00e3o<\/em>, quanto para ensaios e recitais do curso de <strong><a href=\"https:\/\/www.ufsm.br\/cursos\/graduacao\/santa-maria\/musica\/bacharelado-em-musica-e-tecnologia\/\">M\u00fasica e Tecnologia &#8211; Bacharelado<\/a><\/strong>\u00a0da UFSM. Neste espa\u00e7o, ainda \u00e9 poss\u00edvel a realiza\u00e7\u00e3o de <em>workshops<\/em> e oficinas n\u00e3o somente para os alunos do curso, mas tamb\u00e9m para a comunidade em geral. Quanto aos equipamentos, \u00e9 disponibilizado uma bateria ac\u00fastica, dois cubos de guitarra, um cubo para contrabaixo, um cubo para teclado, uma mesa de som e sistema de monitora\u00e7\u00e3o para voz e outros instrumentos eletr\u00f4nicos. Outra particularidade desta sala \u00e9 a presen\u00e7a de uma <em>workstation<\/em> com computador, placa de som e teclado midi, o que torna poss\u00edvel o estudo da produ\u00e7\u00e3o musical, sua aplica\u00e7\u00e3o art\u00edstica nos recitais e ainda a grava\u00e7\u00e3o destes recitais e atividades desenvolvidas.<\/p>\n\n\n\n<div style=\"height:20px\" aria-hidden=\"true\" class=\"wp-block-spacer\"><\/div>\n\n\n\n<h2><a id=\"estudio-musica-eletroacustica\"><\/a><strong>Est\u00fadio de M\u00fasica Eletroac\u00fastica da UFSM (Sala 1208)<\/strong><\/h2>\n<p>Espa\u00e7o dedicado \u00e0 cria\u00e7\u00e3o de composi\u00e7\u00f5es eletroac\u00fasticas e outras formas de arte sonora, onde \u00e9 ministrada a disciplina <em>Composi\u00e7\u00e3o Eletroac\u00fastica<\/em>. Possui equipamentos para grava\u00e7\u00e3o e edi\u00e7\u00e3o de \u00e1udio, assim como diversas ferramentas para s\u00edntese e tratamento sonoro, com destaque para a interface Kyma\/Pacarana, concebida especificamente para a manipula\u00e7\u00e3o e cria\u00e7\u00e3o sonora (<em>sound design<\/em>). O est\u00fadio conta tamb\u00e9m com um sistema octaf\u00f4nico de monitoramento, o qual possibilita tanto a cria\u00e7\u00e3o de pe\u00e7as concebidas espacialmente como a realiza\u00e7\u00e3o de concertos\/apresenta\u00e7\u00f5es musicais de obras eletroac\u00fasticas para um pequeno p\u00fablico. O est\u00fadio possui ainda infraestrutura para a realiza\u00e7\u00e3o de concertos quadraf\u00f4nicos e octaf\u00f4nicos em locais externos, dentro e fora da UFSM. As atividades desenvolvidas neste espa\u00e7o est\u00e3o vinculadas ao&nbsp;<strong><a href=\"https:\/\/www.ufsm.br\/cursos\/graduacao\/santa-maria\/musica\/lars-laboratorio-de-arte-sonora-da-ufsm\">Laborat\u00f3rio de Arte Sonora da UFMS (LARS)<\/a><\/strong>.<\/p>\n","protected":false},"excerpt":{"rendered":"<p>Laborat\u00f3rio de Percuss\u00e3o Coordena\u00e7\u00e3o: Prof. Dr. Gilmar Goulart O Laborat\u00f3rio de Percuss\u00e3o do Curso de M\u00fasica \u00e9 o primeiro do Rio Grande do Sul, e um dos primeiros do pa\u00eds. Criado pela professora Rose Braunstein em 1980, teve em Ney Rosauro um nome importante, com as inova\u00e7\u00f5es e pedagogia empregadas, que resultaram, entre outras coisas, [&hellip;]<\/p>\n","protected":false},"author":2572,"featured_media":691,"parent":0,"menu_order":0,"comment_status":"closed","ping_status":"closed","template":"","meta":{"footnotes":""},"categories":[],"tags":[],"class_list":["post-748","page","type-page","status-publish","has-post-thumbnail","hentry"],"acf":[],"_links":{"self":[{"href":"https:\/\/www.ufsm.br\/cursos\/graduacao\/santa-maria\/musica\/wp-json\/wp\/v2\/pages\/748","targetHints":{"allow":["GET"]}}],"collection":[{"href":"https:\/\/www.ufsm.br\/cursos\/graduacao\/santa-maria\/musica\/wp-json\/wp\/v2\/pages"}],"about":[{"href":"https:\/\/www.ufsm.br\/cursos\/graduacao\/santa-maria\/musica\/wp-json\/wp\/v2\/types\/page"}],"author":[{"embeddable":true,"href":"https:\/\/www.ufsm.br\/cursos\/graduacao\/santa-maria\/musica\/wp-json\/wp\/v2\/users\/2572"}],"replies":[{"embeddable":true,"href":"https:\/\/www.ufsm.br\/cursos\/graduacao\/santa-maria\/musica\/wp-json\/wp\/v2\/comments?post=748"}],"version-history":[{"count":0,"href":"https:\/\/www.ufsm.br\/cursos\/graduacao\/santa-maria\/musica\/wp-json\/wp\/v2\/pages\/748\/revisions"}],"wp:featuredmedia":[{"embeddable":true,"href":"https:\/\/www.ufsm.br\/cursos\/graduacao\/santa-maria\/musica\/wp-json\/wp\/v2\/media\/691"}],"wp:attachment":[{"href":"https:\/\/www.ufsm.br\/cursos\/graduacao\/santa-maria\/musica\/wp-json\/wp\/v2\/media?parent=748"}],"wp:term":[{"taxonomy":"category","embeddable":true,"href":"https:\/\/www.ufsm.br\/cursos\/graduacao\/santa-maria\/musica\/wp-json\/wp\/v2\/categories?post=748"},{"taxonomy":"post_tag","embeddable":true,"href":"https:\/\/www.ufsm.br\/cursos\/graduacao\/santa-maria\/musica\/wp-json\/wp\/v2\/tags?post=748"}],"curies":[{"name":"wp","href":"https:\/\/api.w.org\/{rel}","templated":true}]}}