{"id":750,"date":"2020-03-13T18:54:43","date_gmt":"2020-03-13T21:54:43","guid":{"rendered":"https:\/\/www.ufsm.br\/cursos\/graduacao\/santa-maria\/musica\/?page_id=750"},"modified":"2023-11-28T09:47:55","modified_gmt":"2023-11-28T12:47:55","slug":"atrativos-dos-cursos","status":"publish","type":"page","link":"https:\/\/www.ufsm.br\/cursos\/graduacao\/santa-maria\/musica\/atrativos-dos-cursos","title":{"rendered":"Atrativos dos Cursos de M\u00fasica"},"content":{"rendered":"\n<h3><strong>GRADE CURRICULAR<\/strong><\/h3>\n<p>A estrutura curricular dos cursos de gradua\u00e7\u00e3o em M\u00fasica da UFSM \u00e9 pensada de modo a oferecer uma forma\u00e7\u00e3o ampla, abarcando diversos conhecimentos que permitam o desenvolvimento de variadas atividades profissionais ap\u00f3s a conclus\u00e3o do curso. H\u00e1 um bom equil\u00edbrio entre conhecimentos te\u00f3ricos e pr\u00e1ticos em todos os cursos, considerando-se as disciplinas regulares, as disciplinas optativas, as possibilidades de atua\u00e7\u00e3o em grupos art\u00edsticos e a oferta de diversas a\u00e7\u00f5es extra-curriculares, como palestras, oficinas, recitais, masterclasses, entre outros.<\/p>\n<p>Tamb\u00e9m \u00e9 muito positiva a troca de experi\u00eancias entre os alunos dos diferentes cursos: a experi\u00eancia em atividades did\u00e1ticas adquiridas nas disciplinas do curso de <a href=\"https:\/\/www.ufsm.br\/cursos\/graduacao\/santa-maria\/musica\/licenciatura-em-musica\/\"><strong>M\u00fasica &#8211; Licenciatura Plena<\/strong><\/a>, o dom\u00ednio t\u00e9cnico obtido nas disciplinas de instrumento, canto e composi\u00e7\u00e3o ofertadas pelo curso de <a href=\"https:\/\/www.ufsm.br\/cursos\/graduacao\/santa-maria\/musica\/bacharelado-em-musica\/\"><strong>M\u00fasica &#8211; Bacharelado<\/strong><\/a>, o conhecimento sobre tecnologia musical dispon\u00edvel nas disciplinas espec\u00edficas do curso de <strong><a href=\"https:\/\/www.ufsm.br\/cursos\/graduacao\/santa-maria\/musica\/bacharelado-em-musica-e-tecnologia\/\">M\u00fasica e Tecnologia &#8211; Bacharelado<\/a><\/strong>.<\/p>\n<p>A boa forma\u00e7\u00e3o dos cursos de M\u00fasica da UFSM pode ser constatada na p\u00e1gina de alunos <a href=\"https:\/\/www.ufsm.br\/cursos\/graduacao\/santa-maria\/musica\/egressos\/\"><strong>egressos<\/strong><\/a>.<\/p>\n<p>&nbsp;<\/p>\n<h3><strong>CORPO DOCENTE<\/strong><\/h3>\n<p>O <strong><a href=\"https:\/\/www.ufsm.br\/cursos\/graduacao\/santa-maria\/musica\/corpo-docente\/\">corpo docente<\/a><\/strong> dos cursos de M\u00fasica \u00e9 altamente qualificados. Os servidores coordenam diversos <a href=\"https:\/\/www.ufsm.br\/cursos\/graduacao\/santa-maria\/musica\/grupos-de-pesquisa\/\"><strong>grupos<\/strong><\/a> que desenvolvem m\u00faltiplos projetos de&nbsp;<strong><a href=\"https:\/\/www.ufsm.br\/cursos\/graduacao\/santa-maria\/musica\/projetos-de-pesquisa-ensino-e-extensao\/\">pesquisa, extens\u00e3o e ensino<\/a><\/strong>. As a\u00e7\u00f5es desenvolvidas nestes projetos beneficiam tamb\u00e9m os alunos dos cursos de gradua\u00e7\u00e3o, incluindo o oferecimento de bolsas, a realiza\u00e7\u00e3o de atividades art\u00edsticas variadas, o oferecimento de atividades extra-curriculares, a oportunidade para aquisi\u00e7\u00e3o de experi\u00eancia did\u00e1tica atrav\u00e9s de oportunidades de est\u00e1gio.<\/p>\n<p>Falando especificamente sobre a pr\u00e1tica musical, destacam-se as a\u00e7\u00f5es desenvolvidas pelos v\u00e1rios <a href=\"https:\/\/www.ufsm.br\/cursos\/graduacao\/santa-maria\/musica\/grupos-artisticos\/\"><strong>grupos art\u00edsticos<\/strong><\/a> ligados \u00e0 UFSM, como a <a href=\"https:\/\/www.ufsm.br\/orgaos-suplementares\/orquestra-sinfonica\/\"><strong>Orquestra Sinf\u00f4nica de Santa Maria<\/strong><\/a>. Tamb\u00e9m \u00e9 destaque o <a href=\"https:\/\/www.ufsm.br\/cursos\/graduacao\/santa-maria\/musica\/programas-de-extensao\/#fiiufsm\"><strong>Festival Internacional de Inverno da UFSM<\/strong><\/a>, por oferecer oportunidades especiais para que os alunos possam aprimorar seus estudos por meio do contato com estudantes e professores de outras institui\u00e7\u00f5es.<\/p>\n\n\n\n<div style=\"height:20px\" aria-hidden=\"true\" class=\"wp-block-spacer\"><\/div>\n\n\n<div class=\"wp-block-image is-resized\">\n<figure class=\"aligncenter size-full\"><img fetchpriority=\"high\" decoding=\"async\" width=\"984\" height=\"738\" src=\"https:\/\/www.ufsm.br\/app\/uploads\/sites\/485\/2020\/04\/ufsm-aerea.jpg\" alt=\"\" class=\"wp-image-875\" srcset=\"https:\/\/www.ufsm.br\/app\/uploads\/sites\/485\/2020\/04\/ufsm-aerea.jpg 984w, https:\/\/www.ufsm.br\/app\/uploads\/sites\/485\/2020\/04\/ufsm-aerea-300x225.jpg 300w, https:\/\/www.ufsm.br\/app\/uploads\/sites\/485\/2020\/04\/ufsm-aerea-768x576.jpg 768w\" sizes=\"(max-width: 984px) 100vw, 984px\" \/><figcaption class=\"wp-element-caption\">Campus sede da UFSM.<\/figcaption><\/figure>\n<\/div>\n\n\n<div style=\"height:20px\" aria-hidden=\"true\" class=\"wp-block-spacer\"><\/div>\n\n\n\n<h3><strong>INFRAESTRUTURA<\/strong><\/h3>\n<p>Os cursos de M\u00fasica da UFSM contam com uma boa infraestrutura para a realiza\u00e7\u00e3o de suas atividades. As maior parte das disciplinas oferecidas s\u00e3o ministradas no Pr\u00e9dio 40b (Pr\u00e9dio da M\u00fasica) e no Pr\u00e9dio 40 (Centro de Artes e Letras). H\u00e1 cinco <a href=\"https:\/\/www.ufsm.br\/cursos\/graduacao\/santa-maria\/musica\/laboratorios-e-estudios\/\"><strong>laborat\u00f3rios<\/strong><\/a> espec\u00edficos da M\u00fasica, al\u00e9m de diversos <strong><a href=\"https:\/\/www.ufsm.br\/cursos\/graduacao\/santa-maria\/musica\/salas-de-concerto-e-auditorios\/\">espa\u00e7os<\/a> <\/strong>para a realiza\u00e7\u00e3o de apresenta\u00e7\u00f5es art\u00edsticas, incluindo o <strong><a href=\"https:\/\/www.ufsm.br\/outros-orgaos\/cc\/\">Centro de Conven\u00e7\u00f5es<\/a><\/strong>., espa\u00e7o no qual ensaiam e se apresentam regularmente a <a href=\"https:\/\/www.ufsm.br\/cursos\/graduacao\/santa-maria\/musica\/grupos-artisticos\/#orquestra-sinfonica\"><strong>Orquestra Sinf\u00f4nica de Santa Maria<\/strong><\/a> e a <a href=\"https:\/\/www.ufsm.br\/cursos\/graduacao\/santa-maria\/musica\/grupos-artisticos\/#banda-sinfonica\"><strong>Banda Sinf\u00f4nica da UFSM<\/strong><\/a>.<\/p>\n<p>A UFSM tamb\u00e9m se orgulha de sua Pol\u00edtica de <a href=\"https:\/\/www.ufsm.br\/cursos\/graduacao\/santa-maria\/musica\/assistencia-estudantil\/\"><strong>Assist\u00eancia Estudantil<\/strong><\/a>, oferecendo diversas a\u00e7\u00f5es e servi\u00e7os de suporte aos seus alunos.<\/p>\n<p>A cidade de <strong><a href=\"https:\/\/www.ufsm.br\/cursos\/graduacao\/santa-maria\/musica\/sobre-santa-maria\/\">Santa Maria<\/a> <\/strong>possui tamb\u00e9m uma boa infraestrutura, com servi\u00e7os de sa\u00fade, lazer, esporte e cultura de qualidade.<\/p>\n<p>&nbsp;<\/p>\n<h3><strong>PROCESSO SELETIVO<\/strong><\/h3>\n<p>Para facilitar o acesso aos cursos de m\u00fasica da UFSM, todo o processo de inscri\u00e7\u00e3o e avalia\u00e7\u00e3o pode ser feito \u00e0 dist\u00e2ncia, pela internet. Para maiores informa\u00e7\u00f5es, sobre como se inscrever e como se preparar para o processo seletivo, basta acessar a p\u00e1gina <a href=\"https:\/\/www.ufsm.br\/cursos\/graduacao\/santa-maria\/musica\/ingresso-processo-seletivo\/\"><strong>ingresso: processo seletivo<\/strong><\/a>.<\/p>\n<p>Alunos que j\u00e1 est\u00e3o matriculados em um curso superior, ou que s\u00e3o portadores de diploma, podem optar pelos editais de <a href=\"https:\/\/www.ufsm.br\/cursos\/graduacao\/santa-maria\/musica\/reingresso-transferencia\/\"><strong>reingresso\/transfer\u00eancia<\/strong><\/a>.<\/p>\n<p>Confira tamb\u00e9m a p\u00e1gina <a href=\"https:\/\/www.ufsm.br\/estude-na-ufsm\"><strong>Estude na UFSM<\/strong><\/a>, que cont\u00e9m informa\u00e7\u00f5es gerais sobre o ingresso na UFSM.<\/p>\n<p>&nbsp;<\/p>\n<h3><strong>OUTRAS INFORMA\u00c7\u00d5ES<\/strong><\/h3>\n<p>Sugere-se ao aluno interessado nos cursos de M\u00fasica da UFSM a leitura do <strong><a href=\"https:\/\/www.ufsm.br\/pro-reitorias\/prograd\/wp-content\/uploads\/sites\/342\/2019\/06\/Guia_UFSM_2019_Finalizado_9MB-1.pdf\">Guia Acad\u00eamico da UFSM<\/a><\/strong> e tamb\u00e9m do <strong><a href=\"https:\/\/www.ufsm.br\/manual-de-sobrevivencia-para-estudantes\/\">Manual de Sobreviv\u00eancia para Estudantes da UFSM<\/a><\/strong>.<\/p>\n","protected":false},"excerpt":{"rendered":"<p>GRADE CURRICULAR A estrutura curricular dos cursos de gradua\u00e7\u00e3o em M\u00fasica da UFSM \u00e9 pensada de modo a oferecer uma forma\u00e7\u00e3o ampla, abarcando diversos conhecimentos que permitam o desenvolvimento de variadas atividades profissionais ap\u00f3s a conclus\u00e3o do curso. H\u00e1 um bom equil\u00edbrio entre conhecimentos te\u00f3ricos e pr\u00e1ticos em todos os cursos, considerando-se as disciplinas regulares, [&hellip;]<\/p>\n","protected":false},"author":2572,"featured_media":0,"parent":0,"menu_order":0,"comment_status":"closed","ping_status":"closed","template":"","meta":{"footnotes":""},"categories":[],"tags":[],"class_list":["post-750","page","type-page","status-publish","hentry"],"acf":[],"_links":{"self":[{"href":"https:\/\/www.ufsm.br\/cursos\/graduacao\/santa-maria\/musica\/wp-json\/wp\/v2\/pages\/750","targetHints":{"allow":["GET"]}}],"collection":[{"href":"https:\/\/www.ufsm.br\/cursos\/graduacao\/santa-maria\/musica\/wp-json\/wp\/v2\/pages"}],"about":[{"href":"https:\/\/www.ufsm.br\/cursos\/graduacao\/santa-maria\/musica\/wp-json\/wp\/v2\/types\/page"}],"author":[{"embeddable":true,"href":"https:\/\/www.ufsm.br\/cursos\/graduacao\/santa-maria\/musica\/wp-json\/wp\/v2\/users\/2572"}],"replies":[{"embeddable":true,"href":"https:\/\/www.ufsm.br\/cursos\/graduacao\/santa-maria\/musica\/wp-json\/wp\/v2\/comments?post=750"}],"version-history":[{"count":0,"href":"https:\/\/www.ufsm.br\/cursos\/graduacao\/santa-maria\/musica\/wp-json\/wp\/v2\/pages\/750\/revisions"}],"wp:attachment":[{"href":"https:\/\/www.ufsm.br\/cursos\/graduacao\/santa-maria\/musica\/wp-json\/wp\/v2\/media?parent=750"}],"wp:term":[{"taxonomy":"category","embeddable":true,"href":"https:\/\/www.ufsm.br\/cursos\/graduacao\/santa-maria\/musica\/wp-json\/wp\/v2\/categories?post=750"},{"taxonomy":"post_tag","embeddable":true,"href":"https:\/\/www.ufsm.br\/cursos\/graduacao\/santa-maria\/musica\/wp-json\/wp\/v2\/tags?post=750"}],"curies":[{"name":"wp","href":"https:\/\/api.w.org\/{rel}","templated":true}]}}