{"id":756,"date":"2020-03-13T19:11:23","date_gmt":"2020-03-13T22:11:23","guid":{"rendered":"https:\/\/www.ufsm.br\/cursos\/graduacao\/santa-maria\/musica\/?page_id=756"},"modified":"2025-08-19T19:59:22","modified_gmt":"2025-08-19T22:59:22","slug":"bacharelado-em-musica","status":"publish","type":"page","link":"https:\/\/www.ufsm.br\/cursos\/graduacao\/santa-maria\/musica\/bacharelado-em-musica","title":{"rendered":"M\u00fasica &#8211; Bacharelado"},"content":{"rendered":"\n<p><strong>Coordenador<\/strong>: Prof. Dr. <a href=\"https:\/\/ufsmpublica.ufsm.br\/docente\/15753\"><strong>L\u00facius Mota<\/strong><\/a><\/p>\n<p><strong>Coordenador substituto<\/strong>: Profa. Dra. <strong><a href=\"https:\/\/ufsmpublica.ufsm.br\/docente\/22698\">Nayana Di Giuseppe Germano<\/a><\/strong><\/p>\n<p><strong>Localiza\u00e7\u00e3o<\/strong>: Campus sede da UFSM &#8211; Camobi, Santa Maria<\/p>\n<p><strong>Contato: <\/strong>Secretaria Integrada de Cursos de Gradua\u00e7\u00e3o II<strong><br><\/strong>Local: sala 2200, Pr\u00e9dio 40A<br>Fone: (55) 3220-8267<br>E-mail: <a href=\"mailto:sig2.cal@ufsm.br\">sig2.cal@ufsm.br<\/a><\/p>\n<p><strong>Contato: <\/strong>Coordena\u00e7\u00e3o do curso de M\u00fasica &#8211; Bacharelado<br>Local: sala 1118, Pr\u00e9dio 40B<strong><br><\/strong>Fone: (55) 3220-8454 (WhatsApp)<br>E-mail:&nbsp;<a href=\"mailto:coord.musica@ufsm.br\">coord.musica@ufsm.br<\/a><br>Instragram: <a href=\"https:\/\/www.instagram.com\/musica.ufsm\/\">https:\/\/www.instagram.com\/musica.ufsm<\/a><br>Facebook: <a href=\"https:\/\/www.facebook.com\/musicaufsm\">https:\/\/www.facebook.com\/musicaufsm<\/a><br><span id=\"cloak46af630741a5e7d62b63a178ba98d72e\"><\/span><\/p>\n\n\n\n<div style=\"height:20px\" aria-hidden=\"true\" class=\"wp-block-spacer\"><\/div>\n\n\n\n<p><strong>Apresenta\u00e7\u00e3o<\/strong><\/p>\n<p>O curso de M\u00fasica &#8211; Bacharelado da UFSM busca fornecer ao aluno uma forma\u00e7\u00e3o que desenvolva as compet\u00eancias pr\u00e1ticas e te\u00f3ricas necess\u00e1rias \u00e0 atua\u00e7\u00e3o como m\u00fasico profissional. Ao se inscrever no processo seletivo, o aluno dever\u00e1 optar por uma das op\u00f5es do curso.<\/p>\n<p><strong>Op\u00e7\u00f5es do curso de M\u00fasica &#8211; Bacharelado<\/strong>: Composi\u00e7\u00e3o, Canto, Piano, Viol\u00e3o, Flauta Transversa, Clarineta, Obo\u00e9, Fagote, Trompete, Trombone, Tuba, Percuss\u00e3o, Violino, Viola, Violoncelo e Contrabaixo.<\/p>\n<p>&nbsp;<\/p>\n<p>A grade curricular do curso \u00e9 formada por dois n\u00facleos. O <em>n\u00facleo comum<\/em> cont\u00e9m as disciplinas gerais, obrigat\u00f3rias para todas as op\u00e7\u00f5es de curso, pensado para fornecer ao aluno uma forma\u00e7\u00e3o musical abrangente e de qualidade. O <em>n\u00facleo espec\u00edfico<\/em> cont\u00e9m as disciplinas espec\u00edficas de cada op\u00e7\u00e3o de curso e visa fornecer conhecimentos essenciais para a futura atua\u00e7\u00e3o profissional como instrumentista, cantor e\/ou compositor. O eixo central do <em>n\u00facleo espec\u00edfico&nbsp;<\/em>s\u00e3o as disciplinas&nbsp;<em>Instrumento I <\/em>a<em> VIII&nbsp;<\/em>e seus equivalentes nas demais op\u00e7\u00f5es <em>(Canto I <\/em>a<em> VIII<\/em> e <em>Composi\u00e7\u00e3o I <\/em>a<em> VIII<\/em>).<\/p>\n<p>Al\u00e9m das disciplinas obrigat\u00f3rias, o aluno poder\u00e1 ainda cursar outras disciplinas opcionais que s\u00e3o oferecidas pelos professores dos cursos de M\u00fasica da UFSM. O intuito destas disciplinas \u00e9 complementar a forma\u00e7\u00e3o do aluno, permitindo que este direcione seus estudos de acordo com seus interesses pessoais e objetivos futuros. Neste quesito, deve-se destacar a disponibilidade de disciplinas que abarcam conhecimentos sobre<span style=\"font-size: inherit\"> tecnologia musical, as quais s\u00e3o ofertadas pelo curso de <\/span><a style=\"font-size: inherit\" href=\"https:\/\/www.ufsm.br\/cursos\/graduacao\/santa-maria\/musica\/bacharelado-em-musica-e-tecnologia\/\"><strong>M\u00fasica e Tecnologia &#8211; Bacharelado<\/strong><\/a><span style=\"font-size: inherit\">.<\/span><\/p>\n\n\n\n<div style=\"height:20px\" aria-hidden=\"true\" class=\"wp-block-spacer\"><\/div>\n\n\n<div class=\"wp-block-image\">\n<figure class=\"aligncenter size-full\"><img fetchpriority=\"high\" decoding=\"async\" width=\"665\" height=\"350\" src=\"https:\/\/www.ufsm.br\/app\/uploads\/sites\/485\/2020\/03\/bacharelado-orquestra-sinfonica-1.jpg\" alt=\"\" class=\"wp-image-852\" srcset=\"https:\/\/www.ufsm.br\/app\/uploads\/sites\/485\/2020\/03\/bacharelado-orquestra-sinfonica-1.jpg 665w, https:\/\/www.ufsm.br\/app\/uploads\/sites\/485\/2020\/03\/bacharelado-orquestra-sinfonica-1-300x158.jpg 300w\" sizes=\"(max-width: 665px) 100vw, 665px\" \/><figcaption class=\"wp-element-caption\">Orquestra Sinf\u00f4nica de Santa Maria &#8211; vinculada ao Departamento de M\u00fasica da UFSM.<\/figcaption><\/figure>\n<\/div>\n\n\n<p><strong>Objetivo principal do curso<\/strong><\/p>\n<p>O curso de M\u00fasica &#8211; Bacharelado busca formar m\u00fasicos qualificados em termos de conhecimentos te\u00f3ricos, interpretativos e art\u00edstico-culturais, capacitando-os <span style=\"font-size: inherit\">para atuarem<\/span><span style=\"font-size: inherit\"> tanto em espa\u00e7os culturais j\u00e1 estabelecidos (como salas de concerto) quanto em espa\u00e7os emergentes (como os canais digitais), intervindo de modo positivo na sociedade por meio de a\u00e7\u00f5es art\u00edsticas diversas.<\/span><\/p>\n<p>&nbsp;<\/p>\n<p><strong>Perfil do egresso<\/strong><\/p>\n<p>O bacharel em M\u00fasica poder\u00e1 atuar em diversas \u00e1reas, de acordo com a sua op\u00e7\u00e3o de curso. Os instrumentistas poder\u00e3o atuar como solistas, como integrantes de grupos de c\u00e2mara, orquestras e bandas, al\u00e9m de poderem atuar como professor de instrumento.&nbsp; O cantor poder\u00e1 atuar como int\u00e9rprete&nbsp;solista em concertos, \u00f3peras, ou m\u00fasica de c\u00e2mara, al\u00e9m de poder integrar grupos vocais e de poder atuar como professor de canto ou canto coral. O compositor poder\u00e1 atuar na cria\u00e7\u00e3o de obras pr\u00f3prias para salas de concerto, para trilhas de cinema e teatro, como arranjador de obras existentes para novas forma\u00e7\u00f5es (especialmente no \u00e2mbito da m\u00fasica popular e comercial), al\u00e9m de poder atuar como professor de diversas disciplinas te\u00f3ricas.<\/p>\n<p>&nbsp;<\/p>\n<p><strong>Atrativos<\/strong><\/p>\n<p>Os cursos de M\u00fasica da UFSM possuem diversos <strong><a href=\"https:\/\/www.ufsm.br\/cursos\/graduacao\/santa-maria\/musica\/atrativos-dos-cursos\/\">atrativos<\/a><\/strong>. O aluno ter\u00e1 \u00e0 sua disposi\u00e7\u00e3o um <strong><a href=\"https:\/\/www.ufsm.br\/cursos\/graduacao\/santa-maria\/musica\/corpo-docente\/\">corpo docente<\/a><\/strong> qualificado, que coordena diversos <a href=\"https:\/\/www.ufsm.br\/cursos\/graduacao\/santa-maria\/musica\/grupos-de-pesquisa\/\"><strong>grupos<\/strong><\/a> e m\u00faltiplos projetos de <strong><a href=\"https:\/\/www.ufsm.br\/cursos\/graduacao\/santa-maria\/musica\/projetos-de-pesquisa-ensino-e-extensao\/\">pesquisa, extens\u00e3o e ensino<\/a><\/strong>. Muitos docentes participaram do <em>PodCast<\/em> <strong><a href=\"http:\/\/www.musicuriosos.com\/\">Musicuriosos<\/a><\/strong>, onde voc\u00ea poder\u00e1 conhecer um pouco sobre as suas a\u00e7\u00f5es, opini\u00f5es e experi\u00eancias em rela\u00e7\u00e3o \u00e0s suas \u00e1reas de atua\u00e7\u00e3o.<\/p>\n<p>H\u00e1 uma diversidade de <a href=\"https:\/\/www.ufsm.br\/cursos\/graduacao\/santa-maria\/musica\/grupos-artisticos\/\"><strong>grupos art\u00edsticos<\/strong><\/a> que possibilitam ao aluno ganhar experi\u00eancia na pr\u00e1tica musical, como a <a href=\"https:\/\/www.ufsm.br\/orgaos-suplementares\/orquestra-sinfonica\/\"><strong>Orquestra Sinf\u00f4nica de Santa Maria<\/strong><\/a>, al\u00e9m de <a href=\"https:\/\/www.ufsm.br\/cursos\/graduacao\/santa-maria\/musica\/programas-de-extensao\/\"><strong>a\u00e7\u00f5es mais amplas<\/strong><\/a> que podem complementar a forma\u00e7\u00e3o do aluno, como o <a href=\"https:\/\/www.ufsm.br\/cursos\/graduacao\/santa-maria\/musica\/programas-de-extensao\/#fiiufsm\"><strong>Festival Internacional de Inverno da UFSM<\/strong><\/a>.<\/p>\n<p>A UFSM tamb\u00e9m se orgulha de sua Pol\u00edtica de <a href=\"https:\/\/www.ufsm.br\/cursos\/graduacao\/santa-maria\/musica\/assistencia-estudantil\/\"><strong>Assist\u00eancia Estudantil<\/strong><\/a>, oferecendo diversas a\u00e7\u00f5es e servi\u00e7os de suporte aos seus alunos.<\/p>\n<p>Para facilitar o acesso aos cursos de m\u00fasica da UFSM, todo o processo de inscri\u00e7\u00e3o e avalia\u00e7\u00e3o pode ser feito \u00e0 dist\u00e2ncia, pela internet. Para maiores informa\u00e7\u00f5es, sobre como se inscrever e como se preparar para o processo seletivo, basta acessar as p\u00e1ginas <a href=\"https:\/\/www.ufsm.br\/cursos\/graduacao\/santa-maria\/musica\/ingresso-nos-cursos-de-musica-da-ufsm\"><strong>Ingresso nos cursos de M\u00fasica da UFSM<\/strong><\/a> e&nbsp;<strong><a href=\"https:\/\/www.ufsm.br\/cursos\/graduacao\/santa-maria\/musica\/prepare-se-para-o-ingresso\">Prepare-se para o Ingresso<\/a><\/strong>.<\/p>\n<p>Confira tamb\u00e9m a p\u00e1gina <a href=\"https:\/\/www.ufsm.br\/estude-na-ufsm\"><strong>Estude na UFSM<\/strong><\/a>, que cont\u00e9m informa\u00e7\u00f5es gerais sobre o ingresso na UFSM.<\/p>\n\n\n\n<div style=\"height:50px\" aria-hidden=\"true\" class=\"wp-block-spacer\"><\/div>\n\n\n\n<p>V\u00eddeo institucional de divulga\u00e7\u00e3o dos cursos de M\u00fasica da UFSM:<\/p>\n\n\n\n<figure class=\"wp-block-embed is-type-video is-provider-youtube wp-block-embed-youtube wp-embed-aspect-16-9 wp-has-aspect-ratio\"><div class=\"wp-block-embed__wrapper\">\n<iframe title=\"Processo seletivo 2024\" width=\"500\" height=\"281\" src=\"https:\/\/www.youtube.com\/embed\/a6BbJEP9J8M?feature=oembed\" frameborder=\"0\" allow=\"accelerometer; autoplay; clipboard-write; encrypted-media; gyroscope; picture-in-picture; web-share\" referrerpolicy=\"strict-origin-when-cross-origin\" allowfullscreen><\/iframe>\n<\/div><\/figure>\n\n\n\n<div style=\"height:50px\" aria-hidden=\"true\" class=\"wp-block-spacer\"><\/div>\n\n\n\n<p>Veja abaixo v\u00eddeo institucional com informa\u00e7\u00f5es sobre os cursos de gradua\u00e7\u00e3o e p\u00f3s-gradua\u00e7\u00e3o em M\u00fasica oferecidos pela UFSM:<\/p>\n\n\n\n<iframe width=\"640\" height=\"360\" src=\"https:\/\/farol.ufsm.br\/transmissao\/embed\/transmissao-da-abertura-do-35o-festival-de-inverno-1\/\" frameborder=\"0\" allowfullscreen=\"\"><\/iframe>\n\n\n\n<div style=\"height:50px\" aria-hidden=\"true\" class=\"wp-block-spacer\"><\/div>\n\n\n\n<p><strong>Outras informa\u00e7\u00f5es<\/strong><\/p>\n<p>Curso diurno, com regime semestral (10 semestres de dura\u00e7\u00e3o).<\/p>\n<p>Informa\u00e7\u00f5es sobre <strong><a href=\"https:\/\/www.ufsm.br\/cursos\/graduacao\/santa-maria\/musica\/informacoes-do-curriculo\">carga hor\u00e1ria, estrutura curricular do curso e o programa (conte\u00fado program\u00e1tico) de cada disciplina<\/a><\/strong>.<\/p>\n<p>Informa\u00e7\u00f5es sobre os <strong><a href=\"https:\/\/www.ufsm.br\/cursos\/graduacao\/santa-maria\/musica\/horarios\">hor\u00e1rios de ofertas de disciplinas<\/a><\/strong>.<\/p>\n<p><a href=\"https:\/\/www.ufsm.br\/cursos\/graduacao\/santa-maria\/musica\/projeto-pedagogico\"><strong>Projeto Pedag\u00f3gico do curso<\/strong><\/a><\/p>\n<p>\u00a0<\/p>\n<p>Confira tamb\u00e9m o <strong>plano de a\u00e7\u00f5es da atual gest\u00e3o <\/strong>da Coordena\u00e7\u00e3o do curso de M\u00fasica &#8211; Bacharelado em nossa p\u00e1gina de <strong><a href=\"https:\/\/www.ufsm.br\/cursos\/graduacao\/santa-maria\/musica\/documentos\">Documentos<\/a><\/strong>.<\/p>\n\n\n\n<div style=\"height:20px\" aria-hidden=\"true\" class=\"wp-block-spacer\"><\/div>\n\n\n\n<div class=\"accordion\" id=\"accordion-cursos-informacoes-gerais\">\n                <div class=\"accordion-item\">\n                <h2 class=\"accordion-header\" id=\"accordion-cursos-informacoes-gerais-collapse-heading-1001\">\n                    <button class=\"accordion-button collapsed\" type=\"button\" data-bs-toggle=\"collapse\" data-bs-target=\"#accordion-cursos-informacoes-gerais-collapse-1001\" aria-expanded=\"false\" aria-controls=\"accordion-cursos-informacoes-gerais-collapse-1001\">\n                        M\u00fasica - Bacharelado                    <\/button>\n                <\/h2>\n                <div id=\"accordion-cursos-informacoes-gerais-collapse-1001\" class=\"collapse \" aria-labelledby=\"accordion-cursos-informacoes-gerais-collapse-heading-1001\"  data-bs-parent=\"#accordion-cursos-informacoes-gerais\">\n                                            <div class=\"accordion-body\"><div class='row'><div class='col-12 col-lg-9 pe-lg-1 align-self-center'><p>O curso de <b>M\u00fasica<\/b> est\u00e1 localizado em <b>Campus Camobi - UFSM<\/b> na modalidade <b>Bacharelado - Presencial<\/b> sendo <b>Integral<\/b> o seu turno de funcionamento. Atualmente, a coordena\u00e7\u00e3o \u00e9 de responsabilidade de <b>L\u00daCIUS BATISTA MOTA<\/b>, a coordena\u00e7\u00e3o substituta de <b>NAYANA DI GIUSEPPE GERMANO<\/b> e a secretaria de <b>ATAISA ANTONIA PERIN<\/b>.<\/p><p>O curso \u00e9 ofertado em per\u00edodo <b>Semestral<\/b>, sendo <b>8<\/b> o n\u00famero de per\u00edodos indicados para sua conclus\u00e3o.<\/p><p class='mt-3'>Reconhecido pela Portaria n. 300\/2016\/MEC, publicada no DOU, de 11\/07\/2016.<\/p><\/div><div class='col-12 col-lg-3'><div class='row d-flex justify-content-around'><h3 class='visually-hidden'>Conceitos<\/h3><div class='col-12 col-md-4 col-lg-12 d-flex flex-column conceito-curso'><div class='flex-fill p-3 my-2 my-md-0 my-lg-1 mx-0 mx-md-2 mx-lg-0'><div class='text-center conceito-descricao'>Conceito de Curso (2023)<\/div><div class='text-center text-primary conceito-valor'>4<\/div><\/div><\/div><div class='col-12 col-md-4 col-lg-12 d-flex flex-column conceito-curso'><div class='flex-fill p-3 my-2 my-md-0 my-lg-1 mx-0 mx-md-2 mx-lg-0'><div class='text-center conceito-descricao'>Conceito Preliminar de Curso (2009)<\/div><div class='text-center text-primary conceito-valor'>4<\/div><\/div><\/div><div class='col-12 col-md-4 col-lg-12 d-flex flex-column conceito-curso'><div class='flex-fill p-3 my-2 my-md-0 my-lg-1 mx-0 mx-md-2 mx-lg-0'><div class='text-center conceito-descricao'>ENADE (2009)<\/div><div class='text-center text-primary conceito-valor'>4<\/div><\/div><\/div><\/div><\/div><\/div><\/div>\n                                    <\/div>\n            <\/div>\n                <div class=\"accordion-item\">\n                <h2 class=\"accordion-header\" id=\"accordion-cursos-informacoes-gerais-collapse-heading-825\">\n                    <button class=\"accordion-button collapsed\" type=\"button\" data-bs-toggle=\"collapse\" data-bs-target=\"#accordion-cursos-informacoes-gerais-collapse-825\" aria-expanded=\"false\" aria-controls=\"accordion-cursos-informacoes-gerais-collapse-825\">\n                        M\u00fasica - Licenciatura Plena                    <\/button>\n                <\/h2>\n                <div id=\"accordion-cursos-informacoes-gerais-collapse-825\" class=\"collapse \" aria-labelledby=\"accordion-cursos-informacoes-gerais-collapse-heading-825\"  data-bs-parent=\"#accordion-cursos-informacoes-gerais\">\n                                            <div class=\"accordion-body\"><div class='row'><div class='col-12 col-lg-9 pe-lg-1 align-self-center'><p>O curso de <b>M\u00fasica<\/b> est\u00e1 localizado em <b>Campus Camobi - UFSM<\/b> na modalidade <b>Licenciatura - Presencial<\/b> sendo <b>Diurno<\/b> o seu turno de funcionamento. A \u00e1rea de conhecimento do curso \u00e9 classificada como <b>LINGU\u00cdSTICA, LETRAS E ARTES<\/b>. Atualmente, a coordena\u00e7\u00e3o \u00e9 de responsabilidade de <b>L\u00daCIUS BATISTA MOTA<\/b>, a coordena\u00e7\u00e3o substituta de <b>NAYANA DI GIUSEPPE GERMANO<\/b> e a secretaria de <b>ATAISA ANTONIA PERIN<\/b>.<\/p><p>O curso \u00e9 ofertado em per\u00edodo <b>Semestral<\/b>, sendo <b>8<\/b> o n\u00famero de per\u00edodos indicados para sua conclus\u00e3o.<\/p><p class='mt-3'>Reconhecido nos termos do Parecer CFE n. 2.056\/75, de 07\/07\/1975 e Portaria n. 1.792\/2021\/MEC, publicada no DOU, de 13\/12\/2021.<\/p><\/div><div class='col-12 col-lg-3'><div class='row d-flex justify-content-around'><h3 class='visually-hidden'>Conceitos<\/h3><div class='col-12 col-md-4 col-lg-12 d-flex flex-column conceito-curso'><div class='flex-fill p-3 my-2 my-md-0 my-lg-1 mx-0 mx-md-2 mx-lg-0'><div class='text-center conceito-descricao'>Conceito de Curso (2025)<\/div><div class='text-center text-primary conceito-valor'>5<\/div><\/div><\/div><div class='col-12 col-md-4 col-lg-12 d-flex flex-column conceito-curso'><div class='flex-fill p-3 my-2 my-md-0 my-lg-1 mx-0 mx-md-2 mx-lg-0'><div class='text-center conceito-descricao'>Conceito Preliminar de Curso (2021)<\/div><div class='text-center text-primary conceito-valor'>4<\/div><\/div><\/div><div class='col-12 col-md-4 col-lg-12 d-flex flex-column conceito-curso'><div class='flex-fill p-3 my-2 my-md-0 my-lg-1 mx-0 mx-md-2 mx-lg-0'><div class='text-center conceito-descricao'>ENADE (2021)<\/div><div class='text-center text-primary conceito-valor'>4<\/div><\/div><\/div><\/div><\/div><\/div><\/div>\n                                    <\/div>\n            <\/div>\n                <div class=\"accordion-item\">\n                <h2 class=\"accordion-header\" id=\"accordion-cursos-informacoes-gerais-collapse-heading-1391\">\n                    <button class=\"accordion-button collapsed\" type=\"button\" data-bs-toggle=\"collapse\" data-bs-target=\"#accordion-cursos-informacoes-gerais-collapse-1391\" aria-expanded=\"false\" aria-controls=\"accordion-cursos-informacoes-gerais-collapse-1391\">\n                        M\u00fasica e Tecnologia - Bacharelado                    <\/button>\n                <\/h2>\n                <div id=\"accordion-cursos-informacoes-gerais-collapse-1391\" class=\"collapse \" aria-labelledby=\"accordion-cursos-informacoes-gerais-collapse-heading-1391\"  data-bs-parent=\"#accordion-cursos-informacoes-gerais\">\n                                            <div class=\"accordion-body\"><div class='row'><div class='col-12 col-lg-9 pe-lg-1 align-self-center'><p>O curso de <b>M\u00fasica e Tecnologia<\/b> est\u00e1 localizado em <b>Campus Camobi - UFSM<\/b> na modalidade <b>Bacharelado - Presencial<\/b> sendo <b>Diurno<\/b> o seu turno de funcionamento. A \u00e1rea de conhecimento do curso \u00e9 classificada como <b>LINGU\u00cdSTICA, LETRAS E ARTES<\/b>. Atualmente, a coordena\u00e7\u00e3o \u00e9 de responsabilidade de <b>PABLO DA SILVA GUSMAO<\/b>, a coordena\u00e7\u00e3o substituta de <b>PATRICIO EDUARDO OROZCO CONTRERAS<\/b> e a secretaria de <b>ATAISA ANTONIA PERIN<\/b>.<\/p><p>O curso \u00e9 ofertado em per\u00edodo <b>Semestral<\/b>, sendo <b>10<\/b> o n\u00famero de per\u00edodos indicados para sua conclus\u00e3o.<\/p><p class='mt-3'>Reconhecido pela Portaria n. 933\/2015\/MEC, publicada no DOU, de 02\/12\/2015.<\/p><\/div><div class='col-12 col-lg-3'><div class='row d-flex justify-content-around'><h3 class='visually-hidden'>Conceitos<\/h3><div class='col-12 col-md-4 col-lg-12 d-flex flex-column conceito-curso'><div class='flex-fill p-3 my-2 my-md-0 my-lg-1 mx-0 mx-md-2 mx-lg-0'><div class='text-center conceito-descricao'>Conceito de Curso (2014)<\/div><div class='text-center text-primary conceito-valor'>4<\/div><\/div><\/div><\/div><\/div><\/div><\/div>\n                                    <\/div>\n            <\/div>\n    <\/div> \n\n","protected":false},"excerpt":{"rendered":"<p>Coordenador: Prof. Dr. L\u00facius Mota Coordenador substituto: Profa. Dra. Nayana Di Giuseppe Germano Localiza\u00e7\u00e3o: Campus sede da UFSM &#8211; Camobi, Santa Maria Contato: Secretaria Integrada de Cursos de Gradua\u00e7\u00e3o IILocal: sala 2200, Pr\u00e9dio 40AFone: (55) 3220-8267E-mail: sig2.cal@ufsm.br Contato: Coordena\u00e7\u00e3o do curso de M\u00fasica &#8211; BachareladoLocal: sala 1118, Pr\u00e9dio 40BFone: (55) 3220-8454 (WhatsApp)E-mail:&nbsp;coord.musica@ufsm.brInstragram: https:\/\/www.instagram.com\/musica.ufsmFacebook: https:\/\/www.facebook.com\/musicaufsm Apresenta\u00e7\u00e3o [&hellip;]<\/p>\n","protected":false},"author":2572,"featured_media":691,"parent":0,"menu_order":0,"comment_status":"closed","ping_status":"closed","template":"","meta":{"footnotes":""},"categories":[],"tags":[],"class_list":["post-756","page","type-page","status-publish","has-post-thumbnail","hentry"],"acf":[],"_links":{"self":[{"href":"https:\/\/www.ufsm.br\/cursos\/graduacao\/santa-maria\/musica\/wp-json\/wp\/v2\/pages\/756","targetHints":{"allow":["GET"]}}],"collection":[{"href":"https:\/\/www.ufsm.br\/cursos\/graduacao\/santa-maria\/musica\/wp-json\/wp\/v2\/pages"}],"about":[{"href":"https:\/\/www.ufsm.br\/cursos\/graduacao\/santa-maria\/musica\/wp-json\/wp\/v2\/types\/page"}],"author":[{"embeddable":true,"href":"https:\/\/www.ufsm.br\/cursos\/graduacao\/santa-maria\/musica\/wp-json\/wp\/v2\/users\/2572"}],"replies":[{"embeddable":true,"href":"https:\/\/www.ufsm.br\/cursos\/graduacao\/santa-maria\/musica\/wp-json\/wp\/v2\/comments?post=756"}],"version-history":[{"count":0,"href":"https:\/\/www.ufsm.br\/cursos\/graduacao\/santa-maria\/musica\/wp-json\/wp\/v2\/pages\/756\/revisions"}],"wp:featuredmedia":[{"embeddable":true,"href":"https:\/\/www.ufsm.br\/cursos\/graduacao\/santa-maria\/musica\/wp-json\/wp\/v2\/media\/691"}],"wp:attachment":[{"href":"https:\/\/www.ufsm.br\/cursos\/graduacao\/santa-maria\/musica\/wp-json\/wp\/v2\/media?parent=756"}],"wp:term":[{"taxonomy":"category","embeddable":true,"href":"https:\/\/www.ufsm.br\/cursos\/graduacao\/santa-maria\/musica\/wp-json\/wp\/v2\/categories?post=756"},{"taxonomy":"post_tag","embeddable":true,"href":"https:\/\/www.ufsm.br\/cursos\/graduacao\/santa-maria\/musica\/wp-json\/wp\/v2\/tags?post=756"}],"curies":[{"name":"wp","href":"https:\/\/api.w.org\/{rel}","templated":true}]}}