{"id":770,"date":"2020-03-14T14:11:17","date_gmt":"2020-03-14T17:11:17","guid":{"rendered":"https:\/\/www.ufsm.br\/cursos\/graduacao\/santa-maria\/musica\/?page_id=770"},"modified":"2023-11-28T09:52:38","modified_gmt":"2023-11-28T12:52:38","slug":"assistencia-estudantil","status":"publish","type":"page","link":"https:\/\/www.ufsm.br\/cursos\/graduacao\/santa-maria\/musica\/assistencia-estudantil","title":{"rendered":"Assist\u00eancia Estudantil"},"content":{"rendered":"\n<p>A UFSM se orgulha de sua pol\u00edtica de assist\u00eancia estudantil, que busca a democratiza\u00e7\u00e3o do acesso e perman\u00eancia dos estudantes na educa\u00e7\u00e3o superior p\u00fablica. Todos os programas, a\u00e7\u00f5es e projetos s\u00e3o coordenados pela <a href=\"https:\/\/www.ufsm.br\/pro-reitorias\/prae\/\"><strong>Pr\u00f3-Reitoria de Assuntos Estudantis (PRAE)<\/strong><\/a>.<\/p>\n<p>Para os alunos que se encontram em situa\u00e7\u00e3o de vulnerabilidade socioecon\u00f4mica, com risco \u00e0 sua perman\u00eancia no curso, a UFSM oferece o&nbsp;<a href=\"https:\/\/www.ufsm.br\/pro-reitorias\/prae\/bolsa-beneficio-socioeconomico\/\"><strong>Benef\u00edcio Socioecon\u00f4mico (BSE)<\/strong><\/a>, que inclui direito a vaga em uma das <a href=\"https:\/\/www.ufsm.br\/pro-reitorias\/prae\/ceu\/\"><strong>Casas do Estudante Universit\u00e1rio (CEU)<\/strong><\/a>.<\/p>\n<p>Todo estudante da UFSM tem o direito a tomar caf\u00e9, almo\u00e7ar e jantar no <a href=\"https:\/\/www.ufsm.br\/orgaos-suplementares\/ru\/\"><strong>Restaurante Universit\u00e1rio (RU)<\/strong><\/a>, com refei\u00e7\u00f5es oferecidas a baixo custo (e gratuitas para alunos com BSE), basta agendamento pr\u00e9vio.<\/p>\n<p>O <a href=\"https:\/\/www.ufsm.br\/pro-reitorias\/prae\/setor-de-atendimento-integral-ao-estudante-satie\/\"><strong>Setor de Aten\u00e7\u00e3o Integral ao Estudante (SATIE)<\/strong><\/a> acolhe o estudante e busca intervir em situa\u00e7\u00f5es individuais e coletivas que influenciam no seu desempenho acad\u00eamico , na sua perman\u00eancia na Universidade, bem como na sua qualidade de vida. S\u00e3o diversas as a\u00e7\u00f5es realizadas, incluindo o <em>Plant\u00e3o Psicossocial<\/em> e a&nbsp;<a href=\"https:\/\/www.ufsm.br\/pro-reitorias\/prae\/servico-de-atencao-odontologica\/\"><strong><em>Aten\u00e7\u00e3o Odontol\u00f3gica<\/em><\/strong><\/a>.<\/p>\n<p>O aluno al\u00e9m pode busca uma s\u00e9rie de aux\u00edlios e bolsa oferecidas pela PRAE. Mais informa\u00e7\u00f5es podem ser obtidas na p\u00e1gina&nbsp;<a href=\"https:\/\/www.ufsm.br\/pro-reitorias\/prae\/bolsas-prae\/\"><strong>Bolsas PRAE<\/strong><\/a>.<\/p>\n\n\n\n<div style=\"height:20px\" aria-hidden=\"true\" class=\"wp-block-spacer\"><\/div>\n\n\n<div class=\"wp-block-image\">\n<figure class=\"aligncenter size-full is-resized\"><img fetchpriority=\"high\" decoding=\"async\" width=\"1200\" height=\"800\" src=\"https:\/\/www.ufsm.br\/app\/uploads\/sites\/485\/2020\/04\/RU.jpg\" alt=\"\" class=\"wp-image-874\" style=\"width:697px;height:465px\" srcset=\"https:\/\/www.ufsm.br\/app\/uploads\/sites\/485\/2020\/04\/RU.jpg 1200w, https:\/\/www.ufsm.br\/app\/uploads\/sites\/485\/2020\/04\/RU-300x200.jpg 300w, https:\/\/www.ufsm.br\/app\/uploads\/sites\/485\/2020\/04\/RU-1024x683.jpg 1024w, https:\/\/www.ufsm.br\/app\/uploads\/sites\/485\/2020\/04\/RU-768x512.jpg 768w, https:\/\/www.ufsm.br\/app\/uploads\/sites\/485\/2020\/04\/RU-272x182.jpg 272w\" sizes=\"(max-width: 1200px) 100vw, 1200px\" \/><figcaption class=\"wp-element-caption\">Restaurante Universit\u00e1rio da UFSM.<\/figcaption><\/figure>\n<\/div>","protected":false},"excerpt":{"rendered":"<p>A UFSM se orgulha de sua pol\u00edtica de assist\u00eancia estudantil, que busca a democratiza\u00e7\u00e3o do acesso e perman\u00eancia dos estudantes na educa\u00e7\u00e3o superior p\u00fablica. Todos os programas, a\u00e7\u00f5es e projetos s\u00e3o coordenados pela Pr\u00f3-Reitoria de Assuntos Estudantis (PRAE). Para os alunos que se encontram em situa\u00e7\u00e3o de vulnerabilidade socioecon\u00f4mica, com risco \u00e0 sua perman\u00eancia no [&hellip;]<\/p>\n","protected":false},"author":2572,"featured_media":691,"parent":0,"menu_order":0,"comment_status":"closed","ping_status":"closed","template":"","meta":{"footnotes":""},"categories":[],"tags":[],"class_list":["post-770","page","type-page","status-publish","has-post-thumbnail","hentry"],"acf":[],"_links":{"self":[{"href":"https:\/\/www.ufsm.br\/cursos\/graduacao\/santa-maria\/musica\/wp-json\/wp\/v2\/pages\/770","targetHints":{"allow":["GET"]}}],"collection":[{"href":"https:\/\/www.ufsm.br\/cursos\/graduacao\/santa-maria\/musica\/wp-json\/wp\/v2\/pages"}],"about":[{"href":"https:\/\/www.ufsm.br\/cursos\/graduacao\/santa-maria\/musica\/wp-json\/wp\/v2\/types\/page"}],"author":[{"embeddable":true,"href":"https:\/\/www.ufsm.br\/cursos\/graduacao\/santa-maria\/musica\/wp-json\/wp\/v2\/users\/2572"}],"replies":[{"embeddable":true,"href":"https:\/\/www.ufsm.br\/cursos\/graduacao\/santa-maria\/musica\/wp-json\/wp\/v2\/comments?post=770"}],"version-history":[{"count":0,"href":"https:\/\/www.ufsm.br\/cursos\/graduacao\/santa-maria\/musica\/wp-json\/wp\/v2\/pages\/770\/revisions"}],"wp:featuredmedia":[{"embeddable":true,"href":"https:\/\/www.ufsm.br\/cursos\/graduacao\/santa-maria\/musica\/wp-json\/wp\/v2\/media\/691"}],"wp:attachment":[{"href":"https:\/\/www.ufsm.br\/cursos\/graduacao\/santa-maria\/musica\/wp-json\/wp\/v2\/media?parent=770"}],"wp:term":[{"taxonomy":"category","embeddable":true,"href":"https:\/\/www.ufsm.br\/cursos\/graduacao\/santa-maria\/musica\/wp-json\/wp\/v2\/categories?post=770"},{"taxonomy":"post_tag","embeddable":true,"href":"https:\/\/www.ufsm.br\/cursos\/graduacao\/santa-maria\/musica\/wp-json\/wp\/v2\/tags?post=770"}],"curies":[{"name":"wp","href":"https:\/\/api.w.org\/{rel}","templated":true}]}}