{"id":860,"date":"2020-04-01T11:43:58","date_gmt":"2020-04-01T14:43:58","guid":{"rendered":"https:\/\/www.ufsm.br\/cursos\/graduacao\/santa-maria\/musica\/?page_id=860"},"modified":"2023-11-28T09:53:20","modified_gmt":"2023-11-28T12:53:20","slug":"laboratorio-de-educacao-musical-lem","status":"publish","type":"page","link":"https:\/\/www.ufsm.br\/cursos\/graduacao\/santa-maria\/musica\/laboratorio-de-educacao-musical-lem","title":{"rendered":"Laborat\u00f3rio de Educa\u00e7\u00e3o Musical &#8211; LEM"},"content":{"rendered":"\n<p><strong>Coordena\u00e7\u00e3o:<\/strong> Profa. Dra. <strong><a href=\"https:\/\/ufsmpublica.ufsm.br\/docente\/4294\">Cl\u00e1udia Ribeiro Bellochio<\/a><\/strong> e Profa. Dra. <a href=\"https:\/\/ufsmpublica.ufsm.br\/docente\/12783\"><strong>Luciane Wilke Freitas Garbosa<\/strong><\/a><\/p>\n<p>&nbsp;<\/p>\n<p>O Laborat\u00f3rio de Educa\u00e7\u00e3o Musical &#8211; LEM foi <strong>criado na d\u00e9cada de 1980<\/strong>, apresentando proje\u00e7\u00e3o como espa\u00e7o e lugar (CUNHA, 2008) de forma\u00e7\u00e3o e de produ\u00e7\u00e3o de conhecimentos envolvendo o processo formativo de professores dos cursos de Pedagogia, Educa\u00e7\u00e3o Especial e de professores especialistas na \u00e1rea de M\u00fasica. Pensar o LEM como lugar de forma\u00e7\u00e3o \u00e9 reconhecer sentido e legitimidade ao Laborat\u00f3rio e \u00e0s pr\u00e1ticas formativas que promovemos, dotadas de significados e significa\u00e7\u00f5es que repercutem nos contextos profissionais.<\/p>\n<p>A cria\u00e7\u00e3o dos laborat\u00f3rios que comp\u00f5em o conjunto do LAMEN (Laborat\u00f3rios de Metodologia do Ensino) est\u00e1 vinculada ao Departamento de Metodologia do Ensino, do Centro de Educa\u00e7\u00e3o, que desde os anos 1980 busca <strong>qualificar os processos formativos dos futuros professores, vinculados \u00e0s diferentes licenciaturas da institui\u00e7\u00e3o<\/strong>. Com vistas nisso, o Laborat\u00f3rio de M\u00fasica, atualmente Laborat\u00f3rio de Educa\u00e7\u00e3o Musical, juntamente com outros oito laborat\u00f3rios de diferentes \u00e1reas de conhecimento, foi criado no intuito de oferecer suporte estrutural e pedag\u00f3gico \u00e0s disciplinas de Metodologias e Est\u00e1gios Supervisionados ofertadas aos cursos atendidos pelo Centro de Educa\u00e7\u00e3o.&nbsp;Inicialmente, o conjunto dos laborat\u00f3rios localizava-se no pr\u00e9dio de extens\u00e3o da UFSM, no centro cidade, sendo transferido, nos anos 2000 para o campus.&nbsp;<\/p>\n<p>Atualmente, o LEM localiza-se na <strong>sala 3368<\/strong>, do <strong>Centro de Educa\u00e7\u00e3o<\/strong>, em espa\u00e7o amplo, tornando poss\u00edvel o desenvolvimento de trabalhos que envolvem pr\u00e1ticas vocais e instrumentais, viv\u00eancias pedag\u00f3gico-musicais, bem como reflex\u00f5es te\u00f3ricas. Com acervo de instrumentos musicais, discografia, livros e revistas especializadas, aparelhagem de som, banco de teses, disserta\u00e7\u00f5es e monografias, dentre outros materiais e equipamentos que qualificam a rela\u00e7\u00e3o dos acad\u00eamicos com a m\u00fasica e seu ensino, o LEM torna poss\u00edvel a constru\u00e7\u00e3o de conhecimentos basilares \u00e0 forma\u00e7\u00e3o de futuros professores, oferecendo forma\u00e7\u00e3o metodol\u00f3gica, da Did\u00e1tica da M\u00fasica, bem como de Est\u00e1gio Supervisionado.<\/p>\n<p>Ao longo dos anos, o Laborat\u00f3rio de Educa\u00e7\u00e3o Musical foi desenvolvendo a\u00e7\u00f5es que inclu\u00edram n\u00e3o apenas ensino, mas extens\u00e3o e pesquisa, acolhendo acad\u00eamicos de diferentes licenciaturas da UFSM, bem como professores de educa\u00e7\u00e3o b\u00e1sica de Santa Maria e regi\u00e3o. Neste processo, o LEM passou a constituir-se em lugar de discuss\u00e3o (CUNHA, 2008), reflex\u00e3o, produ\u00e7\u00e3o de conhecimentos e de desenvolvimento profissional para acad\u00eamicos, p\u00f3s-graduandos, professores e para os integrantes do grupo de pesquisa <a href=\"http:\/\/dgp.cnpq.br\/dgp\/espelhogrupo\/3639368301796280\"><strong>FAPEM: Forma\u00e7\u00e3o, A\u00e7\u00e3o e Pesquisa em Educa\u00e7\u00e3o Musical (CNPq<\/strong><strong>)<\/strong><\/a>, problematizando, mediando e construindo junto a seus integrantes.<\/p>\n<p>O LEM, desde os anos 2000 desenvolve o <strong>Programa LEM: Tocar e Cantar<\/strong>, com oficinas de canto e instrumento, aberto \u00e0 comunidade externa \u00e0 UFSM. Al\u00e9m disso, realiza trabalhos em escolas de Santa Maria e oferta cursos de forma\u00e7\u00e3o continuada para professores da educa\u00e7\u00e3o b\u00e1sica a partir do <strong>Programa SOM<\/strong> e dos <strong>C\u00edrculos Formativos em M\u00fasica<\/strong>, programas de extens\u00e3o desenvolvidos pelo laborat\u00f3rio. Tais cursos t\u00eam sido, tamb\u00e9m, implementados em parceria com o FIUFSM, <a href=\"https:\/\/www.ufsm.br\/unidades-universitarias\/cal\/eventos\/fiiufsm\/\"><strong>Festival de Internacional de Inverno da Universidade Federal de Santa Maria<\/strong><\/a> e com o Curso de M\u00fasica.<\/p>\n\n\n\n<div style=\"height:20px\" aria-hidden=\"true\" class=\"wp-block-spacer\"><\/div>\n\n\n\n<figure class=\"wp-block-gallery has-nested-images columns-default is-cropped wp-block-gallery-1 is-layout-flex wp-block-gallery-is-layout-flex\">\n<figure class=\"wp-block-image size-full\"><img fetchpriority=\"high\" decoding=\"async\" width=\"665\" height=\"499\" data-id=\"861\" src=\"https:\/\/www.ufsm.br\/app\/uploads\/sites\/485\/2020\/04\/FOTO-01.jpg\" alt=\"\" class=\"wp-image-861\" srcset=\"https:\/\/www.ufsm.br\/app\/uploads\/sites\/485\/2020\/04\/FOTO-01.jpg 665w, https:\/\/www.ufsm.br\/app\/uploads\/sites\/485\/2020\/04\/FOTO-01-300x225.jpg 300w\" sizes=\"(max-width: 665px) 100vw, 665px\" \/><\/figure>\n\n\n\n<figure class=\"wp-block-image size-full\"><img decoding=\"async\" width=\"656\" height=\"492\" data-id=\"862\" src=\"https:\/\/www.ufsm.br\/app\/uploads\/sites\/485\/2020\/04\/FOTO-02.jpg\" alt=\"\" class=\"wp-image-862\" srcset=\"https:\/\/www.ufsm.br\/app\/uploads\/sites\/485\/2020\/04\/FOTO-02.jpg 656w, https:\/\/www.ufsm.br\/app\/uploads\/sites\/485\/2020\/04\/FOTO-02-300x225.jpg 300w\" sizes=\"(max-width: 656px) 100vw, 656px\" \/><\/figure>\n\n\n\n<figure class=\"wp-block-image size-full\"><img decoding=\"async\" width=\"665\" height=\"499\" data-id=\"863\" src=\"https:\/\/www.ufsm.br\/app\/uploads\/sites\/485\/2020\/04\/FOTO-03.jpg\" alt=\"\" class=\"wp-image-863\" srcset=\"https:\/\/www.ufsm.br\/app\/uploads\/sites\/485\/2020\/04\/FOTO-03.jpg 665w, https:\/\/www.ufsm.br\/app\/uploads\/sites\/485\/2020\/04\/FOTO-03-300x225.jpg 300w\" sizes=\"(max-width: 665px) 100vw, 665px\" \/><\/figure>\n\n\n\n<figure class=\"wp-block-image size-full\"><img loading=\"lazy\" decoding=\"async\" width=\"652\" height=\"367\" data-id=\"864\" src=\"https:\/\/www.ufsm.br\/app\/uploads\/sites\/485\/2020\/04\/FOTO-04.jpg\" alt=\"\" class=\"wp-image-864\" srcset=\"https:\/\/www.ufsm.br\/app\/uploads\/sites\/485\/2020\/04\/FOTO-04.jpg 652w, https:\/\/www.ufsm.br\/app\/uploads\/sites\/485\/2020\/04\/FOTO-04-300x169.jpg 300w\" sizes=\"(max-width: 652px) 100vw, 652px\" \/><\/figure>\n\n\n\n<figure class=\"wp-block-image size-full\"><img loading=\"lazy\" decoding=\"async\" width=\"663\" height=\"442\" data-id=\"865\" src=\"https:\/\/www.ufsm.br\/app\/uploads\/sites\/485\/2020\/04\/FOTO-05.jpg\" alt=\"\" class=\"wp-image-865\" srcset=\"https:\/\/www.ufsm.br\/app\/uploads\/sites\/485\/2020\/04\/FOTO-05.jpg 663w, https:\/\/www.ufsm.br\/app\/uploads\/sites\/485\/2020\/04\/FOTO-05-300x200.jpg 300w, https:\/\/www.ufsm.br\/app\/uploads\/sites\/485\/2020\/04\/FOTO-05-272x182.jpg 272w\" sizes=\"(max-width: 663px) 100vw, 663px\" \/><\/figure>\n\n\n\n<figure class=\"wp-block-image size-full\"><img loading=\"lazy\" decoding=\"async\" width=\"778\" height=\"438\" data-id=\"866\" src=\"https:\/\/www.ufsm.br\/app\/uploads\/sites\/485\/2020\/04\/FOTO-06.jpg\" alt=\"\" class=\"wp-image-866\" srcset=\"https:\/\/www.ufsm.br\/app\/uploads\/sites\/485\/2020\/04\/FOTO-06.jpg 778w, https:\/\/www.ufsm.br\/app\/uploads\/sites\/485\/2020\/04\/FOTO-06-300x169.jpg 300w, https:\/\/www.ufsm.br\/app\/uploads\/sites\/485\/2020\/04\/FOTO-06-768x432.jpg 768w\" sizes=\"(max-width: 778px) 100vw, 778px\" \/><\/figure>\n\n\n\n<figure class=\"wp-block-image size-full\"><img loading=\"lazy\" decoding=\"async\" width=\"782\" height=\"440\" data-id=\"867\" src=\"https:\/\/www.ufsm.br\/app\/uploads\/sites\/485\/2020\/04\/FOTO-07.jpg\" alt=\"\" class=\"wp-image-867\" srcset=\"https:\/\/www.ufsm.br\/app\/uploads\/sites\/485\/2020\/04\/FOTO-07.jpg 782w, https:\/\/www.ufsm.br\/app\/uploads\/sites\/485\/2020\/04\/FOTO-07-300x169.jpg 300w, https:\/\/www.ufsm.br\/app\/uploads\/sites\/485\/2020\/04\/FOTO-07-768x432.jpg 768w\" sizes=\"(max-width: 782px) 100vw, 782px\" \/><\/figure>\n\n\n\n<figure class=\"wp-block-image size-full\"><img loading=\"lazy\" decoding=\"async\" width=\"658\" height=\"439\" data-id=\"868\" src=\"https:\/\/www.ufsm.br\/app\/uploads\/sites\/485\/2020\/04\/FOTO-08.jpg\" alt=\"\" class=\"wp-image-868\" srcset=\"https:\/\/www.ufsm.br\/app\/uploads\/sites\/485\/2020\/04\/FOTO-08.jpg 658w, https:\/\/www.ufsm.br\/app\/uploads\/sites\/485\/2020\/04\/FOTO-08-300x200.jpg 300w, https:\/\/www.ufsm.br\/app\/uploads\/sites\/485\/2020\/04\/FOTO-08-272x182.jpg 272w\" sizes=\"(max-width: 658px) 100vw, 658px\" \/><\/figure>\n\n\n\n<figure class=\"wp-block-image size-full\"><img loading=\"lazy\" decoding=\"async\" width=\"960\" height=\"543\" data-id=\"869\" src=\"https:\/\/www.ufsm.br\/app\/uploads\/sites\/485\/2020\/04\/FOTO-09.jpg\" alt=\"\" class=\"wp-image-869\" srcset=\"https:\/\/www.ufsm.br\/app\/uploads\/sites\/485\/2020\/04\/FOTO-09.jpg 960w, https:\/\/www.ufsm.br\/app\/uploads\/sites\/485\/2020\/04\/FOTO-09-300x170.jpg 300w, https:\/\/www.ufsm.br\/app\/uploads\/sites\/485\/2020\/04\/FOTO-09-768x434.jpg 768w\" sizes=\"(max-width: 960px) 100vw, 960px\" \/><\/figure>\n<\/figure>\n\n\n","protected":false},"excerpt":{"rendered":"<p>Coordena\u00e7\u00e3o: Profa. Dra. Cl\u00e1udia Ribeiro Bellochio e Profa. Dra. Luciane Wilke Freitas Garbosa &nbsp; O Laborat\u00f3rio de Educa\u00e7\u00e3o Musical &#8211; LEM foi criado na d\u00e9cada de 1980, apresentando proje\u00e7\u00e3o como espa\u00e7o e lugar (CUNHA, 2008) de forma\u00e7\u00e3o e de produ\u00e7\u00e3o de conhecimentos envolvendo o processo formativo de professores dos cursos de Pedagogia, Educa\u00e7\u00e3o Especial e [&hellip;]<\/p>\n","protected":false},"author":2572,"featured_media":691,"parent":0,"menu_order":0,"comment_status":"closed","ping_status":"closed","template":"","meta":{"footnotes":""},"categories":[],"tags":[],"class_list":["post-860","page","type-page","status-publish","has-post-thumbnail","hentry"],"acf":[],"_links":{"self":[{"href":"https:\/\/www.ufsm.br\/cursos\/graduacao\/santa-maria\/musica\/wp-json\/wp\/v2\/pages\/860","targetHints":{"allow":["GET"]}}],"collection":[{"href":"https:\/\/www.ufsm.br\/cursos\/graduacao\/santa-maria\/musica\/wp-json\/wp\/v2\/pages"}],"about":[{"href":"https:\/\/www.ufsm.br\/cursos\/graduacao\/santa-maria\/musica\/wp-json\/wp\/v2\/types\/page"}],"author":[{"embeddable":true,"href":"https:\/\/www.ufsm.br\/cursos\/graduacao\/santa-maria\/musica\/wp-json\/wp\/v2\/users\/2572"}],"replies":[{"embeddable":true,"href":"https:\/\/www.ufsm.br\/cursos\/graduacao\/santa-maria\/musica\/wp-json\/wp\/v2\/comments?post=860"}],"version-history":[{"count":0,"href":"https:\/\/www.ufsm.br\/cursos\/graduacao\/santa-maria\/musica\/wp-json\/wp\/v2\/pages\/860\/revisions"}],"wp:featuredmedia":[{"embeddable":true,"href":"https:\/\/www.ufsm.br\/cursos\/graduacao\/santa-maria\/musica\/wp-json\/wp\/v2\/media\/691"}],"wp:attachment":[{"href":"https:\/\/www.ufsm.br\/cursos\/graduacao\/santa-maria\/musica\/wp-json\/wp\/v2\/media?parent=860"}],"wp:term":[{"taxonomy":"category","embeddable":true,"href":"https:\/\/www.ufsm.br\/cursos\/graduacao\/santa-maria\/musica\/wp-json\/wp\/v2\/categories?post=860"},{"taxonomy":"post_tag","embeddable":true,"href":"https:\/\/www.ufsm.br\/cursos\/graduacao\/santa-maria\/musica\/wp-json\/wp\/v2\/tags?post=860"}],"curies":[{"name":"wp","href":"https:\/\/api.w.org\/{rel}","templated":true}]}}