{"id":5,"date":"2018-01-18T08:39:17","date_gmt":"2018-01-18T10:39:17","guid":{"rendered":"https:\/\/www.ufsm.br\/cursos\/graduacao\/nutricao\/12352\/?page_id=5"},"modified":"2026-01-30T19:05:53","modified_gmt":"2026-01-30T22:05:53","slug":"pagina-inicial","status":"publish","type":"page","link":"https:\/\/www.ufsm.br\/cursos\/graduacao\/santa-maria\/nanotecnologia-e-inovacao-computacional\/","title":{"rendered":"P\u00e1gina Inicial"},"content":{"rendered":"\n<h5 class=\"wp-block-heading\">Apresenta\u00e7\u00e3o<\/h5>\n\n\n\n<p>[O curso de <b>Nanotecnologia e Inova\u00e7\u00e3o Computacional<\/b>\u00a0(nanoinovac@ufsm.br) est\u00e1 localizado em\u00a0<b>Campus Camobi &#8211; UFSM<\/b>\u00a0na modalidade\u00a0<b>Bacharelado &#8211; Presencial<\/b>\u00a0sendo\u00a0<b>Integral<\/b> o seu turno de funcionamento. Atualmente, a coordena\u00e7\u00e3o \u00e9 de responsabilidade de\u00a0<b>JOS\u00c9 CARLOS MERINO MOMBACH<\/b>, a coordena\u00e7\u00e3o substituta de <strong>PAULO C\u00c9SAR PIQUINI<\/strong> e a secretaria de <b>JORGE LUIZ DOS SANTOS<\/b>.]<\/p>\n\n\n\n<p>[O Bacharelado em <strong>Nanotecnologia e Inova\u00e7\u00e3o Computacional (NIC)<\/strong> da UFSM \u00e9 uma gradua\u00e7\u00e3o com dura\u00e7\u00e3o de 7 a 12 semestres.]<\/p>\n\n\n\n<p><\/p>\n\n\n\n<p><\/p>\n","protected":false},"excerpt":{"rendered":"<p>Apresenta\u00e7\u00e3o [O curso de Nanotecnologia e Inova\u00e7\u00e3o Computacional\u00a0(nanoinovac@ufsm.br) est\u00e1 localizado em\u00a0Campus Camobi &#8211; UFSM\u00a0na modalidade\u00a0Bacharelado &#8211; Presencial\u00a0sendo\u00a0Integral o seu turno de funcionamento. Atualmente, a coordena\u00e7\u00e3o \u00e9 de responsabilidade de\u00a0JOS\u00c9 CARLOS MERINO MOMBACH, a coordena\u00e7\u00e3o substituta de PAULO C\u00c9SAR PIQUINI e a secretaria de JORGE LUIZ DOS SANTOS.] [O Bacharelado em Nanotecnologia e Inova\u00e7\u00e3o Computacional (NIC) [&hellip;]<\/p>\n","protected":false},"author":8,"featured_media":0,"parent":0,"menu_order":0,"comment_status":"closed","ping_status":"closed","template":"","meta":{"footnotes":""},"categories":[],"tags":[],"class_list":["post-5","page","type-page","status-publish","hentry"],"acf":[],"_links":{"self":[{"href":"https:\/\/www.ufsm.br\/cursos\/graduacao\/santa-maria\/nanotecnologia-e-inovacao-computacional\/wp-json\/wp\/v2\/pages\/5","targetHints":{"allow":["GET"]}}],"collection":[{"href":"https:\/\/www.ufsm.br\/cursos\/graduacao\/santa-maria\/nanotecnologia-e-inovacao-computacional\/wp-json\/wp\/v2\/pages"}],"about":[{"href":"https:\/\/www.ufsm.br\/cursos\/graduacao\/santa-maria\/nanotecnologia-e-inovacao-computacional\/wp-json\/wp\/v2\/types\/page"}],"author":[{"embeddable":true,"href":"https:\/\/www.ufsm.br\/cursos\/graduacao\/santa-maria\/nanotecnologia-e-inovacao-computacional\/wp-json\/wp\/v2\/users\/8"}],"replies":[{"embeddable":true,"href":"https:\/\/www.ufsm.br\/cursos\/graduacao\/santa-maria\/nanotecnologia-e-inovacao-computacional\/wp-json\/wp\/v2\/comments?post=5"}],"version-history":[{"count":0,"href":"https:\/\/www.ufsm.br\/cursos\/graduacao\/santa-maria\/nanotecnologia-e-inovacao-computacional\/wp-json\/wp\/v2\/pages\/5\/revisions"}],"wp:attachment":[{"href":"https:\/\/www.ufsm.br\/cursos\/graduacao\/santa-maria\/nanotecnologia-e-inovacao-computacional\/wp-json\/wp\/v2\/media?parent=5"}],"wp:term":[{"taxonomy":"category","embeddable":true,"href":"https:\/\/www.ufsm.br\/cursos\/graduacao\/santa-maria\/nanotecnologia-e-inovacao-computacional\/wp-json\/wp\/v2\/categories?post=5"},{"taxonomy":"post_tag","embeddable":true,"href":"https:\/\/www.ufsm.br\/cursos\/graduacao\/santa-maria\/nanotecnologia-e-inovacao-computacional\/wp-json\/wp\/v2\/tags?post=5"}],"curies":[{"name":"wp","href":"https:\/\/api.w.org\/{rel}","templated":true}]}}