{"id":644,"date":"2026-03-31T08:40:32","date_gmt":"2026-03-31T11:40:32","guid":{"rendered":"https:\/\/www.ufsm.br\/cursos\/graduacao\/santa-maria\/nutricao\/?page_id=644"},"modified":"2026-03-31T16:31:50","modified_gmt":"2026-03-31T19:31:50","slug":"dcgs","status":"publish","type":"page","link":"https:\/\/www.ufsm.br\/cursos\/graduacao\/santa-maria\/nutricao\/dcgs","title":{"rendered":"Disciplinas Complementares de Gradua\u00e7\u00e3o (DCG)"},"content":{"rendered":"\n<p class=\"has-text-align-left\">                 As&nbsp;<strong>Disciplinas Complementares de Gradua\u00e7\u00e3o (DCG)<\/strong>&nbsp;integram a&nbsp;<strong>parte flex\u00edvel dos projetos pedag\u00f3gicos dos cursos de gradua\u00e7\u00e3o da UFSM<\/strong>. O principal objetivo das DCGs \u00e9&nbsp;<strong>aprofundar e atualizar os conhecimentos do estudante na \u00e1rea de seu interesse<\/strong>. Elas representam um espa\u00e7o avan\u00e7ado de estudos que permite ao aluno aprimorar sua forma\u00e7\u00e3o profissional, explorando conte\u00fados espec\u00edficos.<\/p>\n\n\n\n<p>                 Confira as <strong>Disciplinas Complementares de Gradua\u00e7\u00e3o (DCG)<\/strong> que s\u00e3o ofertadas pelo Curso de Nutri\u00e7\u00e3o UFSM\/SM:<\/p>\n\n\n\n<ol class=\"wp-block-list\">\n<li><strong>UFSM00464<\/strong> &#8211; <em>EXTENS\u00c3O UNIVERSIT\u00c1RIA: PRINC\u00cdPIOS E PR\u00c1TICAS NA \u00c1REA DE ALIMENTOS E SA\u00daDE<\/em> (15h)<\/li>\n\n\n\n<li><strong>UFSM00677<\/strong> &#8211; <em>PR\u00c1TICA DE TERAPIA NUTRICIONAL EM CARDIOLOGIA<\/em> (15h)<\/li>\n\n\n\n<li><strong>UFSM01271<\/strong> &#8211; <em>AMBIENTE, SA\u00daDE E NUTRI\u00c7\u00c3O<\/em> (30h)<\/li>\n\n\n\n<li><strong>UFSM01273 <\/strong>&#8211; <em>HIST\u00d3RIA DA ALIMENTA\u00c7\u00c3O BRASILEIRA<\/em> (45h)<\/li>\n\n\n\n<li><strong>UFSM00465 <\/strong>&#8211; <em>ALIMENTOS FUNCIONAIS: TEORIA E PR\u00c1TICA<\/em> (45h)<\/li>\n\n\n\n<li><strong>UFSM00463 <\/strong>&#8211; <em>EDUCA\u00c7\u00c3O NUTRICIONAL NO AMBIENTE ESCOLAR<\/em> (45h)<\/li>\n\n\n\n<li><strong>UFSM01018 <\/strong>&#8211; <em>PR\u00c1TICAS AMBULATORIAIS EM NUTRI\u00c7\u00c3O<\/em> (60h)<\/li>\n\n\n\n<li><strong>UFSM01021 <\/strong>&#8211; <em>VIV\u00caNCIAS EM AMBIENTES DE PRODU\u00c7\u00c3O E COMERCIALIZA\u00c7\u00c3O DE ALIMENTOS DA AGRICULTURA FAMILIAR<\/em> (45h)<\/li>\n<\/ol>\n\n\n\n<p><\/p>\n","protected":false},"excerpt":{"rendered":"<p>As&nbsp;Disciplinas Complementares de Gradua\u00e7\u00e3o (DCG)&nbsp;integram a&nbsp;parte flex\u00edvel dos projetos pedag\u00f3gicos dos cursos de gradua\u00e7\u00e3o da UFSM. O principal objetivo das DCGs \u00e9&nbsp;aprofundar e atualizar os conhecimentos do estudante na \u00e1rea de seu interesse. Elas representam um espa\u00e7o avan\u00e7ado de estudos que permite ao aluno aprimorar sua forma\u00e7\u00e3o profissional, explorando conte\u00fados espec\u00edficos. Confira as Disciplinas Complementares [&hellip;]<\/p>\n","protected":false},"author":27,"featured_media":0,"parent":0,"menu_order":0,"comment_status":"closed","ping_status":"closed","template":"","meta":{"footnotes":""},"categories":[],"tags":[],"class_list":["post-644","page","type-page","status-publish","hentry"],"acf":[],"_links":{"self":[{"href":"https:\/\/www.ufsm.br\/cursos\/graduacao\/santa-maria\/nutricao\/wp-json\/wp\/v2\/pages\/644","targetHints":{"allow":["GET"]}}],"collection":[{"href":"https:\/\/www.ufsm.br\/cursos\/graduacao\/santa-maria\/nutricao\/wp-json\/wp\/v2\/pages"}],"about":[{"href":"https:\/\/www.ufsm.br\/cursos\/graduacao\/santa-maria\/nutricao\/wp-json\/wp\/v2\/types\/page"}],"author":[{"embeddable":true,"href":"https:\/\/www.ufsm.br\/cursos\/graduacao\/santa-maria\/nutricao\/wp-json\/wp\/v2\/users\/27"}],"replies":[{"embeddable":true,"href":"https:\/\/www.ufsm.br\/cursos\/graduacao\/santa-maria\/nutricao\/wp-json\/wp\/v2\/comments?post=644"}],"version-history":[{"count":0,"href":"https:\/\/www.ufsm.br\/cursos\/graduacao\/santa-maria\/nutricao\/wp-json\/wp\/v2\/pages\/644\/revisions"}],"wp:attachment":[{"href":"https:\/\/www.ufsm.br\/cursos\/graduacao\/santa-maria\/nutricao\/wp-json\/wp\/v2\/media?parent=644"}],"wp:term":[{"taxonomy":"category","embeddable":true,"href":"https:\/\/www.ufsm.br\/cursos\/graduacao\/santa-maria\/nutricao\/wp-json\/wp\/v2\/categories?post=644"},{"taxonomy":"post_tag","embeddable":true,"href":"https:\/\/www.ufsm.br\/cursos\/graduacao\/santa-maria\/nutricao\/wp-json\/wp\/v2\/tags?post=644"}],"curies":[{"name":"wp","href":"https:\/\/api.w.org\/{rel}","templated":true}]}}