{"id":159,"date":"2018-12-03T08:38:17","date_gmt":"2018-12-03T10:38:17","guid":{"rendered":"https:\/\/www.ufsm.br\/cursos\/graduacao\/santa-maria\/odontologia\/?page_id=159"},"modified":"2019-01-10T10:31:52","modified_gmt":"2019-01-10T12:31:52","slug":"intercambio","status":"publish","type":"page","link":"https:\/\/www.ufsm.br\/cursos\/graduacao\/santa-maria\/odontologia\/intercambio","title":{"rendered":"Interc\u00e2mbio"},"content":{"rendered":"\t\t<div data-elementor-type=\"wp-post\" data-elementor-id=\"159\" class=\"elementor elementor-159 elementor-bc-flex-widget\">\n\t\t\t\t\t\t<section class=\"elementor-section elementor-top-section elementor-element elementor-element-20d3be69 elementor-section-boxed elementor-section-height-default elementor-section-height-default\" data-id=\"20d3be69\" data-element_type=\"section\">\n\t\t\t\t\t\t<div class=\"elementor-container elementor-column-gap-default\">\n\t\t\t\t\t<div class=\"elementor-column elementor-col-100 elementor-top-column elementor-element elementor-element-2394c58e\" data-id=\"2394c58e\" data-element_type=\"column\">\n\t\t\t<div class=\"elementor-widget-wrap elementor-element-populated\">\n\t\t\t\t\t\t<div class=\"elementor-element elementor-element-844e76a elementor-widget elementor-widget-text-editor\" data-id=\"844e76a\" data-element_type=\"widget\" data-widget_type=\"text-editor.default\">\n\t\t\t\t<div class=\"elementor-widget-container\">\n\t\t\t\t\t\t\t<p>A oportunidade de estudar um per\u00edodo em uma institui\u00e7\u00e3o estrangeira acrescenta ao aluno de gradua\u00e7\u00e3o e de p\u00f3s-gradua\u00e7\u00e3o uma experi\u00eancia \u00fanica. Conviver com diferentes culturas, dentro de um ambiente acad\u00eamico conhecendo um sistema educacional diferente da UFSM. Al\u00e9m de acrescentar um leque de oportunidade tanto na vida acad\u00eamica, quanto na carreira profissional, mudando o jeito do aluno de pensar e agir diante da sociedade atual.<br \/>Para mais informa\u00e7\u00f5es sobre interc\u00e2mbios consulte a SAI,\u00a0<a href=\"http:\/\/w3.ufsm.br\/sai\/\">http:\/\/w3.ufsm.br\/sai\/<\/a><\/p><p><span style=\"color: #000000; font-family: helvetica; font-size: 16px;\">Locais de Estudos de Intercambistas do Curso de Odontologia:<\/span><\/p>\t\t\t\t\t\t<\/div>\n\t\t\t\t<\/div>\n\t\t\t\t\t<\/div>\n\t\t<\/div>\n\t\t\t\t\t<\/div>\n\t\t<\/section>\n\t\t\t\t<section class=\"elementor-section elementor-top-section elementor-element elementor-element-91f39dc elementor-section-boxed elementor-section-height-default elementor-section-height-default\" data-id=\"91f39dc\" data-element_type=\"section\">\n\t\t\t\t\t\t<div class=\"elementor-container elementor-column-gap-default\">\n\t\t\t\t\t<div class=\"elementor-column elementor-col-100 elementor-top-column elementor-element elementor-element-9ebee90\" data-id=\"9ebee90\" data-element_type=\"column\">\n\t\t\t<div class=\"elementor-widget-wrap elementor-element-populated\">\n\t\t\t\t\t\t<div class=\"elementor-element elementor-element-5866a0e elementor-widget elementor-widget-google_maps\" data-id=\"5866a0e\" data-element_type=\"widget\" data-widget_type=\"google_maps.default\">\n\t\t\t\t<div class=\"elementor-widget-container\">\n\t\t\t\t\t<div class=\"elementor-custom-embed\">\n\t\t\t<iframe loading=\"lazy\"\n\t\t\t\t\tsrc=\"https:\/\/maps.google.com\/maps?q=Interc%C3%A2mbio%20Odonto%20UFSM&#038;t=m&#038;z=2&#038;output=embed&#038;iwloc=near\"\n\t\t\t\t\ttitle=\"Interc\u00e2mbio Odonto UFSM\"\n\t\t\t\t\taria-label=\"Interc\u00e2mbio Odonto UFSM\"\n\t\t\t><\/iframe>\n\t\t<\/div>\n\t\t\t\t<\/div>\n\t\t\t\t<\/div>\n\t\t\t\t\t<\/div>\n\t\t<\/div>\n\t\t\t\t\t<\/div>\n\t\t<\/section>\n\t\t\t\t<section class=\"elementor-section elementor-top-section elementor-element elementor-element-7149da0 elementor-section-boxed elementor-section-height-default elementor-section-height-default\" data-id=\"7149da0\" data-element_type=\"section\">\n\t\t\t\t\t\t<div class=\"elementor-container elementor-column-gap-default\">\n\t\t\t\t\t<div class=\"elementor-column elementor-col-100 elementor-top-column elementor-element elementor-element-b61c62a\" data-id=\"b61c62a\" data-element_type=\"column\">\n\t\t\t<div class=\"elementor-widget-wrap elementor-element-populated\">\n\t\t\t\t\t\t<div class=\"elementor-element elementor-element-f44e666 elementor-widget elementor-widget-text-editor\" data-id=\"f44e666\" data-element_type=\"widget\" data-widget_type=\"text-editor.default\">\n\t\t\t\t<div class=\"elementor-widget-container\">\n\t\t\t\t\t\t\t<p>Obs: Se voc\u00ea foi estudar no exterior e o seu nome n\u00e3o consta no mapa, por favor entre em contato.<\/p>\t\t\t\t\t\t<\/div>\n\t\t\t\t<\/div>\n\t\t\t\t\t<\/div>\n\t\t<\/div>\n\t\t\t\t\t<\/div>\n\t\t<\/section>\n\t\t\t\t<\/div>\n\t\t","protected":false},"excerpt":{"rendered":"<p>A oportunidade de estudar um per\u00edodo em uma institui\u00e7\u00e3o estrangeira acrescenta ao aluno de gradua\u00e7\u00e3o e de p\u00f3s-gradua\u00e7\u00e3o uma experi\u00eancia \u00fanica. Conviver com diferentes culturas, dentro de um ambiente acad\u00eamico conhecendo um sistema educacional diferente da UFSM. Al\u00e9m de acrescentar um leque de oportunidade tanto na vida acad\u00eamica, quanto na carreira profissional, mudando o jeito [&hellip;]<\/p>\n","protected":false},"author":201,"featured_media":0,"parent":0,"menu_order":0,"comment_status":"closed","ping_status":"closed","template":"","meta":{"footnotes":""},"categories":[],"tags":[],"class_list":["post-159","page","type-page","status-publish","hentry"],"acf":[],"_links":{"self":[{"href":"https:\/\/www.ufsm.br\/cursos\/graduacao\/santa-maria\/odontologia\/wp-json\/wp\/v2\/pages\/159","targetHints":{"allow":["GET"]}}],"collection":[{"href":"https:\/\/www.ufsm.br\/cursos\/graduacao\/santa-maria\/odontologia\/wp-json\/wp\/v2\/pages"}],"about":[{"href":"https:\/\/www.ufsm.br\/cursos\/graduacao\/santa-maria\/odontologia\/wp-json\/wp\/v2\/types\/page"}],"author":[{"embeddable":true,"href":"https:\/\/www.ufsm.br\/cursos\/graduacao\/santa-maria\/odontologia\/wp-json\/wp\/v2\/users\/201"}],"replies":[{"embeddable":true,"href":"https:\/\/www.ufsm.br\/cursos\/graduacao\/santa-maria\/odontologia\/wp-json\/wp\/v2\/comments?post=159"}],"version-history":[{"count":0,"href":"https:\/\/www.ufsm.br\/cursos\/graduacao\/santa-maria\/odontologia\/wp-json\/wp\/v2\/pages\/159\/revisions"}],"wp:attachment":[{"href":"https:\/\/www.ufsm.br\/cursos\/graduacao\/santa-maria\/odontologia\/wp-json\/wp\/v2\/media?parent=159"}],"wp:term":[{"taxonomy":"category","embeddable":true,"href":"https:\/\/www.ufsm.br\/cursos\/graduacao\/santa-maria\/odontologia\/wp-json\/wp\/v2\/categories?post=159"},{"taxonomy":"post_tag","embeddable":true,"href":"https:\/\/www.ufsm.br\/cursos\/graduacao\/santa-maria\/odontologia\/wp-json\/wp\/v2\/tags?post=159"}],"curies":[{"name":"wp","href":"https:\/\/api.w.org\/{rel}","templated":true}]}}