{"id":161,"date":"2018-12-03T08:40:54","date_gmt":"2018-12-03T10:40:54","guid":{"rendered":"https:\/\/www.ufsm.br\/cursos\/graduacao\/santa-maria\/odontologia\/?page_id=161"},"modified":"2018-12-03T08:40:55","modified_gmt":"2018-12-03T10:40:55","slug":"projetos-e-grupos-de-pesquisa","status":"publish","type":"page","link":"https:\/\/www.ufsm.br\/cursos\/graduacao\/santa-maria\/odontologia\/projetos-e-grupos-de-pesquisa","title":{"rendered":"Projetos e Grupos de Pesquisa"},"content":{"rendered":"<p><strong>A\u00e7\u00e3o Coletiva<\/strong><br \/>\nL\u00edder:\u00a0Beatriz Unfer<\/p>\n<p>&nbsp;<\/p>\n<p><strong>Biomateriais<\/strong><\/p>\n<p>L\u00edder:\u00a0Luiz Felipe Valandro Soares<\/p>\n<p><strong>Cirurgia e Traumatologia Bucomaxilofacial<\/strong><br \/>\nL\u00edder: Gustavo Adolfo Terra Quesada<\/p>\n<p><strong>Coletivo Sa\u00fade: Estudo e Pesquisa em Sa\u00fade Coletiva<\/strong><br \/>\nL\u00edder: Jessye Melgarejo do Amaral Giordani<\/p>\n<p>&nbsp;<\/p>\n<p><strong>Dent\u00edstica<\/strong><br \/>\nL\u00edder: Roselaine Terezinha Pozzobon<\/p>\n<p><strong>Determinantes Epidemiol\u00f3gicos das Doen\u00e7as Bucais e Impacto das Condi\u00e7\u00f5es de Sa\u00fade Bucal na Qualidade de Vida<\/strong><br \/>\nL\u00edder: Thiago Machado Ardenghi<\/p>\n<p><strong>Grupo de Pesquisa e Estudo em Cariologia<\/strong><br \/>\nL\u00edder: Rachel de Oliveira Rocha<\/p>\n<p><strong>LAPEMICRO<\/strong><br \/>\nL\u00edder: Paulo Edelvar Correa Peres<\/p>\n<p><strong>Odontologia Restauradora<\/strong><br \/>\nL\u00edder: Paulo Afonso Burmann<\/p>\n<p><strong>Pesquisa Odontol\u00f3gica<\/strong><br \/>\nL\u00edder: Katia Braun<\/p>\n<p><strong>T\u00e9cnicas operat\u00f3rias em cirurgia dento-alveolar<\/strong><br \/>\nL\u00edder: Jorge Abel Flores<\/p>\n<p><strong>Terapia Fotodin\u00e2mica Antimicrobiana<br \/>\n<\/strong>L\u00edder: Karla Zanini Kantorski<\/p>\n","protected":false},"excerpt":{"rendered":"<p>A\u00e7\u00e3o Coletiva L\u00edder:\u00a0Beatriz Unfer &nbsp; Biomateriais L\u00edder:\u00a0Luiz Felipe Valandro Soares Cirurgia e Traumatologia Bucomaxilofacial L\u00edder: Gustavo Adolfo Terra Quesada Coletivo Sa\u00fade: Estudo e Pesquisa em Sa\u00fade Coletiva L\u00edder: Jessye Melgarejo do Amaral Giordani &nbsp; Dent\u00edstica L\u00edder: Roselaine Terezinha Pozzobon Determinantes Epidemiol\u00f3gicos das Doen\u00e7as Bucais e Impacto das Condi\u00e7\u00f5es de Sa\u00fade Bucal na Qualidade de Vida [&hellip;]<\/p>\n","protected":false},"author":201,"featured_media":0,"parent":0,"menu_order":0,"comment_status":"closed","ping_status":"closed","template":"","meta":{"footnotes":""},"categories":[],"tags":[],"class_list":["post-161","page","type-page","status-publish","hentry"],"acf":[],"_links":{"self":[{"href":"https:\/\/www.ufsm.br\/cursos\/graduacao\/santa-maria\/odontologia\/wp-json\/wp\/v2\/pages\/161","targetHints":{"allow":["GET"]}}],"collection":[{"href":"https:\/\/www.ufsm.br\/cursos\/graduacao\/santa-maria\/odontologia\/wp-json\/wp\/v2\/pages"}],"about":[{"href":"https:\/\/www.ufsm.br\/cursos\/graduacao\/santa-maria\/odontologia\/wp-json\/wp\/v2\/types\/page"}],"author":[{"embeddable":true,"href":"https:\/\/www.ufsm.br\/cursos\/graduacao\/santa-maria\/odontologia\/wp-json\/wp\/v2\/users\/201"}],"replies":[{"embeddable":true,"href":"https:\/\/www.ufsm.br\/cursos\/graduacao\/santa-maria\/odontologia\/wp-json\/wp\/v2\/comments?post=161"}],"version-history":[{"count":0,"href":"https:\/\/www.ufsm.br\/cursos\/graduacao\/santa-maria\/odontologia\/wp-json\/wp\/v2\/pages\/161\/revisions"}],"wp:attachment":[{"href":"https:\/\/www.ufsm.br\/cursos\/graduacao\/santa-maria\/odontologia\/wp-json\/wp\/v2\/media?parent=161"}],"wp:term":[{"taxonomy":"category","embeddable":true,"href":"https:\/\/www.ufsm.br\/cursos\/graduacao\/santa-maria\/odontologia\/wp-json\/wp\/v2\/categories?post=161"},{"taxonomy":"post_tag","embeddable":true,"href":"https:\/\/www.ufsm.br\/cursos\/graduacao\/santa-maria\/odontologia\/wp-json\/wp\/v2\/tags?post=161"}],"curies":[{"name":"wp","href":"https:\/\/api.w.org\/{rel}","templated":true}]}}