{"id":225,"date":"2018-12-17T12:02:38","date_gmt":"2018-12-17T14:02:38","guid":{"rendered":"https:\/\/www.ufsm.br\/cursos\/graduacao\/santa-maria\/odontologia\/?page_id=225"},"modified":"2018-12-17T12:02:39","modified_gmt":"2018-12-17T14:02:39","slug":"historico","status":"publish","type":"page","link":"https:\/\/www.ufsm.br\/cursos\/graduacao\/santa-maria\/odontologia\/historico","title":{"rendered":"Hist\u00f3rico"},"content":{"rendered":"<div class=\"page-header\">\n<h4>HIST\u00d3RIA DO CURSO DE ODONTOLOGIA<\/h4>\n<\/div>\n<div>\n<p>A ideia de se fundar uma faculdade de Odontologia em Santa Maria come\u00e7ou em 1931, onde em 30 de setembro foi registrado o documento que criava a FACULDADE DE FARM\u00c1CIA E ODONTOLOGIA ao comando da sociedade de Medicina de Santa Maria e de seu ent\u00e3o presidente Dr. Francisco Mariano da Rocha.<\/p>\n<p>O corpo docente come\u00e7ou a ser elaborado para dar in\u00edcio aos trabalhos j\u00e1 em 1932, por\u00e9m apenas o curso de Farm\u00e1cia come\u00e7ou suas atividades, mesmo tendo sido oficializado no decreto n\u00ba 5.647, em 13 de junho de 1934, a denomina\u00e7\u00e3o de FACULDADE DE FARM\u00c1CIA E ODONTOLOGIA.<\/p>\n<p>Em 14 de dezembro de 1960, a Lei n\u00ba 3.834-C, assinada pelo presidente Juscelino Kubitscheck de Oliveira, criou a UNIVERSIDADE DE SANTA MARIA, quando foi constitu\u00edda tamb\u00e9m a FACULDADE DE ODONTOLOGIA. Em 15 de mar\u00e7o de 1961 foi instalada a UNIVERSIDADE FEDERAL DE SANTA MARIA. Seu primeiro Reitor foi o Prof. Titular Dr. Jos\u00e9 Mariano da Rocha Filho.<\/p>\n<p>A Faculdade de Odontologia da UFSM teve seu in\u00edcio gra\u00e7as a infraestrutura das Faculdades de Medicina e de Farm\u00e1cia, no que diz respeito \u00e0s mat\u00e9rias b\u00e1sicas e aos professores contratados. A primeira aula foi ministrada pelo Prof. Daniel Juckowski sobre \u00b4\u00b4Ensino e Aprendizado da Odontologia&#8220;.<\/p>\n<p>A primeira turma de Odontologia foi formada em 1964, em solenidade no dia 11 de dezembro, no Cine Teatro Gl\u00f3ria, diplomando 24 cirurgi\u00f5es dentistas.<\/p>\n<\/div>\n","protected":false},"excerpt":{"rendered":"<p>HIST\u00d3RIA DO CURSO DE ODONTOLOGIA A ideia de se fundar uma faculdade de Odontologia em Santa Maria come\u00e7ou em 1931, onde em 30 de setembro foi registrado o documento que criava a FACULDADE DE FARM\u00c1CIA E ODONTOLOGIA ao comando da sociedade de Medicina de Santa Maria e de seu ent\u00e3o presidente Dr. Francisco Mariano da [&hellip;]<\/p>\n","protected":false},"author":194,"featured_media":0,"parent":0,"menu_order":0,"comment_status":"closed","ping_status":"closed","template":"","meta":{"footnotes":""},"categories":[],"tags":[],"class_list":["post-225","page","type-page","status-publish","hentry"],"acf":[],"_links":{"self":[{"href":"https:\/\/www.ufsm.br\/cursos\/graduacao\/santa-maria\/odontologia\/wp-json\/wp\/v2\/pages\/225","targetHints":{"allow":["GET"]}}],"collection":[{"href":"https:\/\/www.ufsm.br\/cursos\/graduacao\/santa-maria\/odontologia\/wp-json\/wp\/v2\/pages"}],"about":[{"href":"https:\/\/www.ufsm.br\/cursos\/graduacao\/santa-maria\/odontologia\/wp-json\/wp\/v2\/types\/page"}],"author":[{"embeddable":true,"href":"https:\/\/www.ufsm.br\/cursos\/graduacao\/santa-maria\/odontologia\/wp-json\/wp\/v2\/users\/194"}],"replies":[{"embeddable":true,"href":"https:\/\/www.ufsm.br\/cursos\/graduacao\/santa-maria\/odontologia\/wp-json\/wp\/v2\/comments?post=225"}],"version-history":[{"count":0,"href":"https:\/\/www.ufsm.br\/cursos\/graduacao\/santa-maria\/odontologia\/wp-json\/wp\/v2\/pages\/225\/revisions"}],"wp:attachment":[{"href":"https:\/\/www.ufsm.br\/cursos\/graduacao\/santa-maria\/odontologia\/wp-json\/wp\/v2\/media?parent=225"}],"wp:term":[{"taxonomy":"category","embeddable":true,"href":"https:\/\/www.ufsm.br\/cursos\/graduacao\/santa-maria\/odontologia\/wp-json\/wp\/v2\/categories?post=225"},{"taxonomy":"post_tag","embeddable":true,"href":"https:\/\/www.ufsm.br\/cursos\/graduacao\/santa-maria\/odontologia\/wp-json\/wp\/v2\/tags?post=225"}],"curies":[{"name":"wp","href":"https:\/\/api.w.org\/{rel}","templated":true}]}}