{"id":442,"date":"2021-01-13T11:39:37","date_gmt":"2021-01-13T14:39:37","guid":{"rendered":"https:\/\/www.ufsm.br\/cursos\/graduacao\/santa-maria\/odontologia\/?page_id=442"},"modified":"2021-01-18T18:54:02","modified_gmt":"2021-01-18T21:54:02","slug":"biosseguranca","status":"publish","type":"page","link":"https:\/\/www.ufsm.br\/cursos\/graduacao\/santa-maria\/odontologia\/biosseguranca","title":{"rendered":"Biosseguran\u00e7a"},"content":{"rendered":"\n<p>Manual de Biosseguran\u00e7a &#8211; Elaborado pelo Comiss\u00e3o de Biosseguran\u00e7a (CBO) do Curso de Odontologia da Universidade Federal de Santa Maria.<\/p>\n","protected":false},"excerpt":{"rendered":"<p>Manual de Biosseguran\u00e7a &#8211; Elaborado pelo Comiss\u00e3o de Biosseguran\u00e7a (CBO) do Curso de Odontologia da Universidade Federal de Santa Maria.<\/p>\n","protected":false},"author":3758,"featured_media":0,"parent":0,"menu_order":0,"comment_status":"closed","ping_status":"closed","template":"","meta":{"footnotes":""},"categories":[],"tags":[],"class_list":["post-442","page","type-page","status-publish","hentry"],"acf":[],"_links":{"self":[{"href":"https:\/\/www.ufsm.br\/cursos\/graduacao\/santa-maria\/odontologia\/wp-json\/wp\/v2\/pages\/442","targetHints":{"allow":["GET"]}}],"collection":[{"href":"https:\/\/www.ufsm.br\/cursos\/graduacao\/santa-maria\/odontologia\/wp-json\/wp\/v2\/pages"}],"about":[{"href":"https:\/\/www.ufsm.br\/cursos\/graduacao\/santa-maria\/odontologia\/wp-json\/wp\/v2\/types\/page"}],"author":[{"embeddable":true,"href":"https:\/\/www.ufsm.br\/cursos\/graduacao\/santa-maria\/odontologia\/wp-json\/wp\/v2\/users\/3758"}],"replies":[{"embeddable":true,"href":"https:\/\/www.ufsm.br\/cursos\/graduacao\/santa-maria\/odontologia\/wp-json\/wp\/v2\/comments?post=442"}],"version-history":[{"count":0,"href":"https:\/\/www.ufsm.br\/cursos\/graduacao\/santa-maria\/odontologia\/wp-json\/wp\/v2\/pages\/442\/revisions"}],"wp:attachment":[{"href":"https:\/\/www.ufsm.br\/cursos\/graduacao\/santa-maria\/odontologia\/wp-json\/wp\/v2\/media?parent=442"}],"wp:term":[{"taxonomy":"category","embeddable":true,"href":"https:\/\/www.ufsm.br\/cursos\/graduacao\/santa-maria\/odontologia\/wp-json\/wp\/v2\/categories?post=442"},{"taxonomy":"post_tag","embeddable":true,"href":"https:\/\/www.ufsm.br\/cursos\/graduacao\/santa-maria\/odontologia\/wp-json\/wp\/v2\/tags?post=442"}],"curies":[{"name":"wp","href":"https:\/\/api.w.org\/{rel}","templated":true}]}}