{"id":157,"date":"2019-01-04T12:04:45","date_gmt":"2019-01-04T14:04:45","guid":{"rendered":"https:\/\/www.ufsm.br\/cursos\/graduacao\/santa-maria\/pedagogia\/?page_id=157"},"modified":"2020-10-02T14:25:43","modified_gmt":"2020-10-02T17:25:43","slug":"acgs","status":"publish","type":"page","link":"https:\/\/www.ufsm.br\/cursos\/graduacao\/santa-maria\/pedagogia\/acgs","title":{"rendered":"ACG\u00b4s"},"content":{"rendered":"\n<p><strong>ATIVIDADES COMPLEMENTARES DE GRADUA\u00c7\u00c3O \u2013 ACGs<\/strong><\/p>\n<p>Resolu\u00e7\u00e3o N\u00ba 025\/2017 da UFSM \u2013 trata das Atividades Complementares de Gradua\u00e7\u00e3o de forma geral.<\/p>\n<p><strong>ACG NO CURSO DE PEDAGOGIA LICENCIATURA PLENA DIURNO<\/strong><\/p>\n<ul>\n<li>A atual normativa para registro das Atividades Complementares de Gradua\u00e7\u00e3o \u2013\u00a0<strong>ACG<\/strong> &#8211; foi aprovada em reuni\u00e3o do Colegiado do Curso, em 16\/03\/2020.<\/li>\n<li>A carga hor\u00e1ria m\u00ednima solicitada para as ACGs no Curso de Pedagogia Diurno \u00e9 de\u00a0<strong>200h.<\/strong><\/li>\n<li>Devem contemplar ao menos\u00a0<strong>2\u00a0<\/strong>das 9 \u00e1reas indicadas no Requerimento.<\/li>\n<li>A carga hor\u00e1ria m\u00e1xima que pode ser computada por acad\u00eamico(a) \u00e9 de 700h.<\/li>\n<\/ul>\n<p>Para registro das ACGs no hist\u00f3rico escolar, o\/a acad\u00eamico (a) dever\u00e1 apresentar c\u00f3pia dos documentos (requerimento e comprovantes devidamente\u00a0 identificados) via Portal do Aluno (<strong>Solicita\u00e7\u00e3o de registro de ACG <\/strong>&#8211; acesso pelo Portal do Aluno, menu Altera\u00e7\u00e3o Curricular\\Requerimento de Dispensa, conforme <u>TUTORIAL<\/u>), preferencialmente, no 7\u00ba semestre.<\/p>\n<ul>\n<li>As atividades a serem computadas ser\u00e3o aquelas realizadas entre o ano de ingresso e o ano de finaliza\u00e7\u00e3o do Curso.<\/li>\n<\/ul>\n<p><strong>\u00a0\u00a0\u00a0\u00a0\u00a0\u00a0\u00a0\u00a0\u00a0\u00a0\u00a0\u00a0\u00a0\u00a0\u00a0\u00a0\u00a0\u00a0\u00a0\u00a0\u00a0\u00a0\u00a0\u00a0\u00a0\u00a0\u00a0\u00a0\u00a0\u00a0\u00a0\u00a0\u00a0\u00a0\u00a0\u00a0\u00a0\u00a0\u00a0\u00a0\u00a0\u00a0\u00a0\u00a0\u00a0\u00a0\u00a0\u00a0\u00a0\u00a0\u00a0\u00a0\u00a0\u00a0\u00a0\u00a0\u00a0\u00a0\u00a0\u00a0\u00a0\u00a0\u00a0\u00a0\u00a0\u00a0\u00a0\u00a0\u00a0\u00a0\u00a0\u00a0\u00a0\u00a0\u00a0\u00a0\u00a0\u00a0\u00a0\u00a0\u00a0\u00a0\u00a0\u00a0\u00a0\u00a0\u00a0\u00a0\u00a0\u00a0\u00a0\u00a0\u00a0\u00a0\u00a0\u00a0\u00a0\u00a0\u00a0\u00a0\u00a0\u00a0\u00a0\u00a0\u00a0\u00a0\u00a0\u00a0\u00a0\u00a0\u00a0\u00a0\u00a0\u00a0 <\/strong><\/p>\n<p><strong>S\u00e3o consideradas ATIVIDADES COMPLEMENTARES DE GRADUA\u00c7\u00c3O:<\/strong><\/p>\n<p><strong>1 \u2013 Participa\u00e7\u00e3o em Eventos (at\u00e9 180h): <\/strong>Entende-se por eventos: Semin\u00e1rios, Congressos, Confer\u00eancias, Encontros, Semanas Acad\u00eamicas, Mini-Cursos, Atividades Art\u00edstico-Culturais e outras que, embora tenham denomina\u00e7\u00e3o diversa, perten\u00e7am ao mesmo g\u00eanero.<\/p>\n<p>\u2013 &gt; Anexar c\u00f3pia do certificado de participa\u00e7\u00e3o e\/ou organiza\u00e7\u00e3o do evento.<\/p>\n<p><strong>2 \u2013 Atua\u00e7\u00e3o em N\u00facleos Tem\u00e1ticos (at\u00e9 20h por semestre):\u00a0<\/strong>Participa\u00e7\u00e3o em grupo de pesquisa ou de estudo, como colaborador ou participante (sem vincula\u00e7\u00e3o de bolsa)<\/p>\n<p>\u2013 &gt; Anexar atestado do Coordenador do Grupo de Estudo ou de Pesquisa indicando o tipo de participa\u00e7\u00e3o, per\u00edodo e carga hor\u00e1ria.<\/p>\n<p>\u2013 &gt; Se for projeto de pesquisa, o atestado pode ser substitu\u00eddo pelo comprovante do Gabinete de Projetos (GAP), desde que tenha as informa\u00e7\u00f5es solicitadas.<\/p>\n<p><strong>3 \u2013 Atividades de Extens\u00e3o (at\u00e9 80h por item: 3.1 e 3.2)<\/strong><\/p>\n<p>3.1 Participa\u00e7\u00e3o como bolsista em projeto de extens\u00e3o: anexar comprovante do Gabinete de Projetos (GAP),<\/p>\n<p>3.2 Participa\u00e7\u00e3o em a\u00e7\u00f5es de extens\u00e3o: anexar certificado ou atestado indicando as a\u00e7\u00f5es desenvolvidas, per\u00edodo e carga hor\u00e1ria.<\/p>\n<p><strong>4 \u2013 Est\u00e1gio Extracurricular (at\u00e9 120h por est\u00e1gio)<\/strong><\/p>\n<p>\u2013 &gt; Anexar certificado ou atestado indicando as a\u00e7\u00f5es desenvolvidas, local do Est\u00e1gio, per\u00edodo e carga hor\u00e1ria total do est\u00e1gio.<\/p>\n<p><strong>5 \u2013 Atividades de Inicia\u00e7\u00e3o Cient\u00edfica e de Pesquisa (at\u00e9 80h por item: 5.1, 5.2, 5.3):\u00a0<\/strong>Considera-se atividade de inicia\u00e7\u00e3o cient\u00edfica ou de pesquisa: bolsista em projetos de pesquisa; apresenta\u00e7\u00e3o de trabalhos em eventos e palestrante ou ministrante de oficina.<\/p>\n<p>5.1 Bolsista de projeto de pesquisa: anexar comprovante do Gabinete de Projetos (GAP).<\/p>\n<p>5.2 Apresenta\u00e7\u00e3o de trabalho (autor 10h, co-autor 4h): anexar certificado de apresenta\u00e7\u00e3o do trabalho.<\/p>\n<p>5.3 Palestrante ou ministrante de oficina: anexar certificado ou atestado indicando a atividade desenvolvida, data\/per\u00edodo e carga hor\u00e1ria correspondente.<\/p>\n<p><strong>6 \u2013 Publica\u00e7\u00e3o de Trabalhos (20h por resumo simples, 40h resumo expandido e 80h por texto completo):\u00a0<\/strong>resumos, trabalho completo, artigos, cap\u00edtulos de livro, etc..<\/p>\n<p>\u2013 &gt; Anexar c\u00f3pia da publica\u00e7\u00e3o contendo nome, periodicidade, editor, data e p\u00e1gina, volume;<\/p>\n<p>\u2013 &gt; Se a publica\u00e7\u00e3o for em anais de evento, pode ser a folha de rosto com os dados do evento ou similar, al\u00e9m da c\u00f3pia da publica\u00e7\u00e3o.<\/p>\n<p><strong>7 \u2013 Participa\u00e7\u00e3o em \u00d3rg\u00e3o Colegiado ou Comiss\u00e3o (at\u00e9 20h por portaria\/semestre)<\/strong><\/p>\n<p>\u2013 &gt; Anexar c\u00f3pia da portaria de nomea\u00e7\u00e3o como membro do \u00f3rg\u00e3o colegiado ou da comiss\u00e3o.<\/p>\n<p><strong>8 \u2013 Monitorias ou Tutorias (inclusive EaD, at\u00e9 120h por certificado)<\/strong><\/p>\n<p>\u2013 &gt; Anexar atestado do docente respons\u00e1vel pela disciplina informando as atividades desenvolvidas, per\u00edodo e carga hor\u00e1ria;<\/p>\n<p>\u2013 &gt; Outros tipos de monitoria ou tutoria, anexar atestado ou certificado indicando as atividades desenvolvidas, local, per\u00edodo e carga hor\u00e1ria.<\/p>\n<p><strong>9 \u2013 Atividades Vinculadas \u00e0 Gest\u00e3o e Outras Atividades a Crit\u00e9rio do Colegiado do Curso\u00a0(at\u00e9 80h por atividade)<\/strong><\/p>\n<p>9.1 Bolsista em Setores Administrativos (Dire\u00e7\u00e3o de Centro, Coordena\u00e7\u00e3o de Curso, Departamento Did\u00e1tico, Biblioteca, Pr\u00f3-Reitorias, Laborat\u00f3rios de Ensino, \u2026);<\/p>\n<p>9.2 Outras atividades que n\u00e3o estejam contempladas nos itens anteriores como cursos de l\u00edngua estrangeira, linguagem de sinais, inform\u00e1tica, extens\u00e3o; viagens de estudo; laborat\u00f3rios; visitas t\u00e9cnicas, atividades volunt\u00e1rias.<\/p>\n<p>\u2013 &gt; Anexar atestado ou certificado contendo as informa\u00e7\u00f5es sobre atividades desenvolvidas, local, per\u00edodo e carga hor\u00e1ria.<\/p>\n<p>Nos casos em que n\u00e3o constar carga hor\u00e1ria nos certificados, seguir os par\u00e2metros abaixo:<\/p>\n<p><strong>1 \u2013 PARTICIPA\u00c7\u00c3O EM EVENTOS:\u00a0<\/strong>Coordena\u00e7\u00e3o de mesa \u2013 8h; Comiss\u00e3o organizadora \u2013 20h<\/p>\n<p><strong>5 \u2013 ATIVIDADES DE INICIA\u00c7\u00c3O CIENT\u00cdFICA E DE PESQUISA:\u00a0<\/strong>Apresenta\u00e7\u00e3o de trabalhos \u2013 10h; Membro da equipe do trabalho apresentado, co-autor \u2013 4h; Palestrante ou ministrante de oficina \u2013 16h.<\/p>\n<p><strong>7 \u2013 PARTICIPA\u00c7\u00c3O EM \u00d3RG\u00c3OS COLEGIADOS E COMISS\u00d5ES:\u00a0<\/strong>8h\/mensais.<\/p>\n<p>\u00a0<\/p>\n","protected":false},"excerpt":{"rendered":"<p>ATIVIDADES COMPLEMENTARES DE GRADUA\u00c7\u00c3O \u2013 ACGs Resolu\u00e7\u00e3o N\u00ba 025\/2017 da UFSM \u2013 trata das Atividades Complementares de Gradua\u00e7\u00e3o de forma geral. ACG NO CURSO DE PEDAGOGIA LICENCIATURA PLENA DIURNO A atual normativa para registro das Atividades Complementares de Gradua\u00e7\u00e3o \u2013\u00a0ACG &#8211; foi aprovada em reuni\u00e3o do Colegiado do Curso, em 16\/03\/2020. A carga hor\u00e1ria m\u00ednima [&hellip;]<\/p>\n","protected":false},"author":117,"featured_media":0,"parent":0,"menu_order":0,"comment_status":"closed","ping_status":"closed","template":"","meta":{"footnotes":""},"categories":[],"tags":[],"class_list":["post-157","page","type-page","status-publish","hentry"],"acf":[],"_links":{"self":[{"href":"https:\/\/www.ufsm.br\/cursos\/graduacao\/santa-maria\/pedagogia\/wp-json\/wp\/v2\/pages\/157","targetHints":{"allow":["GET"]}}],"collection":[{"href":"https:\/\/www.ufsm.br\/cursos\/graduacao\/santa-maria\/pedagogia\/wp-json\/wp\/v2\/pages"}],"about":[{"href":"https:\/\/www.ufsm.br\/cursos\/graduacao\/santa-maria\/pedagogia\/wp-json\/wp\/v2\/types\/page"}],"author":[{"embeddable":true,"href":"https:\/\/www.ufsm.br\/cursos\/graduacao\/santa-maria\/pedagogia\/wp-json\/wp\/v2\/users\/117"}],"replies":[{"embeddable":true,"href":"https:\/\/www.ufsm.br\/cursos\/graduacao\/santa-maria\/pedagogia\/wp-json\/wp\/v2\/comments?post=157"}],"version-history":[{"count":0,"href":"https:\/\/www.ufsm.br\/cursos\/graduacao\/santa-maria\/pedagogia\/wp-json\/wp\/v2\/pages\/157\/revisions"}],"wp:attachment":[{"href":"https:\/\/www.ufsm.br\/cursos\/graduacao\/santa-maria\/pedagogia\/wp-json\/wp\/v2\/media?parent=157"}],"wp:term":[{"taxonomy":"category","embeddable":true,"href":"https:\/\/www.ufsm.br\/cursos\/graduacao\/santa-maria\/pedagogia\/wp-json\/wp\/v2\/categories?post=157"},{"taxonomy":"post_tag","embeddable":true,"href":"https:\/\/www.ufsm.br\/cursos\/graduacao\/santa-maria\/pedagogia\/wp-json\/wp\/v2\/tags?post=157"}],"curies":[{"name":"wp","href":"https:\/\/api.w.org\/{rel}","templated":true}]}}