{"id":172,"date":"2019-01-04T12:40:47","date_gmt":"2019-01-04T14:40:47","guid":{"rendered":"https:\/\/www.ufsm.br\/cursos\/graduacao\/santa-maria\/pedagogia\/?page_id=172"},"modified":"2020-02-20T08:57:21","modified_gmt":"2020-02-20T11:57:21","slug":"grupo-de-estudos-e-pesquisas","status":"publish","type":"page","link":"https:\/\/www.ufsm.br\/cursos\/graduacao\/santa-maria\/pedagogia\/grupo-de-estudos-e-pesquisas","title":{"rendered":"Grupo de Estudos e Pesquisas"},"content":{"rendered":"\n<p><a href=\"https:\/\/www.ufsm.br\/cursos\/pos-graduacao\/santa-maria\/ppge\/grupos\/nucleo-de-estudos-sobre-memoria-e-educacao\/\">CLIO: N\u00daCLEO DE ESTUDOS SOBRE MEM\u00d3RIA E EDUCA\u00c7\u00c3O<\/a><\/p>\n<p>\u00a0 \u00a0 \u00a0 \u00a0 \u00a0 \u00a0Coordenador: Prof. Jorge Luiz da Cunha<\/p>\n<p><a href=\"http:\/\/w3.ufsm.br\/elos\/\">ELOS: GRUPO DE ESTUDOS E PESQUISAS SOBRE O CAMPO CURRICULAR<\/a><\/p>\n<p>\u00a0 \u00a0 \u00a0 \u00a0 \u00a0 \u00a0Coordenador: Profa. Rosane Carneiro Sarturi<\/p>\n<p>FAPEM: GRUPO DE ESTUDOS E PESQUISAS EM FORMA\u00c7\u00c3O, A\u00c7\u00c3O E PESQUISA EM EDUCA\u00c7\u00c3O MUSICAL<\/p>\n<p>\u00a0 \u00a0 \u00a0 \u00a0 \u00a0 \u00a0Coordenadora: Profa.Cl\u00e1udia Ribeiro Bellochio<\/p>\n<p>GEPEMAT: GRUPO DE ESTUDOS E PESQUISAS EM EDUCA\u00c7\u00c3O MATEM\u00c1TICA<\/p>\n<p>\u00a0 \u00a0 \u00a0 \u00a0 \u00a0 \u00a0Coordenador: Profa. Anemari Roesler Luersen Vieira Lopes<\/p>\n<p><a href=\"https:\/\/www.ufsm.br\/cursos\/pos-graduacao\/santa-maria\/ppge\/grupos\/grupo-de-estudo-e-pesquisa-sobre-formacao-inicial-contunuada-e-alfabetizacao\/\">GEPFICA: GRUPO DE ESTUDOS E PESQUISAS SOBRE FORMA\u00c7\u00c3O INICIAL, CONTINUADA E ALFABETIZA\u00c7\u00c3O<\/a><\/p>\n<p>\u00a0 \u00a0 \u00a0 \u00a0 \u00a0 \u00a0Coordenadora: Profa.Helenise Sangoi Antunes<\/p>\n<p><a href=\"https:\/\/www.ufsm.br\/cursos\/pos-graduacao\/santa-maria\/ppge\/grupos\/educacao-e-imaginario-social\/\">GEPEIS: GRUPO DE ESTUDOS E PESQUISAS EM EDUCA\u00c7\u00c3O E IMAGIN\u00c1RIO SOCIAL<\/a><\/p>\n<p>\u00a0 \u00a0 \u00a0 \u00a0 \u00a0 \u00a0Coordenadora: Profa. Valeska Fortes de Oliveira<\/p>\n<p><a href=\"https:\/\/www.ufsm.br\/cursos\/pos-graduacao\/santa-maria\/ppge\/grupos\/filosofia-cultura-e-educacao\/\">FILJEM<\/a>: FILOSOFIA, CULTURA E EDUCA\u00c7\u00c3O<\/p>\n<p>\u00a0 \u00a0 \u00a0 \u00a0 \u00a0 \u00a0Coordenadora: Profa. Elisete Medianeira Tomazetti<\/p>\n<p><a href=\"https:\/\/www.ufsm.br\/cursos\/pos-graduacao\/santa-maria\/ppge\/grupos\/formacao-de-professores-e-praticas-educativas-educacao-basica-e-superior\/\">GPFOPE: GRUPO DE PESQUISA: FORMA\u00c7\u00c3O DE PROFESSORES E PR\u00c1TICAS EDUCATIVAS: EDUCA\u00c7\u00c3O B\u00c1SICA E SUPERIOR<\/a><\/p>\n<p>\u00a0 \u00a0 \u00a0 \u00a0 \u00a0 \u00a0Coordenadoras: Profa. D\u00f3ris Pires Vargas Bolzan;<\/p>\n<p>\u00a0 \u00a0 \u00a0 \u00a0 \u00a0 \u00a0Profa. Silvia Maria de Aguiar Isaia.<\/p>\n<p>GPFORMA: GRUPO DE PESQUISA, FORMA\u00c7\u00c3O CULTURA, HERMEN\u00caUTICA E EDUCA\u00c7\u00c3O<\/p>\n<p>\u00a0 \u00a0 \u00a0 \u00a0 \u00a0 Coordenador: Prof. Amarildo Luiz Trevisan<\/p>\n<p><a href=\"https:\/\/www.ufsm.br\/cursos\/pos-graduacao\/santa-maria\/ppge\/grupos\/trajetorias-da-formacao\/\">GTFORMA: GRUPO DE PESQUISA TRAJET\u00d3RIAS DE FORMA\u00c7\u00c3O<\/a><\/p>\n<p>\u00a0 \u00a0 \u00a0 \u00a0 \u00a0 Coordenador: Profa. Silvia M. de Aguiar Isaia<\/p>\n<p>GEPGE : GRUPO DE ESTUDOS E PESQUISAS EM POL\u00cdTICAS P\u00daBLICAS E GEST\u00c3O EDUCACIONAL<\/p>\n<p>\u00a0 \u00a0 \u00a0 \u00a0 \u00a0 Coordenadora: Profa. Sueli Menezes Pereira<\/p>\n<p>INVESTIGA\u00c7\u00c3O-A\u00c7\u00c3O ESCOLAR E EDUCA\u00c7\u00c3O DIAL\u00d3GICA-PROBLEMATIZADORA<\/p>\n<p>\u00a0 \u00a0 \u00a0 \u00a0 \u00a0 Coordenador: Prof. F\u00e1bio da Purifica\u00e7\u00e3o de Bastos<\/p>\n<p><a href=\"http:\/\/www.grupodec.net.br\/\">GEPDEC:GRUPO DE ESTUDOS E PESQUISAS -DIFEREN\u00c7A, EDUCA\u00c7\u00c3O E CULTURA<\/a><\/p>\n<p>\u00a0 \u00a0 \u00a0 \u00a0 \u00a0 Coordenadores: Profa. M\u00e1rcia Lise Lunardi-Lazzarin;<\/p>\n<p>\u00a0 \u00a0 \u00a0 \u00a0 \u00a0 Prof. Luis Fernando Lazzarin.<\/p>\n<p>GEPAEC:GRUPO DE ESTUDOS E PESQUISAS EM ARTE, EDUCA\u00c7\u00c3O E CULTURA<\/p>\n<p>\u00a0 \u00a0 \u00a0 \u00a0 \u00a0 Coordenadora: Profa. Marilda Oliveira de Oliveria<\/p>\n<p>GRUPO DE PESQUISA INTERNEXUS<\/p>\n<p>\u00a0 \u00a0 \u00a0 \u00a0 \u00a0 Coordenadora: Profa. Deisi Sang\u00f3i Freitas<\/p>\n<p>KAIR\u00d3S:GRUPO DE ESTUDOS E PESQUISAS TRABALHO, POL\u00cdTICAS P\u00daBLICAS\u00a0E EDUCA\u00c7\u00c3O<\/p>\n<p>\u00a0 \u00a0 \u00a0 \u00a0 \u00a0 Coordenadora: Profa. Liliana Soares Ferreira<\/p>\n<p>GEPI INOVAEDUC \u2013 GRUPO DE ESTUDOS, PESQUISAS E INTERVEN\u00c7\u00d5ES INOVA\u00c7\u00c3O EDUCACIONAL, PR\u00c1TICAS EDUCATIVAS E FORMA\u00c7\u00c3O DE PROFESSORES<\/p>\n<p>\u00a0 \u00a0 \u00a0 \u00a0 \u00a0 Coordenador: Prof. Eduardo Adolfo Terrazzan<\/p>\n<p>KOSMOS: GRUPO DE PESQUISA SOBRE EDUCA\u00c7\u00c3O DIGITAL E REDES DE FORMA\u00c7\u00c3O DOCENTE<\/p>\n<p>\u00a0 \u00a0 \u00a0 \u00a0 \u00a0 Coordenadora: Profa. Adriana Moreira da Rocha<\/p>\n<p>GEPEIN: GRUPO DE ESTUDOS E PESQUISA EM PSICOLOGIA DA EDUCA\u00c7\u00c3O E EDUCA\u00c7\u00c3O INCLUSIVA<\/p>\n<p>\u00a0 \u00a0 \u00a0 \u00a0 \u00a0 Coordenadora: Profa. Fabiane Adela Tonetto Costas<\/p>\n<p>FLOEMA \u2013 N\u00daCLEO DE ESTUDOS EM EST\u00c9TICA E EDUCA\u00c7\u00c3O<\/p>\n<p>\u00a0 \u00a0 \u00a0 \u00a0 \u00a0 Coordenador: Prof. Marcelo de Andrade Pereira<\/p>\n<p>N\u00daCLEO KITANDA: EDUCA\u00c7\u00c3O E INTERCULTURA<\/p>\n<p>\u00a0 \u00a0 \u00a0 \u00a0 \u00a0 Coordenador: Prof. Dr. Valdo Barcelos;<br \/>\u00a0 \u00a0 \u00a0 \u00a0 \u00a0 Prof. Dr. Celso Ilgo Henz<\/p>\n<p><a href=\"http:\/\/w3.ufsm.br\/edea\/\">EdEA: EDUCA\u00c7\u00c3O ESPECIAL E AUTISMO<br \/><\/a>Coordenador: Prof. Dr. Carlo Schmidt<br \/><br \/><\/p>\n<p>GRUPO DE PESQUISA SOBRE UNIVERSIDADES\/GEU-UFSM<\/p>\n","protected":false},"excerpt":{"rendered":"<p>CLIO: N\u00daCLEO DE ESTUDOS SOBRE MEM\u00d3RIA E EDUCA\u00c7\u00c3O \u00a0 \u00a0 \u00a0 \u00a0 \u00a0 \u00a0Coordenador: Prof. Jorge Luiz da Cunha ELOS: GRUPO DE ESTUDOS E PESQUISAS SOBRE O CAMPO CURRICULAR \u00a0 \u00a0 \u00a0 \u00a0 \u00a0 \u00a0Coordenador: Profa. Rosane Carneiro Sarturi FAPEM: GRUPO DE ESTUDOS E PESQUISAS EM FORMA\u00c7\u00c3O, A\u00c7\u00c3O E PESQUISA EM EDUCA\u00c7\u00c3O MUSICAL \u00a0 \u00a0 [&hellip;]<\/p>\n","protected":false},"author":117,"featured_media":0,"parent":0,"menu_order":0,"comment_status":"closed","ping_status":"closed","template":"","meta":{"footnotes":""},"categories":[],"tags":[],"class_list":["post-172","page","type-page","status-publish","hentry"],"acf":[],"_links":{"self":[{"href":"https:\/\/www.ufsm.br\/cursos\/graduacao\/santa-maria\/pedagogia\/wp-json\/wp\/v2\/pages\/172","targetHints":{"allow":["GET"]}}],"collection":[{"href":"https:\/\/www.ufsm.br\/cursos\/graduacao\/santa-maria\/pedagogia\/wp-json\/wp\/v2\/pages"}],"about":[{"href":"https:\/\/www.ufsm.br\/cursos\/graduacao\/santa-maria\/pedagogia\/wp-json\/wp\/v2\/types\/page"}],"author":[{"embeddable":true,"href":"https:\/\/www.ufsm.br\/cursos\/graduacao\/santa-maria\/pedagogia\/wp-json\/wp\/v2\/users\/117"}],"replies":[{"embeddable":true,"href":"https:\/\/www.ufsm.br\/cursos\/graduacao\/santa-maria\/pedagogia\/wp-json\/wp\/v2\/comments?post=172"}],"version-history":[{"count":0,"href":"https:\/\/www.ufsm.br\/cursos\/graduacao\/santa-maria\/pedagogia\/wp-json\/wp\/v2\/pages\/172\/revisions"}],"wp:attachment":[{"href":"https:\/\/www.ufsm.br\/cursos\/graduacao\/santa-maria\/pedagogia\/wp-json\/wp\/v2\/media?parent=172"}],"wp:term":[{"taxonomy":"category","embeddable":true,"href":"https:\/\/www.ufsm.br\/cursos\/graduacao\/santa-maria\/pedagogia\/wp-json\/wp\/v2\/categories?post=172"},{"taxonomy":"post_tag","embeddable":true,"href":"https:\/\/www.ufsm.br\/cursos\/graduacao\/santa-maria\/pedagogia\/wp-json\/wp\/v2\/tags?post=172"}],"curies":[{"name":"wp","href":"https:\/\/api.w.org\/{rel}","templated":true}]}}