{"id":173,"date":"2019-01-04T12:49:00","date_gmt":"2019-01-04T14:49:00","guid":{"rendered":"https:\/\/www.ufsm.br\/cursos\/graduacao\/santa-maria\/pedagogia\/?page_id=173"},"modified":"2022-04-08T11:37:31","modified_gmt":"2022-04-08T14:37:31","slug":"estagio-supervisionado-obrigatorio","status":"publish","type":"page","link":"https:\/\/www.ufsm.br\/cursos\/graduacao\/santa-maria\/pedagogia\/estagio-supervisionado-obrigatorio","title":{"rendered":"Est\u00e1gio Obrigat\u00f3rio &#8211; Pedagogia Diurno"},"content":{"rendered":"\t\t<div data-elementor-type=\"wp-post\" data-elementor-id=\"173\" class=\"elementor elementor-173\">\n\t\t\t\t\t\t<section class=\"elementor-section elementor-top-section elementor-element elementor-element-4a8b010a elementor-section-boxed elementor-section-height-default elementor-section-height-default\" data-id=\"4a8b010a\" data-element_type=\"section\">\n\t\t\t\t\t\t<div class=\"elementor-container elementor-column-gap-default\">\n\t\t\t\t\t<div class=\"elementor-column elementor-col-100 elementor-top-column elementor-element elementor-element-1865c6af\" data-id=\"1865c6af\" data-element_type=\"column\">\n\t\t\t<div class=\"elementor-widget-wrap elementor-element-populated\">\n\t\t\t\t\t\t<div class=\"elementor-element elementor-element-40fde00e elementor-widget elementor-widget-text-editor\" data-id=\"40fde00e\" data-element_type=\"widget\" data-widget_type=\"text-editor.default\">\n\t\t\t\t<div class=\"elementor-widget-container\">\n\t\t\t\t\t\t\t<p><!-- wp:tadv\/classic-paragraph --><\/p>\n<p><strong>Documentos necess\u00e1rios para a realiza\u00e7\u00e3o do Est\u00e1gio Supervisionado:<\/strong><\/p>\n<p>&#8211; Termo de Compromisso de Est\u00e1gio Obrigat\u00f3rio;<\/p>\n<p>&#8211; Carta de Apresenta\u00e7\u00e3o;<\/p>\n<p>&#8211; Ap\u00f3lice de Seguro.&nbsp;<\/p>\n<p><strong style=\"color: black;font-size: 1rem\">Os\/as alunos\/as em Est\u00e1gio Supervisionado dever\u00e3o:<\/strong><\/p>\n<p>&nbsp;&#8211; Preencher (com os dados da escola em que ser\u00e1 realizado o est\u00e1gio) e imprimir tr\u00eas (3) vias do Termo de Compromisso de Est\u00e1gio Obrigat\u00f3rio. Ap\u00f3s solicitar as assinaturas (Coordenador(a) do Curso e Institui\u00e7\u00e3o de Ensino).<\/p>\n<p><strong>Modelo de Termo de Compromisso de Est\u00e1gio Obrigat\u00f3rio <a href=\"https:\/\/www.ufsm.br\/cursos\/graduacao\/santa-maria\/pedagogia\/termo-de-compromisso-estagios-obrigatorios-2\/\" rel=\"attachment wp-att-1114\">(Download)<\/a><\/strong><\/p>\n<p><span style=\"color: black;font-size: 1rem\">&#8211; Preencher as Cartas de Apresenta\u00e7\u00e3o do aluno(a) \u00e0 Escola e solicitar as assinaturas da Orientador(a) de Est\u00e1gio e Coordenador(a) de Curso.<\/span><\/p>\n<p><strong>Ap\u00f3lice de Seguro <a href=\"https:\/\/www.ufsm.br\/app\/uploads\/sites\/458\/2021\/12\/Termo-Aditivo-02-CT-078-2019.pdf\">(Download)<\/a><\/strong><\/p>\n<p><strong>&nbsp;Informa\u00e7\u00e3o Importante:<\/strong><\/p>\n<p>O acad\u00eamico deve observar o que consta na&nbsp;<a href=\"https:\/\/www.ufsm.br\/cursos\/graduacao\/santa-maria\/pedagogia\/wp-content\/uploads\/sites\/458\/2019\/01\/Resolucao_025_10.pdf\">RESOLU\u00c7\u00c3O N\u00ba 025\/10<\/a>&nbsp;da UFSM, a qual regulamenta, no \u00e2mbito da UFSM, a concess\u00e3o de Est\u00e1gios Supervisionados Obrigat\u00f3rios e N\u00e3o Obrigat\u00f3rios para alunos de gradua\u00e7\u00e3o e de ensino m\u00e9dio e tecnol\u00f3gico.<\/p>\n<p><\/p>\n<p><!-- \/wp:tadv\/classic-paragraph --><\/p>\t\t\t\t\t\t<\/div>\n\t\t\t\t<\/div>\n\t\t\t\t\t<\/div>\n\t\t<\/div>\n\t\t\t\t\t<\/div>\n\t\t<\/section>\n\t\t\t\t<\/div>\n\t\t","protected":false},"excerpt":{"rendered":"<p>Documentos necess\u00e1rios para a realiza\u00e7\u00e3o do Est\u00e1gio Supervisionado: &#8211; Termo de Compromisso de Est\u00e1gio Obrigat\u00f3rio; &#8211; Carta de Apresenta\u00e7\u00e3o; &#8211; Ap\u00f3lice de Seguro.&nbsp; Os\/as alunos\/as em Est\u00e1gio Supervisionado dever\u00e3o: &nbsp;&#8211; Preencher (com os dados da escola em que ser\u00e1 realizado o est\u00e1gio) e imprimir tr\u00eas (3) vias do Termo de Compromisso de Est\u00e1gio Obrigat\u00f3rio. Ap\u00f3s [&hellip;]<\/p>\n","protected":false},"author":4858,"featured_media":0,"parent":0,"menu_order":0,"comment_status":"closed","ping_status":"closed","template":"","meta":{"footnotes":""},"categories":[],"tags":[],"class_list":["post-173","page","type-page","status-publish","hentry"],"acf":[],"_links":{"self":[{"href":"https:\/\/www.ufsm.br\/cursos\/graduacao\/santa-maria\/pedagogia\/wp-json\/wp\/v2\/pages\/173","targetHints":{"allow":["GET"]}}],"collection":[{"href":"https:\/\/www.ufsm.br\/cursos\/graduacao\/santa-maria\/pedagogia\/wp-json\/wp\/v2\/pages"}],"about":[{"href":"https:\/\/www.ufsm.br\/cursos\/graduacao\/santa-maria\/pedagogia\/wp-json\/wp\/v2\/types\/page"}],"author":[{"embeddable":true,"href":"https:\/\/www.ufsm.br\/cursos\/graduacao\/santa-maria\/pedagogia\/wp-json\/wp\/v2\/users\/4858"}],"replies":[{"embeddable":true,"href":"https:\/\/www.ufsm.br\/cursos\/graduacao\/santa-maria\/pedagogia\/wp-json\/wp\/v2\/comments?post=173"}],"version-history":[{"count":0,"href":"https:\/\/www.ufsm.br\/cursos\/graduacao\/santa-maria\/pedagogia\/wp-json\/wp\/v2\/pages\/173\/revisions"}],"wp:attachment":[{"href":"https:\/\/www.ufsm.br\/cursos\/graduacao\/santa-maria\/pedagogia\/wp-json\/wp\/v2\/media?parent=173"}],"wp:term":[{"taxonomy":"category","embeddable":true,"href":"https:\/\/www.ufsm.br\/cursos\/graduacao\/santa-maria\/pedagogia\/wp-json\/wp\/v2\/categories?post=173"},{"taxonomy":"post_tag","embeddable":true,"href":"https:\/\/www.ufsm.br\/cursos\/graduacao\/santa-maria\/pedagogia\/wp-json\/wp\/v2\/tags?post=173"}],"curies":[{"name":"wp","href":"https:\/\/api.w.org\/{rel}","templated":true}]}}