{"id":178,"date":"2019-01-04T12:56:36","date_gmt":"2019-01-04T14:56:36","guid":{"rendered":"https:\/\/www.ufsm.br\/cursos\/graduacao\/santa-maria\/pedagogia\/?page_id=178"},"modified":"2022-04-08T11:39:16","modified_gmt":"2022-04-08T14:39:16","slug":"estagio-fora-de-sede","status":"publish","type":"page","link":"https:\/\/www.ufsm.br\/cursos\/graduacao\/santa-maria\/pedagogia\/estagio-fora-de-sede","title":{"rendered":"Est\u00e1gio Fora de Sede &#8211; Pedagogia Diurno"},"content":{"rendered":"\n<p><strong>INSTRU\u00c7\u00d5ES PARA PEDIDOS DE EST\u00c1GIO CURRICULAR FORA DA SEDE<\/strong><\/p>\n<p>Os alunos que desejam realizar o Est\u00e1gio Curricular Fora da Sede (fora de Santa Maria) necessitam entregar na Coordena\u00e7\u00e3o do Curso de Pedagogia os seguintes documentos:<\/p>\n<p>1) Requerimento do(a) aluno(a) ao Colegiado do Curso solicitando a realiza\u00e7\u00e3o do Est\u00e1gio Curricular Supervisionado fora da Sede, com os dados pessoais e justificativa do pedido.<a href=\"http:\/\/www.pedagogia.diurno.ufsm.br\/images\/Declara%C3%A7%C3%A3o_da_Professora_para_est%C3%A1gio_1.docx\"><br \/><\/a><\/p>\n<p><a href=\"https:\/\/www.ufsm.br\/cursos\/graduacao\/santa-maria\/pedagogia\/wp-content\/uploads\/sites\/458\/2019\/01\/Requerimento_Fora_de_Sede_MODELO.docx\">Requerimento Aluno<\/a><\/p>\n<p>2) Declara\u00e7\u00e3o com ci\u00eancia do\/a Orientador\/a de Est\u00e1gio.<\/p>\n<p><a href=\"https:\/\/www.ufsm.br\/cursos\/graduacao\/santa-maria\/pedagogia\/wp-content\/uploads\/sites\/458\/2019\/01\/Declara\u00e7\u00e3o_da_Orientador_MEN1184.docx\">Declara\u00e7\u00e3o Orientador\/a Est\u00e1gio &#8211; MEN1184<\/a><\/p>\n<p><a href=\"https:\/\/www.ufsm.br\/cursos\/graduacao\/santa-maria\/pedagogia\/wp-content\/uploads\/sites\/458\/2019\/01\/Declara\u00e7\u00e3o_da_Orientador_MEN1182.docx\">Declara\u00e7\u00e3o Orientador\/a Est\u00e1gio &#8211; MEN1182<\/a><\/p>\n<p>3) Termo de Compromisso assinado pelo\/a Diretora e\/ou Coordenadora Pedag\u00f3gica da Escola e Termo de Compromisso assinado pelo\/a supervisor\/a.\u00a0<\/p>\n<p>4) Anexar ao Termo de Compromisso\u00a0<strong>c\u00f3pia d<\/strong><strong>o diploma da forma\u00e7\u00e3o<\/strong>, pois, a\u00a0<strong>Diretora<\/strong>\u00a0ou a Coordenadora Pedag\u00f3gica devem ter forma\u00e7\u00e3o em curso de Licenciatura em Pedagogia para que possam realizar a supervis\u00e3o do est\u00e1gio.<\/p>\n<p><a href=\"https:\/\/www.ufsm.br\/cursos\/graduacao\/santa-maria\/pedagogia\/wp-content\/uploads\/sites\/458\/2019\/01\/TERMO_DE_COMPROMISSO_SUPER_MEN1184.docx\">Termo de Compromisso Supervisora MEN1184<\/a><\/p>\n<p><a href=\"https:\/\/www.ufsm.br\/cursos\/graduacao\/santa-maria\/pedagogia\/wp-content\/uploads\/sites\/458\/2019\/01\/TERMO_DE_COMPROMISSO_SUPER_MEN1182.docx\">Termo de Compromisso Supervisora MEN1182<\/a><\/p>\n<p><a href=\"https:\/\/www.ufsm.br\/cursos\/graduacao\/santa-maria\/pedagogia\/wp-content\/uploads\/sites\/458\/2019\/01\/TERMO_DE_COMPROMISSO__DIRETORA_MEN1184.docx\">Termo de Compromisso Diretor\/a MEN1184<\/a><\/p>\n<p><a href=\"https:\/\/www.ufsm.br\/cursos\/graduacao\/santa-maria\/pedagogia\/wp-content\/uploads\/sites\/458\/2019\/01\/TERMO_DE_COMPROMISSO_DIRETORA_MEN1182.docx\">Termo de Compromisso Diretor\/a MEN1182<\/a><\/p>\n<p><strong>Importante!<\/strong><\/p>\n<p>Fica a crit\u00e9rio do aluno(a) solicitante a anexa\u00e7\u00e3o de outros documentos que venham resguardar a decis\u00e3o do Colegiado do Curso.<\/p>\n<p>A realiza\u00e7\u00e3o de Conv\u00eanio, ap\u00f3s a aprova\u00e7\u00e3o do Colegiado do Curso, \u00e9 necess\u00e1ria nos casos em que esse est\u00e1gio for realizado em escola municipal, confessional, particular ou similares.<\/p>\n<p>\u00a0<\/p>\n","protected":false},"excerpt":{"rendered":"<p>INSTRU\u00c7\u00d5ES PARA PEDIDOS DE EST\u00c1GIO CURRICULAR FORA DA SEDE Os alunos que desejam realizar o Est\u00e1gio Curricular Fora da Sede (fora de Santa Maria) necessitam entregar na Coordena\u00e7\u00e3o do Curso de Pedagogia os seguintes documentos: 1) Requerimento do(a) aluno(a) ao Colegiado do Curso solicitando a realiza\u00e7\u00e3o do Est\u00e1gio Curricular Supervisionado fora da Sede, com os [&hellip;]<\/p>\n","protected":false},"author":117,"featured_media":0,"parent":0,"menu_order":0,"comment_status":"closed","ping_status":"closed","template":"","meta":{"footnotes":""},"categories":[],"tags":[],"class_list":["post-178","page","type-page","status-publish","hentry"],"acf":[],"_links":{"self":[{"href":"https:\/\/www.ufsm.br\/cursos\/graduacao\/santa-maria\/pedagogia\/wp-json\/wp\/v2\/pages\/178","targetHints":{"allow":["GET"]}}],"collection":[{"href":"https:\/\/www.ufsm.br\/cursos\/graduacao\/santa-maria\/pedagogia\/wp-json\/wp\/v2\/pages"}],"about":[{"href":"https:\/\/www.ufsm.br\/cursos\/graduacao\/santa-maria\/pedagogia\/wp-json\/wp\/v2\/types\/page"}],"author":[{"embeddable":true,"href":"https:\/\/www.ufsm.br\/cursos\/graduacao\/santa-maria\/pedagogia\/wp-json\/wp\/v2\/users\/117"}],"replies":[{"embeddable":true,"href":"https:\/\/www.ufsm.br\/cursos\/graduacao\/santa-maria\/pedagogia\/wp-json\/wp\/v2\/comments?post=178"}],"version-history":[{"count":0,"href":"https:\/\/www.ufsm.br\/cursos\/graduacao\/santa-maria\/pedagogia\/wp-json\/wp\/v2\/pages\/178\/revisions"}],"wp:attachment":[{"href":"https:\/\/www.ufsm.br\/cursos\/graduacao\/santa-maria\/pedagogia\/wp-json\/wp\/v2\/media?parent=178"}],"wp:term":[{"taxonomy":"category","embeddable":true,"href":"https:\/\/www.ufsm.br\/cursos\/graduacao\/santa-maria\/pedagogia\/wp-json\/wp\/v2\/categories?post=178"},{"taxonomy":"post_tag","embeddable":true,"href":"https:\/\/www.ufsm.br\/cursos\/graduacao\/santa-maria\/pedagogia\/wp-json\/wp\/v2\/tags?post=178"}],"curies":[{"name":"wp","href":"https:\/\/api.w.org\/{rel}","templated":true}]}}