{"id":617,"date":"2019-05-10T18:57:24","date_gmt":"2019-05-10T21:57:24","guid":{"rendered":"https:\/\/www.ufsm.br\/cursos\/graduacao\/santa-maria\/pedagogia\/?page_id=617"},"modified":"2019-07-11T20:36:08","modified_gmt":"2019-07-11T23:36:08","slug":"estagio-fora-de-sede-noturno","status":"publish","type":"page","link":"https:\/\/www.ufsm.br\/cursos\/graduacao\/santa-maria\/pedagogia\/estagio-fora-de-sede-noturno","title":{"rendered":"Est\u00e1gio fora de Sede &#8211; Noturno"},"content":{"rendered":"\n<p><strong>PARA REALIZAR O EST\u00c1GIO SUPERVISIONADO OBRIGAT\u00d3RIO FORA DA SEDE<\/strong><\/p>\n<p>O acad\u00eamico que desejar realizar o Est\u00e1gio Supervisionado Obrigat\u00f3rio fora da Sede (fora de Santa Maria) necessita entregar na Coordena\u00e7\u00e3o do Curso de Pedagogia os seguintes documentos:<\/p>\n<p>1) Requerimento do(a) acad\u00eamico(a) a Coordena\u00e7\u00e3o do Curso e Comiss\u00e3o de Est\u00e1gios solicitando a realiza\u00e7\u00e3o do Est\u00e1gio Curricular Supervisionado fora da Sede; (em anexo)<a href=\"http:\/\/www.pedagogia.diurno.ufsm.br\/images\/Declara%C3%A7%C3%A3o_da_Professora_para_est%C3%A1gio_1.docx\"><br \/><\/a><\/p>\n<p>2) Termo de Compromisso do Diretor da Escola; (em anexo)<\/p>\n<p>3) Termo de Compromisso do Supervisor da Escola; (em anexo)<\/p>\n<p>4) Declara\u00e7\u00e3o de aceite do Orientador do Est\u00e1gio na Educa\u00e7\u00e3o Infantil ou Anos Iniciais; (em anexo)<\/p>\n<p>5) C\u00f3pia do Diploma do Diretor da Escola;<\/p>\n<p>6) C\u00f3pia do Diploma do Supervisor da Escola;<\/p>\n<p>7) Comprovante de matr\u00edcula;<\/p>\n<p>8) Comprovante de resid\u00eancia do acad\u00eamico.<\/p>\n<p>\u00a0<\/p>\n","protected":false},"excerpt":{"rendered":"<p>PARA REALIZAR O EST\u00c1GIO SUPERVISIONADO OBRIGAT\u00d3RIO FORA DA SEDE O acad\u00eamico que desejar realizar o Est\u00e1gio Supervisionado Obrigat\u00f3rio fora da Sede (fora de Santa Maria) necessita entregar na Coordena\u00e7\u00e3o do Curso de Pedagogia os seguintes documentos: 1) Requerimento do(a) acad\u00eamico(a) a Coordena\u00e7\u00e3o do Curso e Comiss\u00e3o de Est\u00e1gios solicitando a realiza\u00e7\u00e3o do Est\u00e1gio Curricular Supervisionado [&hellip;]<\/p>\n","protected":false},"author":477,"featured_media":0,"parent":0,"menu_order":0,"comment_status":"closed","ping_status":"closed","template":"","meta":{"footnotes":""},"categories":[],"tags":[],"class_list":["post-617","page","type-page","status-publish","hentry"],"acf":[],"_links":{"self":[{"href":"https:\/\/www.ufsm.br\/cursos\/graduacao\/santa-maria\/pedagogia\/wp-json\/wp\/v2\/pages\/617","targetHints":{"allow":["GET"]}}],"collection":[{"href":"https:\/\/www.ufsm.br\/cursos\/graduacao\/santa-maria\/pedagogia\/wp-json\/wp\/v2\/pages"}],"about":[{"href":"https:\/\/www.ufsm.br\/cursos\/graduacao\/santa-maria\/pedagogia\/wp-json\/wp\/v2\/types\/page"}],"author":[{"embeddable":true,"href":"https:\/\/www.ufsm.br\/cursos\/graduacao\/santa-maria\/pedagogia\/wp-json\/wp\/v2\/users\/477"}],"replies":[{"embeddable":true,"href":"https:\/\/www.ufsm.br\/cursos\/graduacao\/santa-maria\/pedagogia\/wp-json\/wp\/v2\/comments?post=617"}],"version-history":[{"count":0,"href":"https:\/\/www.ufsm.br\/cursos\/graduacao\/santa-maria\/pedagogia\/wp-json\/wp\/v2\/pages\/617\/revisions"}],"wp:attachment":[{"href":"https:\/\/www.ufsm.br\/cursos\/graduacao\/santa-maria\/pedagogia\/wp-json\/wp\/v2\/media?parent=617"}],"wp:term":[{"taxonomy":"category","embeddable":true,"href":"https:\/\/www.ufsm.br\/cursos\/graduacao\/santa-maria\/pedagogia\/wp-json\/wp\/v2\/categories?post=617"},{"taxonomy":"post_tag","embeddable":true,"href":"https:\/\/www.ufsm.br\/cursos\/graduacao\/santa-maria\/pedagogia\/wp-json\/wp\/v2\/tags?post=617"}],"curies":[{"name":"wp","href":"https:\/\/api.w.org\/{rel}","templated":true}]}}