{"id":1022,"date":"2021-10-18T15:52:31","date_gmt":"2021-10-18T18:52:31","guid":{"rendered":"https:\/\/www.ufsm.br\/cursos\/graduacao\/santa-maria\/producao-editorial\/?page_id=1022"},"modified":"2021-10-19T11:33:06","modified_gmt":"2021-10-19T14:33:06","slug":"conclusao-de-curso","status":"publish","type":"page","link":"https:\/\/www.ufsm.br\/cursos\/graduacao\/santa-maria\/producao-editorial\/conclusao-de-curso","title":{"rendered":"Conclus\u00e3o de curso"},"content":{"rendered":"\n<p>Nesta p\u00e1gina est\u00e3o reunidas as principais informa\u00e7\u00f5es sobre as condi\u00e7\u00f5es e procedimentos para conclus\u00e3o do curso de\u00a0 e outorga do grau de Bacharel em Comunica\u00e7\u00e3o Social &#8211; Produ\u00e7\u00e3o Editorial.<\/p>\n<p>\u00a0<\/p>\n<h3>Aprova\u00e7\u00e3o no TCC<\/h3>\n<p>Primeira condi\u00e7\u00e3o para conclus\u00e3o de curso est\u00e1 atrelada \u00e0 <strong>aprova\u00e7\u00e3o no TCC<\/strong> (Teorias Aplicadas em Comunica\u00e7\u00e3o II). Al\u00e9m disso, a vers\u00e3o final do Trabalho de Conclus\u00e3o de Curso deve ser entregue juntamente com a Autoriza\u00e7\u00e3o para Publica\u00e7\u00e3o, em formato digital, na secretaria do curso. Outras informa\u00e7\u00f5es sobre Defesa do TCC podem ser consultadas no <a href=\"https:\/\/www.ufsm.br\/cursos\/graduacao\/santa-maria\/producao-editorial\/defesa-de-tcc\/\">link<\/a>.<\/p>\n<p>\u00a0<\/p>\n<h3>Integraliza\u00e7\u00e3o curricular<\/h3>\n<p>A integraliza\u00e7\u00e3o curricular diz respeito ao cumprimento da carga hor\u00e1ria do curso, em disciplinas e Atividades Complementares de Gradua\u00e7\u00e3o.<\/p>\n<p>S\u00e3o requisitos para conclus\u00e3o de curso:\u00a0<\/p>\n<ol>\n<li><strong>Ter aprova\u00e7\u00e3o em todas as disciplinas obrigat\u00f3rias<\/strong> do curso, cumprindo 2.325 horas, das quais\u00a0945h em Conte\u00fados do N\u00facleo de Estrutura\u00e7\u00e3o em Produ\u00e7\u00e3o Editorial; 1.380h em Conte\u00fados do N\u00facleo de Forma\u00e7\u00e3o em Produ\u00e7\u00e3o Editorial;<br \/><br \/><\/li>\n<li><strong>Ter completado as 240 horas de DCG <\/strong>(Disciplinas Complementares de Gradua\u00e7\u00e3o). Disciplinas cursadas e que n\u00e3o estejam contabilizando a carga hor\u00e1ria em DCG <b>ou<\/b> disciplinas cursadas em outro curso ANTES do ingresso em Produ\u00e7\u00e3o Editorial, o estudante deve solicitar o <a href=\"https:\/\/www.ufsm.br\/cursos\/graduacao\/santa-maria\/producao-editorial\/formulario-de-aproveitamento-de-disciplina\/\">aproveitamento\/dispensa para validar a carga de DCG<\/a>;<br \/><br \/><\/li>\n<li><strong>Ter registrado, no m\u00ednimo, 180 horas de ACG<\/strong> (Atividades Complementares de Gradua\u00e7\u00e3o). A solicita\u00e7\u00e3o de registro de ACG deve seguir as orienta\u00e7\u00f5es dispon\u00edveis no <a href=\"https:\/\/www.ufsm.br\/cursos\/graduacao\/santa-maria\/producao-editorial\/requerimento-de-acgs\/\">link<\/a>;<\/li>\n<\/ol>\n<p>No <b>Portal do Aluno<\/b>, os dados da integraliza\u00e7\u00e3o podem ser verificados e o estudante pode providenciar as dispensas de disciplina que ainda sejam necess\u00e1rias ou solicitar o registro de ACG.<\/p>\n<p>\u00a0<\/p>\n<h3>Formatura<\/h3>\n<p>A <strong>formatura \u00e9 ato obrigat\u00f3rio e oficial que promulga a cola\u00e7\u00e3o de grau.<\/strong>\u00a0S\u00f3 \u00e9 permitido participar da cerim\u00f4nia de formatura, o estudante que estiver com a integraliza\u00e7\u00e3o curricular completa. A Ata de Formatura \u00e9 o documento que atesta a conclus\u00e3o de curso e cola\u00e7\u00e3o de grau.<\/p>\n<p>A cerim\u00f4nia de formatura pode ser realizada de duas formas excludentes, <strong>Solene<\/strong> (cerimonial completo) ou de <strong>Gabinete<\/strong> (cerimonial simplificado). As formaturas s\u00e3o definidas em acordo com a Coordena\u00e7\u00e3o de Curso, em conformidade com a Resolu\u00e7\u00e3o 11\/2018.<\/p>\n<p>\u00a0<\/p>\n<h3>Diploma<\/h3>\n<p>O diploma \u00e9 expedido pelo COFRE\/PROGRAD, com base nos documentos pessoais do estudante. Por isso, eles devem estar leg\u00edveis e atualizados.<\/p>\n<p>D\u00favidas frequentes sobre Diploma podem ser consultadas no site do <a href=\"https:\/\/www.ufsm.br\/pro-reitorias\/prograd\/cofre-corem\/diploma-de-graduacao\/\">COFRE<\/a>.<\/p>\n","protected":false},"excerpt":{"rendered":"<p>Nesta p\u00e1gina est\u00e3o reunidas as principais informa\u00e7\u00f5es sobre as condi\u00e7\u00f5es e procedimentos para conclus\u00e3o do curso de\u00a0 e outorga do grau de Bacharel em Comunica\u00e7\u00e3o Social &#8211; Produ\u00e7\u00e3o Editorial. \u00a0 Aprova\u00e7\u00e3o no TCC Primeira condi\u00e7\u00e3o para conclus\u00e3o de curso est\u00e1 atrelada \u00e0 aprova\u00e7\u00e3o no TCC (Teorias Aplicadas em Comunica\u00e7\u00e3o II). Al\u00e9m disso, a vers\u00e3o final [&hellip;]<\/p>\n","protected":false},"author":68,"featured_media":0,"parent":0,"menu_order":0,"comment_status":"closed","ping_status":"closed","template":"","meta":{"footnotes":""},"categories":[],"tags":[71],"class_list":["post-1022","page","type-page","status-publish","hentry","tag-infoconclusao"],"acf":[],"_links":{"self":[{"href":"https:\/\/www.ufsm.br\/cursos\/graduacao\/santa-maria\/producao-editorial\/wp-json\/wp\/v2\/pages\/1022","targetHints":{"allow":["GET"]}}],"collection":[{"href":"https:\/\/www.ufsm.br\/cursos\/graduacao\/santa-maria\/producao-editorial\/wp-json\/wp\/v2\/pages"}],"about":[{"href":"https:\/\/www.ufsm.br\/cursos\/graduacao\/santa-maria\/producao-editorial\/wp-json\/wp\/v2\/types\/page"}],"author":[{"embeddable":true,"href":"https:\/\/www.ufsm.br\/cursos\/graduacao\/santa-maria\/producao-editorial\/wp-json\/wp\/v2\/users\/68"}],"replies":[{"embeddable":true,"href":"https:\/\/www.ufsm.br\/cursos\/graduacao\/santa-maria\/producao-editorial\/wp-json\/wp\/v2\/comments?post=1022"}],"version-history":[{"count":0,"href":"https:\/\/www.ufsm.br\/cursos\/graduacao\/santa-maria\/producao-editorial\/wp-json\/wp\/v2\/pages\/1022\/revisions"}],"wp:attachment":[{"href":"https:\/\/www.ufsm.br\/cursos\/graduacao\/santa-maria\/producao-editorial\/wp-json\/wp\/v2\/media?parent=1022"}],"wp:term":[{"taxonomy":"category","embeddable":true,"href":"https:\/\/www.ufsm.br\/cursos\/graduacao\/santa-maria\/producao-editorial\/wp-json\/wp\/v2\/categories?post=1022"},{"taxonomy":"post_tag","embeddable":true,"href":"https:\/\/www.ufsm.br\/cursos\/graduacao\/santa-maria\/producao-editorial\/wp-json\/wp\/v2\/tags?post=1022"}],"curies":[{"name":"wp","href":"https:\/\/api.w.org\/{rel}","templated":true}]}}