{"id":1117,"date":"2023-01-11T14:54:32","date_gmt":"2023-01-11T17:54:32","guid":{"rendered":"https:\/\/www.ufsm.br\/cursos\/graduacao\/santa-maria\/producao-editorial\/?page_id=1117"},"modified":"2023-03-28T17:03:01","modified_gmt":"2023-03-28T20:03:01","slug":"atestados-abonos-regime-de-exercicios-domiciliares","status":"publish","type":"page","link":"https:\/\/www.ufsm.br\/cursos\/graduacao\/santa-maria\/producao-editorial\/atestados-abonos-regime-de-exercicios-domiciliares","title":{"rendered":"Atestados\/Abonos\/Regime de Exerc\u00edcios Domiciliares"},"content":{"rendered":"\n\n\n<p>Existem dois tipos de procedimentos administrativos relacionados a faltas, envio de atestado, abono de faltas etc.: (1) Afastamento inferior a 5 dias; (2) Afastamento superior a 5 dias e (3) Afastamento aluna gestante, como segue.<\/p>\n<p>\u00a0<\/p>\n<p><strong><span style=\"color: #ff0000\">1 &#8211; AFASTAMENTO INFERIOR A 5 DIAS<\/span><\/strong><\/p>\n<p>Os afastamentos para tratamento de sa\u00fade por tempo<strong> inferior a cinco dias<\/strong> <strong>n\u00e3o configuram regime de exerc\u00edcios domiciliares <\/strong>s\u00e3o destinados aos alunos que, por motivo de tratamento de sa\u00fade, n\u00e3o puderem comparecer \u00e0s atividades acad\u00eamicas avaliativas poder\u00e3o justificar a aus\u00eancia ao departamento did\u00e1tico competente a fim de remarcar as datas das avalia\u00e7\u00f5es.<\/p>\n<p>Este afastamento N\u00c3O ABONA FALTAS.<\/p>\n<p>Garante a possibilidade de REMARCAR AS AVALIA\u00c7\u00d5ES PERDIDAS.<\/p>\n<p>N\u00e3o precisa de an\u00e1lise do Servi\u00e7o de Per\u00edcia Oficial em Sa\u00fade da UFSM.<\/p>\n<p>O aluno, <strong>no prazo de at\u00e9 dois dias \u00fateis ap\u00f3s a data da avalia\u00e7\u00e3o n\u00e3o realizada<\/strong>, dever\u00e1 apresentar:<\/p>\n<p style=\"text-align: left\">O atestado m\u00e9dico original ou que confira com o original, contendo o n\u00famero da Classifica\u00e7\u00e3o Estat\u00edstica internacional de Doen\u00e7as e Problemas Relacionados \u00e0 Sa\u00fade, Classifica\u00e7\u00e3o Estat\u00edstica internacional de Doen\u00e7as e Problemas Relacionados \u00e0 Sa\u00fade (CID), n\u00famero de dias de afastamento, identifica\u00e7\u00e3o do m\u00e9dico com CRM (assinatura e carimbo) e data de emiss\u00e3o, ao departamento did\u00e1tico<br \/>competente (ou email da Coordena\u00e7\u00e3o de Curso que encaminhar\u00e1 para os docentes).\u00a0<\/p>\n<p>\u00a0<\/p>\n<p><strong><span style=\"color: #ff0000\">2 &#8211; AFASTAMENTO SUPERIOR A 5 DIAS &#8211; REGIME DE EXERC\u00cdCIO DOMICILIARES<\/span><\/strong><\/p>\n<p>Em caso <strong>de incapacidade de frequentar \u00e0s aulas, nos termos do Decreto-Lei N. 1.044\/1969, por per\u00edodo superior a cinco dias<\/strong>, os alunos poder\u00e3o requerer exerc\u00edcio de atividades domiciliares. Poder\u00e3o solicitar este benef\u00edcio, <strong>os alunos portadores de afec\u00e7\u00f5es cong\u00eanitas ou adquiridas, infec\u00e7\u00f5es, traumatismos ou outras condi\u00e7\u00f5es m\u00f3rbidas, dist\u00farbios agudos ou agonizados, caracterizados por: incapacidade f\u00edsica relativa incompat\u00edvel com a frequ\u00eancia aos trabalhos acad\u00eamicos, desde que se verifique a conserva\u00e7\u00e3o das condi\u00e7\u00f5es intelectuais e emocionais necess\u00e1rias para o prosseguimento da atividade acad\u00eamica em novos moldes.<\/strong><br \/>O requerimento dever\u00e1 ser feito pelo aluno ou representante, <span style=\"color: #ff0000\"><strong>em at\u00e9 dez dias \u00fateis da emiss\u00e3o do atestado m\u00e9dico<\/strong><\/span>, por meio de abertura de processo administrativo no PEN SIE.<\/p>\n<p><strong>ATEN\u00c7\u00c3O:<\/strong> O regime de exerc\u00edcios domiciliares n\u00e3o ser\u00e1 concedido para disciplinas com atividades pr\u00e1ticas (laborat\u00f3rio, prancheta, ambulat\u00f3rio ou equivalentes), para as que exigem est\u00e1gio supervisionado ou para aquelas oferecidas em per\u00edodos concentrados.\u00a0<\/p>\n<p>\u00a0<\/p>\n<p>Orienta\u00e7\u00f5es sobre a abertura de processos de Regime domiciliar de aluno de gradua\u00e7\u00e3o via PEN:<\/p>\n<ol>\n<li>Para abertura de PEN o aluno dever\u00e1 acessar o <a href=\"https:\/\/portal.ufsm.br\/documentos\/mainMenu.html\">Portal Documentos (clique)<\/a>, realizar o login com n\u00famero de matr\u00edcula e senha do portal do aluno e, ap\u00f3s, selecionar a op\u00e7\u00e3o \u2018Novo\u2019;<\/li>\n<li>No campo \u201cTipo documental\u201d, realizar a busca textual e selecionar a op\u00e7\u00e3o \u2018<strong>Processos de regime domiciliar de aluno de gradua\u00e7\u00e3o (125.52)<\/strong>\u2019. Os outros dos campos desta tela ser\u00e3o preenchidos automaticamente;<\/li>\n<li>Na tela seguinte, dever\u00e3o ser adicionados os documentos necess\u00e1rios para abertura, sendo o <strong><a href=\"https:\/\/docs.google.com\/document\/d\/1-pDMc18SUbiFtgJDsCVTjG5J8EisaIqh\/edit?usp=share_link&amp;ouid=115366513095747692936&amp;rtpof=true&amp;sd=true\">Requerimento de regime de exerc\u00edcios domiciliares (clique)<\/a> e o Atestado m\u00e9dico itens obrigat\u00f3rios <\/strong>(Atestado m\u00e9dico original ou que confira com o original, contendo o c\u00f3digo da<br \/>da doen\u00e7a conforme a Classifica\u00e7\u00e3o Estat\u00edstica internacional de Doen\u00e7as e Problemas Relacionados \u00e0 Sa\u00fade, Classifica\u00e7\u00e3o Estat\u00edstica internacional de Doen\u00e7as e Problemas Relacionados \u00e0 Sa\u00fade (CID), o n\u00famero de dias de afastamento, a identifica\u00e7\u00e3o do m\u00e9dico com CREMERS &#8211; assinatura e carimbo &#8211; e data de emiss\u00e3o).<\/li>\n<li>O aluno pode assinar o requerimento eletronicamente, caso j\u00e1 tenha sua assinatura cadastrada no PEN-SIE. Para se cadastrar, <a href=\"https:\/\/www.ufsm.br\/app\/uploads\/sites\/416\/2020\/04\/Passo-a-passo-termo-assinatura-eletronica-PEN-SIE.pdf\">basta seguir passo a passo aqui (clique)<\/a>.<\/li>\n<li>Ap\u00f3s incluir a documenta\u00e7\u00e3o no PEN, o aluno dever\u00e1 tramitar o processo para a Coordena\u00e7\u00e3o do Curso, que proceder\u00e1 a an\u00e1lise da solicita\u00e7\u00e3o e demais provid\u00eancias. O fluxograma desse processo pode ser conferido no <a href=\"https:\/\/portal.ufsm.br\/documentos\/publico\/processo\/consulta.html\">Portal de Processos (clique)<\/a>. A Coordena\u00e7\u00e3o tramita para a CAED que dar\u00e1 prosseguimento.<\/li>\n<li>Para acompanhar o processo, clique aqui. Tenha em m\u00e3os o NUP (N\u00famero \u00danico de Protocolo), ou voc\u00ea pode pesquisar pelos campos dispon\u00edveis na consulta, como nome do interessado, tipo documental, etc.<\/li>\n<li>O aluno pode acompanhar o processo fazendo login no Portal Documentos, ir na aba \u2018<a href=\"https:\/\/portal.ufsm.br\/documentos\/usuario\/meusDocumentos\/meusDocumentos.html?action=interessado\">Meus Documentos\u2019, \u2018Interessado<\/a>\u2019.<\/li>\n<\/ol>\n<p>Ap\u00f3s a abertura do processo administrativo no PEN SIE, ele ser\u00e1 encaminhado \u00e0 coordena\u00e7\u00e3o do curso. Por sua vez, a coordena\u00e7\u00e3o encaminhar\u00e1 o processo administrativo ao Servi\u00e7o de Per\u00edcia Oficial em Sa\u00fade da UFSM, para a emiss\u00e3o de parecer, ficando a crit\u00e9rio da per\u00edcia m\u00e9dica, a convoca\u00e7\u00e3o do aluno para avalia\u00e7\u00e3o presencial. Em seguida, o processo dever\u00e1 retornar \u00e0 coordena\u00e7\u00e3o para ci\u00eancia. Em caso de deferimento da solicita\u00e7\u00e3o, a coordena\u00e7\u00e3o de curso dever\u00e1 informar a decis\u00e3o aos departamentos did\u00e1ticos e ao aluno. A \u00faltima etapa para a finaliza\u00e7\u00e3o do processo \u00e9 o seu encaminhamento ao DERCA para arquivamento.<\/p>\n<p>\u00a0<\/p>\n<p><strong><span style=\"color: #ff0000\">3. REGIME DE EXERC\u00cdCIOS DOMICILIARES PARA ALUNAS GESTANTES<\/span><\/strong><\/p>\n<p>As alunas gestantes poder\u00e3o ser assistidas pelo regime de exerc\u00edcios domiciliares institu\u00eddos pelo Decreto-Lei n\u00ba 1.044\/69, a partir do oitavo m\u00eas de gesta\u00e7\u00e3o e durante tr\u00eas meses, conforme a Lei n\u00ba 6.202\/75. O procedimento para a solicita\u00e7\u00e3o de regime de exerc\u00edcios domiciliares \u00e9 o mesmo para o afastamento superior a cinco dias, descrito no item anterior.<\/p>\n<p>\u00a0<\/p>\n","protected":false},"excerpt":{"rendered":"<p>Existem dois tipos de procedimentos administrativos relacionados a faltas, envio de atestado, abono de faltas etc.: (1) Afastamento inferior a 5 dias; (2) Afastamento superior a 5 dias e (3) Afastamento aluna gestante, como segue. \u00a0 1 &#8211; AFASTAMENTO INFERIOR A 5 DIAS Os afastamentos para tratamento de sa\u00fade por tempo inferior a cinco dias [&hellip;]<\/p>\n","protected":false},"author":1981,"featured_media":0,"parent":0,"menu_order":0,"comment_status":"closed","ping_status":"closed","template":"","meta":{"footnotes":""},"categories":[],"tags":[],"class_list":["post-1117","page","type-page","status-publish","hentry"],"acf":[],"_links":{"self":[{"href":"https:\/\/www.ufsm.br\/cursos\/graduacao\/santa-maria\/producao-editorial\/wp-json\/wp\/v2\/pages\/1117","targetHints":{"allow":["GET"]}}],"collection":[{"href":"https:\/\/www.ufsm.br\/cursos\/graduacao\/santa-maria\/producao-editorial\/wp-json\/wp\/v2\/pages"}],"about":[{"href":"https:\/\/www.ufsm.br\/cursos\/graduacao\/santa-maria\/producao-editorial\/wp-json\/wp\/v2\/types\/page"}],"author":[{"embeddable":true,"href":"https:\/\/www.ufsm.br\/cursos\/graduacao\/santa-maria\/producao-editorial\/wp-json\/wp\/v2\/users\/1981"}],"replies":[{"embeddable":true,"href":"https:\/\/www.ufsm.br\/cursos\/graduacao\/santa-maria\/producao-editorial\/wp-json\/wp\/v2\/comments?post=1117"}],"version-history":[{"count":0,"href":"https:\/\/www.ufsm.br\/cursos\/graduacao\/santa-maria\/producao-editorial\/wp-json\/wp\/v2\/pages\/1117\/revisions"}],"wp:attachment":[{"href":"https:\/\/www.ufsm.br\/cursos\/graduacao\/santa-maria\/producao-editorial\/wp-json\/wp\/v2\/media?parent=1117"}],"wp:term":[{"taxonomy":"category","embeddable":true,"href":"https:\/\/www.ufsm.br\/cursos\/graduacao\/santa-maria\/producao-editorial\/wp-json\/wp\/v2\/categories?post=1117"},{"taxonomy":"post_tag","embeddable":true,"href":"https:\/\/www.ufsm.br\/cursos\/graduacao\/santa-maria\/producao-editorial\/wp-json\/wp\/v2\/tags?post=1117"}],"curies":[{"name":"wp","href":"https:\/\/api.w.org\/{rel}","templated":true}]}}