{"id":1139,"date":"2023-05-02T16:00:32","date_gmt":"2023-05-02T19:00:32","guid":{"rendered":"https:\/\/www.ufsm.br\/cursos\/graduacao\/santa-maria\/producao-editorial\/?page_id=1139"},"modified":"2023-05-02T16:00:34","modified_gmt":"2023-05-02T19:00:34","slug":"cancelamento-de-matricula","status":"publish","type":"page","link":"https:\/\/www.ufsm.br\/cursos\/graduacao\/santa-maria\/producao-editorial\/cancelamento-de-matricula","title":{"rendered":"Cancelamento de Matr\u00edcula"},"content":{"rendered":"\n<p>A COFRE\/COREM atualizou a p\u00e1gina do servi\u00e7o de cancelamento de matr\u00edcula de gradua\u00e7\u00e3o, com a orienta\u00e7\u00e3o de que o processo deve ser aberto exclusivamente pelo PEN-SIE.<\/p>\n<p>Agora, o(a) discente interessado(a) no cancelamento poder\u00e1 proceder:<br \/>1) com o cancelamento por troca de curso (de car\u00e1ter irrevers\u00edvel), que ser\u00e1 autom\u00e1tico ap\u00f3s a tramita\u00e7\u00e3o final.<br \/>2) com o cancelamento por outros motivos, o processo ser\u00e1 tramitado para a COREM, a fim de proceder com a an\u00e1lise e encaminhamentos.<\/p>\n<p>Tamb\u00e9m orientamos para que os antigos formul\u00e1rios de cancelamento sejam removidos das p\u00e1ginas dos cursos, uma vez que os modelos pr\u00e9-preenchidos j\u00e1 est\u00e3o vinculados diretamente no processo, nos passos de fluxo indicados, para serem editados pelos alunos. Tem-se na p\u00e1gina de Apoio ao usu\u00e1rio do PEN-SIE dispon\u00edvel <a href=\"https:\/\/www.youtube.com\/watch?v=IF5ywou2OyI\">um v\u00eddeo<\/a> que orienta quanto ao uso e preenchimento de documentos a partir dos modelos.<\/p>\n<p>Para informa\u00e7\u00f5es detalhadas sobre o cancelamento e as etapas de como solicitar o cancelamento de matr\u00edcula acesse:<\/p>\n<p><blockquote class=\"wp-embedded-content\" data-secret=\"oxZ9FFlqQm\"><a href=\"https:\/\/www.ufsm.br\/pro-reitorias\/prograd\/cofre-corem\/solicitacao-de-cancelamento-de-curso\">Solicita\u00e7\u00e3o de cancelamento de curso<\/a><\/blockquote><iframe class=\"wp-embedded-content\" sandbox=\"allow-scripts\" security=\"restricted\" style=\"position: absolute; clip: rect(1px, 1px, 1px, 1px);\" title=\"&#8220;Solicita\u00e7\u00e3o de cancelamento de curso&#8221; &#8212; PROGRAD\" src=\"https:\/\/www.ufsm.br\/pro-reitorias\/prograd\/cofre-corem\/solicitacao-de-cancelamento-de-curso\/embed#?secret=OP7XTA3YuK#?secret=oxZ9FFlqQm\" data-secret=\"oxZ9FFlqQm\" width=\"500\" height=\"282\" frameborder=\"0\" marginwidth=\"0\" marginheight=\"0\" scrolling=\"no\"><\/iframe><\/p>\n<p>\u00a0<\/p>\n","protected":false},"excerpt":{"rendered":"<p>A COFRE\/COREM atualizou a p\u00e1gina do servi\u00e7o de cancelamento de matr\u00edcula de gradua\u00e7\u00e3o, com a orienta\u00e7\u00e3o de que o processo deve ser aberto exclusivamente pelo PEN-SIE. Agora, o(a) discente interessado(a) no cancelamento poder\u00e1 proceder:1) com o cancelamento por troca de curso (de car\u00e1ter irrevers\u00edvel), que ser\u00e1 autom\u00e1tico ap\u00f3s a tramita\u00e7\u00e3o final.2) com o cancelamento por [&hellip;]<\/p>\n","protected":false},"author":1981,"featured_media":0,"parent":0,"menu_order":0,"comment_status":"closed","ping_status":"closed","template":"","meta":{"footnotes":""},"categories":[],"tags":[],"class_list":["post-1139","page","type-page","status-publish","hentry"],"acf":[],"_links":{"self":[{"href":"https:\/\/www.ufsm.br\/cursos\/graduacao\/santa-maria\/producao-editorial\/wp-json\/wp\/v2\/pages\/1139","targetHints":{"allow":["GET"]}}],"collection":[{"href":"https:\/\/www.ufsm.br\/cursos\/graduacao\/santa-maria\/producao-editorial\/wp-json\/wp\/v2\/pages"}],"about":[{"href":"https:\/\/www.ufsm.br\/cursos\/graduacao\/santa-maria\/producao-editorial\/wp-json\/wp\/v2\/types\/page"}],"author":[{"embeddable":true,"href":"https:\/\/www.ufsm.br\/cursos\/graduacao\/santa-maria\/producao-editorial\/wp-json\/wp\/v2\/users\/1981"}],"replies":[{"embeddable":true,"href":"https:\/\/www.ufsm.br\/cursos\/graduacao\/santa-maria\/producao-editorial\/wp-json\/wp\/v2\/comments?post=1139"}],"version-history":[{"count":0,"href":"https:\/\/www.ufsm.br\/cursos\/graduacao\/santa-maria\/producao-editorial\/wp-json\/wp\/v2\/pages\/1139\/revisions"}],"wp:attachment":[{"href":"https:\/\/www.ufsm.br\/cursos\/graduacao\/santa-maria\/producao-editorial\/wp-json\/wp\/v2\/media?parent=1139"}],"wp:term":[{"taxonomy":"category","embeddable":true,"href":"https:\/\/www.ufsm.br\/cursos\/graduacao\/santa-maria\/producao-editorial\/wp-json\/wp\/v2\/categories?post=1139"},{"taxonomy":"post_tag","embeddable":true,"href":"https:\/\/www.ufsm.br\/cursos\/graduacao\/santa-maria\/producao-editorial\/wp-json\/wp\/v2\/tags?post=1139"}],"curies":[{"name":"wp","href":"https:\/\/api.w.org\/{rel}","templated":true}]}}