{"id":174,"date":"2018-12-04T10:20:38","date_gmt":"2018-12-04T12:20:38","guid":{"rendered":"https:\/\/www.ufsm.br\/cursos\/graduacao\/santa-maria\/producao-editorial\/?page_id=174"},"modified":"2021-03-01T15:10:23","modified_gmt":"2021-03-01T18:10:23","slug":"edumix","status":"publish","type":"page","link":"https:\/\/www.ufsm.br\/cursos\/graduacao\/santa-maria\/producao-editorial\/edumix","title":{"rendered":"EduMIX"},"content":{"rendered":"<p><img fetchpriority=\"high\" decoding=\"async\" class=\"alignleft wp-image-175 size-medium\" src=\"https:\/\/www.ufsm.br\/cursos\/graduacao\/santa-maria\/producao-editorial\/wp-content\/uploads\/sites\/468\/2018\/12\/lab-edumix-300x244.png\" alt=\"\" width=\"300\" height=\"244\" srcset=\"https:\/\/www.ufsm.br\/app\/uploads\/sites\/468\/2018\/12\/lab-edumix-300x244.png 300w, https:\/\/www.ufsm.br\/app\/uploads\/sites\/468\/2018\/12\/lab-edumix.png 388w\" sizes=\"(max-width: 300px) 100vw, 300px\" \/><\/p>\n<p>A <a href=\"https:\/\/www.ufsm.br\/midias\/experimental\/educom\/edumix\/\">EduMIX \u2013 Editora Aberta<\/a>, foi criada em 2014 na disciplina de <a href=\"https:\/\/www.ufsm.br\/ementario\/disciplinas\/com3066\/\">Projeto Experimental em Educa\u00e7\u00e3o<\/a>, e pauta-se no paradigma da Educomunica\u00e7\u00e3o e dos <a href=\"http:\/\/educacaoaberta.org\/wiki\/index.php\/Caderno_REA\" target=\"_blank\" rel=\"noopener\">Recursos Educacionais Abertos<\/a> (REA). Volta-se a produ\u00e7\u00e3o editorial colaborativa de materiais de ensino, aprendizado e pesquisa sobre tem\u00e1ticas curriculares ou transversais em diferentes suportes tecnol\u00f3gicos, como livros interativos, v\u00eddeos, jogos, \u00e1udio book e sites sobre diferentes tem\u00e1ticas. Os materiais est\u00e3o dispon\u00edveis em seu <a href=\"https:\/\/www.ufsm.br\/midias\/experimental\/educom\/edumix\/\">site<\/a> e fazem parte do <a href=\"https:\/\/www.ufsm.br\/midias\/experimental\/educom\/\">EDUCOM &#8211; Programa Educomunica\u00e7\u00e3o e Cidadania Comunicativa<\/a> e est\u00e3o sob dom\u00ednio p\u00fablico ou est\u00e3o licenciados de maneira aberta, permitindo que sejam utilizados e remixados. A EduMIX se constitui em um espa\u00e7o de exerc\u00edcio de coautoria com o uso de licen\u00e7as abertas para uma educa\u00e7\u00e3o aberta. A Editora est\u00e1 integrada ao <a href=\"http:\/\/mira.org.br\/edumix-editora-aberta\/\" target=\"_blank\" rel=\"noopener\">MIRA \u2013 Mapa Global de Iniciativas Abertas<\/a>, ao\u00a0<a href=\"http:\/\/www.rea.net.br\/\" target=\"_blank\" rel=\"noopener\">REA Brasil<\/a>\u00a0e ao\u00a0<a href=\"http:\/\/objetoseducacionais2.mec.gov.br\/\" target=\"_blank\" rel=\"noopener\">Banco Internacional de Objetos Educacionais<\/a>.<\/p>\n<p><strong>Localiza\u00e7\u00e3o<\/strong><\/p>\n<p>Pr\u00e9dio 67 | Sala 1214<br \/>\nRespons\u00e1vel: Prof\u00aa. Rosane Rosa<\/p>\n<p>Baixar o logo da EduMIX em <a href=\"https:\/\/www.ufsm.br\/cursos\/graduacao\/santa-maria\/producao-editorial\/wp-content\/uploads\/sites\/468\/2018\/12\/lab-edumix.png\">PNG<\/a><\/p>\n","protected":false},"excerpt":{"rendered":"<p>A EduMIX \u2013 Editora Aberta, foi criada em 2014 na disciplina de Projeto Experimental em Educa\u00e7\u00e3o, e pauta-se no paradigma da Educomunica\u00e7\u00e3o e dos Recursos Educacionais Abertos (REA). Volta-se a produ\u00e7\u00e3o editorial colaborativa de materiais de ensino, aprendizado e pesquisa sobre tem\u00e1ticas curriculares ou transversais em diferentes suportes tecnol\u00f3gicos, como livros interativos, v\u00eddeos, jogos, \u00e1udio [&hellip;]<\/p>\n","protected":false},"author":115,"featured_media":0,"parent":0,"menu_order":0,"comment_status":"closed","ping_status":"closed","template":"","meta":{"footnotes":""},"categories":[],"tags":[],"class_list":["post-174","page","type-page","status-publish","hentry"],"acf":[],"_links":{"self":[{"href":"https:\/\/www.ufsm.br\/cursos\/graduacao\/santa-maria\/producao-editorial\/wp-json\/wp\/v2\/pages\/174","targetHints":{"allow":["GET"]}}],"collection":[{"href":"https:\/\/www.ufsm.br\/cursos\/graduacao\/santa-maria\/producao-editorial\/wp-json\/wp\/v2\/pages"}],"about":[{"href":"https:\/\/www.ufsm.br\/cursos\/graduacao\/santa-maria\/producao-editorial\/wp-json\/wp\/v2\/types\/page"}],"author":[{"embeddable":true,"href":"https:\/\/www.ufsm.br\/cursos\/graduacao\/santa-maria\/producao-editorial\/wp-json\/wp\/v2\/users\/115"}],"replies":[{"embeddable":true,"href":"https:\/\/www.ufsm.br\/cursos\/graduacao\/santa-maria\/producao-editorial\/wp-json\/wp\/v2\/comments?post=174"}],"version-history":[{"count":0,"href":"https:\/\/www.ufsm.br\/cursos\/graduacao\/santa-maria\/producao-editorial\/wp-json\/wp\/v2\/pages\/174\/revisions"}],"wp:attachment":[{"href":"https:\/\/www.ufsm.br\/cursos\/graduacao\/santa-maria\/producao-editorial\/wp-json\/wp\/v2\/media?parent=174"}],"wp:term":[{"taxonomy":"category","embeddable":true,"href":"https:\/\/www.ufsm.br\/cursos\/graduacao\/santa-maria\/producao-editorial\/wp-json\/wp\/v2\/categories?post=174"},{"taxonomy":"post_tag","embeddable":true,"href":"https:\/\/www.ufsm.br\/cursos\/graduacao\/santa-maria\/producao-editorial\/wp-json\/wp\/v2\/tags?post=174"}],"curies":[{"name":"wp","href":"https:\/\/api.w.org\/{rel}","templated":true}]}}