{"id":176,"date":"2018-12-04T10:19:54","date_gmt":"2018-12-04T12:19:54","guid":{"rendered":"https:\/\/www.ufsm.br\/cursos\/graduacao\/santa-maria\/producao-editorial\/?page_id=176"},"modified":"2023-10-31T14:43:37","modified_gmt":"2023-10-31T17:43:37","slug":"lappe","status":"publish","type":"page","link":"https:\/\/www.ufsm.br\/cursos\/graduacao\/santa-maria\/producao-editorial\/lappe","title":{"rendered":"LAPPE"},"content":{"rendered":"<p><img fetchpriority=\"high\" decoding=\"async\" class=\"alignleft wp-image-177 size-medium\" src=\"https:\/\/www.ufsm.br\/cursos\/graduacao\/santa-maria\/producao-editorial\/wp-content\/uploads\/sites\/468\/2018\/12\/lab-lappe-300x179.png\" alt=\"\" width=\"300\" height=\"179\" srcset=\"https:\/\/www.ufsm.br\/app\/uploads\/sites\/468\/2018\/12\/lab-lappe-300x179.png 300w, https:\/\/www.ufsm.br\/app\/uploads\/sites\/468\/2018\/12\/lab-lappe.png 321w\" sizes=\"(max-width: 300px) 100vw, 300px\" \/><\/p>\n<p>Baixar\u00a0 logo em<a href=\"https:\/\/www.ufsm.br\/cursos\/graduacao\/santa-maria\/producao-editorial\/wp-content\/uploads\/sites\/468\/2018\/12\/lab-lappe.png\"> PNG<\/a><\/p>\n<p>O <a href=\"http:\/\/www.ufsm.br\/laboratorios\/lappe\">Laborat\u00f3rio de Ensino, Pesquisa e Extens\u00e3o em Produ\u00e7\u00e3o Editorial (LAPPE)<\/a> \u00e9 um espa\u00e7o de experimenta\u00e7\u00e3o laboratorial destinado a pr\u00e1ticas editoriais acad\u00eamicas do Departamento de Ci\u00eancias da Comunica\u00e7\u00e3o da Universidade Federal de Santa Maria, localizado na sala 1218 do pr\u00e9dio 67, campus universit\u00e1rio.<\/p>\n<p>O objetivo do Lappe \u00e9 configurar-se como ambiente de experimenta\u00e7\u00e3o laboratorial, de modo a capacitar o aluno para a pr\u00e1tica editorial a partir da atua\u00e7\u00e3o em disciplinas e projetos de ensino, pesquisa e extens\u00e3o.<\/p>\n<p>Sua proposta possibilita o aperfei\u00e7oamento dos acad\u00eamicos para a pr\u00e1tica editorial por meio de atividades te\u00f3rico-pr\u00e1ticas de estudo na \u00e1rea de Produ\u00e7\u00e3o Editorial; desenvolvimento de projetos de pesquisa, ensino e extens\u00e3o; concep\u00e7\u00e3o e desenvolvimento de produtos editoriais em diferentes meios (impressos, eletr\u00f4nicos, digitais), sob orienta\u00e7\u00e3o de professores do departamento.<\/p>\n<p>O laborat\u00f3rio foi criado em 2010, inicialmente instalado em uma pequena sala do pr\u00e9dio 67, sob coordena\u00e7\u00e3o do professor Flavi Ferreira Lisboa Filho. Em 2012, a ent\u00e3o coordenadora do laborat\u00f3rio, professora Mar\u00edlia Barcellos, atuou para a transfer\u00eancia para sala em que se localiza atualmente, ainda no pr\u00e9dio 67, com a instala\u00e7\u00e3o de equipamentos, rede el\u00e9trica e de conex\u00e3o \u00e0 internet.<\/p>\n<p>Como din\u00e2mica de funcionamento prev\u00ea:<\/p>\n<ul>\n<li>Aloca\u00e7\u00e3o de disciplinas a cada semestre;<\/li>\n<li>Desenvolvimento de projetos registrados no laborat\u00f3rio;<\/li>\n<li>Agendamento de uso por professores e alunos em hor\u00e1rios definidos;<\/li>\n<li>Atua\u00e7\u00e3o de alunos volunt\u00e1rios, bolsistas e monitores nas atividades dos projetos.<\/li>\n<\/ul>\n<p><strong>Localiza\u00e7\u00e3o<\/strong><\/p>\n<p>Pr\u00e9dio 67 | Sala 1218<br \/>\nRespons\u00e1veis: Prof. Leandro Stevens | Profa. Sandra Depexe | TAE Rafael Bald<\/p>\n<p>Site: <a href=\"http:\/\/www.ufsm.br\/laboratorios\/lappe\">www.ufsm.br\/laboratorios\/lappe<\/a><\/p>\n<p>Contato: <a href=\"mailto:lappe@ufsm.br\">lappe@ufsm.br<\/a><\/p>\n<div class=\"item-page\">\n<div>\n<p><strong>Produ\u00e7\u00f5es do LAPPE<\/strong><\/p>\n<p>A produ\u00e7\u00e3o do Lappe concentra-se na realiza\u00e7\u00e3o de projetos de ensino, pesquisa e extens\u00e3o na \u00e1rea de Produ\u00e7\u00e3o Editorial e na elabora\u00e7\u00e3o de produtos editoriais em m\u00eddia impressa, online e digital na modalidade de publica\u00e7\u00f5es informativas, educativas e\/ou institucionais, em m\u00faltiplos formatos, como revistas, jornais, sites e outros materiais inseridos na l\u00f3gica da converg\u00eancia de m\u00eddias.<\/p>\n<p>Modalidades de produtos editoriais:<\/p>\n<ul>\n<li>Produtos editoriais inseridos em disciplinas;<\/li>\n<li>Produtos editoriais desenvolvidos a partir de projetos de ensino, pesquisa e extens\u00e3o sob orienta\u00e7\u00e3o de professores do curso;<\/li>\n<li>Produtos editoriais propostos por acad\u00eamicos do curso de Comunica\u00e7\u00e3o Social &#8211; Produ\u00e7\u00e3o Editorial.<\/li>\n<\/ul>\n<\/div>\n<\/div>\n","protected":false},"excerpt":{"rendered":"<p>Baixar\u00a0 logo em PNG O Laborat\u00f3rio de Ensino, Pesquisa e Extens\u00e3o em Produ\u00e7\u00e3o Editorial (LAPPE) \u00e9 um espa\u00e7o de experimenta\u00e7\u00e3o laboratorial destinado a pr\u00e1ticas editoriais acad\u00eamicas do Departamento de Ci\u00eancias da Comunica\u00e7\u00e3o da Universidade Federal de Santa Maria, localizado na sala 1218 do pr\u00e9dio 67, campus universit\u00e1rio. O objetivo do Lappe \u00e9 configurar-se como ambiente [&hellip;]<\/p>\n","protected":false},"author":115,"featured_media":0,"parent":0,"menu_order":0,"comment_status":"closed","ping_status":"closed","template":"","meta":{"footnotes":""},"categories":[],"tags":[],"class_list":["post-176","page","type-page","status-publish","hentry"],"acf":[],"_links":{"self":[{"href":"https:\/\/www.ufsm.br\/cursos\/graduacao\/santa-maria\/producao-editorial\/wp-json\/wp\/v2\/pages\/176","targetHints":{"allow":["GET"]}}],"collection":[{"href":"https:\/\/www.ufsm.br\/cursos\/graduacao\/santa-maria\/producao-editorial\/wp-json\/wp\/v2\/pages"}],"about":[{"href":"https:\/\/www.ufsm.br\/cursos\/graduacao\/santa-maria\/producao-editorial\/wp-json\/wp\/v2\/types\/page"}],"author":[{"embeddable":true,"href":"https:\/\/www.ufsm.br\/cursos\/graduacao\/santa-maria\/producao-editorial\/wp-json\/wp\/v2\/users\/115"}],"replies":[{"embeddable":true,"href":"https:\/\/www.ufsm.br\/cursos\/graduacao\/santa-maria\/producao-editorial\/wp-json\/wp\/v2\/comments?post=176"}],"version-history":[{"count":0,"href":"https:\/\/www.ufsm.br\/cursos\/graduacao\/santa-maria\/producao-editorial\/wp-json\/wp\/v2\/pages\/176\/revisions"}],"wp:attachment":[{"href":"https:\/\/www.ufsm.br\/cursos\/graduacao\/santa-maria\/producao-editorial\/wp-json\/wp\/v2\/media?parent=176"}],"wp:term":[{"taxonomy":"category","embeddable":true,"href":"https:\/\/www.ufsm.br\/cursos\/graduacao\/santa-maria\/producao-editorial\/wp-json\/wp\/v2\/categories?post=176"},{"taxonomy":"post_tag","embeddable":true,"href":"https:\/\/www.ufsm.br\/cursos\/graduacao\/santa-maria\/producao-editorial\/wp-json\/wp\/v2\/tags?post=176"}],"curies":[{"name":"wp","href":"https:\/\/api.w.org\/{rel}","templated":true}]}}