{"id":181,"date":"2018-12-04T10:24:21","date_gmt":"2018-12-04T12:24:21","guid":{"rendered":"https:\/\/www.ufsm.br\/cursos\/graduacao\/santa-maria\/producao-editorial\/?page_id=181"},"modified":"2022-05-18T15:34:29","modified_gmt":"2022-05-18T18:34:29","slug":"publica","status":"publish","type":"page","link":"https:\/\/www.ufsm.br\/cursos\/graduacao\/santa-maria\/producao-editorial\/publica","title":{"rendered":"PUBLICA"},"content":{"rendered":"\t\t<div data-elementor-type=\"wp-post\" data-elementor-id=\"181\" class=\"elementor elementor-181\">\n\t\t\t\t\t\t<section class=\"elementor-section elementor-top-section elementor-element elementor-element-27bf4dcc elementor-section-boxed elementor-section-height-default elementor-section-height-default\" data-id=\"27bf4dcc\" data-element_type=\"section\">\n\t\t\t\t\t\t<div class=\"elementor-container elementor-column-gap-default\">\n\t\t\t\t\t<div class=\"elementor-column elementor-col-100 elementor-top-column elementor-element elementor-element-603b1620\" data-id=\"603b1620\" data-element_type=\"column\">\n\t\t\t<div class=\"elementor-widget-wrap elementor-element-populated\">\n\t\t\t\t\t\t<div class=\"elementor-element elementor-element-73549df9 elementor-widget elementor-widget-text-editor\" data-id=\"73549df9\" data-element_type=\"widget\" data-widget_type=\"text-editor.default\">\n\t\t\t\t<div class=\"elementor-widget-container\">\n\t\t\t\t\t\t\t<p><img fetchpriority=\"high\" decoding=\"async\" src=\"https:\/\/www.ufsm.br\/app\/uploads\/sites\/468\/2022\/05\/Publica_Logo-300x258.png\" alt=\"Publica - Ag\u00eancia de Inova\u00e7\u00e3o em Publica\u00e7\u00f5es Cient\u00edficas\" width=\"300\" height=\"258\" \/><\/p><p>Baixar o logo em <a href=\"https:\/\/www.ufsm.br\/app\/uploads\/sites\/468\/2022\/05\/Publica_Logo.png\">PNG<\/a><\/p><p>A\u00a0<span style=\"font-weight: bolder;font-size: 16px\">Ag\u00eancia de Inova\u00e7\u00e3o em Publica\u00e7\u00f5es Cient\u00b4\u00edficas<\/span>\u00a0(PUBLICA), criada, primeiramente com o nome de\u00a0<span style=\"font-size: 16px;background-color: var(--bs-body-bg);text-align: var(--bs-body-text-align)\"><em>Laborat\u00f3rio de Pesquisa e Produ\u00e7\u00e3o de Publica\u00e7\u00f5es Cient\u00edficas<\/em>,<\/span><span style=\"font-size: 1rem;background-color: var(--bs-body-bg);text-align: var(--bs-body-text-align)\">\u00a0no segundo semestre de 2011, \u00e9 um espa\u00e7o de experimenta\u00e7\u00e3o destinado a pr\u00e1ticas editoriais acad\u00eamicas nos eixos do ensino, pesquisa e extens\u00e3o do curso de Comunica\u00e7\u00e3o Social \u2013 Produ\u00e7\u00e3o Editorial da Universidade Federal de Santa Maria. O PUBLICA \u00e9 coordenado pela professora Dr\u00aa Cl\u00e1udia Regina Ziliotto Bomf\u00e1 e sua implementa\u00e7\u00e3o deu-se pela necessidade de qualificar os acad\u00eamicos do curso de Comunica\u00e7\u00e3o Social-Produ\u00e7\u00e3o Editorial, por meio de atividades te\u00f3rico-pr\u00e1ticas, com o prop\u00f3sito de formalizar a atua\u00e7\u00e3o do editor de peri\u00f3dicos cient\u00edficos, sendo, portanto, uma poss\u00edvel inser\u00e7\u00e3o para o profissional de Produ\u00e7\u00e3o Editorial. O PUBLICA constitui-se em um setor de produ\u00e7\u00e3o editorial, que propicia a partir de experi\u00eancias laboratoriais, orientadas por docentes e t\u00e9cnicos, oportunidades de aprendizagem sobre a pr\u00e1tica profissional\u00a0<\/span><span style=\"font-size: 16px;background-color: var(--bs-body-bg);text-align: var(--bs-body-text-align)\">e a busca por inova\u00e7\u00f5es<\/span><span style=\"background-color: var(--bs-body-bg);font-size: 1rem;text-align: var(--bs-body-text-align)\">\u00a0na \u00e1rea da Comunica\u00e7\u00e3o Cient\u00edfica.<\/span><\/p><p>O objetivo geral \u00e9 possibilitar aos acad\u00eamicos do curso de Comunica\u00e7\u00e3o Social-Produ\u00e7\u00e3o Editorial da Universidade de Santa Maria a oportunidade de vivenciar a pr\u00e1tica editorial, mediante o desenvolvimento e a gest\u00e3o de publica\u00e7\u00f5es peri\u00f3dicas (revistas cient\u00edficas e acad\u00eamicas). Tem por objetivos espec\u00edficos: proporcionar o envolvimento dos acad\u00eamicos do curso em atividades de ensino, pesquisa e extens\u00e3o; estimular a forma\u00e7\u00e3o de grupos de trabalho e estudos experimentais sobre as publica\u00e7\u00f5es cient\u00edficas; assessorar os peri\u00f3dicos cient\u00edficos do departamento e do programa de p\u00f3s-gradua\u00e7\u00e3o, mediante a inser\u00e7\u00e3o dos acad\u00eamicos nas atividades de gest\u00e3o e produ\u00e7\u00e3o; instrumentalizar os acad\u00eamicos para o campo da editora\u00e7\u00e3o cient\u00edfica, de modo que estejam aptos a atuar juntamente \u00e0s equipes editoriais de publica\u00e7\u00f5es da UFSM.<\/p><p>A Ag\u00eancia est\u00e1 situada na sala 5129, do pr\u00e9dio 21, no campus da UFSM. A estrutura est\u00e1 constitu\u00edda de modo a atender as equipes editoriais. A sala conta com computadores equipados com softwares de edi\u00e7\u00e3o de texto, v\u00eddeo e imagem, uma impressora e um acervo de peri\u00f3dicos cient\u00edficos nacionais.<\/p>\t\t\t\t\t\t<\/div>\n\t\t\t\t<\/div>\n\t\t\t\t<div class=\"elementor-element elementor-element-147a9d0 elementor-widget elementor-widget-video\" data-id=\"147a9d0\" data-element_type=\"widget\" data-settings=\"{&quot;youtube_url&quot;:&quot;https:\\\/\\\/youtu.be\\\/fsXkjNMzYB4&quot;,&quot;video_type&quot;:&quot;youtube&quot;,&quot;controls&quot;:&quot;yes&quot;}\" data-widget_type=\"video.default\">\n\t\t\t\t<div class=\"elementor-widget-container\">\n\t\t\t\t\t<div class=\"elementor-wrapper elementor-open-inline\">\n\t\t\t<div class=\"elementor-video\"><\/div>\t\t<\/div>\n\t\t\t\t<\/div>\n\t\t\t\t<\/div>\n\t\t\t\t\t<\/div>\n\t\t<\/div>\n\t\t\t\t\t<\/div>\n\t\t<\/section>\n\t\t\t\t<section class=\"elementor-section elementor-top-section elementor-element elementor-element-72ccea2 elementor-section-boxed elementor-section-height-default elementor-section-height-default\" data-id=\"72ccea2\" data-element_type=\"section\">\n\t\t\t\t\t\t<div class=\"elementor-container elementor-column-gap-default\">\n\t\t\t\t\t<div class=\"elementor-column elementor-col-100 elementor-top-column elementor-element elementor-element-9d8e9ee\" data-id=\"9d8e9ee\" data-element_type=\"column\">\n\t\t\t<div class=\"elementor-widget-wrap elementor-element-populated\">\n\t\t\t\t\t\t<div class=\"elementor-element elementor-element-dee75df elementor-widget elementor-widget-text-editor\" data-id=\"dee75df\" data-element_type=\"widget\" data-widget_type=\"text-editor.default\">\n\t\t\t\t<div class=\"elementor-widget-container\">\n\t\t\t\t\t\t\t<p><strong>Localiza\u00e7\u00e3o<\/strong><\/p><p>Pr\u00e9dio 21 | Sala 5129<br \/>Respons\u00e1veis: Prof\u00aa. Cl\u00e1udia Regina Z. Bomf\u00e1<\/p>\t\t\t\t\t\t<\/div>\n\t\t\t\t<\/div>\n\t\t\t\t\t<\/div>\n\t\t<\/div>\n\t\t\t\t\t<\/div>\n\t\t<\/section>\n\t\t\t\t<section class=\"elementor-section elementor-top-section elementor-element elementor-element-6dc1b72 elementor-section-boxed elementor-section-height-default elementor-section-height-default\" data-id=\"6dc1b72\" data-element_type=\"section\">\n\t\t\t\t\t\t<div class=\"elementor-container elementor-column-gap-default\">\n\t\t\t\t\t<div class=\"elementor-column elementor-col-100 elementor-top-column elementor-element elementor-element-b5f4c96\" data-id=\"b5f4c96\" data-element_type=\"column\">\n\t\t\t<div class=\"elementor-widget-wrap elementor-element-populated\">\n\t\t\t\t\t\t<div class=\"elementor-element elementor-element-a9473dd elementor-widget elementor-widget-heading\" data-id=\"a9473dd\" data-element_type=\"widget\" data-widget_type=\"heading.default\">\n\t\t\t\t<div class=\"elementor-widget-container\">\n\t\t\t<h5 class=\"elementor-heading-title elementor-size-default\">Produ\u00e7\u00f5es do Publica<\/h5>\t\t<\/div>\n\t\t\t\t<\/div>\n\t\t\t\t<div class=\"elementor-element elementor-element-46e1900 elementor-widget elementor-widget-text-editor\" data-id=\"46e1900\" data-element_type=\"widget\" data-widget_type=\"text-editor.default\">\n\t\t\t\t<div class=\"elementor-widget-container\">\n\t\t\t\t\t\t\t<p style=\"text-align: center\"><strong>Editasul\u00a0<\/strong><\/p><p>O Editasul \u00e9 o primeiro F\u00f3rum de Produ\u00e7\u00e3o Editorial da UFSM, em 2013 justamente com a proposta enquanto na minha gest\u00e3o como coordenadora de curso respondendo a essa necessidade dos acad\u00eamicos que queriam um evento da \u00e1rea para expor os seus trabalhos, para expor os produtos editoriais que eram desenvolvidos ali, al\u00e9m disso trazer pessoas da \u00e1rea que pudessem falar de tem\u00e1ticas diferentes, mesas para discuss\u00f5es a respeito do que \u00e9 emergente no mercado editorial.<\/p><p>Ent\u00e3o surgiu com essa proposta e agora este ano n\u00f3s teremos a segunda edi\u00e7\u00e3o do Editasul, a primeira foi bastante positiva n\u00f3s tivemos a presen\u00e7a do editor Briquet Lemos e outras pessoas da \u00e1rea, editores da \u00e1rea. E este ano n\u00f3s temos uma proposta tamb\u00e9m de apresentar os TCCs que j\u00e1 foram elaborados, defendidos, no curso, os produtos editoriais desenvolvidos at\u00e9 ent\u00e3o, termos mesas de discuss\u00e3o da \u00e1rea, teremos oficinas, ent\u00e3o o segundo f\u00f3rum promete e eu gostaria desde j\u00e1 de convidar a todos para participar e \u00e9 um projeto que eu tenho certeza que ir\u00e1 vingar e ter\u00e1 v\u00e1rias edi\u00e7\u00f5es a partir de ent\u00e3o e cada vez mais ades\u00e3o dos alunos, dos docentes do curso.<\/p><p><a href=\"https:\/\/www.facebook.com\/editasul\">Facebook\u00a0<\/a><\/p><p style=\"text-align: center\"><strong>Revista O QI<\/strong><\/p><p>Revista experimental do curso de Produ\u00e7\u00e3o Editorial.<\/p><p><a href=\"https:\/\/www.facebook.com\/RevistaOQi\">Facebook\u00a0<\/a><\/p><p><a href=\"https:\/\/revistaoqi.wordpress.com\/\">Blog<\/a><\/p>\t\t\t\t\t\t<\/div>\n\t\t\t\t<\/div>\n\t\t\t\t\t<\/div>\n\t\t<\/div>\n\t\t\t\t\t<\/div>\n\t\t<\/section>\n\t\t\t\t<\/div>\n\t\t","protected":false},"excerpt":{"rendered":"<p>Baixar o logo em PNG A\u00a0Ag\u00eancia de Inova\u00e7\u00e3o em Publica\u00e7\u00f5es Cient\u00b4\u00edficas\u00a0(PUBLICA), criada, primeiramente com o nome de\u00a0Laborat\u00f3rio de Pesquisa e Produ\u00e7\u00e3o de Publica\u00e7\u00f5es Cient\u00edficas,\u00a0no segundo semestre de 2011, \u00e9 um espa\u00e7o de experimenta\u00e7\u00e3o destinado a pr\u00e1ticas editoriais acad\u00eamicas nos eixos do ensino, pesquisa e extens\u00e3o do curso de Comunica\u00e7\u00e3o Social \u2013 Produ\u00e7\u00e3o Editorial da Universidade [&hellip;]<\/p>\n","protected":false},"author":115,"featured_media":0,"parent":0,"menu_order":0,"comment_status":"closed","ping_status":"closed","template":"","meta":{"footnotes":""},"categories":[],"tags":[],"class_list":["post-181","page","type-page","status-publish","hentry"],"acf":[],"_links":{"self":[{"href":"https:\/\/www.ufsm.br\/cursos\/graduacao\/santa-maria\/producao-editorial\/wp-json\/wp\/v2\/pages\/181","targetHints":{"allow":["GET"]}}],"collection":[{"href":"https:\/\/www.ufsm.br\/cursos\/graduacao\/santa-maria\/producao-editorial\/wp-json\/wp\/v2\/pages"}],"about":[{"href":"https:\/\/www.ufsm.br\/cursos\/graduacao\/santa-maria\/producao-editorial\/wp-json\/wp\/v2\/types\/page"}],"author":[{"embeddable":true,"href":"https:\/\/www.ufsm.br\/cursos\/graduacao\/santa-maria\/producao-editorial\/wp-json\/wp\/v2\/users\/115"}],"replies":[{"embeddable":true,"href":"https:\/\/www.ufsm.br\/cursos\/graduacao\/santa-maria\/producao-editorial\/wp-json\/wp\/v2\/comments?post=181"}],"version-history":[{"count":0,"href":"https:\/\/www.ufsm.br\/cursos\/graduacao\/santa-maria\/producao-editorial\/wp-json\/wp\/v2\/pages\/181\/revisions"}],"wp:attachment":[{"href":"https:\/\/www.ufsm.br\/cursos\/graduacao\/santa-maria\/producao-editorial\/wp-json\/wp\/v2\/media?parent=181"}],"wp:term":[{"taxonomy":"category","embeddable":true,"href":"https:\/\/www.ufsm.br\/cursos\/graduacao\/santa-maria\/producao-editorial\/wp-json\/wp\/v2\/categories?post=181"},{"taxonomy":"post_tag","embeddable":true,"href":"https:\/\/www.ufsm.br\/cursos\/graduacao\/santa-maria\/producao-editorial\/wp-json\/wp\/v2\/tags?post=181"}],"curies":[{"name":"wp","href":"https:\/\/api.w.org\/{rel}","templated":true}]}}