{"id":895,"date":"2021-03-01T14:32:02","date_gmt":"2021-03-01T17:32:02","guid":{"rendered":"https:\/\/www.ufsm.br\/cursos\/graduacao\/santa-maria\/producao-editorial\/?page_id=895"},"modified":"2021-05-05T18:19:27","modified_gmt":"2021-05-05T21:19:27","slug":"projeto-pe-10-anos","status":"publish","type":"page","link":"https:\/\/www.ufsm.br\/cursos\/graduacao\/santa-maria\/producao-editorial\/projeto-pe-10-anos","title":{"rendered":"Projeto PE 10 anos"},"content":{"rendered":"\t\t<div data-elementor-type=\"wp-page\" data-elementor-id=\"895\" class=\"elementor elementor-895\">\n\t\t\t\t\t\t<section class=\"elementor-section elementor-top-section elementor-element elementor-element-4935d512 elementor-section-boxed elementor-section-height-default elementor-section-height-default\" data-id=\"4935d512\" data-element_type=\"section\">\n\t\t\t\t\t\t<div class=\"elementor-container elementor-column-gap-default\">\n\t\t\t\t\t<div class=\"elementor-column elementor-col-100 elementor-top-column elementor-element elementor-element-3b56b8f2\" data-id=\"3b56b8f2\" data-element_type=\"column\">\n\t\t\t<div class=\"elementor-widget-wrap elementor-element-populated\">\n\t\t\t\t\t\t<div class=\"elementor-element elementor-element-7a0dc8f elementor-widget elementor-widget-image\" data-id=\"7a0dc8f\" data-element_type=\"widget\" data-widget_type=\"image.default\">\n\t\t\t\t<div class=\"elementor-widget-container\">\n\t\t\t\t\t\t\t\t\t\t\t\t\t<img fetchpriority=\"high\" decoding=\"async\" width=\"1024\" height=\"379\" src=\"https:\/\/www.ufsm.br\/app\/uploads\/sites\/468\/2020\/12\/WhatsApp-Image-2020-12-15-at-08.25.59-1024x379.jpeg\" class=\"attachment-large size-large wp-image-881\" alt=\"\" srcset=\"https:\/\/www.ufsm.br\/app\/uploads\/sites\/468\/2020\/12\/WhatsApp-Image-2020-12-15-at-08.25.59-1024x379.jpeg 1024w, https:\/\/www.ufsm.br\/app\/uploads\/sites\/468\/2020\/12\/WhatsApp-Image-2020-12-15-at-08.25.59-300x111.jpeg 300w, https:\/\/www.ufsm.br\/app\/uploads\/sites\/468\/2020\/12\/WhatsApp-Image-2020-12-15-at-08.25.59-768x284.jpeg 768w, https:\/\/www.ufsm.br\/app\/uploads\/sites\/468\/2020\/12\/WhatsApp-Image-2020-12-15-at-08.25.59.jpeg 1200w\" sizes=\"(max-width: 1024px) 100vw, 1024px\" \/>\t\t\t\t\t\t\t\t\t\t\t\t\t<\/div>\n\t\t\t\t<\/div>\n\t\t\t\t<div class=\"elementor-element elementor-element-50e6ac24 elementor-widget elementor-widget-text-editor\" data-id=\"50e6ac24\" data-element_type=\"widget\" data-widget_type=\"text-editor.default\">\n\t\t\t\t<div class=\"elementor-widget-container\">\n\t\t\t\t\t\t\t<p><!-- wp:tadv\/classic-paragraph --><\/p>\n<p style=\"text-align: left\">Em comemora\u00e7\u00e3o aos 10 anos do curso de Comunica\u00e7\u00e3o Social &#8211;\u00a0 Produ\u00e7\u00e3o Editorial da UFSM, a turma de Produ\u00e7\u00e3o Editorial para Web, ministrada pela professora Liliane Dutra Brignol, preparou uma s\u00e9rie de postagens para o Instagram e para o site de PE dentro do projeto PE 10 anos. A disciplina conta com o apoio da monitora <a style=\"background-color: #ffffff\" href=\"mailto:giovanaufsm@gmail.com\">Giovana Sibille<\/a>, da mestranda Marina Vlacic e da servidora t\u00e9cnica-administrativa Danielle Wille.<\/p>\n<p><span style=\"font-weight: 400\">Entre os temas abordados est\u00e3o:\u00a0<\/span><\/p>\n<ul>\n<li style=\"font-weight: 400\"><a href=\"https:\/\/www.ufsm.br\/cursos\/graduacao\/santa-maria\/producao-editorial\/2021\/03\/17\/as-areas-de-atuacao-de-pe\/\" target=\"_blank\" rel=\"noopener\">As \u00e1reas de atua\u00e7\u00e3o de PE\u00a0<\/a><\/li>\n<li style=\"font-weight: 400\"><a href=\"https:\/\/www.ufsm.br\/cursos\/graduacao\/santa-maria\/producao-editorial\/2021\/03\/17\/as-10-diferencas-entre-o-editor-e-revisor-de-texto\/\" target=\"_blank\" rel=\"noopener\">As 10 diferen\u00e7as entre o editor e revisor de texto\u00a0<\/a><\/li>\n<li style=\"font-weight: 400\"><a href=\"https:\/\/www.ufsm.br\/cursos\/graduacao\/santa-maria\/producao-editorial\/2021\/03\/17\/producao-industrial-jornalismo-producao-social-publicidade-edicao-editorial-afinal-o-que-e-producao-editorial\/\" target=\"_blank\" rel=\"noopener\">Produ\u00e7\u00e3o Industrial? Jornalismo? Produ\u00e7\u00e3o Social? Publicidade? Edi\u00e7\u00e3o Editorial? Afinal o que \u00e9 Produ\u00e7\u00e3o Editorial?\u00a0<\/a><\/li>\n<li style=\"font-weight: 400\"><a href=\"https:\/\/www.ufsm.br\/cursos\/graduacao\/santa-maria\/producao-editorial\/2021\/03\/17\/10-anos-de-producao-editorial-uma-breve-historia-dos-camaleoes\/\" target=\"_blank\" rel=\"noopener\">A hist\u00f3ria de PE\u00a0\u00a0<\/a><\/li>\n<li style=\"font-weight: 400\"><a href=\"https:\/\/www.ufsm.br\/cursos\/graduacao\/santa-maria\/producao-editorial\/2021\/03\/19\/os-laboratorios-que-acompanharam-o-curso-de-producao-editorial-ao-longo-de-seus-dez-anos-de-existencia\/\">Os laborat\u00f3rios do curso\u00a0<\/a><\/li>\n<li style=\"font-weight: 400\"><span style=\"font-weight: 400\"><a href=\"https:\/\/www.ufsm.br\/cursos\/graduacao\/santa-maria\/producao-editorial\/2021\/03\/22\/largados-perdidos-um-guia-de-sobrevivencia-na-producao-editorial\/\">Manual de Sobreviv\u00eancia PE<\/a>\u00a0<\/span><\/li>\n<li style=\"font-weight: 400\"><a href=\"https:\/\/www.ufsm.br\/cursos\/graduacao\/santa-maria\/producao-editorial\/2021\/03\/23\/pe-10-anos-o-processo-das-mudancas-na-estrutura-curricular-do-curso\/\"><span style=\"font-weight: 400\">Mudan\u00e7as na estrutura curricular do curso\u00a0<\/span><\/a><\/li>\n<li style=\"font-weight: 400\"><a href=\"https:\/\/www.ufsm.br\/cursos\/graduacao\/santa-maria\/producao-editorial\/2021\/03\/23\/qual-a-perspectivas-dos-docentes-para-os-proximos-10-anos-do-curso-de-pe\/?preview=true\"><span style=\"font-weight: 400\">Qual a perspectiva dos docentes para os pr\u00f3ximos 10 anos do curso de PE?\u00a0<\/span><\/a><\/li>\n<li style=\"font-weight: 400\"><a href=\"https:\/\/www.ufsm.br\/cursos\/graduacao\/santa-maria\/producao-editorial\/2021\/03\/23\/a-experiencia-de-fazer-um-tcc-na-pe\/\"><span style=\"font-weight: 400\">A experi\u00eancia de fazer um TCC na PE\u00a0<\/span><\/a><\/li>\n<\/ul>\n<p><span style=\"font-weight: 400\">Confiram nossa produ\u00e7\u00e3o especial.<\/span><\/p>\n<p><span style=\"font-weight: 400\">Todos os conte\u00fados estar\u00e3o dispon\u00edveis no site de PE e no nosso instagram <a href=\"https:\/\/www.instagram.com\/pe_ufsm\/\">@pe_ufsm<\/a><\/span><\/p>\n<p><!-- \/wp:tadv\/classic-paragraph --><\/p>\t\t\t\t\t\t<\/div>\n\t\t\t\t<\/div>\n\t\t\t\t\t<\/div>\n\t\t<\/div>\n\t\t\t\t\t<\/div>\n\t\t<\/section>\n\t\t\t\t<section class=\"elementor-section elementor-top-section elementor-element elementor-element-26253c5 elementor-section-boxed elementor-section-height-default elementor-section-height-default\" data-id=\"26253c5\" data-element_type=\"section\">\n\t\t\t\t\t\t<div class=\"elementor-container elementor-column-gap-default\">\n\t\t\t\t\t<div class=\"elementor-column elementor-col-100 elementor-top-column elementor-element elementor-element-23bf334\" data-id=\"23bf334\" data-element_type=\"column\">\n\t\t\t<div class=\"elementor-widget-wrap\">\n\t\t\t\t\t\t\t<\/div>\n\t\t<\/div>\n\t\t\t\t\t<\/div>\n\t\t<\/section>\n\t\t\t\t<\/div>\n\t\t","protected":false},"excerpt":{"rendered":"<p>Em comemora\u00e7\u00e3o aos 10 anos do curso de Comunica\u00e7\u00e3o Social &#8211;\u00a0 Produ\u00e7\u00e3o Editorial da UFSM, a turma de Produ\u00e7\u00e3o Editorial para Web, ministrada pela professora Liliane Dutra Brignol, preparou uma s\u00e9rie de postagens para o Instagram e para o site de PE dentro do projeto PE 10 anos. A disciplina conta com o apoio da [&hellip;]<\/p>\n","protected":false},"author":3307,"featured_media":881,"parent":0,"menu_order":0,"comment_status":"closed","ping_status":"closed","template":"","meta":{"footnotes":""},"categories":[9,33],"tags":[],"class_list":["post-895","page","type-page","status-publish","has-post-thumbnail","hentry","category-destaques","category-projetos-e-producoes"],"acf":[],"_links":{"self":[{"href":"https:\/\/www.ufsm.br\/cursos\/graduacao\/santa-maria\/producao-editorial\/wp-json\/wp\/v2\/pages\/895","targetHints":{"allow":["GET"]}}],"collection":[{"href":"https:\/\/www.ufsm.br\/cursos\/graduacao\/santa-maria\/producao-editorial\/wp-json\/wp\/v2\/pages"}],"about":[{"href":"https:\/\/www.ufsm.br\/cursos\/graduacao\/santa-maria\/producao-editorial\/wp-json\/wp\/v2\/types\/page"}],"author":[{"embeddable":true,"href":"https:\/\/www.ufsm.br\/cursos\/graduacao\/santa-maria\/producao-editorial\/wp-json\/wp\/v2\/users\/3307"}],"replies":[{"embeddable":true,"href":"https:\/\/www.ufsm.br\/cursos\/graduacao\/santa-maria\/producao-editorial\/wp-json\/wp\/v2\/comments?post=895"}],"version-history":[{"count":0,"href":"https:\/\/www.ufsm.br\/cursos\/graduacao\/santa-maria\/producao-editorial\/wp-json\/wp\/v2\/pages\/895\/revisions"}],"wp:featuredmedia":[{"embeddable":true,"href":"https:\/\/www.ufsm.br\/cursos\/graduacao\/santa-maria\/producao-editorial\/wp-json\/wp\/v2\/media\/881"}],"wp:attachment":[{"href":"https:\/\/www.ufsm.br\/cursos\/graduacao\/santa-maria\/producao-editorial\/wp-json\/wp\/v2\/media?parent=895"}],"wp:term":[{"taxonomy":"category","embeddable":true,"href":"https:\/\/www.ufsm.br\/cursos\/graduacao\/santa-maria\/producao-editorial\/wp-json\/wp\/v2\/categories?post=895"},{"taxonomy":"post_tag","embeddable":true,"href":"https:\/\/www.ufsm.br\/cursos\/graduacao\/santa-maria\/producao-editorial\/wp-json\/wp\/v2\/tags?post=895"}],"curies":[{"name":"wp","href":"https:\/\/api.w.org\/{rel}","templated":true}]}}