{"id":898,"date":"2021-03-01T16:42:48","date_gmt":"2021-03-01T19:42:48","guid":{"rendered":"https:\/\/www.ufsm.br\/cursos\/graduacao\/santa-maria\/producao-editorial\/?page_id=898"},"modified":"2021-03-01T16:42:49","modified_gmt":"2021-03-01T19:42:49","slug":"eventospe","status":"publish","type":"page","link":"https:\/\/www.ufsm.br\/cursos\/graduacao\/santa-maria\/producao-editorial\/eventospe","title":{"rendered":"Eventos"},"content":{"rendered":"\t\t<div data-elementor-type=\"wp-page\" data-elementor-id=\"898\" class=\"elementor elementor-898\">\n\t\t\t\t\t\t<section class=\"elementor-section elementor-top-section elementor-element elementor-element-a2ae940 elementor-section-boxed elementor-section-height-default elementor-section-height-default\" data-id=\"a2ae940\" data-element_type=\"section\">\n\t\t\t\t\t\t<div class=\"elementor-container elementor-column-gap-default\">\n\t\t\t\t\t<div class=\"elementor-column elementor-col-100 elementor-top-column elementor-element elementor-element-0be2b61\" data-id=\"0be2b61\" data-element_type=\"column\">\n\t\t\t<div class=\"elementor-widget-wrap elementor-element-populated\">\n\t\t\t\t\t\t<div class=\"elementor-element elementor-element-d09030c elementor-widget elementor-widget-text-editor\" data-id=\"d09030c\" data-element_type=\"widget\" data-widget_type=\"text-editor.default\">\n\t\t\t\t<div class=\"elementor-widget-container\">\n\t\t\t\t\t\t\t<p>O curso de Comunica\u00e7\u00e3o Social &#8211; Produ\u00e7\u00e3o Editorial, promove regularmente eventos com intuito fortalecer as rela\u00e7\u00f5es entre ensino, pesquisa e extens\u00e3o. Al\u00e9m de um espa\u00e7o para integra\u00e7\u00e3o acad\u00eamica, os eventos permitem aproxima\u00e7\u00e3o com o mercado e debate sobre as tend\u00eancias editoriais.\u00a0<\/p><p>Nas\u00a0<b>Conversas com Egressos<\/b>,\u00a0s\u00e3o reafirmados os v\u00ednculos entre estudantes e profissionais formados pelo curso. O<span style=\"color: #1c1c1c;font-size: 16px\">\u00a0bate papo, sobre as trajet\u00f3rias de egressos, repercute em experi\u00eancias e expectativas de atua\u00e7\u00e3o na \u00e1rea.\u00a0<\/span><\/p><p>As<b> Oficinas<\/b>\u00a0oferecidas com o apoio do\u00a0<a href=\"https:\/\/www.ufsm.br\/laboratorios\/lappe\/\" target=\"_blank\" rel=\"noopener\">Lappe<\/a>\u00a0buscam suprir demandas na utiliza\u00e7\u00e3o de softwares e ferramentas digitais, essenciais ao desenvolvimento de algumas disciplinas te\u00f3rico-pr\u00e1ticas do curso. Projetos vinculados ao curso tamb\u00e9m ofertam oficinas das mais variadas tem\u00e1ticas, as quais buscam complementar a forma\u00e7\u00e3o em Produ\u00e7\u00e3o Editorial.<\/p><p>O <b>Dia de PE<\/b> \u00e9 um evento realizado a cada 2 anos para observar o mercado e compreender os novos espa\u00e7os de atua\u00e7\u00e3o do produtor editorial. Busca ainda fomentar a produ\u00e7\u00e3o com espa\u00e7o para mostra de trabalhos acad\u00eamicos, desenvolvidos nas disciplinas pr\u00e1ticas do curso.<\/p><p>O <b>Editasul \u2013 F\u00f3rum de Produ\u00e7\u00e3o Editorial\u00a0<\/b>\u00e9 um evento acad\u00eamico, realizado de forma alternada ao Dia de PE. A proposta busca a qualifica\u00e7\u00e3o da forma\u00e7\u00e3o acad\u00eamica continuada e visa estabelecer ou manter contatos da universidade com pesquisadores e profissionais da \u00e1rea. Durante o Editasul \u00e9 realizada a cerim\u00f4nia do Pr\u00eamio\u00a0<b>Camale\u00e3o Dourado<\/b>, que objetiva dar visibilidade \u00e0 produ\u00e7\u00e3o experimental e reconhecer os produtos editoriais de\u00a0<span style=\"color: black;font-size: 1rem\">excel\u00eancia desenvolvidos pelos acad\u00eamicos do curso em disciplinas te\u00f3rico-pr\u00e1ticas.\u00a0<\/span><\/p>\t\t\t\t\t\t<\/div>\n\t\t\t\t<\/div>\n\t\t\t\t\t<\/div>\n\t\t<\/div>\n\t\t\t\t\t<\/div>\n\t\t<\/section>\n\t\t\t\t<section class=\"elementor-section elementor-top-section elementor-element elementor-element-16c43b4 elementor-section-boxed elementor-section-height-default elementor-section-height-default\" data-id=\"16c43b4\" data-element_type=\"section\">\n\t\t\t\t\t\t<div class=\"elementor-container elementor-column-gap-default\">\n\t\t\t\t\t<div class=\"elementor-column elementor-col-100 elementor-top-column elementor-element elementor-element-7e2c9e2\" data-id=\"7e2c9e2\" data-element_type=\"column\">\n\t\t\t<div class=\"elementor-widget-wrap elementor-element-populated\">\n\t\t\t\t\t\t<div class=\"elementor-element elementor-element-449a93d elementor-widget elementor-widget-wp-widget-ufsm_eventos_widget\" data-id=\"449a93d\" data-element_type=\"widget\" data-widget_type=\"wp-widget-ufsm_eventos_widget.default\">\n\t\t\t\t<div class=\"elementor-widget-container\">\n\t\t\t<H2 class='titulo-conteudos'>Agenda de eventos<\/H2>\n          <div class='d-flex flex-column align-items-center justify-content-center py-4'>\n        <span class='text-muted fs-5 mb-2 d-flex align-items-center'>\n          <i class='fas fa-calendar-times fa-2x me-2'><\/i>\n          Nenhum evento futuro encontrado.\n        <\/span>\n        <a class='btn btn-outline-primary mt-2' href='https:\/\/www.ufsm.br\/cursos\/graduacao\/santa-maria\/producao-editorial\/busca\/?q=&orderby=date&order=DESC&perpage=15&area=eventos&sites%5B%5D=468'>\n          Confira os eventos j\u00e1 realizados\n          <i class='fas fa-arrow-right ms-2'><\/i>\n        <\/a>\n          <\/div>\n        \t\t<\/div>\n\t\t\t\t<\/div>\n\t\t\t\t\t<\/div>\n\t\t<\/div>\n\t\t\t\t\t<\/div>\n\t\t<\/section>\n\t\t\t\t<\/div>\n\t\t","protected":false},"excerpt":{"rendered":"<p>O curso de Comunica\u00e7\u00e3o Social &#8211; Produ\u00e7\u00e3o Editorial, promove regularmente eventos com intuito fortalecer as rela\u00e7\u00f5es entre ensino, pesquisa e extens\u00e3o. Al\u00e9m de um espa\u00e7o para integra\u00e7\u00e3o acad\u00eamica, os eventos permitem aproxima\u00e7\u00e3o com o mercado e debate sobre as tend\u00eancias editoriais.&nbsp; Nas&nbsp;Conversas com Egressos,&nbsp;s\u00e3o reafirmados os v\u00ednculos entre estudantes e profissionais formados pelo curso. O&nbsp;bate [&hellip;]<\/p>\n","protected":false},"author":68,"featured_media":0,"parent":0,"menu_order":0,"comment_status":"closed","ping_status":"closed","template":"","meta":{"footnotes":""},"categories":[],"tags":[],"class_list":["post-898","page","type-page","status-publish","hentry"],"acf":[],"_links":{"self":[{"href":"https:\/\/www.ufsm.br\/cursos\/graduacao\/santa-maria\/producao-editorial\/wp-json\/wp\/v2\/pages\/898","targetHints":{"allow":["GET"]}}],"collection":[{"href":"https:\/\/www.ufsm.br\/cursos\/graduacao\/santa-maria\/producao-editorial\/wp-json\/wp\/v2\/pages"}],"about":[{"href":"https:\/\/www.ufsm.br\/cursos\/graduacao\/santa-maria\/producao-editorial\/wp-json\/wp\/v2\/types\/page"}],"author":[{"embeddable":true,"href":"https:\/\/www.ufsm.br\/cursos\/graduacao\/santa-maria\/producao-editorial\/wp-json\/wp\/v2\/users\/68"}],"replies":[{"embeddable":true,"href":"https:\/\/www.ufsm.br\/cursos\/graduacao\/santa-maria\/producao-editorial\/wp-json\/wp\/v2\/comments?post=898"}],"version-history":[{"count":0,"href":"https:\/\/www.ufsm.br\/cursos\/graduacao\/santa-maria\/producao-editorial\/wp-json\/wp\/v2\/pages\/898\/revisions"}],"wp:attachment":[{"href":"https:\/\/www.ufsm.br\/cursos\/graduacao\/santa-maria\/producao-editorial\/wp-json\/wp\/v2\/media?parent=898"}],"wp:term":[{"taxonomy":"category","embeddable":true,"href":"https:\/\/www.ufsm.br\/cursos\/graduacao\/santa-maria\/producao-editorial\/wp-json\/wp\/v2\/categories?post=898"},{"taxonomy":"post_tag","embeddable":true,"href":"https:\/\/www.ufsm.br\/cursos\/graduacao\/santa-maria\/producao-editorial\/wp-json\/wp\/v2\/tags?post=898"}],"curies":[{"name":"wp","href":"https:\/\/api.w.org\/{rel}","templated":true}]}}