{"id":160,"date":"2018-12-04T14:41:46","date_gmt":"2018-12-04T16:41:46","guid":{"rendered":"https:\/\/www.ufsm.br\/cursos\/graduacao\/santa-maria\/psicologia\/?page_id=160"},"modified":"2025-11-07T17:05:54","modified_gmt":"2025-11-07T20:05:54","slug":"termo-de-estagios","status":"publish","type":"page","link":"https:\/\/www.ufsm.br\/cursos\/graduacao\/santa-maria\/psicologia\/termo-de-estagios","title":{"rendered":"Est\u00e1gios"},"content":{"rendered":"<p>As atividades de est\u00e1gio ser\u00e3o realizadas em dois momentos no curso de Psicologia.<\/p>\n<p>Inicialmente, as disciplinas de <strong>Est\u00e1gio B\u00e1sico I e II<\/strong> ocorrerem no 3\u00b0 e no 4\u00b0 semestres, com 60 horas, seguindo a proposta de diretrizes curriculares para os Cursos de Psicologia, resultando em uma primeira experi\u00eancia dos alunos no campo das pr\u00e1ticas poss\u00edveis no trabalho do Psic\u00f3logo.<\/p>\n<p>Um segundo momento de experi\u00eancia pr\u00e1tica mais sistem\u00e1tica ocorrer\u00e1 nos dois \u00faltimos anos do curso, a partir do 7\u00b0 semestre, somando este 960 horas. S\u00e3o as disciplinas de <strong>Est\u00e1gio Espec\u00edfico I, II, III e IV.<\/strong><\/p>\n<hr \/>\n<p><strong>EST\u00c1GIOS OBRIGAT\u00d3RIOS:<\/strong><\/p>\n<p>S\u00e3o os est\u00e1gios vinculados a matr\u00edcula em disciplinas de est\u00e1gio: <strong>Est\u00e1gio B\u00e1sico I e II, Est\u00e1gio Espec\u00edfico I, II, III e IV.<\/strong><\/p>\n<p><strong>Informa\u00e7\u00f5es Importantes:<\/strong><\/p>\n<p>&#8211; Deve ser orientado por um professor do departamento de psicologia, o qual ser\u00e1 respons\u00e1vel pelo est\u00e1gio e pela assinatura, por parte da UFSM, no TCE. Antes de realizar a matr\u00edcula em disciplinas de est\u00e1gio espec\u00edfico na turma de determinado professor orientador, o acad\u00eamico deve procur\u00e1-lo e informar que ira realizar a matr\u00edcula pois s\u00e3o vagas limitadas por professor.<\/p>\n<p><strong>&#8211; \u00c9 dever do acad\u00eamico tramitar o Termo de Compromisso de Est\u00e1gio logo no in\u00edcio de cada semestre.<\/strong> O Termo de Est\u00e1gio \u00e9 componente obrigat\u00f3rio da disciplina e deve ser tramitado via <strong><a href=\"https:\/\/portal.ufsm.br\/estudantil\/index.html\">Portal Estudantil<\/a> &gt; Curr\u00edculo &gt; Est\u00e1gios, <\/strong>em um Processo de homologa\u00e7\u00e3o de est\u00e1gio OBRIGAT\u00d3RIO de gradua\u00e7\u00e3o (125.22).<\/p>\n<p>&#8211; Para est\u00e1gios realizados no \u00e2mbito da UFSM utiliza-se o Termo de Compromisso de Est\u00e1gio Obrigat\u00f3rio Interno, para fora da UFSM \u00e9 o Termo de Compromisso de Est\u00e1gio Obrigat\u00f3rio.<\/p>\n<p>&#8211; Os documentos de est\u00e1gio no modelo da UFSM (TCE, relat\u00f3rio, Termo aditivo) s\u00e3o obtidos diretamente no processo.<\/p>\n<p>&#8211; O per\u00edodo de est\u00e1gio \u00e9 o referente ao semestre letivo da UFSM, salvo exce\u00e7\u00f5es. A carga hor\u00e1ria semanal m\u00ednima a constar no TCE \u00e9 o n\u00famero de horas necess\u00e1rias para integralizar a carga hor\u00e1ria total da disciplina. A carga hor\u00e1ria m\u00e1xima, para o curso de psicologia da UFSM, \u00e9 30 horas.\u00a0<\/p>\n<p>&#8211; O acad\u00eamico que realiza est\u00e1gio obrigat\u00f3rio \u00e9 coberto por seguro contratado pela UFSM.<\/p>\n<p>&#8211; A <a href=\"http:\/\/www.planalto.gov.br\/Ccivil_03\/_Ato2007-2010\/2008\/Lei\/L11788.htm\">Lei n\u00ba 11.788 de 2008<\/a> \u00e9 a lei que regulamenta as atividades de est\u00e1gio.<\/p>\n<hr \/>\n<p><strong>EST\u00c1GIOS N\u00c3O OBRIGAT\u00d3RIOS<\/strong>:<\/p>\n<p>S\u00e3o os est\u00e1gios vinculados a matr\u00edcula ativa em qualquer disciplina. Podem ser realizados a qualquer tempo ao longo da gradua\u00e7\u00e3o e valem como ACG.<\/p>\n<p>Os est\u00e1gios n\u00e3o obrigat\u00f3rios seguem a mesma normativa da<strong> <a href=\"http:\/\/www.planalto.gov.br\/Ccivil_03\/_Ato2007-2010\/2008\/Lei\/L11788.htm\">Lei n\u00ba 11.788 de 2008<\/a><\/strong>.<\/p>\n<p>\u00c9 importante salientar que, segundo a legisla\u00e7\u00e3o, os est\u00e1gios n\u00e3o obrigat\u00f3rios devem, compulsoriamente, ser remunerados (bolsa\/contrapresta\u00e7\u00e3o + aux\u00edlio transporte). Al\u00e9m disso, tamb\u00e9m \u00e9 necess\u00e1rio que o local contrate um seguro de vida para o estagi\u00e1rio e conte com psic\u00f3logo, com CRP ativo, para realizar a supervis\u00e3o local.<\/p>\n<p>Deve ser orientado por um professor do departamento de psicologia, o qual ser\u00e1 respons\u00e1vel pelo est\u00e1gio e pela assinatura, por parte da UFSM, no TCE.<\/p>\n<p>Os documentos de est\u00e1gio no modelo da UFSM (TCE, relat\u00f3rio, Termo aditivo) s\u00e3o obtidos diretamente no processo.<\/p>\n<p>A documenta\u00e7\u00e3o deve ser tramitada via <strong><a href=\"https:\/\/portal.ufsm.br\/estudantil\/index.html\">Portal Estudantil<\/a> &gt; Curr\u00edculo &gt; Est\u00e1gios<\/strong>,\u00a0em Processo de homologa\u00e7\u00e3o de est\u00e1gio N\u00c3O OBRIGAT\u00d3RIO de gradua\u00e7\u00e3o (125.62), para registro do est\u00e1gio no sistema da UFSM e atribui\u00e7\u00e3o dos encargos did\u00e1ticos para o professor orientador.\u00a0<\/p>\n<hr \/>\n<p><strong>NORMAS PARA EST\u00c1GIOS DEFINIDAS PELO COLEGIADO DO CURSO DE PSICOLOGIA<\/strong><\/p>\n<p><strong>Crit\u00e9rios para realiza\u00e7\u00e3o de Est\u00e1gios Obrigat\u00f3rios em Cl\u00ednicas Privadas<\/strong><br \/>1) Psic\u00f3logo supervisor local deve ter pelo menos tr\u00eas anos de experi\u00eancia profissional na \u00e1rea de psicologia <span class=\"il\">cl\u00ednica<\/span>;\u00a0<br \/>2) Psic\u00f3logo supervisor local deve ter conclu\u00eddo especializa\u00e7\u00e3o lato senso na \u00e1rea espec\u00edfica de atua\u00e7\u00e3o de psicologia <span class=\"il\">cl\u00ednica<\/span>;\u00a0<br \/>3) Deve ser apresentada uma justificativa do supervisor local indicando a import\u00e2ncia\/motivo para receber o estagi\u00e1rio, juntamente com um plano de trabalho;<br \/>4) O estudante j\u00e1 deve ter conclu\u00eddo as disciplinas de Est\u00e1gio Espec\u00edfico I e II.<br \/>Estas regras n\u00e3o s\u00e3o exigidas para Est\u00e1gios N\u00e3o Obrigat\u00f3rios.<\/p>\n<p><strong>Atividades de Est\u00e1gios de forma remota<br \/><\/strong>De acordo com o C\u00f3digo de \u00c9tica profissional em Psicologia, \u00e9 requisito indispens\u00e1vel a garantia de sigilo, privacidade e confiabilidade em todas as atividades desenvolvidas pelo estagi\u00e1rio. Processos remotos cl\u00ednicos e de avalia\u00e7\u00e3o psicol\u00f3gica s\u00f3 poder\u00e3o ser realizados em espa\u00e7os controlados. Desta forma, <strong>quando houver participa\u00e7\u00e3o do aluno em est\u00e1gio de atendimento on-line, o mesmo deve ser feito no campo de est\u00e1gio<\/strong>, sob acompanhamento do supervisor respons\u00e1vel, garantindo que o espa\u00e7o tenha condi\u00e7\u00f5es adequadas para o atendimento psicol\u00f3gico. No Termo de Compromisso de Est\u00e1gio, no espa\u00e7o destinado ao Plano de Atividades, dever\u00e1 constar a inclus\u00e3o desta orienta\u00e7\u00e3o, informando claramente que o est\u00e1gio \u00e9 remoto e que as atividades acontecer\u00e3o no campo de est\u00e1gio. Esta orienta\u00e7\u00e3o \u00e9 v\u00e1lida para Est\u00e1gios Obrigat\u00f3rios e N\u00e3o Obrigat\u00f3rios.\u00a0<\/p>\n<hr \/>\n<p>Mais informa\u00e7\u00f5es sobre est\u00e1gios podem ser obtidas com a\u00a0<strong>Subdivis\u00e3o de Est\u00e1gios do CCSH II<\/strong><\/p>\n<p>E-mail: estagios74b.ccsh@ufsm.br<br \/>Fone: 55 3220 9336<br \/>Endere\u00e7o: CCSH &#8211; UFSM. Avenida Roraima, Pr\u00e9dio 74 B, sala 3301<\/p>\n\n","protected":false},"excerpt":{"rendered":"<p>As atividades de est\u00e1gio ser\u00e3o realizadas em dois momentos no curso de Psicologia. Inicialmente, as disciplinas de Est\u00e1gio B\u00e1sico I e II ocorrerem no 3\u00b0 e no 4\u00b0 semestres, com 60 horas, seguindo a proposta de diretrizes curriculares para os Cursos de Psicologia, resultando em uma primeira experi\u00eancia dos alunos no campo das pr\u00e1ticas poss\u00edveis [&hellip;]<\/p>\n","protected":false},"author":115,"featured_media":0,"parent":0,"menu_order":0,"comment_status":"closed","ping_status":"closed","template":"","meta":{"footnotes":""},"categories":[],"tags":[],"class_list":["post-160","page","type-page","status-publish","hentry"],"acf":[],"_links":{"self":[{"href":"https:\/\/www.ufsm.br\/cursos\/graduacao\/santa-maria\/psicologia\/wp-json\/wp\/v2\/pages\/160","targetHints":{"allow":["GET"]}}],"collection":[{"href":"https:\/\/www.ufsm.br\/cursos\/graduacao\/santa-maria\/psicologia\/wp-json\/wp\/v2\/pages"}],"about":[{"href":"https:\/\/www.ufsm.br\/cursos\/graduacao\/santa-maria\/psicologia\/wp-json\/wp\/v2\/types\/page"}],"author":[{"embeddable":true,"href":"https:\/\/www.ufsm.br\/cursos\/graduacao\/santa-maria\/psicologia\/wp-json\/wp\/v2\/users\/115"}],"replies":[{"embeddable":true,"href":"https:\/\/www.ufsm.br\/cursos\/graduacao\/santa-maria\/psicologia\/wp-json\/wp\/v2\/comments?post=160"}],"version-history":[{"count":0,"href":"https:\/\/www.ufsm.br\/cursos\/graduacao\/santa-maria\/psicologia\/wp-json\/wp\/v2\/pages\/160\/revisions"}],"wp:attachment":[{"href":"https:\/\/www.ufsm.br\/cursos\/graduacao\/santa-maria\/psicologia\/wp-json\/wp\/v2\/media?parent=160"}],"wp:term":[{"taxonomy":"category","embeddable":true,"href":"https:\/\/www.ufsm.br\/cursos\/graduacao\/santa-maria\/psicologia\/wp-json\/wp\/v2\/categories?post=160"},{"taxonomy":"post_tag","embeddable":true,"href":"https:\/\/www.ufsm.br\/cursos\/graduacao\/santa-maria\/psicologia\/wp-json\/wp\/v2\/tags?post=160"}],"curies":[{"name":"wp","href":"https:\/\/api.w.org\/{rel}","templated":true}]}}