{"id":173,"date":"2018-12-27T11:18:56","date_gmt":"2018-12-27T13:18:56","guid":{"rendered":"https:\/\/www.ufsm.br\/cursos\/graduacao\/santa-maria\/psicologia\/?page_id=173"},"modified":"2021-10-06T11:27:32","modified_gmt":"2021-10-06T14:27:32","slug":"diretorio-academico","status":"publish","type":"page","link":"https:\/\/www.ufsm.br\/cursos\/graduacao\/santa-maria\/psicologia\/diretorio-academico","title":{"rendered":"Diret\u00f3rio Acad\u00eamico"},"content":{"rendered":"\n<p><strong>Diret\u00f3rio Acad\u00eamico<\/strong><\/p>\n<p>O Diret\u00f3rio Acad\u00eamico da Psicologia (DAPSI) \u00e9 uma entidade que representa os estudantes do curso de psicologia. Cabe ao DAPSI organizar uma movimenta\u00e7\u00e3o pol\u00edtica, a fim de encaminhar as demandas e lutas que sejam de interesse dos estudantes.\u00a0 Dessa forma ocupamos cadeiras representativas no Colegiado de Curso, Colegiado de Departamento e Conselho de Centro. Tamb\u00e9m organizamos as Semanas Acad\u00eamicas, rodas de conversa, eventos de forma\u00e7\u00e3o generalista e as assembleias estudantis.<\/p>\n<p>\u00a0<span style=\"font-size: revert;color: initial\">Contato:\u00a0<\/span><a style=\"font-size: revert\" href=\"mailto:dapsiufsm@gmail.com\">dapsiufsm@gmail.com<\/a><\/p>\n","protected":false},"excerpt":{"rendered":"<p>Diret\u00f3rio Acad\u00eamico O Diret\u00f3rio Acad\u00eamico da Psicologia (DAPSI) \u00e9 uma entidade que representa os estudantes do curso de psicologia. Cabe ao DAPSI organizar uma movimenta\u00e7\u00e3o pol\u00edtica, a fim de encaminhar as demandas e lutas que sejam de interesse dos estudantes.\u00a0 Dessa forma ocupamos cadeiras representativas no Colegiado de Curso, Colegiado de Departamento e Conselho de [&hellip;]<\/p>\n","protected":false},"author":194,"featured_media":0,"parent":0,"menu_order":0,"comment_status":"closed","ping_status":"closed","template":"","meta":{"footnotes":""},"categories":[],"tags":[],"class_list":["post-173","page","type-page","status-publish","hentry"],"acf":[],"_links":{"self":[{"href":"https:\/\/www.ufsm.br\/cursos\/graduacao\/santa-maria\/psicologia\/wp-json\/wp\/v2\/pages\/173","targetHints":{"allow":["GET"]}}],"collection":[{"href":"https:\/\/www.ufsm.br\/cursos\/graduacao\/santa-maria\/psicologia\/wp-json\/wp\/v2\/pages"}],"about":[{"href":"https:\/\/www.ufsm.br\/cursos\/graduacao\/santa-maria\/psicologia\/wp-json\/wp\/v2\/types\/page"}],"author":[{"embeddable":true,"href":"https:\/\/www.ufsm.br\/cursos\/graduacao\/santa-maria\/psicologia\/wp-json\/wp\/v2\/users\/194"}],"replies":[{"embeddable":true,"href":"https:\/\/www.ufsm.br\/cursos\/graduacao\/santa-maria\/psicologia\/wp-json\/wp\/v2\/comments?post=173"}],"version-history":[{"count":0,"href":"https:\/\/www.ufsm.br\/cursos\/graduacao\/santa-maria\/psicologia\/wp-json\/wp\/v2\/pages\/173\/revisions"}],"wp:attachment":[{"href":"https:\/\/www.ufsm.br\/cursos\/graduacao\/santa-maria\/psicologia\/wp-json\/wp\/v2\/media?parent=173"}],"wp:term":[{"taxonomy":"category","embeddable":true,"href":"https:\/\/www.ufsm.br\/cursos\/graduacao\/santa-maria\/psicologia\/wp-json\/wp\/v2\/categories?post=173"},{"taxonomy":"post_tag","embeddable":true,"href":"https:\/\/www.ufsm.br\/cursos\/graduacao\/santa-maria\/psicologia\/wp-json\/wp\/v2\/tags?post=173"}],"curies":[{"name":"wp","href":"https:\/\/api.w.org\/{rel}","templated":true}]}}