{"id":174,"date":"2018-12-27T11:20:05","date_gmt":"2018-12-27T13:20:05","guid":{"rendered":"https:\/\/www.ufsm.br\/cursos\/graduacao\/santa-maria\/psicologia\/?page_id=174"},"modified":"2023-04-17T13:26:36","modified_gmt":"2023-04-17T16:26:36","slug":"aluno-especial","status":"publish","type":"page","link":"https:\/\/www.ufsm.br\/cursos\/graduacao\/santa-maria\/psicologia\/aluno-especial","title":{"rendered":"Aluno Especial"},"content":{"rendered":"\n<p><strong>Aluno Especial I &#8211; Portador de Diploma<\/strong><\/p>\n<p>\u00c9 o processo seletivo de\u00a0aluno especial de gradua\u00e7\u00e3o\u00a0que, sem gerar v\u00ednculo com a UFSM, permite aos portadores de diploma de gradua\u00e7\u00e3o frequentarem algumas disciplinas em curso(s) de gradua\u00e7\u00e3o (at\u00e9 um total de 10 disciplinas de um mesmo curr\u00edculo).<\/p>\n<p>A sele\u00e7\u00e3o para Aluno Especial I \u00e9 feita pelos Departamentos Did\u00e1ticos, atrav\u00e9s de edital, o qual descreve as normas para inscri\u00e7\u00e3o, sele\u00e7\u00e3o e an\u00e1lise documental classificat\u00f3ria dos candidatos.<\/p>\n<p>As vagas destinadas a esses alunos s\u00e3o aquelas resultantes de saldo positivo, em fun\u00e7\u00e3o de os alunos regulares da UFSM n\u00e3o terem ocupado tais vagas em suas matr\u00edculas. Por essa raz\u00e3o, a classifica\u00e7\u00e3o para Aluno Especial I ocorre sempre ap\u00f3s o in\u00edcio do semestre letivo, j\u00e1 que \u00e9 necess\u00e1rio avaliar as vagas ociosas em disciplinas.<\/p>\n<p>A solicita\u00e7\u00e3o deve ser feita via web no <a href=\"https:\/\/portal.ufsm.br\/especial\/mainMenu.html\">Portal do Aluno Especial<\/a>, em data estabelecida no Edital.<\/p>\n<hr \/>\n<p><strong>Aluno Especial II &#8211; Maior de 55 anos<\/strong><\/p>\n<p>O ingresso via Edital de Aluno Especial II em disciplinas dos cursos de gradua\u00e7\u00e3o da UFSM, para pessoas com idade m\u00ednima de 55 anos, independentemente de prova de escolaridade, foi REVOGADO pela\u00a0<a href=\"https:\/\/portal.ufsm.br\/documentos\/publico\/documento.html?id=13044422\" target=\"_blank\" rel=\"noopener\"><strong>Resolu\u00e7\u00e3o 008\/2020<\/strong><\/a>.<\/p>\n<hr \/>\n<p>Mais informa\u00e7\u00f5es sobre aluno especial podem ser obtidas em: https:\/\/www.ufsm.br\/pro-reitorias\/prograd\/aluno-especial<\/p>\n","protected":false},"excerpt":{"rendered":"<p>Aluno Especial I &#8211; Portador de Diploma \u00c9 o processo seletivo de\u00a0aluno especial de gradua\u00e7\u00e3o\u00a0que, sem gerar v\u00ednculo com a UFSM, permite aos portadores de diploma de gradua\u00e7\u00e3o frequentarem algumas disciplinas em curso(s) de gradua\u00e7\u00e3o (at\u00e9 um total de 10 disciplinas de um mesmo curr\u00edculo). A sele\u00e7\u00e3o para Aluno Especial I \u00e9 feita pelos Departamentos [&hellip;]<\/p>\n","protected":false},"author":194,"featured_media":0,"parent":0,"menu_order":0,"comment_status":"closed","ping_status":"closed","template":"","meta":{"footnotes":""},"categories":[],"tags":[],"class_list":["post-174","page","type-page","status-publish","hentry"],"acf":[],"_links":{"self":[{"href":"https:\/\/www.ufsm.br\/cursos\/graduacao\/santa-maria\/psicologia\/wp-json\/wp\/v2\/pages\/174","targetHints":{"allow":["GET"]}}],"collection":[{"href":"https:\/\/www.ufsm.br\/cursos\/graduacao\/santa-maria\/psicologia\/wp-json\/wp\/v2\/pages"}],"about":[{"href":"https:\/\/www.ufsm.br\/cursos\/graduacao\/santa-maria\/psicologia\/wp-json\/wp\/v2\/types\/page"}],"author":[{"embeddable":true,"href":"https:\/\/www.ufsm.br\/cursos\/graduacao\/santa-maria\/psicologia\/wp-json\/wp\/v2\/users\/194"}],"replies":[{"embeddable":true,"href":"https:\/\/www.ufsm.br\/cursos\/graduacao\/santa-maria\/psicologia\/wp-json\/wp\/v2\/comments?post=174"}],"version-history":[{"count":0,"href":"https:\/\/www.ufsm.br\/cursos\/graduacao\/santa-maria\/psicologia\/wp-json\/wp\/v2\/pages\/174\/revisions"}],"wp:attachment":[{"href":"https:\/\/www.ufsm.br\/cursos\/graduacao\/santa-maria\/psicologia\/wp-json\/wp\/v2\/media?parent=174"}],"wp:term":[{"taxonomy":"category","embeddable":true,"href":"https:\/\/www.ufsm.br\/cursos\/graduacao\/santa-maria\/psicologia\/wp-json\/wp\/v2\/categories?post=174"},{"taxonomy":"post_tag","embeddable":true,"href":"https:\/\/www.ufsm.br\/cursos\/graduacao\/santa-maria\/psicologia\/wp-json\/wp\/v2\/tags?post=174"}],"curies":[{"name":"wp","href":"https:\/\/api.w.org\/{rel}","templated":true}]}}