{"id":182,"date":"2018-12-27T11:23:07","date_gmt":"2018-12-27T13:23:07","guid":{"rendered":"https:\/\/www.ufsm.br\/cursos\/graduacao\/santa-maria\/psicologia\/?page_id=182"},"modified":"2023-04-17T13:00:46","modified_gmt":"2023-04-17T16:00:46","slug":"pre-requisitos","status":"publish","type":"page","link":"https:\/\/www.ufsm.br\/cursos\/graduacao\/santa-maria\/psicologia\/pre-requisitos","title":{"rendered":"Pr\u00e9-Requisitos"},"content":{"rendered":"\n<p style=\"text-align: center\"><strong>Lista de pr\u00e9-requisitos &#8211; Curso de Psicologia UFSM &#8211; PPC 2023<\/strong><\/p>\n<p style=\"text-align: center\"><strong>1\u00ba Semestre\u00a0<\/strong><\/p>\n<table style=\"width: 100%;height: 369px\" width=\"100%\">\n<tbody>\n<tr style=\"height: 29px\">\n<td style=\"text-align: center;width: 7%;height: 29px\" width=\"7%\">\n<p>1<\/p>\n<\/td>\n<td style=\"text-align: center;width: 36%;height: 29px\" width=\"36%\">\n<p>Antropologia Cultural<\/p>\n<\/td>\n<td style=\"text-align: center;width: 7%;height: 29px\" width=\"7%\">\n<p>60<\/p>\n<\/td>\n<td style=\"text-align: center;width: 48%;height: 29px\" width=\"48%\">\n<p>sem pr\u00e9-requisitos<\/p>\n<\/td>\n<\/tr>\n<tr style=\"height: 68px\">\n<td style=\"text-align: center;width: 7%;height: 68px\" width=\"7%\">\n<p>1<\/p>\n<\/td>\n<td style=\"text-align: center;width: 36%;height: 68px\" width=\"36%\">\n<p>Hist\u00f3ria da Psicologia Moderna<\/p>\n<\/td>\n<td style=\"text-align: center;width: 7%;height: 68px\" width=\"7%\">\n<p>60<\/p>\n<\/td>\n<td style=\"text-align: center;width: 48%;height: 68px\" width=\"48%\">\n<p>sem pr\u00e9-requisitos<\/p>\n<\/td>\n<\/tr>\n<tr style=\"height: 68px\">\n<td style=\"text-align: center;width: 7%;height: 68px\" width=\"7%\">\n<p>1<\/p>\n<\/td>\n<td style=\"text-align: center;width: 36%;height: 68px\" width=\"36%\">\n<p>Psicologia, Evolu\u00e7\u00e3o e Comportamento<\/p>\n<\/td>\n<td style=\"text-align: center;width: 7%;height: 68px\" width=\"7%\">\n<p>60<\/p>\n<\/td>\n<td style=\"text-align: center;width: 48%;height: 68px\" width=\"48%\">\n<p>sem pr\u00e9-requisitos<\/p>\n<\/td>\n<\/tr>\n<tr style=\"height: 68px\">\n<td style=\"text-align: center;width: 7%;height: 68px\" width=\"7%\">\n<p>1<\/p>\n<\/td>\n<td style=\"text-align: center;width: 36%;height: 68px\" width=\"36%\">\n<p>Epistemologia \u201cA\u201d<\/p>\n<\/td>\n<td style=\"text-align: center;width: 7%;height: 68px\" width=\"7%\">\n<p>60<\/p>\n<\/td>\n<td style=\"text-align: center;width: 48%;height: 68px\" width=\"48%\">\n<p>sem pr\u00e9-requisitos<\/p>\n<\/td>\n<\/tr>\n<tr style=\"height: 68px\">\n<td style=\"text-align: center;width: 7%;height: 68px\" width=\"7%\">\n<p>1<\/p>\n<\/td>\n<td style=\"text-align: center;width: 36%;height: 68px\" width=\"36%\">\n<p>Neuroanatomia<\/p>\n<\/td>\n<td style=\"text-align: center;width: 7%;height: 68px\" width=\"7%\">\n<p>60<\/p>\n<\/td>\n<td style=\"text-align: center;width: 48%;height: 68px\" width=\"48%\">\n<p>sem pr\u00e9-requisitos<\/p>\n<\/td>\n<\/tr>\n<tr style=\"height: 68px\">\n<td style=\"text-align: center;width: 7%;height: 68px\" width=\"7%\">\n<p>1<\/p>\n<\/td>\n<td style=\"text-align: center;width: 36%;height: 68px\" width=\"36%\">\n<p>Neurofisiologia Humana<\/p>\n<\/td>\n<td style=\"text-align: center;width: 7%;height: 68px\" width=\"7%\">\n<p>45<\/p>\n<\/td>\n<td style=\"text-align: center;width: 48%;height: 68px\" width=\"48%\">\n<p>sem pr\u00e9-requisitos<\/p>\n<\/td>\n<\/tr>\n<\/tbody>\n<\/table>\n<p>\u00a0<\/p>\n<p style=\"text-align: center\"><strong>2\u00ba Semestre<\/strong><\/p>\n<table width=\"100%\">\n<tbody>\n<tr>\n<td style=\"text-align: center\" width=\"7%\">\n<p>2<\/p>\n<\/td>\n<td style=\"text-align: center\" width=\"36%\">\n<p>Psicologia Social I<\/p>\n<\/td>\n<td style=\"text-align: center\" width=\"7%\">\n<p>60<\/p>\n<\/td>\n<td style=\"text-align: center\" width=\"48%\">\n<p>sem pr\u00e9-requisitos<\/p>\n<\/td>\n<\/tr>\n<tr>\n<td style=\"text-align: center\" width=\"7%\">\n<p>2<\/p>\n<\/td>\n<td style=\"text-align: center\" width=\"36%\">\n<p>Psicologia da Personalidade<\/p>\n<\/td>\n<td style=\"text-align: center\" width=\"7%\">\n<p>60<\/p>\n<\/td>\n<td style=\"text-align: center\" width=\"48%\">\n<p>sem pr\u00e9-requisitos<\/p>\n<\/td>\n<\/tr>\n<tr>\n<td style=\"text-align: center\" width=\"7%\">\n<p>2<\/p>\n<\/td>\n<td style=\"text-align: center\" width=\"36%\">\n<p>Fundamentos da Cl\u00ednica Cognitivo-Comportamental<\/p>\n<\/td>\n<td style=\"text-align: center\" width=\"7%\">\n<p>60<\/p>\n<\/td>\n<td style=\"text-align: center\" width=\"48%\">\n<p>sem pr\u00e9-requisitos<\/p>\n<\/td>\n<\/tr>\n<tr>\n<td style=\"text-align: center\" width=\"7%\">\n<p>2<\/p>\n<\/td>\n<td style=\"text-align: center\" width=\"36%\">\n<p>Introdu\u00e7\u00e3o \u00e0 Psican\u00e1lise<\/p>\n<\/td>\n<td style=\"text-align: center\" width=\"7%\">\n<p>60<\/p>\n<\/td>\n<td style=\"text-align: center\" width=\"48%\">\n<p>sem pr\u00e9-requisitos<\/p>\n<\/td>\n<\/tr>\n<tr>\n<td style=\"text-align: center\" width=\"7%\">\n<p>2<\/p>\n<\/td>\n<td style=\"text-align: center\" width=\"36%\">\n<p>Processos Psicol\u00f3gicos B\u00e1sicos<\/p>\n<\/td>\n<td style=\"text-align: center\" width=\"7%\">\n<p>60<\/p>\n<\/td>\n<td style=\"text-align: center\" width=\"48%\">\n<p>sem pr\u00e9-requisitos<\/p>\n<\/td>\n<\/tr>\n<\/tbody>\n<\/table>\n<p>\u00a0<\/p>\n<p style=\"text-align: center\"><strong>3\u00ba semestre<\/strong><\/p>\n<table width=\"100%\">\n<tbody>\n<tr>\n<td style=\"text-align: center\" width=\"7%\">\n<p>3<\/p>\n<\/td>\n<td style=\"text-align: center\" width=\"36%\">\n<p>Pesquisa em Psicologia I<\/p>\n<\/td>\n<td style=\"text-align: center\" width=\"7%\">\n<p>60<\/p>\n<\/td>\n<td style=\"text-align: center\" width=\"48%\">\n<p>sem pr\u00e9-requisitos<\/p>\n<\/td>\n<\/tr>\n<tr>\n<td style=\"text-align: center\" width=\"7%\">\n<p>3<\/p>\n<\/td>\n<td style=\"text-align: center\" width=\"36%\">\n<p>Psicologia do Desenvolvimento I<\/p>\n<\/td>\n<td style=\"text-align: center\" width=\"7%\">\n<p>60<\/p>\n<\/td>\n<td style=\"text-align: center\" width=\"48%\">\n<p>sem pr\u00e9-requisitos<\/p>\n<\/td>\n<\/tr>\n<tr>\n<td style=\"text-align: center\" width=\"7%\">\n<p>3<\/p>\n<\/td>\n<td style=\"text-align: center\" width=\"36%\">\n<p>Psicologia, Educa\u00e7\u00e3o e Sociedade<\/p>\n<\/td>\n<td style=\"text-align: center\" width=\"7%\">\n<p>60<\/p>\n<\/td>\n<td style=\"text-align: center\" width=\"48%\">\n<p>sem pr\u00e9-requisitos<\/p>\n<\/td>\n<\/tr>\n<tr>\n<td style=\"text-align: center\" width=\"7%\">\n<p>3<\/p>\n<\/td>\n<td style=\"text-align: center\" width=\"36%\">\n<p>Psicologia nas Pol\u00edticas P\u00fablicas I<\/p>\n<\/td>\n<td style=\"text-align: center\" width=\"7%\">\n<p>60<\/p>\n<\/td>\n<td style=\"text-align: center\" width=\"48%\">\n<p>Psicologia Social I<\/p>\n<\/td>\n<\/tr>\n<tr>\n<td style=\"text-align: center\" width=\"7%\">\n<p>3<\/p>\n<\/td>\n<td style=\"text-align: center\" width=\"36%\">\n<p>Psicologia Social II<\/p>\n<\/td>\n<td style=\"text-align: center\" width=\"7%\">\n<p>60<\/p>\n<\/td>\n<td style=\"text-align: center\" width=\"48%\">\n<p>Psicologia Social I<br \/>Processos Psicol\u00f3gicos B\u00e1sicos<\/p>\n<\/td>\n<\/tr>\n<tr>\n<td style=\"text-align: center\" width=\"7%\">\n<p>3<\/p>\n<\/td>\n<td style=\"text-align: center\" width=\"36%\">\n<p>Est\u00e1gio B\u00e1sico I<\/p>\n<\/td>\n<td style=\"text-align: center\" width=\"7%\">\n<p>60<\/p>\n<\/td>\n<td style=\"text-align: center\" width=\"48%\">\n<p style=\"text-align: center\">Psicologia da Personalidade<br \/>Introdu\u00e7\u00e3o \u00e0 Psican\u00e1lise<br \/>Fundamentos da Cl\u00ednica Cognitivo-Comportamental<br \/>Processos Psicol\u00f3gicos B\u00e1sicos<br \/>Psicologia Social I<\/p>\n<\/td>\n<\/tr>\n<\/tbody>\n<\/table>\n<p>\u00a0<\/p>\n<p style=\"text-align: center\"><strong>4\u00ba Semestre<\/strong><\/p>\n<table width=\"100%\">\n<tbody>\n<tr>\n<td style=\"text-align: center\" width=\"7%\">\n<p>4<\/p>\n<\/td>\n<td style=\"text-align: center\" width=\"36%\">\n<p>Psicologia nas Pol\u00edticas P\u00fablicas II<\/p>\n<\/td>\n<td style=\"text-align: center\" width=\"7%\">\n<p>60<\/p>\n<\/td>\n<td style=\"text-align: center\" width=\"48%\">\n<p>Psicologia e Pol\u00edticas P\u00fablicas I<\/p>\n<\/td>\n<\/tr>\n<tr>\n<td style=\"text-align: center\" width=\"7%\">\n<p>4<\/p>\n<\/td>\n<td style=\"text-align: center\" width=\"36%\">\n<p>Psicologia das Rela\u00e7\u00f5es Familiares<\/p>\n<\/td>\n<td style=\"text-align: center\" width=\"7%\">\n<p>60<\/p>\n<\/td>\n<td style=\"text-align: center\" width=\"48%\">\n<p>sem pr\u00e9-requisitos<\/p>\n<\/td>\n<\/tr>\n<tr>\n<td style=\"text-align: center\" width=\"7%\">\n<p>4<\/p>\n<\/td>\n<td style=\"text-align: center\" width=\"36%\">\n<p>Estat\u00edstica aplicada \u00e0 Psicologia<\/p>\n<\/td>\n<td style=\"text-align: center\" width=\"7%\">\n<p>60<\/p>\n<\/td>\n<td style=\"text-align: center\" width=\"48%\">\n<p>sem pr\u00e9-requisitos<\/p>\n<\/td>\n<\/tr>\n<tr>\n<td style=\"text-align: center\" width=\"7%\">\n<p>4<\/p>\n<\/td>\n<td style=\"text-align: center\" width=\"36%\">\n<p>Psicologia Escolar e Educacional<\/p>\n<\/td>\n<td style=\"text-align: center\" width=\"7%\">\n<p>60<\/p>\n<\/td>\n<td style=\"text-align: center\" width=\"48%\">\n<p>sem pr\u00e9-requisitos<\/p>\n<\/td>\n<\/tr>\n<tr>\n<td style=\"text-align: center\" width=\"7%\">\n<p>4<\/p>\n<\/td>\n<td style=\"text-align: center\" width=\"36%\">\n<p>Pesquisa em Psicologia II<\/p>\n<\/td>\n<td style=\"text-align: center\" width=\"7%\">\n<p>60<\/p>\n<\/td>\n<td style=\"text-align: center\" width=\"48%\">\n<p>Pesquisa em Psicologia I<\/p>\n<\/td>\n<\/tr>\n<tr>\n<td style=\"text-align: center\" width=\"7%\">\n<p>4<\/p>\n<\/td>\n<td style=\"text-align: center\" width=\"36%\">\n<p>Psicologia do Desenvolvimento II<\/p>\n<\/td>\n<td style=\"text-align: center\" width=\"7%\">\n<p>60<\/p>\n<\/td>\n<td style=\"text-align: center\" width=\"48%\">\n<p>Psicologia do Desenvolvimento I<\/p>\n<\/td>\n<\/tr>\n<tr>\n<td style=\"text-align: center\" width=\"7%\">\n<p>4<\/p>\n<\/td>\n<td style=\"text-align: center\" width=\"36%\">\n<p>Est\u00e1gio b\u00e1sico II<\/p>\n<\/td>\n<td style=\"text-align: center\" width=\"7%\">\n<p>60<\/p>\n<\/td>\n<td style=\"text-align: center\" width=\"48%\">\n<p>Est\u00e1gio B\u00e1sico I<br \/>Psicologia e Pol\u00edticas P\u00fablicas I<br \/>Psicologia, Educa\u00e7\u00e3o e Sociedade<br \/>Psicologia do Desenvolvimento I<br \/>Psicologia Social II<\/p>\n<\/td>\n<\/tr>\n<\/tbody>\n<\/table>\n<p>\u00a0<\/p>\n<p style=\"text-align: center\"><strong>5\u00ba Semestre<\/strong><\/p>\n<table width=\"100%\">\n<tbody>\n<tr>\n<td style=\"text-align: center\" width=\"7%\">\n<p>5<\/p>\n<\/td>\n<td style=\"text-align: center\" width=\"36%\">\n<p>Psicologia, Sa\u00fade e Trabalho<\/p>\n<\/td>\n<td style=\"text-align: center\" width=\"7%\">\n<p>60<\/p>\n<\/td>\n<td style=\"text-align: center\" width=\"48%\">\n<p>Psicologia Social II<\/p>\n<\/td>\n<\/tr>\n<tr>\n<td style=\"text-align: center\" width=\"7%\">\n<p>5<\/p>\n<\/td>\n<td style=\"text-align: center\" width=\"36%\">\n<p>Avalia\u00e7\u00e3o Psicol\u00f3gica I<\/p>\n<\/td>\n<td style=\"text-align: center\" width=\"7%\">\n<p>60<\/p>\n<\/td>\n<td style=\"text-align: center\" width=\"48%\">\n<p>Psicologia da Personalidade<br \/>Psicologia do Desenvolvimento II<br \/>Processos Psicol\u00f3gicos B\u00e1sicos<\/p>\n<\/td>\n<\/tr>\n<tr>\n<td style=\"text-align: center\" width=\"7%\">\n<p>5<\/p>\n<\/td>\n<td style=\"text-align: center\" width=\"36%\">\n<p>Cl\u00ednica Psicanal\u00edtica I<\/p>\n<\/td>\n<td style=\"text-align: center\" width=\"7%\">\n<p>60<\/p>\n<\/td>\n<td style=\"text-align: center\" width=\"48%\">\n<p>Introdu\u00e7\u00e3o \u00e0 Psican\u00e1lise<br \/>Psicologia da Personalidade<\/p>\n<\/td>\n<\/tr>\n<tr>\n<td style=\"text-align: center\" width=\"7%\">\n<p>5<\/p>\n<\/td>\n<td style=\"text-align: center\" width=\"36%\">\n<p>\u00c9tica e Psicologia<\/p>\n<\/td>\n<td style=\"text-align: center\" width=\"7%\">\n<p>60<\/p>\n<\/td>\n<td style=\"text-align: center\" width=\"48%\">\n<p>sem pr\u00e9-requisitos<\/p>\n<\/td>\n<\/tr>\n<tr>\n<td style=\"text-align: center\" width=\"7%\">\n<p>5<\/p>\n<\/td>\n<td style=\"text-align: center\" width=\"36%\">\n<p>Psicopatologia<\/p>\n<\/td>\n<td style=\"text-align: center\" width=\"7%\">\n<p>60<\/p>\n<\/td>\n<td style=\"text-align: center\" width=\"48%\">\n<p>Processos Psicol\u00f3gicos B\u00e1sicos<br \/>Neuroanatomia<\/p>\n<\/td>\n<\/tr>\n<tr>\n<td style=\"text-align: center\" width=\"7%\">\n<p>5<\/p>\n<\/td>\n<td style=\"text-align: center\" width=\"36%\">\n<p>Cl\u00ednica Cognitivo-Comportamental I<\/p>\n<\/td>\n<td style=\"text-align: center\" width=\"7%\">\n<p>60<\/p>\n<\/td>\n<td style=\"text-align: center\" width=\"48%\">\n<p>sem pr\u00e9-requisitos<\/p>\n<\/td>\n<\/tr>\n<\/tbody>\n<\/table>\n<p>\u00a0<\/p>\n<p style=\"text-align: center\"><strong>6\u00ba Semestre<\/strong><\/p>\n<table width=\"100%\">\n<tbody>\n<tr>\n<td style=\"text-align: center\" width=\"7%\">\n<p>6<\/p>\n<\/td>\n<td style=\"text-align: center\" width=\"36%\">\n<p>Avalia\u00e7\u00e3o Psicol\u00f3gica II<\/p>\n<\/td>\n<td style=\"text-align: center\" width=\"7%\">\n<p>60<\/p>\n<\/td>\n<td style=\"text-align: center\" width=\"48%\">\n<p>Avalia\u00e7\u00e3o Psicol\u00f3gica I<\/p>\n<\/td>\n<\/tr>\n<tr>\n<td style=\"text-align: center\" width=\"7%\">\n<p>6<\/p>\n<\/td>\n<td style=\"text-align: center\" width=\"36%\">\n<p>Psicologia Organizacional e do<\/p>\n<p>Trabalho<\/p>\n<\/td>\n<td style=\"text-align: center\" width=\"7%\">\n<p>60<\/p>\n<\/td>\n<td style=\"text-align: center\" width=\"48%\">\n<p>Psicologia, sa\u00fade e trabalho<\/p>\n<\/td>\n<\/tr>\n<tr>\n<td style=\"text-align: center\" width=\"7%\">\n<p>6<\/p>\n<\/td>\n<td style=\"text-align: center\" width=\"36%\">\n<p>Psicofarmacologia e Psicopatologia<\/p>\n<\/td>\n<td style=\"text-align: center\" width=\"7%\">\n<p>30<\/p>\n<\/td>\n<td style=\"text-align: center\" width=\"48%\">\n<p>Neurofisiologia Humana<br \/>Psicopatologia<\/p>\n<\/td>\n<\/tr>\n<tr>\n<td style=\"text-align: center\" width=\"7%\">\n<p>6<\/p>\n<\/td>\n<td style=\"text-align: center\" width=\"36%\">\n<p>Cl\u00ednica Psicanal\u00edtica II<\/p>\n<\/td>\n<td style=\"text-align: center\" width=\"7%\">\n<p>60<\/p>\n<\/td>\n<td style=\"text-align: center\" width=\"48%\">\n<p>Introdu\u00e7\u00e3o \u00e0 Psican\u00e1lise<\/p>\n<\/td>\n<\/tr>\n<tr>\n<td style=\"text-align: center\" width=\"7%\">\n<p>6<\/p>\n<\/td>\n<td style=\"text-align: center\" width=\"36%\">\n<p>Cl\u00ednica Cognitivo-Comportamental II<\/p>\n<\/td>\n<td style=\"text-align: center\" width=\"7%\">\n<p>60<\/p>\n<\/td>\n<td style=\"text-align: center\" width=\"48%\">\n<p>Fundamentos da Cl\u00ednica Cognitivo- Comportamental<\/p>\n<\/td>\n<\/tr>\n<\/tbody>\n<\/table>\n<p>\u00a0<\/p>\n<p style=\"text-align: center\"><strong>7\u00ba Semestre<\/strong><\/p>\n<table width=\"100%\">\n<tbody>\n<tr>\n<td style=\"text-align: center\" width=\"7%\">\n<p>7<\/p>\n<\/td>\n<td style=\"text-align: center\" width=\"36%\">\n<p>Estudos de Institui\u00e7\u00f5es<\/p>\n<\/td>\n<td style=\"text-align: center\" width=\"7%\">\n<p>60<\/p>\n<\/td>\n<td style=\"text-align: center\" width=\"48%\">\n<p>Psicologia e Pol\u00edticas P\u00fablicas I<\/p>\n<\/td>\n<\/tr>\n<tr>\n<td style=\"text-align: center\" width=\"7%\">\n<p>7<\/p>\n<\/td>\n<td style=\"text-align: center\" width=\"36%\">\n<p>Psicopatologia da inf\u00e2ncia e da adolesc\u00eancia<\/p>\n<\/td>\n<td style=\"text-align: center\" width=\"7%\">\n<p>60<\/p>\n<\/td>\n<td style=\"text-align: center\" width=\"48%\">\n<p>Psicopatologia<\/p>\n<\/td>\n<\/tr>\n<tr>\n<td style=\"text-align: center\" width=\"7%\">\n<p>7<\/p>\n<\/td>\n<td style=\"text-align: center\" width=\"36%\">\n<p>Psicologia e Sa\u00fade<\/p>\n<\/td>\n<td style=\"text-align: center\" width=\"7%\">\n<p>60<\/p>\n<\/td>\n<td style=\"text-align: center\" width=\"48%\">\n<p>sem pr\u00e9-requisitos<\/p>\n<\/td>\n<\/tr>\n<tr>\n<td style=\"text-align: center\" width=\"7%\">\n<p>7<\/p>\n<\/td>\n<td style=\"text-align: center\" width=\"36%\">\n<p>Est\u00e1gio espec\u00edfico I \u201cA\u201d<\/p>\n<\/td>\n<td style=\"text-align: center\" width=\"7%\">\n<p>240<\/p>\n<\/td>\n<td style=\"text-align: center\" width=\"48%\">\n<p>Est\u00e1gio B\u00e1sico II<br \/>Psicopatologia<br \/>\u00c9tica e Psicologia<br \/>Avalia\u00e7\u00e3o Psicol\u00f3gica I<br \/>Cl\u00ednica Psicanal\u00edtica II<br \/>Cl\u00ednica Cognitivo- Comportamental II<br \/>Psicologia e Pol\u00edticas P\u00fablicas II<br \/>Psicologia Organizacional e do Trabalho<\/p>\n<\/td>\n<\/tr>\n<\/tbody>\n<\/table>\n<p>\u00a0<\/p>\n<p style=\"text-align: center\"><strong>8\u00ba Semestre<\/strong><\/p>\n<table width=\"100%\">\n<tbody>\n<tr>\n<td style=\"text-align: center\" width=\"7%\">\n<p>8<\/p>\n<\/td>\n<td style=\"text-align: center\" width=\"36%\">\n<p>Psicologia Cl\u00ednica Social: pr\u00e1xis com grupos\\coletivos<\/p>\n<\/td>\n<td style=\"text-align: center\" width=\"7%\">\n<p>60<\/p>\n<\/td>\n<td style=\"text-align: center\" width=\"48%\">\n<p>Psicologia Social II<br \/>Estudo de Institui\u00e7\u00f5es<br \/>Cl\u00ednica Psicanal\u00edtica I<br \/>Cl\u00ednica Psicanal\u00edtica II<\/p>\n<\/td>\n<\/tr>\n<tr>\n<td style=\"text-align: center\" width=\"7%\">\n<p>8<\/p>\n<\/td>\n<td style=\"text-align: center\" width=\"36%\">\n<p>Est\u00e1gio espec\u00edfico II \u201cA\u201d<\/p>\n<\/td>\n<td style=\"text-align: center\" width=\"7%\">\n<p>240<\/p>\n<\/td>\n<td style=\"text-align: center\" width=\"48%\">\n<p>Est\u00e1gio Espec\u00edfico I \u201cA\u201d<\/p>\n<\/td>\n<\/tr>\n<\/tbody>\n<\/table>\n<p>\u00a0<\/p>\n<p style=\"text-align: center\"><strong>9\u00ba Semestre<\/strong><\/p>\n<table width=\"100%\">\n<tbody>\n<tr>\n<td style=\"text-align: center\" width=\"7%\">\n<p>9<\/p>\n<\/td>\n<td style=\"text-align: center\" width=\"36%\">\n<p>Est\u00e1gio espec\u00edfico III \u201cA\u201d<\/p>\n<\/td>\n<td style=\"text-align: center\" width=\"7%\">\n<p>240<\/p>\n<\/td>\n<td style=\"text-align: center\" width=\"48%\">\n<p>Est\u00e1gio Espec\u00edfico II \u201cA\u201d<\/p>\n<\/td>\n<\/tr>\n<tr>\n<td style=\"text-align: center\" width=\"7%\">\n<p>9<\/p>\n<\/td>\n<td style=\"text-align: center\" width=\"36%\">\n<p>TCC I<\/p>\n<\/td>\n<td style=\"text-align: center\" width=\"7%\">\n<p>45<\/p>\n<\/td>\n<td style=\"text-align: center\" width=\"48%\">\n<p>Pesquisa em Psicologia<\/p>\n<\/td>\n<\/tr>\n<\/tbody>\n<\/table>\n<p>\u00a0<\/p>\n<p style=\"text-align: center\"><strong>10\u00ba Semestre<\/strong><\/p>\n<table width=\"100%\">\n<tbody>\n<tr>\n<td style=\"text-align: center\" width=\"7%\">\n<p>10<\/p>\n<\/td>\n<td style=\"text-align: center\" width=\"36%\">\n<p>Est\u00e1gio espec\u00edfico IV \u201cA\u201d<\/p>\n<\/td>\n<td style=\"text-align: center\" width=\"7%\">\n<p>240<\/p>\n<\/td>\n<td style=\"text-align: center\" width=\"48%\">\n<p>Est\u00e1gio Espec\u00edfico III \u201cA\u201d<\/p>\n<\/td>\n<\/tr>\n<tr>\n<td style=\"text-align: center\" width=\"7%\">\n<p>10<\/p>\n<\/td>\n<td style=\"text-align: center\" width=\"36%\">\n<p>TCC II<\/p>\n<\/td>\n<td style=\"text-align: center\" width=\"7%\">\n<p>60<\/p>\n<\/td>\n<td style=\"text-align: center\" width=\"48%\">\n<p>TCC I<\/p>\n<\/td>\n<\/tr>\n<\/tbody>\n<\/table>\n<p>\u00a0<\/p>\n","protected":false},"excerpt":{"rendered":"<p>Lista de pr\u00e9-requisitos &#8211; Curso de Psicologia UFSM &#8211; PPC 2023 1\u00ba Semestre\u00a0 1 Antropologia Cultural 60 sem pr\u00e9-requisitos 1 Hist\u00f3ria da Psicologia Moderna 60 sem pr\u00e9-requisitos 1 Psicologia, Evolu\u00e7\u00e3o e Comportamento 60 sem pr\u00e9-requisitos 1 Epistemologia \u201cA\u201d 60 sem pr\u00e9-requisitos 1 Neuroanatomia 60 sem pr\u00e9-requisitos 1 Neurofisiologia Humana 45 sem pr\u00e9-requisitos \u00a0 2\u00ba Semestre [&hellip;]<\/p>\n","protected":false},"author":194,"featured_media":0,"parent":0,"menu_order":0,"comment_status":"closed","ping_status":"closed","template":"","meta":{"footnotes":""},"categories":[],"tags":[],"class_list":["post-182","page","type-page","status-publish","hentry"],"acf":[],"_links":{"self":[{"href":"https:\/\/www.ufsm.br\/cursos\/graduacao\/santa-maria\/psicologia\/wp-json\/wp\/v2\/pages\/182","targetHints":{"allow":["GET"]}}],"collection":[{"href":"https:\/\/www.ufsm.br\/cursos\/graduacao\/santa-maria\/psicologia\/wp-json\/wp\/v2\/pages"}],"about":[{"href":"https:\/\/www.ufsm.br\/cursos\/graduacao\/santa-maria\/psicologia\/wp-json\/wp\/v2\/types\/page"}],"author":[{"embeddable":true,"href":"https:\/\/www.ufsm.br\/cursos\/graduacao\/santa-maria\/psicologia\/wp-json\/wp\/v2\/users\/194"}],"replies":[{"embeddable":true,"href":"https:\/\/www.ufsm.br\/cursos\/graduacao\/santa-maria\/psicologia\/wp-json\/wp\/v2\/comments?post=182"}],"version-history":[{"count":0,"href":"https:\/\/www.ufsm.br\/cursos\/graduacao\/santa-maria\/psicologia\/wp-json\/wp\/v2\/pages\/182\/revisions"}],"wp:attachment":[{"href":"https:\/\/www.ufsm.br\/cursos\/graduacao\/santa-maria\/psicologia\/wp-json\/wp\/v2\/media?parent=182"}],"wp:term":[{"taxonomy":"category","embeddable":true,"href":"https:\/\/www.ufsm.br\/cursos\/graduacao\/santa-maria\/psicologia\/wp-json\/wp\/v2\/categories?post=182"},{"taxonomy":"post_tag","embeddable":true,"href":"https:\/\/www.ufsm.br\/cursos\/graduacao\/santa-maria\/psicologia\/wp-json\/wp\/v2\/tags?post=182"}],"curies":[{"name":"wp","href":"https:\/\/api.w.org\/{rel}","templated":true}]}}