{"id":184,"date":"2018-12-27T11:27:38","date_gmt":"2018-12-27T13:27:38","guid":{"rendered":"https:\/\/www.ufsm.br\/cursos\/graduacao\/santa-maria\/psicologia\/?page_id=184"},"modified":"2024-12-19T13:43:21","modified_gmt":"2024-12-19T16:43:21","slug":"atividades-complementares-de-graduacao","status":"publish","type":"page","link":"https:\/\/www.ufsm.br\/cursos\/graduacao\/santa-maria\/psicologia\/atividades-complementares-de-graduacao","title":{"rendered":"Atividades Complementares de Gradua\u00e7\u00e3o"},"content":{"rendered":"\n<p>Segundo o PPC 2023 do curso de Psicologia da UFSM, o total de carga hor\u00e1ria exigida em ACG&#8217;s \u00e9 de <strong>120\u00a0horas, <\/strong>sem limite m\u00e1ximo<strong>\u00a0<\/strong>por categoria<strong>.<\/strong> Consulte nas instru\u00e7\u00f5es para solicita\u00e7\u00e3o de ACGs (link abaixo) o rol de atividades que voc\u00ea poder\u00e1 cumprir e organize seu plano de estudos. No curso de Psicologia, a valida\u00e7\u00e3o das ACGs deve ser solicitada no 10\u00ba semestre, ou pelos alunos formandos. D\u00favidas podem ser encaminhadas para coordpsicologia.ccsh@ufsm.br.<\/p>\n","protected":false},"excerpt":{"rendered":"<p>Segundo o PPC 2023 do curso de Psicologia da UFSM, o total de carga hor\u00e1ria exigida em ACG&#8217;s \u00e9 de 120\u00a0horas, sem limite m\u00e1ximo\u00a0por categoria. Consulte nas instru\u00e7\u00f5es para solicita\u00e7\u00e3o de ACGs (link abaixo) o rol de atividades que voc\u00ea poder\u00e1 cumprir e organize seu plano de estudos. No curso de Psicologia, a valida\u00e7\u00e3o das [&hellip;]<\/p>\n","protected":false},"author":194,"featured_media":0,"parent":0,"menu_order":0,"comment_status":"closed","ping_status":"closed","template":"","meta":{"footnotes":""},"categories":[],"tags":[],"class_list":["post-184","page","type-page","status-publish","hentry"],"acf":[],"_links":{"self":[{"href":"https:\/\/www.ufsm.br\/cursos\/graduacao\/santa-maria\/psicologia\/wp-json\/wp\/v2\/pages\/184","targetHints":{"allow":["GET"]}}],"collection":[{"href":"https:\/\/www.ufsm.br\/cursos\/graduacao\/santa-maria\/psicologia\/wp-json\/wp\/v2\/pages"}],"about":[{"href":"https:\/\/www.ufsm.br\/cursos\/graduacao\/santa-maria\/psicologia\/wp-json\/wp\/v2\/types\/page"}],"author":[{"embeddable":true,"href":"https:\/\/www.ufsm.br\/cursos\/graduacao\/santa-maria\/psicologia\/wp-json\/wp\/v2\/users\/194"}],"replies":[{"embeddable":true,"href":"https:\/\/www.ufsm.br\/cursos\/graduacao\/santa-maria\/psicologia\/wp-json\/wp\/v2\/comments?post=184"}],"version-history":[{"count":0,"href":"https:\/\/www.ufsm.br\/cursos\/graduacao\/santa-maria\/psicologia\/wp-json\/wp\/v2\/pages\/184\/revisions"}],"wp:attachment":[{"href":"https:\/\/www.ufsm.br\/cursos\/graduacao\/santa-maria\/psicologia\/wp-json\/wp\/v2\/media?parent=184"}],"wp:term":[{"taxonomy":"category","embeddable":true,"href":"https:\/\/www.ufsm.br\/cursos\/graduacao\/santa-maria\/psicologia\/wp-json\/wp\/v2\/categories?post=184"},{"taxonomy":"post_tag","embeddable":true,"href":"https:\/\/www.ufsm.br\/cursos\/graduacao\/santa-maria\/psicologia\/wp-json\/wp\/v2\/tags?post=184"}],"curies":[{"name":"wp","href":"https:\/\/api.w.org\/{rel}","templated":true}]}}