{"id":29,"date":"2018-01-18T09:10:07","date_gmt":"2018-01-18T11:10:07","guid":{"rendered":"https:\/\/www.ufsm.br\/cursos\/graduacao\/nutricao\/12352\/?page_id=29"},"modified":"2025-02-20T11:10:10","modified_gmt":"2025-02-20T14:10:10","slug":"contato","status":"publish","type":"page","link":"https:\/\/www.ufsm.br\/cursos\/graduacao\/santa-maria\/psicologia\/contato","title":{"rendered":"Contato"},"content":{"rendered":"<p>Coordenadora do Curso: <strong>Prof.\u00aa Dr.\u00aa <b>CAROLINE RUBIN ROSSATO PEREIRA<\/b><\/strong><\/p>\n<p>Coordenador Substituto: <strong>Prof. Dr. <b>FRANCISCO RITTER<\/b><\/strong><\/p>\n<p>E-mail da coordena\u00e7\u00e3o: <strong>coordpsicologia.ccsh@ufsm.br<\/strong><\/p>\n<p>Site:<a href=\"https:\/\/www.ufsm.br\/cursos\/graduacao\/santa-maria\/psicologia\"><strong> www.ufsm.br\/cursos\/graduacao\/santa-maria\/psicologia<\/strong><\/a><\/p>\n<hr \/>\n<p><strong>SECRETARIA INTEGRADA DE GRADUA\u00c7\u00c3O II &#8211; SIG II &#8211; 74B<\/strong><\/p>\n<p>A SIG II presta atendimento aos cursos do pr\u00e9dio 74B do CCSH. S\u00e3o eles: Direito (diurno e noturno), Gest\u00e3o de Turismo, <strong>Psicologia<\/strong> e Servi\u00e7o Social.<\/p>\n<p>Contato da SIG II: <strong>graduacao74b.ccsh@ufsm.br<\/strong><\/p>\n<p>Endere\u00e7o: CCSH &#8211; UFSM. Avenida Roraima, Pr\u00e9dio 74 B, sala 3300<\/p>\n<p>Santa Maria \u2013 RS &#8211; CEP 97105-900<\/p>\n<p>Hor\u00e1rio de Atendimento da SIG II:<br \/>Segunda a Quinta<br \/>08:00 \u00e0s 12:00<br \/>13:00 \u00e0s 20:00<\/p>\n<p>Sexta<br \/>08:00 \u00e0s 12:00<br \/>13:00 \u00e0s 17:00<\/p>\n<hr \/>\n<p><strong>SUBDIVIS\u00c3O DE EST\u00c1GIOS DO CCSH II &#8211; 74B<\/strong><\/p>\n<p>A Subdivis\u00e3o de Est\u00e1gios do CCSH II \u00e9 vinculada \u00e0 SIG II, e trata dos assuntos relacionados aos est\u00e1gios dos cursos de Direito (diurno e noturno), Gest\u00e3o de Turismo, <strong>Psicologia<\/strong> e Servi\u00e7o Social.<\/p>\n<p>Contato da Subdivis\u00e3o de Est\u00e1gios do CCSH II: <strong>estagios74b.ccsh@ufsm.br<\/strong><\/p>\n<p>Endere\u00e7o: CCSH &#8211; UFSM. Avenida Roraima, Pr\u00e9dio 74 B, sala 3301<\/p>\n\n","protected":false},"excerpt":{"rendered":"<p>Coordenadora do Curso: Prof.\u00aa Dr.\u00aa CAROLINE RUBIN ROSSATO PEREIRA Coordenador Substituto: Prof. Dr. FRANCISCO RITTER E-mail da coordena\u00e7\u00e3o: coordpsicologia.ccsh@ufsm.br Site: www.ufsm.br\/cursos\/graduacao\/santa-maria\/psicologia SECRETARIA INTEGRADA DE GRADUA\u00c7\u00c3O II &#8211; SIG II &#8211; 74B A SIG II presta atendimento aos cursos do pr\u00e9dio 74B do CCSH. S\u00e3o eles: Direito (diurno e noturno), Gest\u00e3o de Turismo, Psicologia e Servi\u00e7o [&hellip;]<\/p>\n","protected":false},"author":8,"featured_media":0,"parent":0,"menu_order":0,"comment_status":"closed","ping_status":"closed","template":"","meta":{"footnotes":""},"categories":[],"tags":[],"class_list":["post-29","page","type-page","status-publish","hentry"],"acf":[],"_links":{"self":[{"href":"https:\/\/www.ufsm.br\/cursos\/graduacao\/santa-maria\/psicologia\/wp-json\/wp\/v2\/pages\/29","targetHints":{"allow":["GET"]}}],"collection":[{"href":"https:\/\/www.ufsm.br\/cursos\/graduacao\/santa-maria\/psicologia\/wp-json\/wp\/v2\/pages"}],"about":[{"href":"https:\/\/www.ufsm.br\/cursos\/graduacao\/santa-maria\/psicologia\/wp-json\/wp\/v2\/types\/page"}],"author":[{"embeddable":true,"href":"https:\/\/www.ufsm.br\/cursos\/graduacao\/santa-maria\/psicologia\/wp-json\/wp\/v2\/users\/8"}],"replies":[{"embeddable":true,"href":"https:\/\/www.ufsm.br\/cursos\/graduacao\/santa-maria\/psicologia\/wp-json\/wp\/v2\/comments?post=29"}],"version-history":[{"count":0,"href":"https:\/\/www.ufsm.br\/cursos\/graduacao\/santa-maria\/psicologia\/wp-json\/wp\/v2\/pages\/29\/revisions"}],"wp:attachment":[{"href":"https:\/\/www.ufsm.br\/cursos\/graduacao\/santa-maria\/psicologia\/wp-json\/wp\/v2\/media?parent=29"}],"wp:term":[{"taxonomy":"category","embeddable":true,"href":"https:\/\/www.ufsm.br\/cursos\/graduacao\/santa-maria\/psicologia\/wp-json\/wp\/v2\/categories?post=29"},{"taxonomy":"post_tag","embeddable":true,"href":"https:\/\/www.ufsm.br\/cursos\/graduacao\/santa-maria\/psicologia\/wp-json\/wp\/v2\/tags?post=29"}],"curies":[{"name":"wp","href":"https:\/\/api.w.org\/{rel}","templated":true}]}}