{"id":410,"date":"2022-09-02T18:55:16","date_gmt":"2022-09-02T21:55:16","guid":{"rendered":"https:\/\/www.ufsm.br\/cursos\/graduacao\/santa-maria\/psicologia\/?page_id=410"},"modified":"2023-04-17T13:02:26","modified_gmt":"2023-04-17T16:02:26","slug":"solicitacao-de-quebra-de-pre-requisito","status":"publish","type":"page","link":"https:\/\/www.ufsm.br\/cursos\/graduacao\/santa-maria\/psicologia\/solicitacao-de-quebra-de-pre-requisito","title":{"rendered":"Solicita\u00e7\u00e3o de quebra de Pr\u00e9-Requisito"},"content":{"rendered":"\t\t<div data-elementor-type=\"wp-page\" data-elementor-id=\"410\" class=\"elementor elementor-410\">\n\t\t\t\t\t\t<section class=\"elementor-section elementor-top-section elementor-element elementor-element-2977fa6 elementor-section-boxed elementor-section-height-default elementor-section-height-default\" data-id=\"2977fa6\" data-element_type=\"section\">\n\t\t\t\t\t\t<div class=\"elementor-container elementor-column-gap-default\">\n\t\t\t\t\t<div class=\"elementor-column elementor-col-100 elementor-top-column elementor-element elementor-element-8efa62f\" data-id=\"8efa62f\" data-element_type=\"column\">\n\t\t\t<div class=\"elementor-widget-wrap elementor-element-populated\">\n\t\t\t\t\t\t<div class=\"elementor-element elementor-element-7afc8ef2 elementor-widget elementor-widget-text-editor\" data-id=\"7afc8ef2\" data-element_type=\"widget\" data-widget_type=\"text-editor.default\">\n\t\t\t\t<div class=\"elementor-widget-container\">\n\t\t\t\t\t\t\t<p><!-- wp:tadv\/classic-paragraph --><\/p>\n<p>A Solicita\u00e7\u00e3o de Quebra de Pr\u00e9-Requisito deve ser tramitada \u00e0 Coordena\u00e7\u00e3o do Curso de Psicologia at\u00e9 a semana anterior ao in\u00edcio das aulas (ver <a href=\"https:\/\/www.ufsm.br\/calendario\/\">calend\u00e1rio acad\u00eamico da UFSM<\/a>), ou em prazo definido pela coordena\u00e7\u00e3o, para ser avaliada pelo Colegiado do Curso. Seguem as orienta\u00e7\u00f5es:<\/p>\n<p><a href=\"https:\/\/www.ufsm.br\/app\/uploads\/sites\/473\/2022\/09\/Orientacoes-Quebra-de-Pre-Requisito-SIGII.pdf\">Orienta\u00e7\u00f5es Quebra de Pr\u00e9-Requisito SIGII<\/a><\/p>\n<p><a href=\"https:\/\/www.ufsm.br\/app\/uploads\/sites\/473\/2022\/09\/Requerimento-quebra-de-pre-requisito-SIGII.docx\">Requerimento Quebra de Pr\u00e9-Requisito &#8211; SIGII<\/a><\/p>\n<p>\u00a0<\/p>\n<p><!-- \/wp:tadv\/classic-paragraph --><\/p>\t\t\t\t\t\t<\/div>\n\t\t\t\t<\/div>\n\t\t\t\t\t<\/div>\n\t\t<\/div>\n\t\t\t\t\t<\/div>\n\t\t<\/section>\n\t\t\t\t<\/div>\n\t\t","protected":false},"excerpt":{"rendered":"<p>A Solicita\u00e7\u00e3o de Quebra de Pr\u00e9-Requisito deve ser tramitada \u00e0 Coordena\u00e7\u00e3o do Curso de Psicologia at\u00e9 a semana anterior ao in\u00edcio das aulas (ver calend\u00e1rio acad\u00eamico da UFSM), ou em prazo definido pela coordena\u00e7\u00e3o, para ser avaliada pelo Colegiado do Curso. Seguem as orienta\u00e7\u00f5es: Orienta\u00e7\u00f5es Quebra de Pr\u00e9-Requisito SIGII Requerimento Quebra de Pr\u00e9-Requisito &#8211; SIGII [&hellip;]<\/p>\n","protected":false},"author":707,"featured_media":0,"parent":0,"menu_order":0,"comment_status":"closed","ping_status":"closed","template":"","meta":{"footnotes":""},"categories":[],"tags":[],"class_list":["post-410","page","type-page","status-publish","hentry"],"acf":[],"_links":{"self":[{"href":"https:\/\/www.ufsm.br\/cursos\/graduacao\/santa-maria\/psicologia\/wp-json\/wp\/v2\/pages\/410","targetHints":{"allow":["GET"]}}],"collection":[{"href":"https:\/\/www.ufsm.br\/cursos\/graduacao\/santa-maria\/psicologia\/wp-json\/wp\/v2\/pages"}],"about":[{"href":"https:\/\/www.ufsm.br\/cursos\/graduacao\/santa-maria\/psicologia\/wp-json\/wp\/v2\/types\/page"}],"author":[{"embeddable":true,"href":"https:\/\/www.ufsm.br\/cursos\/graduacao\/santa-maria\/psicologia\/wp-json\/wp\/v2\/users\/707"}],"replies":[{"embeddable":true,"href":"https:\/\/www.ufsm.br\/cursos\/graduacao\/santa-maria\/psicologia\/wp-json\/wp\/v2\/comments?post=410"}],"version-history":[{"count":0,"href":"https:\/\/www.ufsm.br\/cursos\/graduacao\/santa-maria\/psicologia\/wp-json\/wp\/v2\/pages\/410\/revisions"}],"wp:attachment":[{"href":"https:\/\/www.ufsm.br\/cursos\/graduacao\/santa-maria\/psicologia\/wp-json\/wp\/v2\/media?parent=410"}],"wp:term":[{"taxonomy":"category","embeddable":true,"href":"https:\/\/www.ufsm.br\/cursos\/graduacao\/santa-maria\/psicologia\/wp-json\/wp\/v2\/categories?post=410"},{"taxonomy":"post_tag","embeddable":true,"href":"https:\/\/www.ufsm.br\/cursos\/graduacao\/santa-maria\/psicologia\/wp-json\/wp\/v2\/tags?post=410"}],"curies":[{"name":"wp","href":"https:\/\/api.w.org\/{rel}","templated":true}]}}