{"id":432,"date":"2022-11-08T16:14:41","date_gmt":"2022-11-08T19:14:41","guid":{"rendered":"https:\/\/www.ufsm.br\/cursos\/graduacao\/santa-maria\/psicologia\/?page_id=432"},"modified":"2023-10-18T18:14:38","modified_gmt":"2023-10-18T21:14:38","slug":"recuperacao-de-avaliacao-prova-atrasada","status":"publish","type":"page","link":"https:\/\/www.ufsm.br\/cursos\/graduacao\/santa-maria\/psicologia\/recuperacao-de-avaliacao-prova-atrasada","title":{"rendered":"Recupera\u00e7\u00e3o de Avalia\u00e7\u00e3o (prova atrasada)"},"content":{"rendered":"\t\t<div data-elementor-type=\"wp-page\" data-elementor-id=\"432\" class=\"elementor elementor-432\">\n\t\t\t\t\t\t<section class=\"elementor-section elementor-top-section elementor-element elementor-element-69bdc5ce elementor-section-boxed elementor-section-height-default elementor-section-height-default\" data-id=\"69bdc5ce\" data-element_type=\"section\">\n\t\t\t\t\t\t<div class=\"elementor-container elementor-column-gap-default\">\n\t\t\t\t\t<div class=\"elementor-column elementor-col-100 elementor-top-column elementor-element elementor-element-32b33cd5\" data-id=\"32b33cd5\" data-element_type=\"column\">\n\t\t\t<div class=\"elementor-widget-wrap elementor-element-populated\">\n\t\t\t\t\t\t<div class=\"elementor-element elementor-element-1b1138b7 elementor-widget elementor-widget-text-editor\" data-id=\"1b1138b7\" data-element_type=\"widget\" data-widget_type=\"text-editor.default\">\n\t\t\t\t<div class=\"elementor-widget-container\">\n\t\t\t\t\t\t\t<p><!-- wp:tadv\/classic-paragraph --><\/p>\n<div>Conforme o Guia Acad\u00eamico (vers\u00e3o 2019; 6.7.8) os alunos que, por motivos devidamente justificados e listados abaixo, n\u00e3o comparecerem \u00e0s atividades acad\u00eamicas sujeitas \u00e0 avalia\u00e7\u00e3o, poder\u00e3o requerer, <strong>no prazo m\u00e1ximo de 2 dias \u00fateis desde a data da avalia\u00e7\u00e3o<\/strong>, a oportunidade de realiz\u00e1-la em outra data, a crit\u00e9rio do departamento did\u00e1tico competente.<\/div>\n<div>S\u00e3o considerados motivos devidamente justificados:\u00a0<\/div>\n<div>&#8211; Doen\u00e7a que impossibilite o aluno de realizar a avalia\u00e7\u00e3o, devidamente comprovada por <strong>atestado m\u00e9dico<\/strong> com<strong> CID<\/strong>, <strong>assinatura<\/strong>, <strong>CRM<\/strong> e <strong>data<\/strong>;\u00a0<\/div>\n<div>&#8211; Acompanhamento de familiar de primeiro grau (pais ou filhos) para tratamento de sa\u00fade, devidamente comprovado por atestado m\u00e9dico com CID, assinatura, CRM e data;\u00a0<\/div>\n<div>&#8211; \u00d3bito de familiar de primeiro grau (pais ou filhos);\u00a0<\/div>\n<div>&#8211; Participa\u00e7\u00e3o em eventos acad\u00eamicos com apresenta\u00e7\u00e3o de trabalho, desde que avisado com anteced\u00eancia m\u00ednima de 48 horas ao departamento did\u00e1tico do professor da disciplina e comprovada por certificado ou atestado de participa\u00e7\u00e3o.<\/div>\n<div>\u00a0<\/div>\n<div>Esta solicita\u00e7\u00e3o dever\u00e1 ser realizada pelo <strong>PEN-SIE: <\/strong><\/div>\n<div>Tipo documental: Processo de recupera\u00e7\u00e3o de avalia\u00e7\u00e3o de aluno de gradua\u00e7\u00e3o (125.31)<\/div>\n<div>Link para abertura do processo:\u00a0<a href=\"https:\/\/portal.ufsm.br\/documentos\" target=\"_blank\" rel=\"noopener\" data-saferedirecturl=\"https:\/\/www.google.com\/url?q=https:\/\/portal.ufsm.br\/documentos&amp;source=gmail&amp;ust=1668017948193000&amp;usg=AOvVaw2EpccVzg31mjL_5YOmPbkT\">https:\/\/portal.ufsm.br\/documentos<\/a><\/div>\n<div>Preencha o <a href=\"https:\/\/www.ufsm.br\/app\/uploads\/sites\/473\/2022\/11\/Requerimento-Recuperacao-de-Avaliacao-1.docx\">Requerimento &#8211; Recupera\u00e7\u00e3o de Avalia\u00e7\u00e3o<\/a>, salve em PDF e adicione no processo, juntamente com o Atestado.<\/div>\n<div>\u00a0<\/div>\n<div><a href=\"https:\/\/www.ufsm.br\/app\/uploads\/sites\/473\/2022\/11\/Tutorial-Processo-de-Solicitacao-de-Recuperacao-de-Avaliacao.pdf\">Tutorial &#8211; Processo de Solicita\u00e7\u00e3o de Recupera\u00e7\u00e3o de Avalia\u00e7\u00e3o<\/a>.<\/div>\n<p><!-- \/wp:tadv\/classic-paragraph --><\/p>\t\t\t\t\t\t<\/div>\n\t\t\t\t<\/div>\n\t\t\t\t\t<\/div>\n\t\t<\/div>\n\t\t\t\t\t<\/div>\n\t\t<\/section>\n\t\t\t\t<\/div>\n\t\t","protected":false},"excerpt":{"rendered":"<p>Conforme o Guia Acad\u00eamico (vers\u00e3o 2019; 6.7.8) os alunos que, por motivos devidamente justificados e listados abaixo, n\u00e3o comparecerem \u00e0s atividades acad\u00eamicas sujeitas \u00e0 avalia\u00e7\u00e3o, poder\u00e3o requerer, no prazo m\u00e1ximo de 2 dias \u00fateis desde a data da avalia\u00e7\u00e3o, a oportunidade de realiz\u00e1-la em outra data, a crit\u00e9rio do departamento did\u00e1tico competente. S\u00e3o considerados motivos [&hellip;]<\/p>\n","protected":false},"author":707,"featured_media":0,"parent":0,"menu_order":0,"comment_status":"closed","ping_status":"closed","template":"","meta":{"footnotes":""},"categories":[],"tags":[],"class_list":["post-432","page","type-page","status-publish","hentry"],"acf":[],"_links":{"self":[{"href":"https:\/\/www.ufsm.br\/cursos\/graduacao\/santa-maria\/psicologia\/wp-json\/wp\/v2\/pages\/432","targetHints":{"allow":["GET"]}}],"collection":[{"href":"https:\/\/www.ufsm.br\/cursos\/graduacao\/santa-maria\/psicologia\/wp-json\/wp\/v2\/pages"}],"about":[{"href":"https:\/\/www.ufsm.br\/cursos\/graduacao\/santa-maria\/psicologia\/wp-json\/wp\/v2\/types\/page"}],"author":[{"embeddable":true,"href":"https:\/\/www.ufsm.br\/cursos\/graduacao\/santa-maria\/psicologia\/wp-json\/wp\/v2\/users\/707"}],"replies":[{"embeddable":true,"href":"https:\/\/www.ufsm.br\/cursos\/graduacao\/santa-maria\/psicologia\/wp-json\/wp\/v2\/comments?post=432"}],"version-history":[{"count":0,"href":"https:\/\/www.ufsm.br\/cursos\/graduacao\/santa-maria\/psicologia\/wp-json\/wp\/v2\/pages\/432\/revisions"}],"wp:attachment":[{"href":"https:\/\/www.ufsm.br\/cursos\/graduacao\/santa-maria\/psicologia\/wp-json\/wp\/v2\/media?parent=432"}],"wp:term":[{"taxonomy":"category","embeddable":true,"href":"https:\/\/www.ufsm.br\/cursos\/graduacao\/santa-maria\/psicologia\/wp-json\/wp\/v2\/categories?post=432"},{"taxonomy":"post_tag","embeddable":true,"href":"https:\/\/www.ufsm.br\/cursos\/graduacao\/santa-maria\/psicologia\/wp-json\/wp\/v2\/tags?post=432"}],"curies":[{"name":"wp","href":"https:\/\/api.w.org\/{rel}","templated":true}]}}