{"id":189,"date":"2018-12-10T11:25:26","date_gmt":"2018-12-10T13:25:26","guid":{"rendered":"https:\/\/www.ufsm.br\/cursos\/graduacao\/santa-maria\/publicidade-e-propaganda\/?page_id=189"},"modified":"2022-06-02T10:44:39","modified_gmt":"2022-06-02T13:44:39","slug":"coordenacao","status":"publish","type":"page","link":"https:\/\/www.ufsm.br\/cursos\/graduacao\/santa-maria\/publicidade-e-propaganda\/coordenacao","title":{"rendered":"Coordena\u00e7\u00e3o do Curso"},"content":{"rendered":"<p>Atendimento: Secretaria da Coordena\u00e7\u00e3o, sala 5236, pr\u00e9dio 21.<br \/>\nContato: Telefone: (55) 3220-8487.<br \/>\ne-mail:\u00a0<span id=\"cloak66917\"><a href=\"mailto:pp@ufsm.br\">pp@ufsm.br<\/a><\/span><\/p>\n<p><strong>1) Quais as principais atribui\u00e7\u00f5es da Coordena\u00e7\u00e3o de Curso?<\/strong><br \/>\nO coordenador de curso \u00e9 base da estrutura de uma Universidade, para todos os efeitos de organiza\u00e7\u00e3o administrativa, did\u00e1tico\u2013pedag\u00f3gica, de vincula\u00e7\u00e3o das disciplinas, com a finalidade de integra\u00e7\u00e3o e desenvolvimento indissoci\u00e1vel das atividades de ensino, pesquisa e extens\u00e3o. As fun\u00e7\u00f5es do coordenador de curso est\u00e3o definidas no Regimento geral da UFSM no Artigo 115.<\/p>\n<p>O perfil desejado para o Coordenador de Curso inclui, antes de tudo, as caracter\u00edsticas de l\u00edder capaz de incentivar e favorecer a implementa\u00e7\u00e3o de mudan\u00e7as que propiciem a melhoria do n\u00edvel de aprendizado, estimulando a cr\u00edtica e a criatividade de todos os envolvidos no processo educacional. \u00c9 fundamental que se crie e estimule a forma\u00e7\u00e3o de equipe docente coesa em ambiente tranquilo, de confian\u00e7a e respeito m\u00fatuo, de modo que os objetivos e metas constantes dos planos institucionais sejam conhecidos e, mais que isso, executados com prazer e sucesso. O Coordenador deve, portanto, ser proativo, com o perfil de um gestor de oportunidades. \u00c9 muito importante que o Coordenador fique atento \u00e0s reclama\u00e7\u00f5es e avalia\u00e7\u00f5es realizadas pelos alunos, observando, al\u00e9m da qualifica\u00e7\u00e3o continuada do docente, o seu relacionamento com os alunos, cordialidade, est\u00edmulo e aten\u00e7\u00e3o que eles dispensam a seus estudantes tanto em sala como em atividades extracurriculares. Todo esfor\u00e7o para manter um ambiente prop\u00edcio ao aprendizado deve ser considerado para que os alunos permane\u00e7am at\u00e9 o final do curso e estejam preparados para entrar no mercado de trabalho.<\/p>\n<p><strong>2) Quando procurar a Coordena\u00e7\u00e3o de Curso?<\/strong><\/p>\n<p>A Coordena\u00e7\u00e3o de Curso est\u00e1 dispon\u00edvel para auxiliar os acad\u00eamicos de Publicidade e Propaganda em suas d\u00favidas, oferecendo solu\u00e7\u00f5es para os casos que envolvem diretamente o Curso ou indicando a inst\u00e2ncia competente. Sempre que voc\u00ea tiver uma d\u00favida relacionada ao curr\u00edculo ou \u00e0 organiza\u00e7\u00e3o do ensino, pode procurar a Coordena\u00e7\u00e3o.<\/p>\n","protected":false},"excerpt":{"rendered":"<p>Atendimento: Secretaria da Coordena\u00e7\u00e3o, sala 5236, pr\u00e9dio 21. Contato: Telefone: (55) 3220-8487. e-mail:\u00a0pp@ufsm.br 1) Quais as principais atribui\u00e7\u00f5es da Coordena\u00e7\u00e3o de Curso? O coordenador de curso \u00e9 base da estrutura de uma Universidade, para todos os efeitos de organiza\u00e7\u00e3o administrativa, did\u00e1tico\u2013pedag\u00f3gica, de vincula\u00e7\u00e3o das disciplinas, com a finalidade de integra\u00e7\u00e3o e desenvolvimento indissoci\u00e1vel das atividades [&hellip;]<\/p>\n","protected":false},"author":96,"featured_media":0,"parent":0,"menu_order":0,"comment_status":"closed","ping_status":"closed","template":"","meta":{"footnotes":""},"categories":[],"tags":[],"class_list":["post-189","page","type-page","status-publish","hentry"],"acf":[],"_links":{"self":[{"href":"https:\/\/www.ufsm.br\/cursos\/graduacao\/santa-maria\/publicidade-e-propaganda\/wp-json\/wp\/v2\/pages\/189","targetHints":{"allow":["GET"]}}],"collection":[{"href":"https:\/\/www.ufsm.br\/cursos\/graduacao\/santa-maria\/publicidade-e-propaganda\/wp-json\/wp\/v2\/pages"}],"about":[{"href":"https:\/\/www.ufsm.br\/cursos\/graduacao\/santa-maria\/publicidade-e-propaganda\/wp-json\/wp\/v2\/types\/page"}],"author":[{"embeddable":true,"href":"https:\/\/www.ufsm.br\/cursos\/graduacao\/santa-maria\/publicidade-e-propaganda\/wp-json\/wp\/v2\/users\/96"}],"replies":[{"embeddable":true,"href":"https:\/\/www.ufsm.br\/cursos\/graduacao\/santa-maria\/publicidade-e-propaganda\/wp-json\/wp\/v2\/comments?post=189"}],"version-history":[{"count":0,"href":"https:\/\/www.ufsm.br\/cursos\/graduacao\/santa-maria\/publicidade-e-propaganda\/wp-json\/wp\/v2\/pages\/189\/revisions"}],"wp:attachment":[{"href":"https:\/\/www.ufsm.br\/cursos\/graduacao\/santa-maria\/publicidade-e-propaganda\/wp-json\/wp\/v2\/media?parent=189"}],"wp:term":[{"taxonomy":"category","embeddable":true,"href":"https:\/\/www.ufsm.br\/cursos\/graduacao\/santa-maria\/publicidade-e-propaganda\/wp-json\/wp\/v2\/categories?post=189"},{"taxonomy":"post_tag","embeddable":true,"href":"https:\/\/www.ufsm.br\/cursos\/graduacao\/santa-maria\/publicidade-e-propaganda\/wp-json\/wp\/v2\/tags?post=189"}],"curies":[{"name":"wp","href":"https:\/\/api.w.org\/{rel}","templated":true}]}}