{"id":548,"date":"2021-04-19T18:39:42","date_gmt":"2021-04-19T21:39:42","guid":{"rendered":"https:\/\/www.ufsm.br\/cursos\/graduacao\/santa-maria\/publicidade-e-propaganda\/?page_id=548"},"modified":"2025-03-13T15:18:03","modified_gmt":"2025-03-13T18:18:03","slug":"vagas","status":"publish","type":"page","link":"https:\/\/www.ufsm.br\/cursos\/graduacao\/santa-maria\/publicidade-e-propaganda\/vagas","title":{"rendered":"VAGAS EM COMUNICA\u00c7\u00c3O"},"content":{"rendered":"\t\t<div data-elementor-type=\"wp-page\" data-elementor-id=\"548\" class=\"elementor elementor-548\">\n\t\t\t\t\t\t<section class=\"elementor-section elementor-top-section elementor-element elementor-element-52e09d2 elementor-section-boxed elementor-section-height-default elementor-section-height-default\" data-id=\"52e09d2\" data-element_type=\"section\">\n\t\t\t\t\t\t<div class=\"elementor-container elementor-column-gap-default\">\n\t\t\t\t\t<div class=\"elementor-column elementor-col-100 elementor-top-column elementor-element elementor-element-9d23c31\" data-id=\"9d23c31\" data-element_type=\"column\">\n\t\t\t<div class=\"elementor-widget-wrap elementor-element-populated\">\n\t\t\t\t\t\t<div class=\"elementor-element elementor-element-a92164c elementor-widget elementor-widget-text-editor\" data-id=\"a92164c\" data-element_type=\"widget\" data-widget_type=\"text-editor.default\">\n\t\t\t\t<div class=\"elementor-widget-container\">\n\t\t\t\t\t\t\t<p>Aqui, s\u00e3o publicadas automaticamente, <b>vagas de est\u00e1gio ou voluntariado<\/b> dispon\u00edveis para acad\u00eamicos dos Cursos de Comunica\u00e7\u00e3o da UFSM.\u00a0<\/p><p><span style=\"font-size: 8pt\">O curso de Publicidade e Propaganda n\u00e3o se responsabiliza pelas informa\u00e7\u00f5es publicadas, que s\u00e3o de inteira responsabilidade dos \u00f3rg\u00e3os e empresas ofertantes da vaga.\u00a0<\/span><\/p>\t\t\t\t\t\t<\/div>\n\t\t\t\t<\/div>\n\t\t\t\t\t<\/div>\n\t\t<\/div>\n\t\t\t\t\t<\/div>\n\t\t<\/section>\n\t\t\t\t<section class=\"elementor-section elementor-top-section elementor-element elementor-element-3ad7417 elementor-section-boxed elementor-section-height-default elementor-section-height-default\" data-id=\"3ad7417\" data-element_type=\"section\">\n\t\t\t\t\t\t<div class=\"elementor-container elementor-column-gap-default\">\n\t\t\t\t\t<div class=\"elementor-column elementor-col-100 elementor-top-column elementor-element elementor-element-7611269\" data-id=\"7611269\" data-element_type=\"column\">\n\t\t\t<div class=\"elementor-widget-wrap elementor-element-populated\">\n\t\t\t\t\t\t<div class=\"elementor-element elementor-element-adc8a1c elementor-widget elementor-widget-spacer\" data-id=\"adc8a1c\" data-element_type=\"widget\" data-widget_type=\"spacer.default\">\n\t\t\t\t<div class=\"elementor-widget-container\">\n\t\t\t\t\t<div class=\"elementor-spacer\">\n\t\t\t<div class=\"elementor-spacer-inner\"><\/div>\n\t\t<\/div>\n\t\t\t\t<\/div>\n\t\t\t\t<\/div>\n\t\t\t\t\t<\/div>\n\t\t<\/div>\n\t\t\t\t\t<\/div>\n\t\t<\/section>\n\t\t\t\t<section class=\"elementor-section elementor-top-section elementor-element elementor-element-a7a80f5 elementor-section-boxed elementor-section-height-default elementor-section-height-default\" data-id=\"a7a80f5\" data-element_type=\"section\">\n\t\t\t\t\t\t<div class=\"elementor-container elementor-column-gap-default\">\n\t\t\t\t\t<div class=\"elementor-column elementor-col-100 elementor-top-column elementor-element elementor-element-9fdb905\" data-id=\"9fdb905\" data-element_type=\"column\">\n\t\t\t<div class=\"elementor-widget-wrap elementor-element-populated\">\n\t\t\t\t\t\t<div class=\"elementor-element elementor-element-760d751 elementor-button-info elementor-align-center elementor-widget__width-inherit elementor-widget elementor-widget-button\" data-id=\"760d751\" data-element_type=\"widget\" data-widget_type=\"button.default\">\n\t\t\t\t<div class=\"elementor-widget-container\">\n\t\t\t\t\t\t\t<div class=\"elementor-button-wrapper\">\n\t\t\t\t\t<a class=\"elementor-button elementor-button-link elementor-size-sm\" href=\"https:\/\/drive.google.com\/file\/d\/1bU2BkS82YssTa_ilrEff8peil6ryGUfB\/view?usp=drive_link\" target=\"_blank\">\n\t\t\t\t\t\t<span class=\"elementor-button-content-wrapper\">\n\t\t\t\t\t\t<span class=\"elementor-button-icon\">\n\t\t\t\t<i aria-hidden=\"true\" class=\"far fa-building\"><\/i>\t\t\t<\/span>\n\t\t\t\t\t\t\t\t\t<span class=\"elementor-button-text\">EST\u00c1GIO FACOS AG\u00caNCIA 2025<\/span>\n\t\t\t\t\t<\/span>\n\t\t\t\t\t<\/a>\n\t\t\t\t<\/div>\n\t\t\t\t\t\t<\/div>\n\t\t\t\t<\/div>\n\t\t\t\t\t<\/div>\n\t\t<\/div>\n\t\t\t\t\t<\/div>\n\t\t<\/section>\n\t\t\t\t<section class=\"elementor-section elementor-top-section elementor-element elementor-element-81a5ed6 elementor-section-boxed elementor-section-height-default elementor-section-height-default\" data-id=\"81a5ed6\" data-element_type=\"section\">\n\t\t\t\t\t\t<div class=\"elementor-container elementor-column-gap-default\">\n\t\t\t\t\t<div class=\"elementor-column elementor-col-100 elementor-top-column elementor-element elementor-element-5b355ce\" data-id=\"5b355ce\" data-element_type=\"column\">\n\t\t\t<div class=\"elementor-widget-wrap elementor-element-populated\">\n\t\t\t\t\t\t<div class=\"elementor-element elementor-element-f6c0925 elementor-button-info elementor-align-center elementor-widget elementor-widget-button\" data-id=\"f6c0925\" data-element_type=\"widget\" data-widget_type=\"button.default\">\n\t\t\t\t<div class=\"elementor-widget-container\">\n\t\t\t\t\t\t\t<div class=\"elementor-button-wrapper\">\n\t\t\t\t\t<a class=\"elementor-button elementor-button-link elementor-size-xl\" href=\"https:\/\/docs.google.com\/spreadsheets\/d\/e\/2PACX-1vQD7bycGWRR6pomF7fSM9IdzBt1s2nAJJ87n2kc6iZVyqQE__Dd48YiIiiO3gL_FaOK2w13aezsFMg-\/pubhtml\" target=\"_blank\">\n\t\t\t\t\t\t<span class=\"elementor-button-content-wrapper\">\n\t\t\t\t\t\t<span class=\"elementor-button-icon\">\n\t\t\t\t<i aria-hidden=\"true\" class=\"far fa-id-badge\"><\/i>\t\t\t<\/span>\n\t\t\t\t\t\t\t\t\t<span class=\"elementor-button-text\">ACESSE A LISTA DE VAGAS<\/span>\n\t\t\t\t\t<\/span>\n\t\t\t\t\t<\/a>\n\t\t\t\t<\/div>\n\t\t\t\t\t\t<\/div>\n\t\t\t\t<\/div>\n\t\t\t\t<div class=\"elementor-element elementor-element-a319200 elementor-widget elementor-widget-spacer\" data-id=\"a319200\" data-element_type=\"widget\" data-widget_type=\"spacer.default\">\n\t\t\t\t<div class=\"elementor-widget-container\">\n\t\t\t\t\t<div class=\"elementor-spacer\">\n\t\t\t<div class=\"elementor-spacer-inner\"><\/div>\n\t\t<\/div>\n\t\t\t\t<\/div>\n\t\t\t\t<\/div>\n\t\t\t\t\t<\/div>\n\t\t<\/div>\n\t\t\t\t\t<\/div>\n\t\t<\/section>\n\t\t\t\t<section class=\"elementor-section elementor-top-section elementor-element elementor-element-2e73a08 elementor-section-boxed elementor-section-height-default elementor-section-height-default\" data-id=\"2e73a08\" data-element_type=\"section\">\n\t\t\t\t\t\t<div class=\"elementor-container elementor-column-gap-default\">\n\t\t\t\t\t<div class=\"elementor-column elementor-col-100 elementor-top-column elementor-element elementor-element-d42d866\" data-id=\"d42d866\" data-element_type=\"column\">\n\t\t\t<div class=\"elementor-widget-wrap elementor-element-populated\">\n\t\t\t\t\t\t<div class=\"elementor-element elementor-element-c3a9b07 elementor-widget elementor-widget-toggle\" data-id=\"c3a9b07\" data-element_type=\"widget\" data-widget_type=\"toggle.default\">\n\t\t\t\t<div class=\"elementor-widget-container\">\n\t\t\t\t\t<div class=\"elementor-toggle\">\n\t\t\t\t\t\t\t<div class=\"elementor-toggle-item\">\n\t\t\t\t\t<div id=\"elementor-tab-title-2051\" class=\"elementor-tab-title\" data-tab=\"1\" role=\"button\" aria-controls=\"elementor-tab-content-2051\" aria-expanded=\"false\">\n\t\t\t\t\t\t\t\t\t\t\t\t<span class=\"elementor-toggle-icon elementor-toggle-icon-left\" aria-hidden=\"true\">\n\t\t\t\t\t\t\t\t\t\t\t\t\t\t\t<span class=\"elementor-toggle-icon-closed\"><i class=\"fas fa-caret-right\"><\/i><\/span>\n\t\t\t\t\t\t\t\t<span class=\"elementor-toggle-icon-opened\"><i class=\"elementor-toggle-icon-opened fas fa-caret-up\"><\/i><\/span>\n\t\t\t\t\t\t\t\t\t\t\t\t\t<\/span>\n\t\t\t\t\t\t\t\t\t\t\t\t<a class=\"elementor-toggle-title\" tabindex=\"0\">PUBLIQUE SUA VAGA PARA ESTUDANTES DE COMUNICA\u00c7\u00c3O - UFSM<\/a>\n\t\t\t\t\t<\/div>\n\n\t\t\t\t\t<div id=\"elementor-tab-content-2051\" class=\"elementor-tab-content elementor-clearfix\" data-tab=\"1\" role=\"region\" aria-labelledby=\"elementor-tab-title-2051\"><blockquote>\n<p><a href=\"https:\/\/docs.google.com\/forms\/d\/e\/1FAIpQLScxZEQTPyfqEyftDZrsgowepbzQ2uVL14tNs0D2zKwfqps-yg\/viewform\">Se voc\u00ea tem uma <strong>vaga para alunos de comunica\u00e7\u00e3o da FACOS\/UFSM<\/strong>, cadastre as informa\u00e7\u00f5es clicando aqui.<\/a><\/p>\n<\/blockquote>\n<p>As vagas ser\u00e3o enviadas aos nossos estudantes e, tamb\u00e9m, automaticamente publicadas nos sites dos cursos.<\/p>\n<p>Para ver a vaga publicada, acesse:<\/p>\n<ul>\n<li><a href=\"http:\/\/www.ufsm.br\/pp\">Publicidade e Propaganda<\/a><\/li>\n<li><a href=\"https:\/\/www.ufsm.br\/cursos\/graduacao\/santa-maria\/relacoes-publicas\/\">Rela\u00e7\u00f5es P\u00fablicas<\/a><\/li>\n<li><a href=\"https:\/\/www.ufsm.br\/cursos\/graduacao\/santa-maria\/producao-editorial\/\">Produ\u00e7\u00e3o Editorial<\/a><\/li>\n<li><a href=\"https:\/\/www.ufsm.br\/cursos\/graduacao\/santa-maria\/jornalismo\/\">Jornalismo<\/a><\/li>\n<\/ul>\n<div>&nbsp;<\/div>\n<div>\n<p>Quem pode publicar vagas?<\/p>\n<ul>\n<li>Empres\u00e1rios e gestores<\/li>\n<li>Departamentos da UFSM<\/li>\n<li>Projetos Sociais e ONGs<\/li>\n<\/ul>\n<div><b><br><\/b><\/div>\n<div><b>Aviso Legal:&nbsp;<\/b><\/div><div><ul><li>As informa\u00e7\u00f5es fornecidas e publicadas s\u00e3o de responsabilidade \u00fanica da empresa\/\u00f3rg\u00e3o interno ofertante da vaga. Os cursos de Comunica\u00e7\u00e3o Social da UFSM n\u00e3o se responsabilizam pelas informa\u00e7\u00f5es divulgadas pela empresa\/\u00f3rg\u00e3o interno.&nbsp;<\/li><li>A empresa ou \u00f3rg\u00e3o interno da UFSM declaram que a oferta da vaga atende \u00e0 Lei&nbsp;11.788 de 25\/09\/2008 (Lei de Est\u00e1gios) ou \u00e0 Lei<span style=\"font-family: arial, sans-serif;font-size: 16px\">&nbsp;n\u00ba 5.452 (<\/span><span>CLT).<\/span><\/li><\/ul><\/div>\n\n<\/div><\/div>\n\t\t\t\t<\/div>\n\t\t\t\t\t\t\t\t<\/div>\n\t\t\t\t<\/div>\n\t\t\t\t<\/div>\n\t\t\t\t\t<\/div>\n\t\t<\/div>\n\t\t\t\t\t<\/div>\n\t\t<\/section>\n\t\t\t\t<\/div>\n\t\t","protected":false},"excerpt":{"rendered":"<p>Aqui, s\u00e3o publicadas automaticamente, vagas de est\u00e1gio ou voluntariado dispon\u00edveis para acad\u00eamicos dos Cursos de Comunica\u00e7\u00e3o da UFSM.\u00a0 O curso de Publicidade e Propaganda n\u00e3o se responsabiliza pelas informa\u00e7\u00f5es publicadas, que s\u00e3o de inteira responsabilidade dos \u00f3rg\u00e3os e empresas ofertantes da vaga.\u00a0 EST\u00c1GIO FACOS AG\u00caNCIA 2025 ACESSE A LISTA DE VAGAS PUBLIQUE SUA VAGA PARA [&hellip;]<\/p>\n","protected":false},"author":96,"featured_media":0,"parent":0,"menu_order":0,"comment_status":"closed","ping_status":"closed","template":"","meta":{"footnotes":""},"categories":[],"tags":[],"class_list":["post-548","page","type-page","status-publish","hentry"],"acf":[],"_links":{"self":[{"href":"https:\/\/www.ufsm.br\/cursos\/graduacao\/santa-maria\/publicidade-e-propaganda\/wp-json\/wp\/v2\/pages\/548","targetHints":{"allow":["GET"]}}],"collection":[{"href":"https:\/\/www.ufsm.br\/cursos\/graduacao\/santa-maria\/publicidade-e-propaganda\/wp-json\/wp\/v2\/pages"}],"about":[{"href":"https:\/\/www.ufsm.br\/cursos\/graduacao\/santa-maria\/publicidade-e-propaganda\/wp-json\/wp\/v2\/types\/page"}],"author":[{"embeddable":true,"href":"https:\/\/www.ufsm.br\/cursos\/graduacao\/santa-maria\/publicidade-e-propaganda\/wp-json\/wp\/v2\/users\/96"}],"replies":[{"embeddable":true,"href":"https:\/\/www.ufsm.br\/cursos\/graduacao\/santa-maria\/publicidade-e-propaganda\/wp-json\/wp\/v2\/comments?post=548"}],"version-history":[{"count":0,"href":"https:\/\/www.ufsm.br\/cursos\/graduacao\/santa-maria\/publicidade-e-propaganda\/wp-json\/wp\/v2\/pages\/548\/revisions"}],"wp:attachment":[{"href":"https:\/\/www.ufsm.br\/cursos\/graduacao\/santa-maria\/publicidade-e-propaganda\/wp-json\/wp\/v2\/media?parent=548"}],"wp:term":[{"taxonomy":"category","embeddable":true,"href":"https:\/\/www.ufsm.br\/cursos\/graduacao\/santa-maria\/publicidade-e-propaganda\/wp-json\/wp\/v2\/categories?post=548"},{"taxonomy":"post_tag","embeddable":true,"href":"https:\/\/www.ufsm.br\/cursos\/graduacao\/santa-maria\/publicidade-e-propaganda\/wp-json\/wp\/v2\/tags?post=548"}],"curies":[{"name":"wp","href":"https:\/\/api.w.org\/{rel}","templated":true}]}}