{"id":659,"date":"2022-06-02T10:36:07","date_gmt":"2022-06-02T13:36:07","guid":{"rendered":"https:\/\/www.ufsm.br\/cursos\/graduacao\/santa-maria\/publicidade-e-propaganda\/?page_id=659"},"modified":"2022-06-23T10:36:25","modified_gmt":"2022-06-23T13:36:25","slug":"regime-exercicios-domiciliares","status":"publish","type":"page","link":"https:\/\/www.ufsm.br\/cursos\/graduacao\/santa-maria\/publicidade-e-propaganda\/regime-exercicios-domiciliares","title":{"rendered":"Regime de Exerc\u00edcios Domiciliares"},"content":{"rendered":"\t\t<div data-elementor-type=\"wp-page\" data-elementor-id=\"659\" class=\"elementor elementor-659\">\n\t\t\t\t\t\t<section class=\"elementor-section elementor-top-section elementor-element elementor-element-08743d8 elementor-section-boxed elementor-section-height-default elementor-section-height-default\" data-id=\"08743d8\" data-element_type=\"section\">\n\t\t\t\t\t\t<div class=\"elementor-container elementor-column-gap-default\">\n\t\t\t\t\t<div class=\"elementor-column elementor-col-100 elementor-top-column elementor-element elementor-element-281d99b\" data-id=\"281d99b\" data-element_type=\"column\">\n\t\t\t<div class=\"elementor-widget-wrap elementor-element-populated\">\n\t\t\t\t\t\t<div class=\"elementor-element elementor-element-6338108 elementor-widget elementor-widget-text-editor\" data-id=\"6338108\" data-element_type=\"widget\" data-widget_type=\"text-editor.default\">\n\t\t\t\t<div class=\"elementor-widget-container\">\n\t\t\t\t\t\t\t<p>Em caso de incapacidade de frequentar \u00e0s aulas, nos termos do Decreto-Lei N.1.044\/1969, por per\u00edodo superior a cinco dias, os alunos poder\u00e3o requerer exerc\u00edcio de atividades domiciliares. Poder\u00e3o solicitar este benef\u00edcio, os alunos portadores de afec\u00e7\u00f5es cong\u00eanitas ou adquiridas, infec\u00e7\u00f5es, traumatismos ou outras condi\u00e7\u00f5es m\u00f3rbidas, dist\u00farbios agudos ou agonizados, caracterizados por: incapacidade f\u00edsica relativa incompat\u00edvel com a frequ\u00eancia aos trabalhos acad\u00eamicos, desde que se verifique a conserva\u00e7\u00e3o das condi\u00e7\u00f5es intelectuais e emocionais necess\u00e1rias para o prosseguimento da atividade acad\u00eamica em novos moldes.<\/p><p>Orienta\u00e7\u00f5es sobre a abertura de processos de Regime domiciliar de aluno de gradua\u00e7\u00e3o via PEN:<\/p><ol><li>Para abertura de PEN o aluno dever\u00e1 acessar o <a href=\"https:\/\/portal.ufsm.br\/documentos\/mainMenu.html\" target=\"_blank\" rel=\"noopener\"><b>Portal Documentos (clique)<\/b><\/a>, realizar o login com n\u00famero de matr\u00edcula e senha do portal do aluno e, ap\u00f3s, selecionar a op\u00e7\u00e3o \u2018Novo\u2019;<\/li><li>No campo \u201cTipo documental\u201d, realizar a busca textual e selecionar a op\u00e7\u00e3o \u2018<b>Processos de regime domiciliar de aluno de gradua\u00e7\u00e3o (125.52)<\/b>\u2019. Os outros dos campos desta tela ser\u00e3o preenchidos automaticamente;<\/li><li>Na tela seguinte, dever\u00e3o ser adicionados os documentos necess\u00e1rios para abertura, sendo o <a href=\"https:\/\/www.ufsm.br\/app\/uploads\/sites\/469\/2022\/06\/Requerimento_Regime_Domiciliar.docx\" target=\"_blank\" rel=\"noopener\"><b>Requerimento de regime de exerc\u00edcios domiciliares (clique)<\/b><\/a>\u00a0e o Atestado m\u00e9dico itens obrigat\u00f3rios.\u00a0<\/li><li>O aluno pode assinar o requerimento eletronicamente, caso j\u00e1 tenha sua assinatura cadastrada no PEN-SIE. Para se cadastrar, <a href=\"https:\/\/www.ufsm.br\/app\/uploads\/sites\/416\/2020\/04\/Passo-a-passo-termo-assinatura-eletronica-PEN-SIE.pdf\" target=\"_blank\" rel=\"noopener\"><b>basta seguir passo a passo aqui (clique).<\/b><\/a><\/li><li>Ap\u00f3s incluir a documenta\u00e7\u00e3o no PEN, o aluno dever\u00e1 tramitar o processo para a Coordena\u00e7\u00e3o do Curso, que proceder\u00e1 a an\u00e1lise da solicita\u00e7\u00e3o e demais provid\u00eancias. O fluxograma desse processo pode ser conferido no <a href=\"https:\/\/portal.ufsm.br\/documentos\/publico\/processo\/consulta.html\" target=\"_blank\" rel=\"noopener\"><b>Portal de Processos (clique)<\/b>.<\/a><\/li><li><span style=\"color: #000000;font-size: 1rem;background-color: var(--bs-body-bg);text-align: var(--bs-body-text-align)\">Para <strong><a href=\"https:\/\/portal.ufsm.br\/documentos\/publico\/processo\/consulta.html\" target=\"_blank\" rel=\"noopener\">acompanhar o processo, clique aqui<\/a><\/strong>. Tenha em m\u00e3os o NUP (N\u00famero \u00danico de Protocolo), ou voc\u00ea pode pesquisar pelos campos dispon\u00edveis na consulta, como nome do interessado, tipo documental, etc. <\/span><\/li><li><span style=\"color: #000000;font-size: 1rem;background-color: var(--bs-body-bg);text-align: var(--bs-body-text-align)\">O aluno pode acompanhar o processo fazendo login no Portal Documentos, ir na aba <a href=\"https:\/\/portal.ufsm.br\/documentos\/usuario\/meusDocumentos\/meusDocumentos.html?action=interessado\" target=\"_blank\" rel=\"noopener\">\u2018<strong>Meus Documentos\u2019, \u2018Interessado\u2019<\/strong><\/a>.<\/span><\/li><\/ol><p><strong>O regime de exerc\u00edcios domiciliares n\u00e3o ser\u00e1 concedido para disciplinas com atividades pr\u00e1ticas, para as que exigem est\u00e1gio supervisionado ou para aquelas oferecidas em per\u00edodos concentrados.<\/strong><\/p>\t\t\t\t\t\t<\/div>\n\t\t\t\t<\/div>\n\t\t\t\t\t<\/div>\n\t\t<\/div>\n\t\t\t\t\t<\/div>\n\t\t<\/section>\n\t\t\t\t<\/div>\n\t\t","protected":false},"excerpt":{"rendered":"<p>Em caso de incapacidade de frequentar \u00e0s aulas, nos termos do Decreto-Lei N.1.044\/1969, por per\u00edodo superior a cinco dias, os alunos poder\u00e3o requerer exerc\u00edcio de atividades domiciliares. Poder\u00e3o solicitar este benef\u00edcio, os alunos portadores de afec\u00e7\u00f5es cong\u00eanitas ou adquiridas, infec\u00e7\u00f5es, traumatismos ou outras condi\u00e7\u00f5es m\u00f3rbidas, dist\u00farbios agudos ou agonizados, caracterizados por: incapacidade f\u00edsica relativa incompat\u00edvel [&hellip;]<\/p>\n","protected":false},"author":96,"featured_media":0,"parent":0,"menu_order":0,"comment_status":"closed","ping_status":"closed","template":"","meta":{"footnotes":""},"categories":[],"tags":[],"class_list":["post-659","page","type-page","status-publish","hentry"],"acf":[],"_links":{"self":[{"href":"https:\/\/www.ufsm.br\/cursos\/graduacao\/santa-maria\/publicidade-e-propaganda\/wp-json\/wp\/v2\/pages\/659","targetHints":{"allow":["GET"]}}],"collection":[{"href":"https:\/\/www.ufsm.br\/cursos\/graduacao\/santa-maria\/publicidade-e-propaganda\/wp-json\/wp\/v2\/pages"}],"about":[{"href":"https:\/\/www.ufsm.br\/cursos\/graduacao\/santa-maria\/publicidade-e-propaganda\/wp-json\/wp\/v2\/types\/page"}],"author":[{"embeddable":true,"href":"https:\/\/www.ufsm.br\/cursos\/graduacao\/santa-maria\/publicidade-e-propaganda\/wp-json\/wp\/v2\/users\/96"}],"replies":[{"embeddable":true,"href":"https:\/\/www.ufsm.br\/cursos\/graduacao\/santa-maria\/publicidade-e-propaganda\/wp-json\/wp\/v2\/comments?post=659"}],"version-history":[{"count":0,"href":"https:\/\/www.ufsm.br\/cursos\/graduacao\/santa-maria\/publicidade-e-propaganda\/wp-json\/wp\/v2\/pages\/659\/revisions"}],"wp:attachment":[{"href":"https:\/\/www.ufsm.br\/cursos\/graduacao\/santa-maria\/publicidade-e-propaganda\/wp-json\/wp\/v2\/media?parent=659"}],"wp:term":[{"taxonomy":"category","embeddable":true,"href":"https:\/\/www.ufsm.br\/cursos\/graduacao\/santa-maria\/publicidade-e-propaganda\/wp-json\/wp\/v2\/categories?post=659"},{"taxonomy":"post_tag","embeddable":true,"href":"https:\/\/www.ufsm.br\/cursos\/graduacao\/santa-maria\/publicidade-e-propaganda\/wp-json\/wp\/v2\/tags?post=659"}],"curies":[{"name":"wp","href":"https:\/\/api.w.org\/{rel}","templated":true}]}}