{"id":161,"date":"2018-12-07T10:31:36","date_gmt":"2018-12-07T12:31:36","guid":{"rendered":"https:\/\/www.ufsm.br\/cursos\/graduacao\/santa-maria\/quimica-industrial\/?page_id=161"},"modified":"2019-02-18T13:20:21","modified_gmt":"2019-02-18T16:20:21","slug":"historico","status":"publish","type":"page","link":"https:\/\/www.ufsm.br\/cursos\/graduacao\/santa-maria\/quimica-industrial\/historico","title":{"rendered":"Hist\u00f3rico"},"content":{"rendered":"<h3><strong>Curso de Qu\u00edmica Industrial<\/strong><\/h3>\n<p style=\"text-align: justify\">Os Cursos de Qu\u00edmica da UFSM tiveram origem a partir do Curso de\u00a0Qu\u00edmica Licenciatura sediado na faculdade agregada de Filosofia, Ci\u00eancias e Letras, criada pela lei federal n\u00b0 3958, de 13\/09\/1961. Em 1969, o curso sofreu uma atualiza\u00e7\u00e3o curricular e foi reestruturado na UFSM como curso de Qu\u00edmica, o qual atribu\u00eda o grau de Licenciatura em Qu\u00edmica, mas inclu\u00eda as mat\u00e9rias ditas tecnol\u00f3gicas.<\/p>\n<p style=\"text-align: justify\">Em 1974, o curso de Qu\u00edmica, atrav\u00e9s do processo n\u00b0 37854\/74, alterou sua nomenclatura para o curso de Qu\u00edmica Industrial.<\/p>\n<p style=\"text-align: justify\">Entre 1975 e 2017, o curso de Qu\u00edmica Industrial formou 836 profissionais. Baseados nessa experi\u00eancia \u00e9 que estamos seguros do seu sucesso, sendo voc\u00ea o agente de sua forma\u00e7\u00e3o acad\u00eamica e profissional.<\/p>\n","protected":false},"excerpt":{"rendered":"<p>Curso de Qu\u00edmica Industrial Os Cursos de Qu\u00edmica da UFSM tiveram origem a partir do Curso de\u00a0Qu\u00edmica Licenciatura sediado na faculdade agregada de Filosofia, Ci\u00eancias e Letras, criada pela lei federal n\u00b0 3958, de 13\/09\/1961. Em 1969, o curso sofreu uma atualiza\u00e7\u00e3o curricular e foi reestruturado na UFSM como curso de Qu\u00edmica, o qual atribu\u00eda [&hellip;]<\/p>\n","protected":false},"author":194,"featured_media":0,"parent":0,"menu_order":0,"comment_status":"closed","ping_status":"closed","template":"","meta":{"footnotes":""},"categories":[],"tags":[],"class_list":["post-161","page","type-page","status-publish","hentry"],"acf":[],"_links":{"self":[{"href":"https:\/\/www.ufsm.br\/cursos\/graduacao\/santa-maria\/quimica-industrial\/wp-json\/wp\/v2\/pages\/161","targetHints":{"allow":["GET"]}}],"collection":[{"href":"https:\/\/www.ufsm.br\/cursos\/graduacao\/santa-maria\/quimica-industrial\/wp-json\/wp\/v2\/pages"}],"about":[{"href":"https:\/\/www.ufsm.br\/cursos\/graduacao\/santa-maria\/quimica-industrial\/wp-json\/wp\/v2\/types\/page"}],"author":[{"embeddable":true,"href":"https:\/\/www.ufsm.br\/cursos\/graduacao\/santa-maria\/quimica-industrial\/wp-json\/wp\/v2\/users\/194"}],"replies":[{"embeddable":true,"href":"https:\/\/www.ufsm.br\/cursos\/graduacao\/santa-maria\/quimica-industrial\/wp-json\/wp\/v2\/comments?post=161"}],"version-history":[{"count":0,"href":"https:\/\/www.ufsm.br\/cursos\/graduacao\/santa-maria\/quimica-industrial\/wp-json\/wp\/v2\/pages\/161\/revisions"}],"wp:attachment":[{"href":"https:\/\/www.ufsm.br\/cursos\/graduacao\/santa-maria\/quimica-industrial\/wp-json\/wp\/v2\/media?parent=161"}],"wp:term":[{"taxonomy":"category","embeddable":true,"href":"https:\/\/www.ufsm.br\/cursos\/graduacao\/santa-maria\/quimica-industrial\/wp-json\/wp\/v2\/categories?post=161"},{"taxonomy":"post_tag","embeddable":true,"href":"https:\/\/www.ufsm.br\/cursos\/graduacao\/santa-maria\/quimica-industrial\/wp-json\/wp\/v2\/tags?post=161"}],"curies":[{"name":"wp","href":"https:\/\/api.w.org\/{rel}","templated":true}]}}