{"id":206,"date":"2018-12-10T08:53:36","date_gmt":"2018-12-10T10:53:36","guid":{"rendered":"https:\/\/www.ufsm.br\/cursos\/graduacao\/santa-maria\/quimica-industrial\/?page_id=206"},"modified":"2019-02-19T15:22:29","modified_gmt":"2019-02-19T18:22:29","slug":"dcgs","status":"publish","type":"page","link":"https:\/\/www.ufsm.br\/cursos\/graduacao\/santa-maria\/quimica-industrial\/dcgs","title":{"rendered":"DCGs"},"content":{"rendered":"<p style=\"text-align: justify\">O curso de Qu\u00edmica Industrial disp\u00f5e de algumas disciplinas complementares de gradua\u00e7\u00e3o (DCG) devidamente registradas e aprovadas, as quais\u00a0<strong>podem ser consultadas\u00a0<a href=\"https:\/\/www.ufsm.br\/cursos\/graduacao\/santa-maria\/quimica-industrial\/wp-content\/uploads\/sites\/455\/2018\/12\/DCGs_QI.pdf\" target=\"_blank\" rel=\"noopener noreferrer\">AQUI<\/a><\/strong>. A oferta semestral de tais disciplinas deve ser verificada junto aos Departamentos Did\u00e1ticos respons\u00e1veis por cada uma delas.<\/p>\n<p style=\"text-align: justify\">Atualmente a lista de DCGs aprovadas em nosso curso contempla disciplinas ofertadas pelos seguintes cursos de gradua\u00e7\u00e3o da UFSM:<\/p>\n<ul style=\"text-align: justify;list-style-type: circle\">\n<li><strong>Qu\u00edmica Industrial<\/strong><\/li>\n<li><strong>Qu\u00edmica &#8211; Bacharelado<\/strong><\/li>\n<li><strong>Qu\u00edmica &#8211; Licenciatura<\/strong><\/li>\n<li><strong>Tecnologia em Processos Qu\u00edmicos<\/strong><\/li>\n<li>Engenharia de Produ\u00e7\u00e3o<\/li>\n<li>Engenharia Qu\u00edmica<\/li>\n<li>F\u00edsica<\/li>\n<li>Letras<\/li>\n<li>Matem\u00e1tica<\/li>\n<li>Tecnologia de Alimentos<\/li>\n<\/ul>\n<p style=\"text-align: justify\">Os acad\u00eamicos que desejarem cursar uma disciplina complementar que n\u00e3o esteja listada dentre as DCGs oficiais devem consultar a Coordena\u00e7\u00e3o do Curso com anteced\u00eancia. O questionamento ser\u00e1 levado ao \u00f3rg\u00e3o Colegiado do curso de Qu\u00edmica Industrial para deferimento ou indeferimento.<\/p>\n","protected":false},"excerpt":{"rendered":"<p>O curso de Qu\u00edmica Industrial disp\u00f5e de algumas disciplinas complementares de gradua\u00e7\u00e3o (DCG) devidamente registradas e aprovadas, as quais\u00a0podem ser consultadas\u00a0AQUI. A oferta semestral de tais disciplinas deve ser verificada junto aos Departamentos Did\u00e1ticos respons\u00e1veis por cada uma delas. Atualmente a lista de DCGs aprovadas em nosso curso contempla disciplinas ofertadas pelos seguintes cursos de [&hellip;]<\/p>\n","protected":false},"author":194,"featured_media":0,"parent":0,"menu_order":0,"comment_status":"closed","ping_status":"closed","template":"","meta":{"footnotes":""},"categories":[],"tags":[],"class_list":["post-206","page","type-page","status-publish","hentry"],"acf":[],"_links":{"self":[{"href":"https:\/\/www.ufsm.br\/cursos\/graduacao\/santa-maria\/quimica-industrial\/wp-json\/wp\/v2\/pages\/206","targetHints":{"allow":["GET"]}}],"collection":[{"href":"https:\/\/www.ufsm.br\/cursos\/graduacao\/santa-maria\/quimica-industrial\/wp-json\/wp\/v2\/pages"}],"about":[{"href":"https:\/\/www.ufsm.br\/cursos\/graduacao\/santa-maria\/quimica-industrial\/wp-json\/wp\/v2\/types\/page"}],"author":[{"embeddable":true,"href":"https:\/\/www.ufsm.br\/cursos\/graduacao\/santa-maria\/quimica-industrial\/wp-json\/wp\/v2\/users\/194"}],"replies":[{"embeddable":true,"href":"https:\/\/www.ufsm.br\/cursos\/graduacao\/santa-maria\/quimica-industrial\/wp-json\/wp\/v2\/comments?post=206"}],"version-history":[{"count":0,"href":"https:\/\/www.ufsm.br\/cursos\/graduacao\/santa-maria\/quimica-industrial\/wp-json\/wp\/v2\/pages\/206\/revisions"}],"wp:attachment":[{"href":"https:\/\/www.ufsm.br\/cursos\/graduacao\/santa-maria\/quimica-industrial\/wp-json\/wp\/v2\/media?parent=206"}],"wp:term":[{"taxonomy":"category","embeddable":true,"href":"https:\/\/www.ufsm.br\/cursos\/graduacao\/santa-maria\/quimica-industrial\/wp-json\/wp\/v2\/categories?post=206"},{"taxonomy":"post_tag","embeddable":true,"href":"https:\/\/www.ufsm.br\/cursos\/graduacao\/santa-maria\/quimica-industrial\/wp-json\/wp\/v2\/tags?post=206"}],"curies":[{"name":"wp","href":"https:\/\/api.w.org\/{rel}","templated":true}]}}