{"id":434,"date":"2019-02-19T15:14:21","date_gmt":"2019-02-19T18:14:21","guid":{"rendered":"https:\/\/www.ufsm.br\/cursos\/graduacao\/santa-maria\/quimica-industrial\/?page_id=434"},"modified":"2020-08-13T14:56:42","modified_gmt":"2020-08-13T17:56:42","slug":"seguro-de-estagio","status":"publish","type":"page","link":"https:\/\/www.ufsm.br\/cursos\/graduacao\/santa-maria\/quimica-industrial\/estagio-obrigatorio\/seguro-de-estagio","title":{"rendered":"Seguro de est\u00e1gio"},"content":{"rendered":"\n<p style=\"text-align: justify\">Ao longo do est\u00e1gio, os acad\u00eamicos regularmente matriculados t\u00eam direito a um seguro contra acidentes, de acordo com a seguinte ap\u00f3lice:<\/p>\n<p style=\"text-align: justify\"><strong><a href=\"https:\/\/www.ufsm.br\/cursos\/graduacao\/santa-maria\/quimica-industrial\/wp-content\/uploads\/sites\/455\/2019\/08\/6.-Ap\u00f3lice-de-Seguro-2019-2020.pdf\">Ap\u00f3lice de Seguro para estagi\u00e1rios da UFSM (vig\u00eancia at\u00e9 31\/07\/2020)<\/a><\/strong><\/p>\n<p><strong><a href=\"https:\/\/www.ufsm.br\/cursos\/graduacao\/santa-maria\/quimica-industrial\/wp-content\/uploads\/sites\/455\/2020\/08\/Termo-aditivo-ao-contrato-n.-078-2019.pdf\">Primeiro termo aditivo \u00e0 Ap\u00f3lice de Seguro (vig\u00eancia at\u00e9 31\/07\/2021)<\/a><\/strong><\/p>\n<p>\u00a0<\/p>\n<p><a href=\"https:\/\/www.ufsm.br\/cursos\/graduacao\/santa-maria\/quimica-industrial\/wp-content\/uploads\/sites\/455\/2020\/07\/Contrato-078_2020.pdf\">Contrato de seguro contra acidente pessoal para alunos matriculados na UFSM (Contrato 078\/2019)<\/a><\/p>\n","protected":false},"excerpt":{"rendered":"<p>Ao longo do est\u00e1gio, os acad\u00eamicos regularmente matriculados t\u00eam direito a um seguro contra acidentes, de acordo com a seguinte ap\u00f3lice: Ap\u00f3lice de Seguro para estagi\u00e1rios da UFSM (vig\u00eancia at\u00e9 31\/07\/2020) Primeiro termo aditivo \u00e0 Ap\u00f3lice de Seguro (vig\u00eancia at\u00e9 31\/07\/2021) \u00a0 Contrato de seguro contra acidente pessoal para alunos matriculados na UFSM (Contrato 078\/2019)<\/p>\n","protected":false},"author":534,"featured_media":0,"parent":187,"menu_order":3,"comment_status":"closed","ping_status":"closed","template":"","meta":{"footnotes":""},"categories":[],"tags":[],"class_list":["post-434","page","type-page","status-publish","hentry"],"acf":[],"_links":{"self":[{"href":"https:\/\/www.ufsm.br\/cursos\/graduacao\/santa-maria\/quimica-industrial\/wp-json\/wp\/v2\/pages\/434","targetHints":{"allow":["GET"]}}],"collection":[{"href":"https:\/\/www.ufsm.br\/cursos\/graduacao\/santa-maria\/quimica-industrial\/wp-json\/wp\/v2\/pages"}],"about":[{"href":"https:\/\/www.ufsm.br\/cursos\/graduacao\/santa-maria\/quimica-industrial\/wp-json\/wp\/v2\/types\/page"}],"author":[{"embeddable":true,"href":"https:\/\/www.ufsm.br\/cursos\/graduacao\/santa-maria\/quimica-industrial\/wp-json\/wp\/v2\/users\/534"}],"replies":[{"embeddable":true,"href":"https:\/\/www.ufsm.br\/cursos\/graduacao\/santa-maria\/quimica-industrial\/wp-json\/wp\/v2\/comments?post=434"}],"version-history":[{"count":0,"href":"https:\/\/www.ufsm.br\/cursos\/graduacao\/santa-maria\/quimica-industrial\/wp-json\/wp\/v2\/pages\/434\/revisions"}],"up":[{"embeddable":true,"href":"https:\/\/www.ufsm.br\/cursos\/graduacao\/santa-maria\/quimica-industrial\/wp-json\/wp\/v2\/pages\/187"}],"wp:attachment":[{"href":"https:\/\/www.ufsm.br\/cursos\/graduacao\/santa-maria\/quimica-industrial\/wp-json\/wp\/v2\/media?parent=434"}],"wp:term":[{"taxonomy":"category","embeddable":true,"href":"https:\/\/www.ufsm.br\/cursos\/graduacao\/santa-maria\/quimica-industrial\/wp-json\/wp\/v2\/categories?post=434"},{"taxonomy":"post_tag","embeddable":true,"href":"https:\/\/www.ufsm.br\/cursos\/graduacao\/santa-maria\/quimica-industrial\/wp-json\/wp\/v2\/tags?post=434"}],"curies":[{"name":"wp","href":"https:\/\/api.w.org\/{rel}","templated":true}]}}