{"id":174,"date":"2018-12-17T15:32:33","date_gmt":"2018-12-17T17:32:33","guid":{"rendered":"https:\/\/www.ufsm.br\/cursos\/graduacao\/santa-maria\/quimica\/?page_id=174"},"modified":"2019-02-22T10:26:12","modified_gmt":"2019-02-22T13:26:12","slug":"dispensa-de-disciplinas","status":"publish","type":"page","link":"https:\/\/www.ufsm.br\/cursos\/graduacao\/santa-maria\/quimica\/bacharelado\/dispensa-de-disciplinas","title":{"rendered":"Dispensa de disciplinas"},"content":{"rendered":"<p style=\"text-align: justify\">Em geral, as disciplinas cursadas em outros cursos de gradua\u00e7\u00e3o da UFSM e todas as disciplinas cursadas externamente \u00e0 UFSM devem passar por um processo de dispensa\/equival\u00eancia das disciplinas junto \u00e0 Coordena\u00e7\u00e3o do curso, para que possam ser aproveitadas no Hist\u00f3rico Escolar do aluno.<\/p>\n<p style=\"text-align: justify\">A dispensa de disciplinas possui algumas regras, que podem ser conferidas na se\u00e7\u00e3o &#8220;<a href=\"https:\/\/www.ufsm.br\/cursos\/graduacao\/santa-maria\/quimica\/resolucoes\/\" target=\"_blank\" rel=\"noopener noreferrer\">Resolu\u00e7\u00f5es<\/a>&#8220;, mas destacam-se:<\/p>\n<ul style=\"list-style-type: circle\">\n<li>A dispensa dever\u00e1 considerar, no m\u00ednimo,\u00a0<strong>75% de equival\u00eancia no conte\u00fado e na carga hor\u00e1ria<\/strong>.<\/li>\n<\/ul>\n<ul style=\"list-style-type: circle\">\n<li>Somente podem ser dispensadas disciplinas de cursos de mesmo n\u00edvel (gradua\u00e7\u00e3o dispensa gradua\u00e7\u00e3o) ou de n\u00edvel superior (p\u00f3s-gradua\u00e7\u00e3o dispensa gradua\u00e7\u00e3o).<\/li>\n<\/ul>\n<p style=\"text-align: justify\"><strong>Para solicitar a dispensa de disciplinas o aluno deve preencher o formul\u00e1rio de solicita\u00e7\u00e3o\u00a0que est\u00e1 dispon\u00edvel eletronicamente no\u00a0<a href=\"https:\/\/portal.ufsm.br\/aluno\/\" target=\"_blank\" rel=\"noopener noreferrer\">Portal do Aluno<\/a>. Toda a documenta\u00e7\u00e3o necess\u00e1ria ser\u00e1 solicitada ao longo do procedimento. Ap\u00f3s, o pedido ser\u00e1 tramitado para an\u00e1lise do coordenador do curso e, uma vez deferido, a dispensa\/aproveitamento ser\u00e1 lan\u00e7ada automaticamente no Hist\u00f3rico Escolar do acad\u00eamico.<\/strong><\/p>\n<p style=\"text-align: justify\">Em caso de d\u00favidas, consulte o <a href=\"https:\/\/www.ufsm.br\/cursos\/graduacao\/santa-maria\/quimica-industrial\/wp-content\/uploads\/sites\/455\/2018\/12\/Tutorial_de_Dispensa_online.pdf\" target=\"_blank\" rel=\"noopener\"><strong>tutorial<\/strong><\/a> desenvolvido pelo Derca para auxili\u00e1-lo no procedimento de solicita\u00e7\u00e3o de dispensa de disciplina:<\/p>\n","protected":false},"excerpt":{"rendered":"<p>Em geral, as disciplinas cursadas em outros cursos de gradua\u00e7\u00e3o da UFSM e todas as disciplinas cursadas externamente \u00e0 UFSM devem passar por um processo de dispensa\/equival\u00eancia das disciplinas junto \u00e0 Coordena\u00e7\u00e3o do curso, para que possam ser aproveitadas no Hist\u00f3rico Escolar do aluno. A dispensa de disciplinas possui algumas regras, que podem ser conferidas [&hellip;]<\/p>\n","protected":false},"author":118,"featured_media":0,"parent":339,"menu_order":0,"comment_status":"closed","ping_status":"closed","template":"","meta":{"footnotes":""},"categories":[],"tags":[],"class_list":["post-174","page","type-page","status-publish","hentry"],"acf":[],"_links":{"self":[{"href":"https:\/\/www.ufsm.br\/cursos\/graduacao\/santa-maria\/quimica\/wp-json\/wp\/v2\/pages\/174","targetHints":{"allow":["GET"]}}],"collection":[{"href":"https:\/\/www.ufsm.br\/cursos\/graduacao\/santa-maria\/quimica\/wp-json\/wp\/v2\/pages"}],"about":[{"href":"https:\/\/www.ufsm.br\/cursos\/graduacao\/santa-maria\/quimica\/wp-json\/wp\/v2\/types\/page"}],"author":[{"embeddable":true,"href":"https:\/\/www.ufsm.br\/cursos\/graduacao\/santa-maria\/quimica\/wp-json\/wp\/v2\/users\/118"}],"replies":[{"embeddable":true,"href":"https:\/\/www.ufsm.br\/cursos\/graduacao\/santa-maria\/quimica\/wp-json\/wp\/v2\/comments?post=174"}],"version-history":[{"count":0,"href":"https:\/\/www.ufsm.br\/cursos\/graduacao\/santa-maria\/quimica\/wp-json\/wp\/v2\/pages\/174\/revisions"}],"up":[{"embeddable":true,"href":"https:\/\/www.ufsm.br\/cursos\/graduacao\/santa-maria\/quimica\/wp-json\/wp\/v2\/pages\/339"}],"wp:attachment":[{"href":"https:\/\/www.ufsm.br\/cursos\/graduacao\/santa-maria\/quimica\/wp-json\/wp\/v2\/media?parent=174"}],"wp:term":[{"taxonomy":"category","embeddable":true,"href":"https:\/\/www.ufsm.br\/cursos\/graduacao\/santa-maria\/quimica\/wp-json\/wp\/v2\/categories?post=174"},{"taxonomy":"post_tag","embeddable":true,"href":"https:\/\/www.ufsm.br\/cursos\/graduacao\/santa-maria\/quimica\/wp-json\/wp\/v2\/tags?post=174"}],"curies":[{"name":"wp","href":"https:\/\/api.w.org\/{rel}","templated":true}]}}