{"id":211,"date":"2018-12-17T17:48:40","date_gmt":"2018-12-17T19:48:40","guid":{"rendered":"https:\/\/www.ufsm.br\/cursos\/graduacao\/santa-maria\/quimica\/?page_id=211"},"modified":"2022-09-12T10:47:34","modified_gmt":"2022-09-12T13:47:34","slug":"documentos-para-estagios","status":"publish","type":"page","link":"https:\/\/www.ufsm.br\/cursos\/graduacao\/santa-maria\/quimica\/licenciatura\/documentos-para-estagios","title":{"rendered":"Est\u00e1gios"},"content":{"rendered":"\t\t<div data-elementor-type=\"wp-post\" data-elementor-id=\"211\" class=\"elementor elementor-211\">\n\t\t\t\t\t\t<section class=\"elementor-section elementor-top-section elementor-element elementor-element-26dbb1ff elementor-section-boxed elementor-section-height-default elementor-section-height-default\" data-id=\"26dbb1ff\" data-element_type=\"section\">\n\t\t\t\t\t\t<div class=\"elementor-container elementor-column-gap-default\">\n\t\t\t\t\t<div class=\"elementor-column elementor-col-100 elementor-top-column elementor-element elementor-element-6ed167a2\" data-id=\"6ed167a2\" data-element_type=\"column\">\n\t\t\t<div class=\"elementor-widget-wrap elementor-element-populated\">\n\t\t\t\t\t\t<div class=\"elementor-element elementor-element-2ee5077a elementor-widget elementor-widget-text-editor\" data-id=\"2ee5077a\" data-element_type=\"widget\" data-widget_type=\"text-editor.default\">\n\t\t\t\t<div class=\"elementor-widget-container\">\n\t\t\t\t\t\t\t<p><!-- wp:tadv\/classic-paragraph --><\/p>\n<h3><span style=\"color: #0000ff;font-family: Roboto, 'Helvetica Neue', Helvetica, Arial, sans-serif;font-size: 16px\"><b>Est\u00e1gio curricular obrigat\u00f3rio<\/b><\/span><\/h3>\n<p><span style=\"color: #000000;font-family: Roboto, 'Helvetica Neue', Helvetica, Arial, sans-serif;font-size: 16px;font-weight: 400\">O Est\u00e1gio Curricular obrigat\u00f3rio do Curso de Qu\u00edmica &#8211; Licenciatura Plena (curso 109) da UFSM \u00e9 composto por 4 disciplinas que iniciam no 5\u02da semestre e chegam a termo no 8\u02da semestre, de acordo com a sequencia aconselhada.<\/span><\/p>\n<p><span style=\"color: #000000;font-family: Roboto, 'Helvetica Neue', Helvetica, Arial, sans-serif;font-size: 16px;font-weight: 400\">MEN1307 &#8211; Est\u00e1gio Curricular Supervisionado em Ci\u00eancias I.<\/span><\/p>\n<p><span style=\"color: #000000;font-family: Roboto, 'Helvetica Neue', Helvetica, Arial, sans-serif;font-size: 16px;font-weight: 400\">MEN1308 &#8211; Est\u00e1gio Curricular Supervisionado em Ci\u00eancias II.<\/span><\/p>\n<p><span style=\"color: #000000;font-family: Roboto, 'Helvetica Neue', Helvetica, Arial, sans-serif;font-size: 16px;font-weight: 400\">MEN1309 &#8211; Est\u00e1gio Curricular Supervisionado em Qu\u00edmica I.<\/span><\/p>\n<p><span style=\"color: #000000;font-family: Roboto, 'Helvetica Neue', Helvetica, Arial, sans-serif;font-size: 16px;font-weight: 400\">MEN1310 &#8211; Est\u00e1gio Curricular Supervisionado em Qu\u00edmica II.<\/span><\/p>\n<div><span style=\"color: #000000;font-family: Roboto, 'Helvetica Neue', Helvetica, Arial, sans-serif\"><strong>Os locais de est\u00e1gio s\u00e3o restritos \u00e0s escolas localizadas nos munic\u00edpios pertencentes \u00e0 <\/strong><\/span><span style=\"color: #3366ff\"><a style=\"color: #3366ff\" href=\"http:\/\/www.educacao.rs.gov.br\/inicial\"><strong>8a CRE<\/strong> (Coordenadoria Regional de Edu\u00e7\u00e3o) &#8211; Santa Maria.<\/a><\/span><\/div>\n<div>\u00a0<\/div>\n<div><span style=\"font-family: Roboto, 'Helvetica Neue', Helvetica, Arial, sans-serif;color: #000000;font-size: 16px;font-weight: 400\">Todas as informa\u00e7\u00f5es, formul\u00e1rios e documentos est\u00e3o dispon\u00edveis no\u00a0<a href=\"https:\/\/www.ufsm.br\/pro-reitorias\/prograd\/\/code\/estagios\">site geral da PROGRAD sobre Est\u00e1gios (clique aqui)<\/a>.<\/span><\/div>\n<p>\u00a0<\/p>\n<div>\n<h3><span style=\"color: #0000ff;font-family: Roboto, 'Helvetica Neue', Helvetica, Arial, sans-serif;font-size: 16px\"><b>Est\u00e1gio extracurricular n\u00e3o obrigat\u00f3rio<\/b><\/span><\/h3>\n<p>Esta modalidade de est\u00e1gio \u00e9 regulamentada, no que concerne o Curso de Qu\u00edmica &#8211; Licenciatura, pela <a href=\"https:\/\/www.ufsm.br\/app\/uploads\/sites\/454\/2021\/02\/IN-01-2021-Estagio-Extracurricularv2.pdf\">IN 01\/2021\/Q.LICENCIATURA &#8211; clique aqui.<\/a><\/p>\n<p>Ap\u00f3s recebimento da documenta\u00e7\u00e3o relacionada no Portal espec\u00edfico (<a href=\"https:\/\/www.ufsm.br\/pro-reitorias\/prograd\/code\/estagios\">site da PROGRAD &#8211; Est\u00e1gios &#8211; clique aqui<\/a>), a mesma ser\u00e1 submetida \u00e0 aprecia\u00e7\u00e3o do Colegiado do Curso na reuni\u00e3o ordin\u00e1ria subsequente.<\/p>\n<p><span style=\"color: #ff0000\">As atividades de est\u00e1gio s\u00f3 devem iniciar ap\u00f3s a assinatura do termo de compromisso por todas as partes envolvidas.<\/span><\/p>\n<p><span style=\"color: #0000ff\"><span style=\"font-size: 16px\">D\u00favidas de ordem geral sobre est\u00e1gios obrigat\u00f3rios e n\u00e3o obrigat\u00f3rios podem ser sanadas com a \u00a0<\/span><span style=\"font-size: 1rem;text-align: var(--bs-body-text-align);background-color: var(--bs-body-bg)\">Subdivis\u00e3o de Est\u00e1gios CCNE no email estagios.ccne@ufsm.br e telefone (55) 3220-8735.<\/span><\/span><\/p>\n<\/div>\n<p><!-- \/wp:tadv\/classic-paragraph --><\/p>\t\t\t\t\t\t<\/div>\n\t\t\t\t<\/div>\n\t\t\t\t\t<\/div>\n\t\t<\/div>\n\t\t\t\t\t<\/div>\n\t\t<\/section>\n\t\t\t\t<\/div>\n\t\t","protected":false},"excerpt":{"rendered":"<p>Est\u00e1gio curricular obrigat\u00f3rio O Est\u00e1gio Curricular obrigat\u00f3rio do Curso de Qu\u00edmica &#8211; Licenciatura Plena (curso 109) da UFSM \u00e9 composto por 4 disciplinas que iniciam no 5\u02da semestre e chegam a termo no 8\u02da semestre, de acordo com a sequencia aconselhada. MEN1307 &#8211; Est\u00e1gio Curricular Supervisionado em Ci\u00eancias I. MEN1308 &#8211; Est\u00e1gio Curricular Supervisionado em [&hellip;]<\/p>\n","protected":false},"author":118,"featured_media":0,"parent":370,"menu_order":0,"comment_status":"closed","ping_status":"closed","template":"","meta":{"footnotes":""},"categories":[],"tags":[],"class_list":["post-211","page","type-page","status-publish","hentry"],"acf":[],"_links":{"self":[{"href":"https:\/\/www.ufsm.br\/cursos\/graduacao\/santa-maria\/quimica\/wp-json\/wp\/v2\/pages\/211","targetHints":{"allow":["GET"]}}],"collection":[{"href":"https:\/\/www.ufsm.br\/cursos\/graduacao\/santa-maria\/quimica\/wp-json\/wp\/v2\/pages"}],"about":[{"href":"https:\/\/www.ufsm.br\/cursos\/graduacao\/santa-maria\/quimica\/wp-json\/wp\/v2\/types\/page"}],"author":[{"embeddable":true,"href":"https:\/\/www.ufsm.br\/cursos\/graduacao\/santa-maria\/quimica\/wp-json\/wp\/v2\/users\/118"}],"replies":[{"embeddable":true,"href":"https:\/\/www.ufsm.br\/cursos\/graduacao\/santa-maria\/quimica\/wp-json\/wp\/v2\/comments?post=211"}],"version-history":[{"count":0,"href":"https:\/\/www.ufsm.br\/cursos\/graduacao\/santa-maria\/quimica\/wp-json\/wp\/v2\/pages\/211\/revisions"}],"up":[{"embeddable":true,"href":"https:\/\/www.ufsm.br\/cursos\/graduacao\/santa-maria\/quimica\/wp-json\/wp\/v2\/pages\/370"}],"wp:attachment":[{"href":"https:\/\/www.ufsm.br\/cursos\/graduacao\/santa-maria\/quimica\/wp-json\/wp\/v2\/media?parent=211"}],"wp:term":[{"taxonomy":"category","embeddable":true,"href":"https:\/\/www.ufsm.br\/cursos\/graduacao\/santa-maria\/quimica\/wp-json\/wp\/v2\/categories?post=211"},{"taxonomy":"post_tag","embeddable":true,"href":"https:\/\/www.ufsm.br\/cursos\/graduacao\/santa-maria\/quimica\/wp-json\/wp\/v2\/tags?post=211"}],"curies":[{"name":"wp","href":"https:\/\/api.w.org\/{rel}","templated":true}]}}